{"id":31732,"date":"2024-08-11T12:46:15","date_gmt":"2024-08-11T12:46:15","guid":{"rendered":"https:\/\/lacasadelamedicina.es\/product\/perciet-oksikodonu-tiessaiste\/"},"modified":"2024-08-11T12:46:15","modified_gmt":"2024-08-11T12:46:15","slug":"perciet-oksikodonu-tiessaiste","status":"publish","type":"product","link":"https:\/\/lacasadelamedicina.es\/lv\/produkts\/perciet-oksikodonu-tiessaiste\/","title":{"rendered":"P\u0113rciet Oksikodonu tie\u0161saist\u0113"},"content":{"rendered":"<h1 class=\"product_title entry-title\">P\u0113rciet Oksikodonu tie\u0161saist\u0113<\/h1>\n<p> Oksikodons ir sp\u0113c\u012bgs opio\u012bds, ko lieto stipru s\u0101pju mazin\u0101\u0161anai, ja citas prets\u0101pju z\u0101les ir neefekt\u012bvas vai nepanesamas. Tas pieder pie narkotisko prets\u0101pju l\u012bdzek\u013cu klases, kas ir z\u0101les, kas \u012bpa\u0161i paredz\u0113tas s\u0101pju mazin\u0101\u0161anai. Iedarbojoties uz centr\u0101lo nervu sist\u0113mu (CNS), oksikodons pal\u012bdz p\u0101rvald\u012bt gan vid\u0113ji smagas, gan smagas ak\u016btas vai hroniskas s\u0101pes, ja alternat\u012bvas \u0101rst\u0113\u0161anas metodes nav pietiekamas.   <\/p>\n<h3><strong>K\u0101 tiek \u013caunpr\u0101t\u012bgi izmantots oksikodons?<\/strong><\/h3>\n<p> P\u0113t\u012bjumi liecina, ka oksikodons var iev\u0113rojami uzlabot dz\u012bves kvalit\u0101ti cilv\u0113kiem ar hronisk\u0101m s\u0101p\u0113m. T\u0101 \u0137\u012bmisk\u0101 strukt\u016bra ir cie\u0161i saist\u012bta ar kode\u012bnu, bet ietver t\u0101das modifik\u0101cijas k\u0101 hidroksigrupa pie oglek\u013ca-14, 7,8-dihidropaz\u012bme un karbonilgrupa, kas aizst\u0101j kode\u012bna hidroksilgrupu. Tas ir ar\u012b l\u012bdz\u012bgs hidrokodonam, at\u0161\u0137iras tikai ar hidroksilgrupas kl\u0101tb\u016btni pie oglek\u013ca-14.   <\/p>\n<h3><strong>K\u0101da ir t\u0101 ietekme uz \u0137ermeni?<\/strong><\/h3>\n<p> Oksikodons uz ielas ir paz\u012bstams ar t\u0101diem nosaukumiem k\u0101 Hillbilly Heroin, Kicker, OC, Ox, Roxy, Perc un Oxy. Tas ir pieejams da\u017e\u0101d\u0101s form\u0101s, tostarp ilgsto\u0161\u0101s darb\u012bbas tabletes (OxyContin\u00ae) 10, 20, 40 un 80 mg stiprum\u0101, k\u0101 ar\u012b t\u016bl\u012bt\u0113jas darb\u012bbas kapsulas, piem\u0113ram, 5 mg OxyIR. Turkl\u0101t tas ir iek\u013cauts kombin\u0113tajos produktos, piem\u0113ram, Percodan\u00ae ar aspir\u012bnu un Roxicet ar acetaminof\u0113nu. <strong>Oksikodona \u013caunpr\u0101t\u012bga izmanto\u0161ana:<\/strong> oksikodonu bie\u017ei lieto \u013caunpr\u0101t\u012bgi, sasmalcinot tabletes un \u0161\u0146aucot pulveri, iz\u0161\u0137\u012bdinot t\u0101s \u016bden\u012b un injic\u0113jot \u0161\u0137\u012bdumu vai kars\u0113jot tabletes uz folijas. un ieelpojot tvaikus. <strong>Ietekme uz pr\u0101tu:<\/strong> z\u0101les parasti izraisa eiforiju un relaks\u0101ciju, kas veicina to lielo \u013caunpr\u0101t\u012bgas izmanto\u0161anas potenci\u0101lu. <strong>Ietekme uz \u0137ermeni:<\/strong> oksikodons nodro\u0161ina s\u0101pju mazin\u0101\u0161anu, sed\u0101ciju un klepus nom\u0101k\u0161anu, bet var izrais\u012bt ar\u012b elpo\u0161anas nom\u0101kumu, aizciet\u0113jumus un acu z\u012bl\u012b\u0161u sa\u0161aurin\u0101\u0161anos. Hroniska lieto\u0161ana, \u012bpa\u0161i ar acetaminof\u0113nu, var izrais\u012bt smagus aknu boj\u0101jumus. P\u0101rdoz\u0113\u0161anas simptomi ir izteikta miegain\u012bba, musku\u013cu v\u0101jums, apjukums, auksta un mitra \u0101da, prec\u012bzi acu z\u012bl\u012btes, sekla elpo\u0161ana, l\u0113na sirdsdarb\u012bba, \u0123\u012bbonis, koma un, iesp\u0113jams, n\u0101ve.<\/p>\n","protected":false},"excerpt":{"rendered":"<p>Oksikodons ir sp\u0113c\u012bgs opio\u012bdu medikaments, ko lieto stipru s\u0101pju mazin\u0101\u0161anai, kam nepiecie\u0161ama opio\u012bdu terapija. Tas ir klasific\u0113ts k\u0101 narkotisks prets\u0101pju l\u012bdzeklis, kas ir s\u0101pju mazin\u0101\u0161anas z\u0101\u013cu veids. <\/p>\n","protected":false},"featured_media":20049,"comment_status":"open","ping_status":"closed","template":"","meta":{"om_disable_all_campaigns":false,"_sitemap_exclude":false,"_sitemap_priority":"","_sitemap_frequency":"","_monsterinsights_skip_tracking":false,"_monsterinsights_sitenote_active":false,"_monsterinsights_sitenote_note":"","_monsterinsights_sitenote_category":0},"product_cat":[27685],"product_tag":[28211,28198,28203,28194,28206,28202,28196,28205,28200,28197,28213,28209,28204,28207,28212,28210,28208,28195,28201,28151,28192,28193,28199,27929],"class_list":{"0":"post-31732","1":"product","2":"type-product","3":"status-publish","4":"has-post-thumbnail","6":"product_cat-pretsapju-lidzekli","7":"product_tag-autentisks-oxycodone-europe","8":"product_tag-cik-maksa-oksikodons","9":"product_tag-kur-nopirkt-oxycodone-europe","10":"product_tag-kur-nopirkt-oxycodone-tiessaiste","11":"product_tag-lets-oxycodone-europe","12":"product_tag-oksikodona-bezmaksas-piegade-eiropa","13":"product_tag-oksikodona-iedarbiba","14":"product_tag-oksikodona-interneta-veikals-eiropa","15":"product_tag-oksikodona-labaka-cena-eiropa","16":"product_tag-oksikodona-pardosana-tiessaiste","17":"product_tag-oxycodone-europe-apskats","18":"product_tag-oxycodone-europe-atlaide","19":"product_tag-oxycodone-europe-izpardosana","20":"product_tag-oxycodone-europe-piedavajumi","21":"product_tag-oxycodone-europe-piegadataji","22":"product_tag-oxycodone-europe-piegade","23":"product_tag-oxycodone-europe-veikals","24":"product_tag-pasutiet-oksikodonu-tiessaiste","25":"product_tag-pasutiet-oxycodone-eu","26":"product_tag-pasutiet-oxycontin-tiessaiste","27":"product_tag-perciet-oksikodonu","28":"product_tag-perciet-oksikodonu-tiessaiste","29":"product_tag-perciet-oksikodonu-tiessaiste-eiropa","30":"product_tag-perciet-roxicodone-tiessaiste","32":"first","33":"instock","34":"shipping-taxable","35":"purchasable","36":"product-type-variable","37":"farmacie-col","38":"product-has-gallery"},"aioseo_notices":[],"_links":{"self":[{"href":"https:\/\/lacasadelamedicina.es\/lv\/wp-json\/wp\/v2\/product\/31732"}],"collection":[{"href":"https:\/\/lacasadelamedicina.es\/lv\/wp-json\/wp\/v2\/product"}],"about":[{"href":"https:\/\/lacasadelamedicina.es\/lv\/wp-json\/wp\/v2\/types\/product"}],"replies":[{"embeddable":true,"href":"https:\/\/lacasadelamedicina.es\/lv\/wp-json\/wp\/v2\/comments?post=31732"}],"wp:featuredmedia":[{"embeddable":true,"href":"https:\/\/lacasadelamedicina.es\/lv\/wp-json\/wp\/v2\/media\/20049"}],"wp:attachment":[{"href":"https:\/\/lacasadelamedicina.es\/lv\/wp-json\/wp\/v2\/media?parent=31732"}],"wp:term":[{"taxonomy":"product_cat","embeddable":true,"href":"https:\/\/lacasadelamedicina.es\/lv\/wp-json\/wp\/v2\/product_cat?post=31732"},{"taxonomy":"product_tag","embeddable":true,"href":"https:\/\/lacasadelamedicina.es\/lv\/wp-json\/wp\/v2\/product_tag?post=31732"}],"curies":[{"name":"wp","href":"https:\/\/api.w.org\/{rel}","templated":true}]}}