{"id":31682,"date":"2024-08-11T13:08:06","date_gmt":"2024-08-11T13:08:06","guid":{"rendered":"https:\/\/lacasadelamedicina.es\/product\/perciet-oxycontin-tiessaiste\/"},"modified":"2024-08-11T13:08:06","modified_gmt":"2024-08-11T13:08:06","slug":"perciet-oxycontin-tiessaiste","status":"publish","type":"product","link":"https:\/\/lacasadelamedicina.es\/lv\/produkts\/perciet-oxycontin-tiessaiste\/","title":{"rendered":"P\u0113rciet OxyContin tie\u0161saist\u0113"},"content":{"rendered":"<h1 class=\"product_title entry-title\">P\u0113rciet OXYCONTIN tie\u0161saist\u0113<\/h1>\n<p><strong>Ieg\u0101d\u0101jieties OxyContin tie\u0161saist\u0113<\/strong> OxyContin ir sp\u0113c\u012bgs recep\u0161u medikaments, ko lieto stipru s\u0101pju mazin\u0101\u0161anai, kam nepiecie\u0161ama past\u0101v\u012bga, ilgsto\u0161a opio\u012bdu terapija. Tas tiek parakst\u012bts, ja citas s\u0101pju mazin\u0101\u0161anas iesp\u0113jas, tostarp neopio\u012bdu s\u0101pju mazin\u0101\u0161anas l\u012bdzek\u013ci vai t\u016bl\u012bt\u0113jas darb\u012bbas opio\u012bdi, ir izr\u0101d\u012bju\u0161ies nepietiekami vai nepanesami. Oksikodons, kas pieejams ar t\u0101diem z\u012bmoliem k\u0101 OxyContin un Roxicodone, ir da\u013c\u0113ji sint\u0113tisks opio\u012bds, ko izmanto m\u0113renu vai smagu s\u0101pju \u0101rst\u0113\u0161anai. To parasti lieto iek\u0161\u0137\u012bgi, un tas ir gan t\u016bl\u012bt\u0113jas, gan kontrol\u0113tas darb\u012bbas z\u0101\u013cu form\u0101s. T\u016bl\u012bt\u0113jas darb\u012bbas oksikodons s\u0101k mazin\u0101t s\u0101pes aptuveni 15 min\u016b\u0161u laik\u0101 un ilgst l\u012bdz se\u0161\u0101m stund\u0101m. Apvienotaj\u0101 Karalist\u0113 tas ir pieejams ar\u012b k\u0101 injic\u0113jams l\u012bdzeklis. Oksikodonu var kombin\u0113t ar cit\u0101m z\u0101l\u0113m, piem\u0113ram, acetaminof\u0113nu, ibuprof\u0113nu, naloksonu, naltreksonu un aspir\u012bnu. \u0160\u012bs z\u0101les ir paredz\u0113tas ilgsto\u0161u smagu s\u0101pju, piem\u0113ram, ar v\u0113zi saist\u012btu s\u0101pju, \u0101rst\u0113\u0161anai. Oksikodons darbojas, mainot to, k\u0101 j\u016bsu smadzenes uztver s\u0101pes un rea\u0123\u0113 uz t\u0101m. Liel\u0101kas devas (vair\u0101k nek\u0101 40 miligramus vien\u0101 tablet\u0113) dr\u012bkst lietot tikai tad, ja esat regul\u0101ri lietojis opio\u012bdu prets\u0101pju medikamentus, jo past\u0101v p\u0101rdoz\u0113\u0161anas vai n\u0101ves risks, ja to lieto k\u0101ds, kas nav pieradis pie opio\u012bdiem. Oksikodona ilgsto\u0161as \u200b\u200bdarb\u012bbas forma nav paredz\u0113ta viegl\u0101m vai \u012bslaic\u012bg\u0101m s\u0101p\u0113m.           <strong>Bie\u017eas blakuspar\u0101d\u012bbas:<\/strong><\/p>\n<ul>\n<li>Eiforija<\/li>\n<li>Aizciet\u0113jums<\/li>\n<li>Slikta d\u016b\u0161a un vem\u0161ana<\/li>\n<li>Apet\u012btes zudums<\/li>\n<li>Miegain\u012bba<\/li>\n<li>Reibonis<\/li>\n<li>Nieze<\/li>\n<li>Sausa mute<\/li>\n<li>Sv\u012b\u0161ana<\/li>\n<\/ul>\n<p> Iesp\u0113jam\u0101s nopietnas blakuspar\u0101d\u012bbas ir atkar\u012bba, atkar\u012bba, aizkaitin\u0101m\u012bba, depresija vai m\u0101nija, del\u012brijs, halucin\u0101cijas, pal\u0113nin\u0101ta elpo\u0161ana, gastropar\u0113ze, bradikardija un hipotensija. Cilv\u0113ki, kuriem ir aler\u0123ija pret kode\u012bnu, var rea\u0123\u0113t ar\u012b uz oksikodonu. Oksikodona lieto\u0161ana gr\u016btniec\u012bbas s\u0101kum\u0101 parasti tiek uzskat\u012bta par sam\u0113r\u0101 dro\u0161u. \u0100tra oksikodona lieto\u0161anas p\u0101rtrauk\u0161ana var izrais\u012bt abstinences simptomus. Z\u0101les aktiviz\u0113 \u03bc-opio\u012bdu receptorus un ir aptuveni 1,5 reizes efekt\u012bv\u0101kas par morf\u012bnu, ja to lieto iek\u0161\u0137\u012bgi. OxyContin ir pieejams k\u0101 kontrol\u0113tas darb\u012bbas tablete, kas paredz\u0113ta ievad\u012b\u0161anai ik p\u0113c 12 stund\u0101m. P\u0113t\u012bjumi ir par\u0101d\u012bju\u0161i, ka kontrol\u0113tas darb\u012bbas oksikodons ir sal\u012bdzin\u0101ms ar t\u016bl\u012bt\u0113jas darb\u012bbas oksikodonu, morf\u012bnu un hidromorfonu vid\u0113ji smagu vai smagu v\u0113\u017ea s\u0101pju \u0101rst\u0113\u0161an\u0101, un tam ir maz\u0101k blakuspar\u0101d\u012bbu nek\u0101 morf\u012bnam. 2014. gad\u0101 Eiropas Paliat\u012bv\u0101s apr\u016bpes asoci\u0101cija ieteica oksikodonu k\u0101 otr\u0101s l\u012bnijas \u0101rst\u0113\u0161anas iesp\u0113ju morf\u012bnam pret v\u0113\u017ea s\u0101p\u0113m.<\/p>\n","protected":false},"excerpt":{"rendered":"<div class=\"flex-shrink-0 flex flex-col relative items-end\">\n<div>\n<div class=\"pt-0\">\n<div class=\"gizmo-bot-avatar flex h-8 w-8 items-center justify-center overflow-hidden rounded-full\">\n<div class=\"relative p-1 rounded-sm flex items-center justify-center bg-token-main-surface-primary text-token-text-primary h-8 w-8\"><strong>Ieg\u0101d\u0101jieties OxyContin tie\u0161saist\u0113 <\/strong>OxyContin ir sp\u0113c\u012bgs recep\u0161u medikaments, kas paredz\u0113ts stipru s\u0101pju mazin\u0101\u0161anai, kuru d\u0113\u013c nepiecie\u0161ama nep\u0101rtraukta, ilgsto\u0161a opio\u012bdu terapija. To lieto, ja citas s\u0101pju mazin\u0101\u0161anas iesp\u0113jas ir nepietiekamas, un t\u0101s ir j\u0101lieto katru dienu visu diennakti, lai efekt\u012bvi kontrol\u0113tu s\u0101pes. <\/div>\n<\/div>\n<\/div>\n<\/div>\n<\/div>\n","protected":false},"featured_media":20079,"comment_status":"open","ping_status":"closed","template":"","meta":{"om_disable_all_campaigns":false,"_sitemap_exclude":false,"_sitemap_priority":"","_sitemap_frequency":"","_monsterinsights_skip_tracking":false,"_monsterinsights_sitenote_active":false,"_monsterinsights_sitenote_note":"","_monsterinsights_sitenote_category":0},"product_cat":[27685],"product_tag":[28159,28150,28162,28158,28161,28156,28153,28151,28193,28148,28149,28155],"class_list":{"0":"post-31682","1":"product","2":"type-product","3":"status-publish","4":"has-post-thumbnail","6":"product_cat-pretsapju-lidzekli","7":"product_tag-kur-nopirkt-oxycontin-europe","8":"product_tag-kur-nopirkt-oxycontin-tiessaiste","9":"product_tag-leti-oxycontin-eiropa","10":"product_tag-oxycontin-bezmaksas-piegade-uz-eiropu","11":"product_tag-oxycontin-interneta-veikals-eiropa","12":"product_tag-oxycontin-labaka-cena-eiropa","13":"product_tag-oxycontin-pardosana-tiessaiste","14":"product_tag-pasutiet-oxycontin-tiessaiste","15":"product_tag-perciet-oksikodonu-tiessaiste","16":"product_tag-perciet-oxycontin","17":"product_tag-perciet-oxycontin-tiessaiste","18":"product_tag-perciet-oxycontin-tiessaiste-eiropa","20":"first","21":"instock","22":"shipping-taxable","23":"purchasable","24":"product-type-variable","25":"farmacie-col"},"aioseo_notices":[],"_links":{"self":[{"href":"https:\/\/lacasadelamedicina.es\/lv\/wp-json\/wp\/v2\/product\/31682"}],"collection":[{"href":"https:\/\/lacasadelamedicina.es\/lv\/wp-json\/wp\/v2\/product"}],"about":[{"href":"https:\/\/lacasadelamedicina.es\/lv\/wp-json\/wp\/v2\/types\/product"}],"replies":[{"embeddable":true,"href":"https:\/\/lacasadelamedicina.es\/lv\/wp-json\/wp\/v2\/comments?post=31682"}],"wp:featuredmedia":[{"embeddable":true,"href":"https:\/\/lacasadelamedicina.es\/lv\/wp-json\/wp\/v2\/media\/20079"}],"wp:attachment":[{"href":"https:\/\/lacasadelamedicina.es\/lv\/wp-json\/wp\/v2\/media?parent=31682"}],"wp:term":[{"taxonomy":"product_cat","embeddable":true,"href":"https:\/\/lacasadelamedicina.es\/lv\/wp-json\/wp\/v2\/product_cat?post=31682"},{"taxonomy":"product_tag","embeddable":true,"href":"https:\/\/lacasadelamedicina.es\/lv\/wp-json\/wp\/v2\/product_tag?post=31682"}],"curies":[{"name":"wp","href":"https:\/\/api.w.org\/{rel}","templated":true}]}}