{"id":31561,"date":"2024-08-11T14:34:45","date_gmt":"2024-08-11T14:34:45","guid":{"rendered":"https:\/\/lacasadelamedicina.es\/product\/perciet-subutex-tiessaiste\/"},"modified":"2024-08-11T14:34:45","modified_gmt":"2024-08-11T14:34:45","slug":"perciet-subutex-tiessaiste","status":"publish","type":"product","link":"https:\/\/lacasadelamedicina.es\/lv\/produkts\/perciet-subutex-tiessaiste\/","title":{"rendered":"P\u0113rciet Subutex tie\u0161saist\u0113"},"content":{"rendered":"<h3>P\u0113rciet Subutex tie\u0161saist\u0113<\/h3>\n<p> Subutex ir z\u0101les, ko lieto opio\u012bdu lieto\u0161anas trauc\u0113jumu (OUD) \u0101rst\u0113\u0161anai un gan ak\u016btu, gan hronisku s\u0101pju \u0101rst\u0113\u0161anai. Tas satur buprenorf\u012bnu k\u0101 vien\u012bgo akt\u012bvo vielu, un to var ievad\u012bt da\u017e\u0101dos veidos, tostarp sublingv\u0101li (zem m\u0113les), vaigu (vaig\u0101), intravenozi (IV), subkut\u0101ni (zem \u0101das), transderm\u0101li (\u0101das pl\u0101ksteris). , vai k\u0101 implants.  <strong>At\u0161\u0137ir\u012bbas starp Subutex un Suboxone:<\/strong><\/p>\n<ul>\n<li><strong>Subutex<\/strong> satur tikai buprenorf\u012bnu, savuk\u0101rt <strong>Suboxone<\/strong> ietver gan buprenorf\u012bnu, gan naloksonu. Naloksons ir pievienots Suboxone, lai nov\u0113rstu nepareizu lieto\u0161anu, izraisot abstinences simptomus, ja z\u0101les tiek injic\u0113tas. <\/li>\n<li><strong>Subutex<\/strong> bija s\u0101kotn\u0113j\u0101 formula, ko izmantoja opio\u012bdu atkar\u012bbas \u0101rst\u0113\u0161anai, ta\u010du tai bija liel\u0101ks \u013caunpr\u0101t\u012bgas izmanto\u0161anas potenci\u0101ls. <strong>Suboxone<\/strong> tika izstr\u0101d\u0101ts, lai samazin\u0101tu \u0161o risku, iek\u013caujot naloksonu.<\/li>\n<\/ul>\n<p><strong>Efektivit\u0101te:<\/strong><\/p>\n<ul>\n<li>Gan Subutex, gan Suboxone ir efekt\u012bvi opio\u012bdu atkar\u012bbas \u0101rst\u0113\u0161an\u0101 un abstinences simptomu \u0101rst\u0113\u0161an\u0101. Izv\u0113le starp t\u0101m bie\u017ei ir atkar\u012bga no indiv\u012bda vielu lieto\u0161anas v\u0113stures un \u013caunpr\u0101t\u012bgas lieto\u0161anas riska. Suboxone parasti tiek dota priek\u0161roka, jo tam ir pievienots naloksons, kas pal\u012bdz nov\u0113rst nepareizu lieto\u0161anu.  <\/li>\n<li><strong>Buprenorf\u012bns<\/strong>, abu z\u0101\u013cu akt\u012bv\u0101 sast\u0101vda\u013ca, ir da\u013c\u0113js opio\u012bdu agonists. Tas aktiviz\u0113 opio\u012bdu receptorus smadzen\u0113s, bet tikai da\u013c\u0113ji, mazinot abstinences simptomus un tieksmi, neradot visu citu opio\u012bdu iedarb\u012bbu. <\/li>\n<\/ul>\n<p><strong>Lieto\u0161ana un administr\u0113\u0161ana:<\/strong><\/p>\n<ul>\n<li>Subutex parasti ievada k\u0101 tableti zem m\u0113les, ko novieto zem m\u0113les, lai t\u0101 uzs\u016bktos. To var izmantot ar\u012b cit\u0101s form\u0101s atkar\u012bb\u0101 no \u012bpa\u0161aj\u0101m \u0101rst\u0113\u0161anas vajadz\u012bb\u0101m. <\/li>\n<li>Z\u0101les parasti lieto vienu reizi dien\u0101. T\u0101 maksim\u0101l\u0101 aktivit\u0101te notiek 3-4 stundas p\u0113c ievad\u012b\u0161anas. <\/li>\n<\/ul>\n<p><strong>Riski un blakuspar\u0101d\u012bbas:<\/strong><\/p>\n<ul>\n<li><strong>Nopietnas blakuspar\u0101d\u012bbas:<\/strong>\n<ul>\n<li>Aler\u0123iskas reakcijas: n\u0101trene, apgr\u016btin\u0101ta elpo\u0161ana, sejas, l\u016bpu, m\u0113les vai r\u012bkles piet\u016bkums.<\/li>\n<li>Elpo\u0161anas probl\u0113mas: l\u0113na vai apst\u0101jusies elpo\u0161ana, \u012bpa\u0161i ar gar\u0101m pauz\u0113m, zil\u0101m l\u016bp\u0101m vai gr\u016bt\u012bb\u0101m pamosties.<\/li>\n<li>Aknu probl\u0113mas: s\u0101pes v\u0113dera aug\u0161da\u013c\u0101, apet\u012btes zudums, tum\u0161s ur\u012bns, m\u0101la kr\u0101sas izk\u0101rn\u012bjumi, dzelte.<\/li>\n<li>Opio\u012bdu abstinences simptomi: drebu\u013ci, zos\u0101da, sv\u012b\u0161ana, iesnas, acu asaro\u0161ana, caureja, musku\u013cu s\u0101pes.<\/li>\n<li>Zems kortizola l\u012bmenis: vem\u0161ana, reibonis, smags nogurums vai v\u0101jums.<\/li>\n<li>Seroton\u012bna sindroms: uzbudin\u0101jums, halucin\u0101cijas, drudzis, sv\u012b\u0161ana, drebu\u013ci, \u0101tra sirdsdarb\u012bba, musku\u013cu st\u012bvums, slikta d\u016b\u0161a, vem\u0161ana, caureja.<\/li>\n<\/ul>\n<\/li>\n<li><strong>Bie\u017eas blakuspar\u0101d\u012bbas:<\/strong>\n<ul>\n<li>Aizciet\u0113jums, slikta d\u016b\u0161a, vem\u0161ana.<\/li>\n<li>Galvass\u0101pes, pastiprin\u0101ta sv\u012b\u0161ana, miega trauc\u0113jumi (bezmiegs).<\/li>\n<li>Visp\u0101r\u0113jas \u0137erme\u0146a s\u0101pes.<\/li>\n<\/ul>\n<\/li>\n<\/ul>\n<p><strong>Gr\u016btniec\u012bbas apsv\u0113rumi:<\/strong><\/p>\n<ul>\n<li>Buprenorf\u012bns, Subutex akt\u012bv\u0101 sast\u0101vda\u013ca, var izrais\u012bt fetotoksisku iedarb\u012bbu un izrais\u012bt jaundzimu\u0161o abstinences sindromu. Ja Subetex lieto\u0161anas laik\u0101 Jums iest\u0101jas gr\u016btniec\u012bba, nekav\u0113joties konsult\u0113jieties ar savu \u0101rstu, lai apspriestu alternat\u012bvas un nodro\u0161in\u0101tu atbilsto\u0161u apr\u016bpi. <\/li>\n<\/ul>\n<p><strong>\u013baunpr\u0101t\u012bgas izmanto\u0161anas un \u013caunpr\u0101t\u012bgas izmanto\u0161anas iesp\u0113jam\u012bba:<\/strong><\/p>\n<ul>\n<li>Subutex, t\u0101pat k\u0101 citi opio\u012bdi, rada nepareizas lieto\u0161anas risku. Da\u017eas personas var sasmalcin\u0101t tabletes un injic\u0113t t\u0101s, lai sasniegtu augstu l\u012bmeni, kas, lietojot Suboxone, ir maz\u0101k efekt\u012bvs naloksona kl\u0101tb\u016btnes d\u0113\u013c. <\/li>\n<\/ul>\n<p><strong>\u0100rk\u0101rtas pas\u0101kumi:<\/strong><\/p>\n<ul>\n<li>Mekl\u0113jiet neatliekamo medic\u012bnisko pal\u012bdz\u012bbu, ja rodas nopietnas blakuspar\u0101d\u012bbas, piem\u0113ram, nopietnas elpo\u0161anas probl\u0113mas, smagas aler\u0123iskas reakcijas vai seroton\u012bna sindroma simptomi.<\/li>\n<\/ul>\n","protected":false},"excerpt":{"rendered":"<p>Subutex ir opio\u012bds, ko lieto opio\u012bdu lieto\u0161anas trauc\u0113jumu, ak\u016btu s\u0101pju un hronisku s\u0101pju \u0101rst\u0113\u0161anai. Subutex p\u0101rdo\u0161ana tie\u0161saist\u0113, kur nopirkt Subutex tie\u0161saist\u0113. <\/p>\n","protected":false},"featured_media":20154,"comment_status":"open","ping_status":"closed","template":"","meta":{"om_disable_all_campaigns":false,"_sitemap_exclude":false,"_sitemap_priority":"","_sitemap_frequency":"","_monsterinsights_skip_tracking":false,"_monsterinsights_sitenote_active":false,"_monsterinsights_sitenote_note":"","_monsterinsights_sitenote_category":0},"product_cat":[27685],"product_tag":[27895,27886,27898,28900,27887,28898,27884,27885,27891,27894,27905,27901,27896,27899,27904,27902,27888,27897,27892,27889],"class_list":{"0":"post-31561","1":"product","2":"type-product","3":"status-publish","4":"has-post-thumbnail","6":"product_cat-pretsapju-lidzekli","7":"product_tag-kur-nopirkt-subutex-europe","8":"product_tag-kur-nopirkt-subutex-tiessaiste","9":"product_tag-leti-subutex-europe","10":"product_tag-pasutiet-buprenorfinu-tiessaiste","11":"product_tag-pasutiet-subutex-tiessaiste","12":"product_tag-perciet-buprenorfinu-tiessaiste","13":"product_tag-perciet-subutex","14":"product_tag-perciet-subutex-tiessaiste","15":"product_tag-perciet-subutex-tiessaiste-eiropa","16":"product_tag-subutex-bezmaksas-piegade-eiropa","17":"product_tag-subutex-europe-apskats","18":"product_tag-subutex-europe-atlaide","19":"product_tag-subutex-europe-izpardosana","20":"product_tag-subutex-europe-piedavajumi","21":"product_tag-subutex-europe-piegadataji","22":"product_tag-subutex-europe-piegade","23":"product_tag-subutex-iedarbiba","24":"product_tag-subutex-interneta-veikals-eiropa","25":"product_tag-subutex-labaka-cena-eiropa","26":"product_tag-subutex-tirdznieciba-tiessaiste","28":"first","29":"instock","30":"shipping-taxable","31":"purchasable","32":"product-type-variable","33":"farmacie-col"},"aioseo_notices":[],"_links":{"self":[{"href":"https:\/\/lacasadelamedicina.es\/lv\/wp-json\/wp\/v2\/product\/31561"}],"collection":[{"href":"https:\/\/lacasadelamedicina.es\/lv\/wp-json\/wp\/v2\/product"}],"about":[{"href":"https:\/\/lacasadelamedicina.es\/lv\/wp-json\/wp\/v2\/types\/product"}],"replies":[{"embeddable":true,"href":"https:\/\/lacasadelamedicina.es\/lv\/wp-json\/wp\/v2\/comments?post=31561"}],"wp:featuredmedia":[{"embeddable":true,"href":"https:\/\/lacasadelamedicina.es\/lv\/wp-json\/wp\/v2\/media\/20154"}],"wp:attachment":[{"href":"https:\/\/lacasadelamedicina.es\/lv\/wp-json\/wp\/v2\/media?parent=31561"}],"wp:term":[{"taxonomy":"product_cat","embeddable":true,"href":"https:\/\/lacasadelamedicina.es\/lv\/wp-json\/wp\/v2\/product_cat?post=31561"},{"taxonomy":"product_tag","embeddable":true,"href":"https:\/\/lacasadelamedicina.es\/lv\/wp-json\/wp\/v2\/product_tag?post=31561"}],"curies":[{"name":"wp","href":"https:\/\/api.w.org\/{rel}","templated":true}]}}