{"id":33372,"date":"2024-08-09T14:01:49","date_gmt":"2024-08-09T14:01:49","guid":{"rendered":"https:\/\/lacasadelamedicina.es\/product\/acquista-online-la-dimetiltriptamina-pura-dmt\/"},"modified":"2024-08-09T14:01:49","modified_gmt":"2024-08-09T14:01:49","slug":"acquista-online-la-dimetiltriptamina-pura-dmt","status":"publish","type":"product","link":"https:\/\/lacasadelamedicina.es\/it\/prodotto\/acquista-online-la-dimetiltriptamina-pura-dmt\/","title":{"rendered":"Acquista online la dimetiltriptamina pura DMT"},"content":{"rendered":"<h2>Acquista Dimetiltriptamina DMT pura online<\/h2>\n<p> Acquista Dimetiltriptamina DMT pura online &#8211; Acquista Dimetiltriptamina pura. Il principio attivo DMT, utilizzato per produrre la droga allucinogena cohoba, viene estratto dai semi e dalle foglie di Piptadenia peregrina (Mimosaceae). Pu\u00f2 anche essere ricavato da piante originarie del Sud America. Si dice che si trovi nel legume tropicale Mucuna Pruriens. &#8211; Acquista Dimetiltriptamina DMT pura online &#8211; <a href=\"https:\/\/drlawsonspharmacy\/contact-us\/\">CONTATTO<\/a> La dimetiltriptamina, estratta dai semi e dalle foglie di Piptadenia peregrina (Mimosaceae), \u00e8 la sostanza chimica che causa l&#8217;enfisema cohoba. Pu\u00f2 essere estratta anche da altre piante originarie del Sud America. Si sostiene che il legume tropicale Mucuna Pruriens ne contenga.       <\/p>\n<h3>Acquista dimetiltriptamina DMT pura<\/h3>\n<p> Il principio attivo utilizzato per produrre la droga allucinogena cohoba \u00e8 il DMT, che viene estratto dai semi e dalle foglie di Piptadenia peregrine (Mimosaceae). Pu\u00f2 anche essere ricavato da piante originarie del Sud America. Si dice che si trovi nel legume tropicale Mucuna Pruriens. La dimetiltriptamina, il principio attivo di Enphysema cohoba, viene estratta dai semi e dalle foglie di Piptadenia peregrine (Mimosaceae). Puoi ottenerla anche da altre piante del Sud America. \u00c8 stata identificata nel legume tropicale Mucuna Pruriens.      <\/p>\n<h3><strong> <\/strong><\/h3>\n<p> Ci sono diverse altre piante sudamericane che si dice contengano DMT o sostanze correlate. Una di queste piante \u00e8 il fagiolo tropicale Mucuna pruriens, che offre numerosi benefici terapeutici. Sebbene si sospetti che Mucuna pruriens possa contenere DMT, \u00e8 importante ricordare che sono necessarie ulteriori ricerche per determinare la presenza e la concentrazione di questa molecola nella pianta.   &nbsp;<\/p>\n","protected":false},"excerpt":{"rendered":"<p>Il DMT, un potente farmaco allucinogeno e un tipo di alcaloide triptaminico, pu\u00f2 essere acquistato online. \u00c8 una sostanza naturale presente in una variet\u00e0 di piante e animali, nonch\u00e9 in tracce nel cervello umano. Tuttavia, il suo ruolo esatto \u00e8 sconosciuto. Il DMT \u00e8 noto per il suo potere. Tuttavia, quando fumato, il viaggio psichedelico che induce dura solo dai 5 ai 30 minuti. Estrazione del DMT Acquista farmaci di dimetiltriptamina pura online. \u00c8 una molecola di triptamina presente in molte piante e animali. Pu\u00f2 anche essere ingerita come un potente farmaco psichedelico. DM in vendita         &nbsp;<\/p>\n","protected":false},"featured_media":18428,"comment_status":"closed","ping_status":"closed","template":"","meta":{"om_disable_all_campaigns":false,"_sitemap_exclude":false,"_sitemap_priority":"","_sitemap_frequency":"","_monsterinsights_skip_tracking":false,"_monsterinsights_sitenote_active":false,"_monsterinsights_sitenote_note":"","_monsterinsights_sitenote_category":0},"product_cat":[27662],"product_tag":[32792,32799,32793,32811,32810,32806,32809,32808,32800,32805,32802,32803,32794,32796,32812,32807,32801,32795,32798,32813,32804,32797],"class_list":{"0":"post-33372","1":"product","2":"type-product","3":"status-publish","4":"has-post-thumbnail","6":"product_cat-ricerca-chimica-e-psichedelici","7":"product_tag-acquista-dimetiltriptamina-dmt-pura","8":"product_tag-acquista-dimetiltriptamina-dmt-pura-online-in-europa","9":"product_tag-acquista-online-la-dimetiltriptamina-pura-dmt","10":"product_tag-autentica-dimetiltriptamina-pura-dmt-europa-it","11":"product_tag-dimetiltriptamina-pura-dmt-consegna-in-europa","12":"product_tag-dimetiltriptamina-pura-dmt-europa-a-basso-costo","13":"product_tag-dimetiltriptamina-pura-dmt-europa-sconto","14":"product_tag-dimetiltriptamina-pura-dmt-europe-shop","15":"product_tag-dimetiltriptamina-pura-dmt-miglior-prezzo-europa","16":"product_tag-dimetiltriptamina-pura-dmt-negozio-online-europa","17":"product_tag-dimetiltriptamina-pura-dmt-spedizione-gratuita-in-europa","18":"product_tag-dove-acquistare-dimetiltriptamina-pura-dmt-europa","19":"product_tag-dove-acquistare-online-la-dimetiltriptamina-pura-dmt","20":"product_tag-effetti-della-dimetiltriptamina-pura-dmt","21":"product_tag-fornitori-di-dimetiltriptamina-dmt-europa-pura","22":"product_tag-offerte-di-dimetiltriptamina-dmt-europa-pura","23":"product_tag-ordina-dimetiltriptamina-pura-dmt-eu","24":"product_tag-ordina-online-la-dimetiltriptamina-pura-dmt","25":"product_tag-quanto-costa-la-dimetiltriptamina-pura-dmt","26":"product_tag-recensione-di-dimetiltriptamina-dmt-europa-pura","27":"product_tag-vendita-di-dimetiltriptamina-pura-dmt-europa","28":"product_tag-vendita-online-di-dimetiltriptamina-dmt-pura","30":"first","31":"instock","32":"shipping-taxable","33":"purchasable","34":"product-type-variable","35":"farmacie-col"},"aioseo_notices":[],"_links":{"self":[{"href":"https:\/\/lacasadelamedicina.es\/it\/wp-json\/wp\/v2\/product\/33372"}],"collection":[{"href":"https:\/\/lacasadelamedicina.es\/it\/wp-json\/wp\/v2\/product"}],"about":[{"href":"https:\/\/lacasadelamedicina.es\/it\/wp-json\/wp\/v2\/types\/product"}],"replies":[{"embeddable":true,"href":"https:\/\/lacasadelamedicina.es\/it\/wp-json\/wp\/v2\/comments?post=33372"}],"wp:featuredmedia":[{"embeddable":true,"href":"https:\/\/lacasadelamedicina.es\/it\/wp-json\/wp\/v2\/media\/18428"}],"wp:attachment":[{"href":"https:\/\/lacasadelamedicina.es\/it\/wp-json\/wp\/v2\/media?parent=33372"}],"wp:term":[{"taxonomy":"product_cat","embeddable":true,"href":"https:\/\/lacasadelamedicina.es\/it\/wp-json\/wp\/v2\/product_cat?post=33372"},{"taxonomy":"product_tag","embeddable":true,"href":"https:\/\/lacasadelamedicina.es\/it\/wp-json\/wp\/v2\/product_tag?post=33372"}],"curies":[{"name":"wp","href":"https:\/\/api.w.org\/{rel}","templated":true}]}}