{"id":33343,"date":"2024-08-09T14:01:49","date_gmt":"2024-08-09T14:01:49","guid":{"rendered":"https:\/\/lacasadelamedicina.es\/product\/acquista-polvere-di-ossicodone-di-qualita-online\/"},"modified":"2024-08-09T14:01:49","modified_gmt":"2024-08-09T14:01:49","slug":"acquista-polvere-di-ossicodone-di-qualita-online","status":"publish","type":"product","link":"https:\/\/lacasadelamedicina.es\/it\/prodotto\/acquista-polvere-di-ossicodone-di-qualita-online\/","title":{"rendered":"Acquista polvere di ossicodone di qualit\u00e0 online"},"content":{"rendered":"<h3><strong>Acquista polvere di ossicodone di qualit\u00e0 online<\/strong><\/h3>\n<p> Polvere di ossicodone di qualit\u00e0 in vendita <a href=\"https:\/\/dieapotheke247.com\/\">L&#8217;ossicodone<\/a> \u00e8 un alcaloide oppioide con effetti analgesici semisintetico e simile alla morfina. Legandosi ai recettori mu nel sistema nervoso centrale (SNC), l&#8217;ossicodone imita l&#8217;azione degli oppioidi del corpo e quindi ha effetti analgesici. Quando il recettore degli oppioidi \u00e8 legato, il complesso proteico G \u00e8 stimolato a scambiare GTP con PDB e l&#8217;adenilato ciclasi \u00e8 inibita, inibendo cos\u00ec la formazione di cAMP. Inoltre, la sostanza P, l&#8217;acido gamma-amminobutirrico (GABA), la dopamina, l&#8217;acetilcolina e la noradrenalina sono tra i neurotrasmettitori nocicettivi che vengono bloccati. Inoltre, l&#8217;ossicodone impedisce la secrezione di glucagone, insulina, somatostatina e vasopressina. Inoltre, l&#8217;ossicodone ripara internamente i canali del potassio, con conseguente iperpolarizzazione e riduzione dell&#8217;eccitabilit\u00e0 neuronale. Chiude anche i canali del calcio voltaggio-dipendenti di tipo N e apre i canali del potassio legati alle proteine \u200b\u200bG. &#8211; Acquista polvere di ossicodone di qualit\u00e0 online &#8211; <a href=\"https:\/\/drlawsonspharmacy\/contact-us\/\">CONTATTO<\/a> Il mexedrone appartiene alla classe chimica dei catinoni e reagisce come tale. Il mexedrone ha l'&#8221;aspetto fisico&#8221; dei diamanti bianchi, ma pu\u00f2 anche essere acquistato come polvere sintetica o come cristalli. Il dosaggio massimo di mexedrone \u00e8 compreso tra 50 mg e 100 mg e viene assunto per via orale. Effetti simili si osservano con dosi di mefedrone comprese tra 100 mg e 150 mg. Gli effetti del mexedrone possono durare dalle 4 alle 6 ore.            <\/p>\n<h3><strong>Acquista polvere di ossicodone di qualit\u00e0 online<\/strong><\/h3>\n<p> Il Mexedrone \u00e8 un &#8220;farmaco psicoattivo&#8221; che \u00e8 stato classificato come un entactogeno e uno stimolante. Ha anche un effetto energizzante. \u00c8 concepibile, ma non ancora provato, che il Mexedrone causi l&#8217;inondazione delle sinapsi a causa dell&#8217;effetto stimolante dell&#8217;evento. Dopamina, noradrenalina e serotonina possono essere presenti nelle sinapsi che sono attive durante l&#8217;esperienza con il Mexedrone. Gli effetti del Mexedrone sono equivalenti al 70% a quelli del suo composto originale, il mefedrone, e sono di natura fisica, mentale e uditiva, diventando pi\u00f9 plausibili con l&#8217;aumento del dosaggio. Gli effetti collaterali effettivi del Mexedrone includono euforia, sedazione, sensazione materiale migliorata, sete, aumento della sudorazione, sensazioni sfrenate, digrignamento dei denti, visione vibrante e regolazione della temperatura disturbata. Il Mexedrone ha intossicazione, accelerazione del pensiero e networking come effetti psicologici. Gli effetti collaterali del Mexedrone possono anche manifestarsi come amplificazione udibile. Il consumo di Mexedrone pu\u00f2 portare a effetti post-stimolazione di alto livello. Gli effetti post-stimolazione di Mexedrone possono essere dannosi e includono rallentamento del pensiero e dell&#8217;ispirazione, affaticamento intellettuale, irrequietezza, disordine, uno stato mentale pesante e attenzione. Gli effetti post-incitamento di Mexedrone sono molto probabilmente dovuti al consumo di sinapsi, poich\u00e9 l&#8217;apporto di sinapsi \u00e8 stato ridotto durante la fase di stimolazione dell&#8217;esperienza.           &nbsp;<\/p>\n","protected":false},"excerpt":{"rendered":"<p>Acquista online polvere di ossicodone di alta qualit\u00e0 per trattare il dolore da moderato a grave quando \u00e8 necessario un sollievo dal dolore a lungo termine, 24 ore su 24, 7 giorni su 7. &nbsp;<\/p>\n","protected":false},"featured_media":17888,"comment_status":"closed","ping_status":"closed","template":"","meta":{"om_disable_all_campaigns":false,"_sitemap_exclude":false,"_sitemap_priority":"","_sitemap_frequency":"","_monsterinsights_skip_tracking":false,"_monsterinsights_sitenote_active":false,"_monsterinsights_sitenote_note":"","_monsterinsights_sitenote_category":0},"product_cat":[27662],"product_tag":[32684,32689,32682,32700,32693,32685,32686,32702,32698,32695,32697,32683,32691,32690,32701,32696,32699,32692,32688,32703,32694,32687],"class_list":{"0":"post-33343","1":"product","2":"type-product","3":"status-publish","4":"has-post-thumbnail","6":"product_cat-ricerca-chimica-e-psichedelici","7":"product_tag-acquista-polvere-di-ossicodone-di-qualita-online","8":"product_tag-acquista-polvere-di-ossicodone-di-qualita-online-in-europa","9":"product_tag-acquistare-polvere-di-ossicodone-di-qualita","10":"product_tag-consegna-di-polvere-di-ossicodone-di-qualita-in-europa","11":"product_tag-dove-acquistare-polvere-di-ossicodone-di-qualita-in-europa","12":"product_tag-dove-acquistare-polvere-di-ossicodone-di-qualita-online","13":"product_tag-effetti-della-polvere-di-ossicodone-di-qualita","14":"product_tag-fornitori-di-polvere-di-ossicodone-di-qualita-in-europa","15":"product_tag-negozio-di-polvere-di-ossicodone-di-qualita-in-europa","16":"product_tag-negozio-online-di-polvere-di-ossicodone-di-qualita-in-europa","17":"product_tag-offerte-di-polvere-di-ossicodone-di-qualita-in-europa","18":"product_tag-ordina-polvere-di-ossicodone-di-qualita-online","19":"product_tag-ordina-polvere-di-ossicodone-di-qualita-ue","20":"product_tag-polvere-di-ossicodone-di-qualita-al-miglior-prezzo-in-europa","21":"product_tag-polvere-di-ossicodone-di-qualita-autentica-europa","22":"product_tag-polvere-di-ossicodone-di-qualita-economica-europa","23":"product_tag-polvere-di-ossicodone-di-qualita-in-europa-scontata","24":"product_tag-polvere-di-ossicodone-di-qualita-spedizione-gratuita-in-europa","25":"product_tag-quanto-costa-la-polvere-di-ossicodone-di-qualita","26":"product_tag-recensione-di-quality-oxycodone-powder-europe","27":"product_tag-vendita-di-polvere-di-ossicodone-di-qualita-in-europa","28":"product_tag-vendita-di-polvere-di-ossicodone-di-qualita-online","30":"first","31":"instock","32":"shipping-taxable","33":"purchasable","34":"product-type-variable","35":"farmacie-col"},"aioseo_notices":[],"_links":{"self":[{"href":"https:\/\/lacasadelamedicina.es\/it\/wp-json\/wp\/v2\/product\/33343"}],"collection":[{"href":"https:\/\/lacasadelamedicina.es\/it\/wp-json\/wp\/v2\/product"}],"about":[{"href":"https:\/\/lacasadelamedicina.es\/it\/wp-json\/wp\/v2\/types\/product"}],"replies":[{"embeddable":true,"href":"https:\/\/lacasadelamedicina.es\/it\/wp-json\/wp\/v2\/comments?post=33343"}],"wp:featuredmedia":[{"embeddable":true,"href":"https:\/\/lacasadelamedicina.es\/it\/wp-json\/wp\/v2\/media\/17888"}],"wp:attachment":[{"href":"https:\/\/lacasadelamedicina.es\/it\/wp-json\/wp\/v2\/media?parent=33343"}],"wp:term":[{"taxonomy":"product_cat","embeddable":true,"href":"https:\/\/lacasadelamedicina.es\/it\/wp-json\/wp\/v2\/product_cat?post=33343"},{"taxonomy":"product_tag","embeddable":true,"href":"https:\/\/lacasadelamedicina.es\/it\/wp-json\/wp\/v2\/product_tag?post=33343"}],"curies":[{"name":"wp","href":"https:\/\/api.w.org\/{rel}","templated":true}]}}