{"id":33338,"date":"2024-08-09T14:01:49","date_gmt":"2024-08-09T14:01:49","guid":{"rendered":"https:\/\/lacasadelamedicina.es\/product\/acquista-100mcg-fractal-storm-online\/"},"modified":"2024-08-09T14:01:49","modified_gmt":"2024-08-09T14:01:49","slug":"acquista-100mcg-fractal-storm-online","status":"publish","type":"product","link":"https:\/\/lacasadelamedicina.es\/it\/prodotto\/acquista-100mcg-fractal-storm-online\/","title":{"rendered":"Acquista 100Mcg Fractal Storm online"},"content":{"rendered":"<h2>Acquista LSD Fractal Storm Blotter 100ug online<\/h2>\n<p> La tempesta frattale \u00e8 una delle categorie preferite di <a href=\"https:\/\/en.wikipedia.org\/wiki\/Lysergic_acid_diethylamide\" target=\"_blank\" rel=\"noopener\">LSD<\/a> che pu\u00f2 essere consumato in molti modi. Acquista LSD Fractal Storm Blotter in vendita la cui formula chimica \u00e8 dietilamide acido lisergico, inizialmente prodotto nel 1938, \u00e8 in effetti un narcotico psicoattivo. \u00c8 prodotto attraverso l&#8217;acido lisergico industriale presente nell&#8217;acido citrico, un lievito che spesso si trova nella segale e in altre colture. \u00c8 cos\u00ec forte che le sue concentrazioni sembrano essere nello spettro dei microgrammi (mcg). I suoi risultati possono essere rilassanti, piacevoli e alterare il cervello, anche chiamato viaggio. Acquista LSD Fractal Storm Blotter      <\/p>\n<h3>Fractal Storm Blotter Acid in vendita online<\/h3>\n<p> Informazioni che possono aiutarti ad acquistare LSD Fractal Storm Blotter <\/p>\n<ul>\n<li>L&#8217;LSD \u00e8 disponibile sul mercato in molti modi: sotto forma di carta assorbente, di quadratini di gelatina, di compresse o talvolta in forma liquida.<\/li>\n<li>Parlando delle modalit\u00e0 di assunzione, ne esistono di diverse tipologie, come l&#8217;inalazione, l&#8217;assunzione tramite iniezioni o la via orale.<\/li>\n<\/ul>\n<p> Effetti collaterali Acquista LSD Fractal Storm Blotter Consumare farmaci in quantit\u00e0 superiore alla propria capacit\u00e0 dannegger\u00e0 il tuo corpo in molti modi, come danni fisici o danni mentali. Ecco quindi alcuni punti:  <\/p>\n<ul>\n<li>Aumento del battito cardiaco, della pressione sanguigna e cos\u00ec via.<\/li>\n<li>Confusione di forme, luoghi e cos\u00ec via.<\/li>\n<\/ul>\n<h4>Fractal Storm LSD Gammagoblin in vendita<\/h4>\n<p> Perch\u00e9 scegliere psichedelici premium Di seguito sono riportati i tre principali motivi per scegliere il miglior negozio di spine <\/p>\n<ul>\n<li>La fiducia \u00e8 il punto essenziale per costruire un rapporto sano con i nostri clienti e la coltiviamo con grande cura.<\/li>\n<li>La qualit\u00e0 \u00e8 il punto chiave attraverso il quale i nostri clienti si rivolgono ripetutamente a noi.<\/li>\n<li>Offerte e sconti sono i fattori principali.<\/li>\n<\/ul>\n<h4>Conclusione<\/h4>\n<p> Acquista LSD Fractal Storm Blotter \u00e8 una delle categorie favorevoli di LSD che \u00e8 per lo pi\u00f9 sempre richiesta dai clienti. Discutendo scientificamente che il nome chimico dell&#8217;LSD in vendita \u00e8 dietilamide acido lisergico, e inizialmente, \u00e8 stato prodotto a met\u00e0 del 1938.  <\/p>\n<h4>Blotter lsd di progettazione di tempesta frattale in vendita<\/h4>\n<div class=\"node\">\n<div class=\"content\">\n<div class=\"story\">\n<p class=\"common-body-white-8pt\"><span class=\"lsd-dropcap\">Acquista LSD Fractal Storm Blotter. Acquista LSD <\/span> \u00e8 una delle sostanze chimiche pi\u00f9 potenti che alterano l&#8217;umore. \u00c8 prodotta dall&#8217;acido lisergico, che si trova nel fungo ergot che cresce sulla segale e altri cereali. <\/p>\n<p class=\"common-body-white-8pt\">Viene prodotto in forma cristallina in laboratori illegali, principalmente negli Stati Uniti. Questi cristalli vengono convertiti in un liquido per la distribuzione. \u00c8 inodore, incolore e ha un sapore leggermente amaro. Acquista LSD Fractal Storm Blotter   <span class=\"lsd-dropcap\">.<br \/>\nLSD for sale online <\/span> \u00e8 una delle sostanze chimiche pi\u00f9 potenti che alterano l&#8217;umore. \u00c8 prodotta dall&#8217;acido lisergico, che si trova nel fungo ergot che cresce sulla segale e altri cereali. <\/p>\n<div class=\"node\">\n<div class=\"content\">\n<div class=\"story\">\n<div class=\"node\">\n<div class=\"content\"> A volte, ci\u00f2 che viene venduto come 1P LSD in vendita online pu\u00f2 in realt\u00e0 essere altre sostanze chimiche come NBOMe in vendita o la famiglia di farmaci Buy 2Cb (parte delle nuove sostanze psicoattive). Possono essere piuttosto pericolose, poich\u00e9 la loro qualit\u00e0 \u00e8 incoerente, inoltre il potenziale di assumere troppe di queste altre sostanze pu\u00f2 essere fatale e sono stati segnalati diversi decessi dovuti all&#8217;assunzione di persone.  <\/p>\n<h5>dove acquistare lsd fractal storm blotter acid online<\/h5>\n<\/div>\n<\/div>\n<div class=\"ref-links\"> LSD In vendita online appartiene a un gruppo di droghe note come psichedelici. Quando vengono assunte piccole dosi, pu\u00f2 produrre lievi cambiamenti nella percezione, nell&#8217;umore e nel pensiero. Quando vengono assunte dosi maggiori, pu\u00f2 produrre allucinazioni visive e distorsioni dello spazio e del tempo.   <\/div>\n<p class=\"common-body-white-8pt\">Acquista LSD Fractal Storm Blotter venduto per strada in piccole compresse, capsule o quadrati di gelatina. A volte viene aggiunto alla carta assorbente, che viene poi divisa in piccoli quadrati decorati con disegni o personaggi dei cartoni animati. Occasionalmente viene venduto in forma liquida. Ma non importa in quale forma si presenti, gli edibili LSD e le microdosi LSD in vendita conducono l&#8217;utente allo stesso posto: una seria disconnessione dalla realt\u00e0.<span class=\"lsd-dropcap\">Acquista fractal storm lsd online.<\/span>   <\/p>\n<\/div>\n<\/div>\n<\/div>\n<\/div>\n<\/div>\n<\/div>\n","protected":false},"excerpt":{"rendered":"<p>Vorremmo presentarvi un prodotto speciale: un&#8217;edizione limitata di LSD tabs che abbiamo autoprodotto utilizzando cristalli che abbiamo acquisito da un gruppo selezionato di appassionati che hanno convinzioni simili sulla spiritualit\u00e0 e sulla realt\u00e0. L&#8217;abbiamo messo alla prova in un viaggio e siamo rimasti sbalorditi dall&#8217;energia e dalla forza che questi piccoli pezzi di carta ci hanno conferito. Il prezzo non era cos\u00ec favorevole come per Aztec a causa della quantit\u00e0 limitata di cristalli, ma li venderemo a un prezzo un po&#8217; pi\u00f9 alto per diffondere la parola all&#8217;interno della nostra comunit\u00e0 psichedelica.  <\/p>\n","protected":false},"featured_media":14063,"comment_status":"open","ping_status":"closed","template":"","meta":{"om_disable_all_campaigns":false,"_sitemap_exclude":false,"_sitemap_priority":"","_sitemap_frequency":"","_monsterinsights_skip_tracking":false,"_monsterinsights_sitenote_active":false,"_monsterinsights_sitenote_note":"","_monsterinsights_sitenote_category":0},"product_cat":[26645],"product_tag":[32678,32672,32668,32670,32665,32660,32661,32667,32679,32671,32662,32674,32664,32680,32676,32673,32675,32669,32663,32666,32681,32677],"class_list":{"0":"post-33338","1":"product","2":"type-product","3":"status-publish","4":"has-post-thumbnail","6":"product_cat-lsd-it","7":"product_tag-100mcg-fractal-storm-consegna-in-europa","8":"product_tag-100mcg-fractal-storm-in-saldo-in-europa","9":"product_tag-100mcg-fractal-storm-miglior-prezzo-europa","10":"product_tag-100mcg-fractal-storm-spedizione-gratuita-in-europa","11":"product_tag-100mcg-fractal-storm-vendita-online","12":"product_tag-acquista-100mcg-fractal-storm","13":"product_tag-acquista-100mcg-fractal-storm-online","14":"product_tag-acquista-100mcg-fractal-storm-online-in-europa","15":"product_tag-autentico-100mcg-fractal-storm-europe","16":"product_tag-dove-acquistare-100mcg-fractal-storm-europa","17":"product_tag-dove-acquistare-100mcg-fractal-storm-online","18":"product_tag-economico-100mcg-fractal-storm-europa","19":"product_tag-effetti-di-100mcg-fractal-storm","20":"product_tag-fornitori-di-100mcg-fractal-storm-europe","21":"product_tag-negozio-fractal-storm-europe-da-100mcg","22":"product_tag-negozio-online-fractal-storm-100mcg-europa","23":"product_tag-offerte-100mcg-fractal-storm-europa","24":"product_tag-ordina-100mcg-fractal-storm-eu","25":"product_tag-ordina-100mcg-fractal-storm-online","26":"product_tag-quanto-costa-100mcg-di-fractal-storm","27":"product_tag-recensione-di-100mcg-fractal-storm-europe","28":"product_tag-sconto-100mcg-fractal-storm-europa","30":"first","31":"instock","32":"shipping-taxable","33":"purchasable","34":"product-type-variable","35":"farmacie-col"},"aioseo_notices":[],"_links":{"self":[{"href":"https:\/\/lacasadelamedicina.es\/it\/wp-json\/wp\/v2\/product\/33338"}],"collection":[{"href":"https:\/\/lacasadelamedicina.es\/it\/wp-json\/wp\/v2\/product"}],"about":[{"href":"https:\/\/lacasadelamedicina.es\/it\/wp-json\/wp\/v2\/types\/product"}],"replies":[{"embeddable":true,"href":"https:\/\/lacasadelamedicina.es\/it\/wp-json\/wp\/v2\/comments?post=33338"}],"wp:featuredmedia":[{"embeddable":true,"href":"https:\/\/lacasadelamedicina.es\/it\/wp-json\/wp\/v2\/media\/14063"}],"wp:attachment":[{"href":"https:\/\/lacasadelamedicina.es\/it\/wp-json\/wp\/v2\/media?parent=33338"}],"wp:term":[{"taxonomy":"product_cat","embeddable":true,"href":"https:\/\/lacasadelamedicina.es\/it\/wp-json\/wp\/v2\/product_cat?post=33338"},{"taxonomy":"product_tag","embeddable":true,"href":"https:\/\/lacasadelamedicina.es\/it\/wp-json\/wp\/v2\/product_tag?post=33338"}],"curies":[{"name":"wp","href":"https:\/\/api.w.org\/{rel}","templated":true}]}}