{"id":33306,"date":"2024-08-09T14:01:50","date_gmt":"2024-08-09T14:01:50","guid":{"rendered":"https:\/\/lacasadelamedicina.es\/product\/acquista-eroina-in-polvere-marrone-online\/"},"modified":"2024-08-09T14:01:50","modified_gmt":"2024-08-09T14:01:50","slug":"acquista-eroina-in-polvere-marrone-online","status":"publish","type":"product","link":"https:\/\/lacasadelamedicina.es\/it\/prodotto\/acquista-eroina-in-polvere-marrone-online\/","title":{"rendered":"Acquista eroina in polvere marrone online"},"content":{"rendered":"<h1>Acquista eroina in polvere marrone online<\/h1>\n<p> La Brown Powder Heroin (BPH) sta guadagnando popolarit\u00e0 nel mercato internazionale. Sebbene la BPH esista da un po&#8217; di tempo, l&#8217;interesse nei suoi confronti sta crescendo a causa degli effetti speciali che ha sul corpo umano. Quindi, se vuoi acquistare la polvere di eroina marrone online, Dr. Lawsons Pharmacy \u00e8 la scelta migliore. Acquista la Brown Powder Heroin online-    <a href=\"https:\/\/drlawsonspharmacy\/contact-us\/\">CONTATTO<\/a><\/p>\n<h3>Di cosa \u00e8 composta la polvere di eroina marrone?<\/h3>\n<p> L&#8217;oppio sotto forma di BPH \u00e8 stato trasformato in polvere. Questa polvere \u00e8 pi\u00f9 potente e crea dipendenza rispetto ad altri tipi di oppio perch\u00e9 \u00e8 facile da fumare o iniettare. Il BPH \u00e8 anche pi\u00f9 adatto all&#8217;uso durante attivit\u00e0 ad alta intensit\u00e0 come sport o sesso perch\u00e9 ha un effetto pi\u00f9 duraturo rispetto ad altri tipi di oppio.   <\/p>\n<h3>Benefici dell&#8217;eroina in polvere marrone<\/h3>\n<p> L&#8217;eroina in polvere marrone (BPH) \u00e8 senza dubbio una delle sostanze pi\u00f9 comunemente utilizzate oggi. \u00c8 facile da ottenere e fornisce un effetto immediato. La BPH \u00e8 talvolta definita &#8220;eroina marrone&#8221; in quanto \u00e8 solitamente prodotta con zucchero di canna, caff\u00e8 e bicarbonato di sodio. La BPH \u00e8 eroina di alta qualit\u00e0, il che significa che contiene quantit\u00e0 significative di morfina e codeina. \u00c8 quindi un&#8217;opzione fantastica per le persone che cercano un dosaggio forte per alleviare il dolore. Inoltre, la BPH offre una consegna rapida in qualsiasi luogo del mondo, il che la rende l&#8217;opzione migliore per le persone che hanno bisogno dei loro farmaci immediatamente. Ultimo ma non meno importante, il prezzo dell&#8217;eroina in polvere marrone \u00e8 ragionevole rispetto ad altri fornitori, il che la rende una scelta desiderabile per i clienti che desiderano farmaci di alta qualit\u00e0 senza sforare il budget.       <\/p>\n<h3>Acquista eroina in polvere marrone online<\/h3>\n<p> L&#8217;eroina sotto forma di polvere marrone \u00e8 un narcotico altamente assuefacente e rischioso che viene spesso combinato con altre sostanze per potenziarne gli effetti. Di solito viene commercializzata per strada come polvere marrone, nera o polvere da sparo. La combinazione di morfina e altri oppiacei nella polvere marrone di eroina le conferisce un&#8217;elevata potenza. Gli effetti collaterali immediati della polvere marrone di eroina includono un battito cardiaco accelerato, una forte sensazione di calore, respiro rapido e una sensazione di lussuria. Subito dopo questi effetti, si manifesta una sensazione di sonnolenza e rilassamento. L&#8217;uso regolare di polvere marrone di eroina pu\u00f2 portare a dipendenza da droghe e assuefazione nel tempo.      <\/p>\n<h3>Perch\u00e9 acquistare l&#8217;eroina in polvere marrone dalla farmacia Dr Lawsons?<\/h3>\n<p> Se vuoi acquistare polvere di eroina marrone online, ci sono diverse opzioni. Tuttavia, non tutte queste opzioni sono affidabili o sicure. Dr. Lawsons Pharmacy \u00e8 utile in questa situazione. Offriamo un&#8217;ampia gamma di forme, marche e variet\u00e0 affidabili di polvere di eroina marrone in vendita online. Inoltre, i nostri brevi tempi di consegna ti consentono di procurarti i tuoi farmaci senza problemi. Vogliamo che ogni cliente che effettua un ordine con noi abbia un&#8217;esperienza soddisfacente. Il posto migliore per acquistare polvere di eroina marrone online \u00e8 Dr. Lawsons Pharmacy, che offre un semplice processo di ordinazione e comode opzioni di pagamento. Quindi effettua un ordine dal nostro negozio ora per beneficiare dei migliori sconti sui prodotti desiderati.        &nbsp;<\/p>\n","protected":false},"excerpt":{"rendered":"<p>Acquista eroina in polvere marrone online La Brown Powder Heroin (BPH) sta guadagnando popolarit\u00e0 nel mercato internazionale. Sebbene la BPH esista da un po&#8217; di tempo, l&#8217;interesse nei suoi confronti sta crescendo a causa degli effetti speciali che ha sul corpo umano. Quindi, se vuoi acquistare la polvere di eroina marrone online, Dr. Lawsons Pharmacy [&hellip;]<\/p>\n","protected":false},"featured_media":17948,"comment_status":"closed","ping_status":"closed","template":"","meta":{"om_disable_all_campaigns":false,"_sitemap_exclude":false,"_sitemap_priority":"","_sitemap_frequency":"","_monsterinsights_skip_tracking":false,"_monsterinsights_sitenote_active":false,"_monsterinsights_sitenote_note":"","_monsterinsights_sitenote_category":0},"product_cat":[31517],"product_tag":[32557,32550,32551,32568,32561,32553,32554,32564,32569,32558,32560,32570,32566,32563,32565,32552,32559,32556,32571,32567,32562,32555],"class_list":{"0":"post-33306","1":"product","2":"type-product","3":"status-publish","4":"has-post-thumbnail","6":"product_cat-eroina","7":"product_tag-acquista-eroina-brown-powder-online-in-europa","8":"product_tag-acquista-eroina-in-polvere-marrone-online","9":"product_tag-comprare-eroina-in-polvere-marrone","10":"product_tag-consegna-di-eroina-in-polvere-marrone-in-europa","11":"product_tag-dove-acquistare-brown-powder-heroin-europa","12":"product_tag-dove-acquistare-online-leroina-brown-powder","13":"product_tag-effetti-della-polvere-marrone-delleroina","14":"product_tag-eroina-in-polvere-marrone-a-buon-mercato-in-europa","15":"product_tag-eroina-in-polvere-marrone-autentica-europa","16":"product_tag-eroina-in-polvere-marrone-miglior-prezzo-europa","17":"product_tag-eroina-in-polvere-marrone-spedizione-gratuita-in-europa","18":"product_tag-fornitori-di-eroina-in-polvere-marrone-in-europa","19":"product_tag-negozio-di-eroina-in-polvere-marrone-europa","20":"product_tag-negozio-online-di-eroina-in-polvere-marrone-europa","21":"product_tag-offerte-di-eroina-in-polvere-marrone-in-europa","22":"product_tag-ordina-eroina-in-polvere-marrone-online","23":"product_tag-ordina-eroina-in-polvere-marrone-ue","24":"product_tag-quanto-costa-leroina-in-polvere-marrone","25":"product_tag-recensione-di-brown-powder-heroin-europe","26":"product_tag-sconto-sulleroina-brown-powder-europe","27":"product_tag-vendita-di-eroina-in-polvere-marrone-in-europa","28":"product_tag-vendita-online-di-eroina-in-polvere-marrone","30":"first","31":"instock","32":"shipping-taxable","33":"purchasable","34":"product-type-variable","35":"farmacie-col"},"aioseo_notices":[],"_links":{"self":[{"href":"https:\/\/lacasadelamedicina.es\/it\/wp-json\/wp\/v2\/product\/33306"}],"collection":[{"href":"https:\/\/lacasadelamedicina.es\/it\/wp-json\/wp\/v2\/product"}],"about":[{"href":"https:\/\/lacasadelamedicina.es\/it\/wp-json\/wp\/v2\/types\/product"}],"replies":[{"embeddable":true,"href":"https:\/\/lacasadelamedicina.es\/it\/wp-json\/wp\/v2\/comments?post=33306"}],"wp:featuredmedia":[{"embeddable":true,"href":"https:\/\/lacasadelamedicina.es\/it\/wp-json\/wp\/v2\/media\/17948"}],"wp:attachment":[{"href":"https:\/\/lacasadelamedicina.es\/it\/wp-json\/wp\/v2\/media?parent=33306"}],"wp:term":[{"taxonomy":"product_cat","embeddable":true,"href":"https:\/\/lacasadelamedicina.es\/it\/wp-json\/wp\/v2\/product_cat?post=33306"},{"taxonomy":"product_tag","embeddable":true,"href":"https:\/\/lacasadelamedicina.es\/it\/wp-json\/wp\/v2\/product_tag?post=33306"}],"curies":[{"name":"wp","href":"https:\/\/api.w.org\/{rel}","templated":true}]}}