{"id":33293,"date":"2024-08-09T14:01:50","date_gmt":"2024-08-09T14:01:50","guid":{"rendered":"https:\/\/lacasadelamedicina.es\/product\/acquista-black-tar-heroin-online\/"},"modified":"2024-08-09T14:01:50","modified_gmt":"2024-08-09T14:01:50","slug":"acquista-black-tar-heroin-online","status":"publish","type":"product","link":"https:\/\/lacasadelamedicina.es\/it\/prodotto\/acquista-black-tar-heroin-online\/","title":{"rendered":"Acquista Black Tar Heroin online"},"content":{"rendered":"<h3>Acquista eroina Black Tar online<\/h3>\n<p> L&#8217;eroina di catrame nero \u00e8 una variante dell&#8217;eroina narcotica caratterizzata dalla sua consistenza nera simile al catrame. Sebbene sia una sostanza pericolosa e potente, ha comunque una forte domanda a causa della sua accessibilit\u00e0 e del prezzo accessibile. Pertanto, Dr. Lawsons Pharmacy \u00e8 l&#8217;opzione ideale se vuoi acquistare eroina di catrame nero online al costo pi\u00f9 basso. Acquista eroina di catrame nero online &#8211;    <a href=\"https:\/\/drlawsonspharmacy\/contact-us\/\">CONTATTO<\/a><\/p>\n<h3>Che aspetto e odore ha l&#8217;eroina Black Tar?<\/h3>\n<p> Il residuo lasciato quando si fuma o si inietta l&#8217;eroina si indurisce e viene utilizzata per produrre eroina nera. Ha un odore e un sapore pi\u00f9 forti rispetto ad altri tipi <a href=\"https:\/\/dieapotheke247.com\/\">di <\/a> eroina ed \u00e8 pi\u00f9 potente. Fai clic su &#8220;Aggiungi al carrello&#8221; e completa la procedura di pagamento per acquistare eroina nera online da Dr. Lawsons Pharmacy. Quindi l&#8217;eroina nera verr\u00e0 consegnata in grandi quantit\u00e0 direttamente a casa tua. Non condividere mai aghi o siringhe con nessuno e tieni i tuoi farmaci al sicuro fuori dalla portata di bambini e animali.     <\/p>\n<h3>Il processo di produzione e traffico di eroina nera<\/h3>\n<p> La polvere di oppio viene utilizzata per produrre l&#8217;eroina nota come &#8220;catrame nero&#8221;. Dopo essere stata riscaldata e combinata con altre sostanze chimiche, questa sostanza si trasforma in una sostanza scura e appiccicosa nota come &#8220;catrame&#8221;. Il catrame viene quindi scomposto in piccoli pezzi e venduto per strada come eroina. La produzione e il traffico di eroina di catrame nero sono processi complicati. Gli spacciatori di eroina negoziano con la malavita per ottenere le forniture necessarie per produrre il narcotico e per contrastare qualsiasi tentativo delle forze dell&#8217;ordine di ostacolarli. Ma ora che l&#8217;eroina di catrame nero \u00e8 disponibile per la vendita online da negozi affidabili come LA CASA DE LA MEDICINA, questo metodo \u00e8 pi\u00f9 facile che mai. Sii consapevole dei pericoli nell&#8217;ordinare eroina di catrame nero online. Non solo corri il rischio di ottenere farmaci da un fornitore inaffidabile, ma ti esponi anche al rischio di overdose e di contrarre l&#8217;HIV o altre infezioni (MST). Pertanto, acquista questi farmaci solo da un rivenditore affidabile come Dr. Lawsons Pharmacy.         <\/p>\n<h3>Effetti negativi dell&#8217;eroina di catrame nero<\/h3>\n<p> L&#8217;eroina di catrame nero \u00e8 una variante potente e impura della droga che ha una serie di gravi effetti negativi. Ad esempio, l&#8217;eroina di catrame nero pu\u00f2 causare mal di testa, nausea e vomito. L&#8217;uso a lungo termine pu\u00f2 anche causare sintomi di astinenza come ansia, agitazione e depressione. Il rischio di sviluppare problemi cardiaci e polmonari potrebbe anche aumentare se si usa l&#8217;eroina di catrame nero. Se tu o qualcuno che conosci sta lottando contro la dipendenza dall&#8217;eroina di catrame nero, non esitare a chiedere aiuto.     <\/p>\n<h3>Perch\u00e9 acquistare l&#8217;eroina Black Tar online dalla LA CASA DE LA MEDICINA?<\/h3>\n<p> Stai cercando un fornitore internet affidabile e di qualit\u00e0 da cui acquistare eroina di catrame nero? LA CASA DE LA MEDICINA \u00e8 l&#8217;unica opzione. Qui puoi ottenere eroina di catrame nero di alta qualit\u00e0 al miglior prezzo. Inoltre, offriamo i tempi di consegna pi\u00f9 rapidi del settore.    &nbsp;<\/p>\n","protected":false},"excerpt":{"rendered":"<p>&nbsp;<\/p>\n<p>&nbsp;<\/p>\n","protected":false},"featured_media":17933,"comment_status":"closed","ping_status":"closed","template":"","meta":{"om_disable_all_campaigns":false,"_sitemap_exclude":false,"_sitemap_priority":"","_sitemap_frequency":"","_monsterinsights_skip_tracking":false,"_monsterinsights_sitenote_active":false,"_monsterinsights_sitenote_note":"","_monsterinsights_sitenote_category":0},"product_cat":[31517],"product_tag":[32508,32513,32506,32525,32514,32524,32517,32509,32510,32520,32516,32526,32522,32519,32521,32507,32515,32512,32527,32523,32518,32511],"class_list":{"0":"post-33293","1":"product","2":"type-product","3":"status-publish","4":"has-post-thumbnail","6":"product_cat-eroina","7":"product_tag-acquista-black-tar-heroin-online","8":"product_tag-acquista-black-tar-heroin-online-in-europa","9":"product_tag-acquistare-eroina-di-catrame-nero","10":"product_tag-autentica-eroina-black-tar-europa","11":"product_tag-black-tar-heroin-miglior-prezzo-europa","12":"product_tag-consegna-di-eroina-black-tar-in-europa","13":"product_tag-dove-acquistare-black-tar-heroin-europa","14":"product_tag-dove-acquistare-black-tar-heroin-online","15":"product_tag-effetti-delleroina-di-catrame-nero","16":"product_tag-eroina-black-tar-economica-europa","17":"product_tag-eroina-black-tar-spedizione-gratuita-in-europa","18":"product_tag-fornitori-di-eroina-di-catrame-nero-in-europa","19":"product_tag-negozio-di-eroina-black-tar-europe","20":"product_tag-negozio-online-di-eroina-black-tar-europa","21":"product_tag-offerte-di-eroina-black-tar-in-europa","22":"product_tag-ordina-black-tar-heroin-online","23":"product_tag-ordina-black-tar-heroin-ue","24":"product_tag-quanto-costa-leroina-black-tar","25":"product_tag-recensione-di-black-tar-heroin-europe","26":"product_tag-sconto-black-tar-heroin-europa","27":"product_tag-vendita-di-eroina-black-tar-in-europa","28":"product_tag-vendita-online-di-eroina-black-tar","30":"first","31":"instock","32":"shipping-taxable","33":"purchasable","34":"product-type-variable","35":"farmacie-col"},"aioseo_notices":[],"_links":{"self":[{"href":"https:\/\/lacasadelamedicina.es\/it\/wp-json\/wp\/v2\/product\/33293"}],"collection":[{"href":"https:\/\/lacasadelamedicina.es\/it\/wp-json\/wp\/v2\/product"}],"about":[{"href":"https:\/\/lacasadelamedicina.es\/it\/wp-json\/wp\/v2\/types\/product"}],"replies":[{"embeddable":true,"href":"https:\/\/lacasadelamedicina.es\/it\/wp-json\/wp\/v2\/comments?post=33293"}],"wp:featuredmedia":[{"embeddable":true,"href":"https:\/\/lacasadelamedicina.es\/it\/wp-json\/wp\/v2\/media\/17933"}],"wp:attachment":[{"href":"https:\/\/lacasadelamedicina.es\/it\/wp-json\/wp\/v2\/media?parent=33293"}],"wp:term":[{"taxonomy":"product_cat","embeddable":true,"href":"https:\/\/lacasadelamedicina.es\/it\/wp-json\/wp\/v2\/product_cat?post=33293"},{"taxonomy":"product_tag","embeddable":true,"href":"https:\/\/lacasadelamedicina.es\/it\/wp-json\/wp\/v2\/product_tag?post=33293"}],"curies":[{"name":"wp","href":"https:\/\/api.w.org\/{rel}","templated":true}]}}