{"id":33250,"date":"2024-08-09T14:01:50","date_gmt":"2024-08-09T14:01:50","guid":{"rendered":"https:\/\/lacasadelamedicina.es\/product\/acquista-eroina-afghana-online\/"},"modified":"2024-08-09T14:01:50","modified_gmt":"2024-08-09T14:01:50","slug":"acquista-eroina-afghana-online","status":"publish","type":"product","link":"https:\/\/lacasadelamedicina.es\/it\/prodotto\/acquista-eroina-afghana-online\/","title":{"rendered":"Acquista eroina afghana online"},"content":{"rendered":"<h3>Acquista eroina afghana online<\/h3>\n<p> Molti paesi proibiscono l&#8217;estrazione dell&#8217;eroina afgana dai fiori di papavero, ma questo non impedisce alle persone di procurarsi la sostanza. Infatti, l&#8217;eroina afgana \u00e8 una delle variet\u00e0 pi\u00f9 comunemente utilizzate della droga a causa dei suoi potenti effetti euforici. Se stai cercando la migliore eroina afgana da acquistare online, non cercare oltre Dr. Lawsons Pharmacy.   <a href=\"https:\/\/dieapotheke247.com\/\"><a href=\"https:\/\/dieapotheke247.com\/\">Acquista afgano<\/a><\/a> Eroina online &#8211; <a href=\"https:\/\/drlawsonspharmacy\/contact-us\/\">CONTATTO<\/a><\/p>\n<h3>Come viene prodotta l&#8217;eroina afghana?<\/h3>\n<p> L&#8217;oppio viene utilizzato per produrre eroina afgana, una forma di narcotico. L&#8217;oppio \u00e8 una fonte naturale di morfina e codeina che viene estratta dalla pianta del papavero. Per produrre eroina afgana, l&#8217;oppio deve prima essere bollito fino a quando non diventa un catrame nero appiccicoso. Deve poi essere filtrato attraverso una garza per rimuovere le impurit\u00e0. Una volta essiccato, questo catrame nero viene frantumato in una polvere, che viene poi utilizzata per produrre mattoni o pillole. L&#8217;eroina afgana si presenta in diverse forme, ciascuna con propriet\u00e0 e usi unici. La forma di eroina pi\u00f9 popolare in Afghanistan \u00e8 l&#8217;eroina bianca, comunemente chiamata &#8220;oppio grezzo&#8221;, ed \u00e8 solitamente di qualit\u00e0 inferiore rispetto ad altre forme. Grazie alla sua forza, l&#8217;eroina marrone (ricavata da catrame nero parzialmente essiccato) \u00e8 pi\u00f9 popolare tra gli utilizzatori e ha un effetto pi\u00f9 forte. La pi\u00f9 potente di tutte \u00e8 l&#8217;eroina marrone scuro (ricavata da catrame nero completamente essiccato), che ha anche il pi\u00f9 grande potenziale di abuso a causa della sua difficile regolazione del dosaggio.         <\/p>\n<h3>Benefici dell&#8217;eroina afghana<\/h3>\n<p> L&#8217;eroina afgana \u00e8 la migliore opzione per un high intenso ed euforico quando la si acquista online. Questo tipo di eroina \u00e8 tra le pi\u00f9 pure e forti disponibili, e le persone spesso la cercano per i suoi effetti tremendi. Per questo motivo, l&#8217;eroina afgana \u00e8 usata per curare la dipendenza da oppiacei e il dolore cronico, due malattie che sono fin troppo comuni nella cultura moderna.   <\/p>\n<h3>Effetti collaterali dell&#8217;eroina afghana<\/h3>\n<p> Poich\u00e9 l&#8217;eroina afgana \u00e8 un oppioide derivato dal papavero da oppio, ha anche alcuni effetti negativi. Un battito cardiaco accelerato, una pressione sanguigna pi\u00f9 alta e l&#8217;euforia (l&#8217;euforia che deriva dall&#8217;uso di eroina) sono alcuni degli effetti negativi a breve termine dell&#8217;uso di eroina afgana. Dipendenza, infezione cronica da epatite C (una malattia del fegato potenzialmente fatale), problemi di salute mentale come ansia e depressione e decessi per overdose sono tra i problemi di salute a lungo termine associati all&#8217;uso di eroina afgana.   <\/p>\n<h3>Dove acquistare eroina afghana online?<\/h3>\n<p> Vuoi acquistare eroina afgana online in modo discreto e sicuro? Acquistala da Dr. Lawsons Pharmacy. Offriamo una gamma completa di articoli di alta qualit\u00e0 e abbiamo anni di esperienza nel settore. Per ottenere il dosaggio ideale per te, puoi scegliere tra una selezione di prodotti puri, biologici e testati in laboratorio. La disponibilit\u00e0 di numerosi metodi di pagamento convenienti, tra cui carte di credito, PayPal e Western Union, rende l&#8217;acquisto di eroina afgana online all&#8217;ingrosso facile e conveniente per tutti. Quindi acquista subito la migliore eroina afgana!      &nbsp;<\/p>\n","protected":false},"excerpt":{"rendered":"<p>Acquista eroina afghana online Molti paesi proibiscono l&#8217;estrazione dell&#8217;eroina afgana dai fiori di papavero, ma questo non impedisce alle persone di procurarsi la sostanza. Infatti, l&#8217;eroina afgana \u00e8 una delle variet\u00e0 pi\u00f9 comunemente utilizzate della droga a causa dei suoi potenti effetti euforici. Se stai cercando la migliore eroina afgana da acquistare online, non cercare [&hellip;]<\/p>\n","protected":false},"featured_media":17918,"comment_status":"closed","ping_status":"closed","template":"","meta":{"om_disable_all_campaigns":false,"_sitemap_exclude":false,"_sitemap_priority":"","_sitemap_frequency":"","_monsterinsights_skip_tracking":false,"_monsterinsights_sitenote_active":false,"_monsterinsights_sitenote_note":"","_monsterinsights_sitenote_category":0},"product_cat":[31517],"product_tag":[32358,32352,32366,32370,32351,32369,32362,32354,32355,32365,32359,32361,32371,32367,32364,32353,32360,32357,32372,32368,32363,32356],"class_list":{"0":"post-33250","1":"product","2":"type-product","3":"status-publish","4":"has-post-thumbnail","6":"product_cat-eroina","7":"product_tag-acquista-eroina-afghana-online-in-europa","8":"product_tag-acquistare-eroina-afghana-online","9":"product_tag-affari-di-eroina-afghana-in-europa","10":"product_tag-autentica-eroina-afghana-europa","11":"product_tag-comprare-eroina-afghana","12":"product_tag-consegna-eroina-afghana-in-europa","13":"product_tag-dove-acquistare-eroina-afghana-in-europa","14":"product_tag-dove-acquistare-eroina-afghana-online","15":"product_tag-effetti-delleroina-afghana","16":"product_tag-eroina-afghana-a-buon-mercato-in-europa","17":"product_tag-eroina-afghana-miglior-prezzo-europa","18":"product_tag-eroina-afghana-spedizione-gratuita-europa","19":"product_tag-fornitori-di-eroina-afghana-in-europa","20":"product_tag-negozio-di-eroina-afghana-in-europa","21":"product_tag-negozio-online-di-eroina-afghana-europa","22":"product_tag-ordina-eroina-afghana-online","23":"product_tag-ordina-eroina-afghana-ue","24":"product_tag-quanto-costa-leroina-afghana","25":"product_tag-recensione-di-afghan-heroin-europe","26":"product_tag-sconto-sulleroina-afghana-in-europa","27":"product_tag-vendita-di-eroina-afghana-in-europa","28":"product_tag-vendita-di-eroina-afghana-online","30":"first","31":"instock","32":"shipping-taxable","33":"purchasable","34":"product-type-variable","35":"farmacie-col"},"aioseo_notices":[],"_links":{"self":[{"href":"https:\/\/lacasadelamedicina.es\/it\/wp-json\/wp\/v2\/product\/33250"}],"collection":[{"href":"https:\/\/lacasadelamedicina.es\/it\/wp-json\/wp\/v2\/product"}],"about":[{"href":"https:\/\/lacasadelamedicina.es\/it\/wp-json\/wp\/v2\/types\/product"}],"replies":[{"embeddable":true,"href":"https:\/\/lacasadelamedicina.es\/it\/wp-json\/wp\/v2\/comments?post=33250"}],"wp:featuredmedia":[{"embeddable":true,"href":"https:\/\/lacasadelamedicina.es\/it\/wp-json\/wp\/v2\/media\/17918"}],"wp:attachment":[{"href":"https:\/\/lacasadelamedicina.es\/it\/wp-json\/wp\/v2\/media?parent=33250"}],"wp:term":[{"taxonomy":"product_cat","embeddable":true,"href":"https:\/\/lacasadelamedicina.es\/it\/wp-json\/wp\/v2\/product_cat?post=33250"},{"taxonomy":"product_tag","embeddable":true,"href":"https:\/\/lacasadelamedicina.es\/it\/wp-json\/wp\/v2\/product_tag?post=33250"}],"curies":[{"name":"wp","href":"https:\/\/api.w.org\/{rel}","templated":true}]}}