{"id":33143,"date":"2024-08-09T14:01:54","date_gmt":"2024-08-09T14:01:54","guid":{"rendered":"https:\/\/lacasadelamedicina.es\/product\/acquista-eroina-bianca-in-polvere-online\/"},"modified":"2024-08-09T14:01:54","modified_gmt":"2024-08-09T14:01:54","slug":"acquista-eroina-bianca-in-polvere-online","status":"publish","type":"product","link":"https:\/\/lacasadelamedicina.es\/it\/prodotto\/acquista-eroina-bianca-in-polvere-online\/","title":{"rendered":"Acquista eroina bianca in polvere online"},"content":{"rendered":"<h1>Acquista eroina in polvere bianca online.<\/h1>\n<p> Acquista polvere di eroina bianca online &#8211; Uno dei tipi di eroina pi\u00f9 potenti e redditizi sul mercato \u00e8 la polvere bianca. Ma da chi dovresti acquistarla? Il posto migliore per acquistare polvere di eroina bianca online al costo pi\u00f9 basso \u00e8 Dr. Lawsons Pharmacy. Con una variet\u00e0 di metodi di consegna e pagamento, Dr. Lawsons Pharmac<a href=\"https:\/\/dieapotheke247.com\/\">y<\/a> rende facile e sicuro acquistare polvere di eroina bianca all&#8217;ingrosso. Con la nostra garanzia di soddisfazione al 100%, siamo orgogliosi di offrire ai nostri clienti un&#8217;esperienza di acquisto veloce, discreta e sicura. Acquista polvere di eroina bianca online &#8211;      <a href=\"https:\/\/drlawsonspharmacy\/contact-us\/\"><a href=\"https:\/\/drlawsonspharmacy\/contact-us\/\">CONTATTO Ordina eroina online<\/a><\/a><\/p>\n<h3>I benefici della polvere di eroina bianca<\/h3>\n<p> Sebbene la polvere di eroina bianca sia spesso usata a scopo ricreativo o medico per trattare il dolore da oppiacei, sta diventando sempre pi\u00f9 popolare anche tra le persone che cercano esperienze pi\u00f9 estreme. Ora puoi acquistare polvere di eroina bianca pura online da Dr. Lawsons Pharmacy e sperimentare di persona i suoi potenti effetti. Puoi ottenere l&#8217;eroina pi\u00f9 pura sul mercato quando la prendi in polvere bianca da Dr. Lawsons Pharmacy. Questo la rende perfetta per le persone che cercano un&#8217;esperienza intensa poich\u00e9 la tua dose \u00e8 pi\u00f9 forte e dura pi\u00f9 a lungo rispetto ad altri tipi di eroina. Inoltre, i prezzi sono ragionevoli e i tempi di consegna sono brevi. Cosa aspetti? Ordina subito una grande quantit\u00e0 di eroina in polvere bianca! Acquista polvere di eroina bianca online        <\/p>\n<h3>Rischi associati all&#8217;uso di polvere di eroina bianca<\/h3>\n<p> Siate consapevoli dei pericoli se intendete acquistare polvere di eroina bianca in vendita online. La polvere di eroina bianca \u00e8 una sostanza altamente assuefacente che pu\u00f2 causare dipendenza sia psicologica che fisica se usata frequentemente. Potreste provare gravi e dolorosi sintomi di astinenza se smettete improvvisamente di usarla. Inoltre, anche piccole dosi di questa potente sostanza chimica possono essere fatali se usate in modo improprio o eccessivo. Infatti, il sovradosaggio \u00e8 una delle morti pi\u00f9 comuni associate all&#8217;uso di polvere di eroina bianca. Ultimo ma non meno importante, l&#8217;uso di polvere di eroina bianca \u00e8 stato collegato a una serie di effetti dannosi sulla salute mentale, tra cui paranoia, tristezza, disturbi del pensiero, ansia e ricadute nella dipendenza. Acquista polvere di eroina bianca online       <\/p>\n<h3>Acquista polvere di eroina bianca online<\/h3>\n<p> \u00c8 importante capire che non esiste un dosaggio &#8220;sicuro&#8221; di polvere di eroina bianca, poich\u00e9 qualsiasi quantit\u00e0 pu\u00f2 essere potenzialmente fatale a causa di interazioni con le sensibilit\u00e0 note o inconsce di una persona e altri problemi medici. Per questo motivo, l&#8217;uso di eroina, non importa quanto piccola, deve essere fatto solo sotto la stretta supervisione di un medico qualificato. Ordina eroina online   <\/p>\n<h3>Perch\u00e9 Dr. Lawsons Pharmacy \u00e8 il posto migliore per acquistare eroina bianca in polvere online?<\/h3>\n<p> Se stai cercando di acquistare polvere di eroina bianca online, ci sono diversi vantaggi, tra cui convenienza e semplicit\u00e0. Tuttavia, \u00e8 importante essere consapevoli dei pericoli dell&#8217;uso di questa sostanza e procurarsela solo da fornitori affidabili come Dr. Lawsons Pharmacy. Con l&#8217;assistenza di Dr. Lawsons Pharmacy, puoi goderti con sicurezza i numerosi vantaggi della polvere di eroina bianca all&#8217;ingrosso online. Ordina eroina online    &nbsp;<\/p>\n","protected":false},"excerpt":{"rendered":"<p>Acquista eroina in polvere bianca online. Acquista polvere di eroina bianca online &#8211; Uno dei tipi di eroina pi\u00f9 potenti e redditizi sul mercato \u00e8 la polvere bianca. Ma da chi dovresti acquistarla? Il posto migliore per acquistare polvere di eroina bianca online al costo pi\u00f9 basso \u00e8 Dr. Lawsons Pharmacy. Con una variet\u00e0 di [&hellip;]<\/p>\n","protected":false},"featured_media":17993,"comment_status":"closed","ping_status":"closed","template":"","meta":{"om_disable_all_campaigns":false,"_sitemap_exclude":false,"_sitemap_priority":"","_sitemap_frequency":"","_monsterinsights_skip_tracking":false,"_monsterinsights_sitenote_active":false,"_monsterinsights_sitenote_note":"","_monsterinsights_sitenote_category":0},"product_cat":[31517],"product_tag":[31907,31908,31914,31926,31918,31909,31911,31919,31927,31910,31916,31921,31925,31923,31922,31915,31920,31924,31917,31913,31928,31912],"class_list":{"0":"post-33143","1":"product","2":"type-product","3":"status-publish","4":"has-post-thumbnail","6":"product_cat-eroina","7":"product_tag-acquista-eroina-bianca-in-polvere","8":"product_tag-acquista-eroina-bianca-in-polvere-online","9":"product_tag-acquista-eroina-bianca-in-polvere-online-in-europa","10":"product_tag-autentica-polvere-di-eroina-bianca-europa","11":"product_tag-dove-acquistare-eroina-bianca-in-polvere-in-europa","12":"product_tag-dove-acquistare-polvere-di-eroina-bianca-online","13":"product_tag-effetti-della-polvere-bianca-di-eroina","14":"product_tag-eroina-bianca-in-polvere-vendita-europa","15":"product_tag-fornitori-di-polvere-di-eroina-bianca-in-europa","16":"product_tag-ordina-online-la-polvere-di-eroina-bianca","17":"product_tag-ordina-polvere-di-eroina-bianca-ue","18":"product_tag-polvere-di-eroina-bianca-a-buon-mercato-in-europa","19":"product_tag-polvere-di-eroina-bianca-consegna-in-europa","20":"product_tag-polvere-di-eroina-bianca-europa-negozio","21":"product_tag-polvere-di-eroina-bianca-europa-offerte","22":"product_tag-polvere-di-eroina-bianca-miglior-prezzo-europa","23":"product_tag-polvere-di-eroina-bianca-negozio-online-europa","24":"product_tag-polvere-di-eroina-bianca-sconto-europa","25":"product_tag-polvere-di-eroina-bianca-spedizione-gratuita-in-europa","26":"product_tag-quanto-costa-leroina-bianca-in-polvere","27":"product_tag-recensione-di-polvere-di-eroina-bianca-europa","28":"product_tag-vendita-di-polvere-di-eroina-bianca-online","30":"first","31":"instock","32":"shipping-taxable","33":"purchasable","34":"product-type-variable","35":"farmacie-col"},"aioseo_notices":[],"_links":{"self":[{"href":"https:\/\/lacasadelamedicina.es\/it\/wp-json\/wp\/v2\/product\/33143"}],"collection":[{"href":"https:\/\/lacasadelamedicina.es\/it\/wp-json\/wp\/v2\/product"}],"about":[{"href":"https:\/\/lacasadelamedicina.es\/it\/wp-json\/wp\/v2\/types\/product"}],"replies":[{"embeddable":true,"href":"https:\/\/lacasadelamedicina.es\/it\/wp-json\/wp\/v2\/comments?post=33143"}],"wp:featuredmedia":[{"embeddable":true,"href":"https:\/\/lacasadelamedicina.es\/it\/wp-json\/wp\/v2\/media\/17993"}],"wp:attachment":[{"href":"https:\/\/lacasadelamedicina.es\/it\/wp-json\/wp\/v2\/media?parent=33143"}],"wp:term":[{"taxonomy":"product_cat","embeddable":true,"href":"https:\/\/lacasadelamedicina.es\/it\/wp-json\/wp\/v2\/product_cat?post=33143"},{"taxonomy":"product_tag","embeddable":true,"href":"https:\/\/lacasadelamedicina.es\/it\/wp-json\/wp\/v2\/product_tag?post=33143"}],"curies":[{"name":"wp","href":"https:\/\/api.w.org\/{rel}","templated":true}]}}