{"id":33105,"date":"2024-08-09T14:01:54","date_gmt":"2024-08-09T14:01:54","guid":{"rendered":"https:\/\/lacasadelamedicina.es\/product\/acquista-online-la-polvere-chimica-jwh-210\/"},"modified":"2024-08-09T14:01:54","modified_gmt":"2024-08-09T14:01:54","slug":"acquista-online-la-polvere-chimica-jwh-210","status":"publish","type":"product","link":"https:\/\/lacasadelamedicina.es\/it\/prodotto\/acquista-online-la-polvere-chimica-jwh-210\/","title":{"rendered":"Acquista online la polvere chimica JWH-210"},"content":{"rendered":"<h1 class=\"product_title enter-title\">Acquista online la polvere chimica JWH-210<\/h1>\n<p> Acquista online la polvere chimica JWH-210 &#8211; Acquista online la polvere chimica JWH-210. JWH-210 (4-Etilnaftalen-1-il-(1-pentilindol-3-il)metanone), noto anche come. \u00e8 un potente cannabinoide. Acquista online la polvere chimica JWH-210 &#8211; <a href=\"https:\/\/drlawsonspharmacy\/contact-us\/\">CONTATTO<\/a> JWH-210 pu\u00f2 essere acquistato online. Come membro della famiglia dei naftoilindoli, JWH-210 \u00e8 un potente agonista dei cannabinoidi sui recettori CB1 e CB2 con valori Ki di 0,46 nM per CB1 e 0,69 nM per CB2. Viene utilizzato per la gestione del dolore. Con un&#8217;affinit\u00e0 di legame pi\u00f9 forte (cio\u00e8 Ki inferiore) a CB1 rispetto ai suoi omologhi 4-metil e 4-n-propil JWH-122 (CB1 Ki 0,69 nM), \u00e8 uno dei derivati \u200b\u200bnaftil 4-sostituiti pi\u00f9 potenti nella serie dei naftoilindoli. e JWH-182 (CB1 Ki 0,65 nM) o JWH-081 (CB1 Ki 1,2 nM), una molecola 4-metossi [2] John W. Huffman ha ispirato la scoperta e la denominazione.        <\/p>\n<h3>Acquista online la polvere chimica JWH-210<\/h3>\n<p> Sei uno scienziato impegnato che desidera approfondire il complesso campo dei cannabinoidi sintetici? Allora non cercare oltre JWH-210 Chemical Powder, un prodotto all&#8217;avanguardia progettato per supportare la ricerca farmacologica rivoluzionaria. JWH-210 Chemical Powder \u00e8 lo strumento ideale per massimizzare il potenziale della tua ricerca grazie alla sua alta qualit\u00e0 e alle sue propriet\u00e0 speciali. JWH-210 Chemical Powder \u00e8 prodotto con cura utilizzando i metodi pi\u00f9 moderni per garantire un prodotto puro e affidabile con ogni ordine. Questa sostanza mostra un&#8217;affinit\u00e0 e una selettivit\u00e0 eccezionali come potente agonista dei recettori dei cannabinoidi, consentendo ai ricercatori di acquisire una comprensione completa dei complessi meccanismi all&#8217;opera nel sistema endocannabinoide.     <\/p>\n<h3><strong>Ordina la polvere chimica JWH-210<\/strong><\/h3>\n<p> La notevole stabilit\u00e0 della polvere chimica JWH-210, che consente calcoli di dosaggio accurati e una sperimentazione estesa, \u00e8 uno dei suoi principali vantaggi. La sua stabilit\u00e0 e solubilit\u00e0 in una gamma di solventi comuni la rendono un candidato perfetto per un&#8217;ampia gamma di applicazioni di laboratorio. Grazie alla polvere chimica JWH-210, i ricercatori possono liberamente indagare una variet\u00e0 di affascinanti argomenti di ricerca come neurofarmacologia, gestione del dolore e studi sulla dipendenza. L&#8217;adattabilit\u00e0 di questa sostanza apre nuove opportunit\u00e0 per scoperte rivoluzionarie che potrebbero influenzare il modo in cui i farmaci e la ricerca medica saranno sviluppati in futuro.    &nbsp;<\/p>\n","protected":false},"excerpt":{"rendered":"<p>Acquista online la polvere chimica JWH-210. La polvere chimica JWH-210 appartiene alla famiglia dei naftoilindoli e viene utilizzata come analgesico.  &nbsp;<\/p>\n","protected":false},"featured_media":18533,"comment_status":"closed","ping_status":"closed","template":"","meta":{"om_disable_all_campaigns":false,"_sitemap_exclude":false,"_sitemap_priority":"","_sitemap_frequency":"","_monsterinsights_skip_tracking":false,"_monsterinsights_sitenote_active":false,"_monsterinsights_sitenote_note":"","_monsterinsights_sitenote_category":0},"product_cat":[27662],"product_tag":[31666,31672,31665,31676,31668,31669,31685,31683,31682,31673,31675,31681,31678,31680,31674,31667,31684,31679,31671,31686,31677,31670],"class_list":{"0":"post-33105","1":"product","2":"type-product","3":"status-publish","4":"has-post-thumbnail","6":"product_cat-ricerca-chimica-e-psichedelici","7":"product_tag-acquista-online-la-polvere-chimica-jwh-210","8":"product_tag-acquista-online-la-polvere-chimica-jwh-210-in-europa","9":"product_tag-acquistare-polvere-chimica-jwh-210","10":"product_tag-dove-acquistare-jwh-210-chemical-powder-europe","11":"product_tag-dove-acquistare-online-la-polvere-chimica-jwh-210","12":"product_tag-effetti-della-polvere-chimica-jwh-210","13":"product_tag-fornitori-di-polvere-chimica-jwh-210-in-europa","14":"product_tag-jwh-210-polvere-chimica-consegna-in-europa","15":"product_tag-jwh-210-polvere-chimica-europa-sconto","16":"product_tag-jwh-210-polvere-chimica-miglior-prezzo-europa","17":"product_tag-jwh-210-polvere-chimica-spedizione-gratuita-in-europa","18":"product_tag-negozio-di-polvere-chimica-jwh-210-in-europa","19":"product_tag-negozio-online-di-polvere-chimica-jwh-210-europa","20":"product_tag-offerte-di-polvere-chimica-jwh-210-in-europa","21":"product_tag-ordina-jwh-210-polvere-chimica-ue","22":"product_tag-ordina-online-la-polvere-chimica-jwh-210","23":"product_tag-polvere-chimica-jwh-210-autentica-europa","24":"product_tag-polvere-chimica-jwh-210-economica-europa","25":"product_tag-quanto-costa-la-polvere-chimica-jwh-210","26":"product_tag-recensione-di-jwh-210-chemical-powder-europe","27":"product_tag-vendita-di-polvere-chimica-jwh-210-in-europa","28":"product_tag-vendita-online-di-polvere-chimica-jwh-210","30":"first","31":"instock","32":"shipping-taxable","33":"purchasable","34":"product-type-variable","35":"farmacie-col"},"aioseo_notices":[],"_links":{"self":[{"href":"https:\/\/lacasadelamedicina.es\/it\/wp-json\/wp\/v2\/product\/33105"}],"collection":[{"href":"https:\/\/lacasadelamedicina.es\/it\/wp-json\/wp\/v2\/product"}],"about":[{"href":"https:\/\/lacasadelamedicina.es\/it\/wp-json\/wp\/v2\/types\/product"}],"replies":[{"embeddable":true,"href":"https:\/\/lacasadelamedicina.es\/it\/wp-json\/wp\/v2\/comments?post=33105"}],"wp:featuredmedia":[{"embeddable":true,"href":"https:\/\/lacasadelamedicina.es\/it\/wp-json\/wp\/v2\/media\/18533"}],"wp:attachment":[{"href":"https:\/\/lacasadelamedicina.es\/it\/wp-json\/wp\/v2\/media?parent=33105"}],"wp:term":[{"taxonomy":"product_cat","embeddable":true,"href":"https:\/\/lacasadelamedicina.es\/it\/wp-json\/wp\/v2\/product_cat?post=33105"},{"taxonomy":"product_tag","embeddable":true,"href":"https:\/\/lacasadelamedicina.es\/it\/wp-json\/wp\/v2\/product_tag?post=33105"}],"curies":[{"name":"wp","href":"https:\/\/api.w.org\/{rel}","templated":true}]}}