{"id":33088,"date":"2024-08-09T14:01:54","date_gmt":"2024-08-09T14:01:54","guid":{"rendered":"https:\/\/lacasadelamedicina.es\/product\/acquista-eroina-non-tagliata-online\/"},"modified":"2024-08-09T14:01:54","modified_gmt":"2024-08-09T14:01:54","slug":"acquista-eroina-non-tagliata-online","status":"publish","type":"product","link":"https:\/\/lacasadelamedicina.es\/it\/prodotto\/acquista-eroina-non-tagliata-online\/","title":{"rendered":"Acquista eroina non tagliata online"},"content":{"rendered":"<h1>Acquista eroina non tagliata online<\/h1>\n<p> Acquista eroina non tagliata online &#8211; L&#8217;eroina non tagliata pu\u00f2 essere acquistata online da alcuni rivenditori, anche se ci\u00f2 comporta dei rischi. Quindi, se ti stai chiedendo dove trovare eroina genuina, sicura e non tagliata online, Dr. Lawsons Pharmacy \u00e8 il posto giusto. Acquista eroina non tagliata online &#8211;   <a href=\"https:\/\/drlawsonspharmacy\/contact-us\/\">CONTATTO<\/a><\/p>\n<h3>Come si produce l&#8217;eroina non tagliata?<\/h3>\n<p> L&#8217;eroina non tagliata \u00e8 ricavata dai baccelli essiccati del papavero da oppio. Viene raccolta e trasformata in un materiale bianco e polveroso. Contiene alte concentrazioni di morfina, <a href=\"https:\/\/dieapotheke247.com\/\">co<\/a>deina e altre sostanze, tra cui potenti oppioidi. Il risultato finale \u00e8 una variet\u00e0 di oppio non raffinata, priva di sostanze chimiche e agenti di lavorazione aggiuntivi. A seconda della quantit\u00e0 di umidit\u00e0 e alcaloidi presenti, la potenza della droga cambia.     <\/p>\n<h3>Vantaggi dell&#8217;eroina non tagliata<\/h3>\n<p> L&#8217;eroina non tagliata dovrebbe essere la tua scelta se stai cercando un effetto superiore al resto. L&#8217;eroina non tagliata \u00e8 pi\u00f9 potente e pura di altre forme di eroina e offre migliori effetti a breve e lungo termine. Inoltre, pu\u00f2 essere adattata alle esigenze dell&#8217;utente, dando vita a cocktail che danno all&#8217;utente un maggiore controllo sul dosaggio e sulla qualit\u00e0 del farmaco. \u00c8 anche pi\u00f9 sicuro consumare eroina non tagliata acquistata online sotto supervisione. Grazie alla maggiore potenza, c&#8217;\u00e8 un rischio minore di overdose. Rispetto ad altri tipi di eroina, l&#8217;eroina non tagliata ha meno effetti negativi e un rischio minore di dipendenza. Infatti, i clienti hanno affermato che Dr. Lawsons Pharmacy rende pi\u00f9 facile acquistare eroina pura, forte e non tagliata online.       <\/p>\n<h3>Effetti collaterali dell&#8217;eroina non tagliata<\/h3>\n<p> Un rischio aumentato di dipendenza e overdose, cos\u00ec come tassi pi\u00f9 elevati di HIV e altre infezioni, sono tutti rischi per la salute associati all&#8217;uso di eroina non tagliata. Inoltre, l&#8217;eroina non tagliata pu\u00f2 causare effetti collaterali fisici, tra cui nausea, vomito, tachicardia e un rischio pi\u00f9 elevato di overdose. In alcune circostanze, pu\u00f2 persino portare alla morte.   <\/p>\n<h3>Dove acquistare eroina grezza online?<\/h3>\n<p> Quando cerchi eroina non tagliata sfusa online, cerca fornitori come Dr. Lawsons Pharmacy i cui prodotti sono stati valutati come di alta qualit\u00e0 da altre fonti. Quando confronti i prezzi dell&#8217;eroina non tagliata online, tieni presente che i costi possono variare notevolmente a seconda della posizione (ad esempio, citt\u00e0 in cui il prezzo di strada dell&#8217;eroina tende a essere pi\u00f9 alto), dell&#8217;ora del giorno (le cerimonie di eutanasia spesso comportano prezzi pi\u00f9 alti), del metodo di pagamento (le carte di credito tendono a richiedere commissioni pi\u00f9 elevate rispetto a PayPal), ecc. Poich\u00e9 ci\u00f2 che stai acquistando sar\u00e0 probabilmente mescolato ad altre sostanze indipendentemente dalla fonte, \u00e8 importante non farsi coinvolgere troppo dai dettagli dei prezzi. Invece, concentrati sull&#8217;assicurarti che purezza e freschezza siano mantenute durante tutto il processo di trasporto e acquisto, non solo nella fase del prodotto finale.    <\/p>\n<h3>Acquista eroina non tagliata online dalla farmacia Dr. Lawsons<\/h3>\n<p> \u00c8 importante ricordare che l&#8217;uso improprio o irresponsabile di eroina non tagliata pu\u00f2 avere gravi conseguenze. Tenendo presente ci\u00f2, devi acquistare eroina non tagliata online solo da farmacie affidabili come Dr. Lawsons Pharmacy. Al miglior prezzo, offriamo solo vendite all&#8217;ingrosso di eroina genuina e non tagliata.   &nbsp;<\/p>\n","protected":false},"excerpt":{"rendered":"<p>Acquista eroina non tagliata online Acquista eroina non tagliata online &#8211; L&#8217;eroina non tagliata pu\u00f2 essere acquistata online da alcuni rivenditori, anche se ci\u00f2 comporta dei rischi. Quindi, se ti stai chiedendo dove trovare eroina genuina, sicura e non tagliata online, Dr. Lawsons Pharmacy \u00e8 il posto giusto. Acquista eroina non tagliata online &#8211; CONTATTO [&hellip;]<\/p>\n","protected":false},"featured_media":17978,"comment_status":"closed","ping_status":"closed","template":"","meta":{"om_disable_all_campaigns":false,"_sitemap_exclude":false,"_sitemap_priority":"","_sitemap_frequency":"","_monsterinsights_skip_tracking":false,"_monsterinsights_sitenote_active":false,"_monsterinsights_sitenote_note":"","_monsterinsights_sitenote_category":0},"product_cat":[31517],"product_tag":[31615,31620,31632,31613,31631,31624,31616,31617,31627,31629,31628,31633,31621,31626,31630,31623,31625,31614,31622,31619,31634,31618],"class_list":{"0":"post-33088","1":"product","2":"type-product","3":"status-publish","4":"has-post-thumbnail","6":"product_cat-eroina","7":"product_tag-acquista-eroina-non-tagliata-online","8":"product_tag-acquista-eroina-non-tagliata-online-in-europa","9":"product_tag-autentica-eroina-non-tagliata-europa","10":"product_tag-comprare-eroina-non-tagliata","11":"product_tag-consegna-eroina-non-tagliata-europa","12":"product_tag-dove-acquistare-eroina-non-tagliata-in-europa","13":"product_tag-dove-acquistare-eroina-non-tagliata-online","14":"product_tag-effetti-delleroina-non-tagliata","15":"product_tag-eroina-non-tagliata-a-buon-mercato-in-europa","16":"product_tag-eroina-non-tagliata-europa-negozio","17":"product_tag-eroina-non-tagliata-europa-tratta","18":"product_tag-eroina-non-tagliata-fornitori-europa","19":"product_tag-eroina-non-tagliata-miglior-prezzo-europa","20":"product_tag-eroina-non-tagliata-negozio-online-europa","21":"product_tag-eroina-non-tagliata-sconto-europa","22":"product_tag-eroina-non-tagliata-spedizione-gratuita-in-europa","23":"product_tag-eroina-non-tagliata-vendita-europa","24":"product_tag-ordina-eroina-non-tagliata-online","25":"product_tag-ordina-eroina-non-tagliata-ue","26":"product_tag-quanto-costa-leroina-non-tagliata","27":"product_tag-recensione-eroina-non-tagliata-europa","28":"product_tag-vendita-di-eroina-non-tagliata-online","30":"first","31":"instock","32":"shipping-taxable","33":"purchasable","34":"product-type-variable","35":"farmacie-col"},"aioseo_notices":[],"_links":{"self":[{"href":"https:\/\/lacasadelamedicina.es\/it\/wp-json\/wp\/v2\/product\/33088"}],"collection":[{"href":"https:\/\/lacasadelamedicina.es\/it\/wp-json\/wp\/v2\/product"}],"about":[{"href":"https:\/\/lacasadelamedicina.es\/it\/wp-json\/wp\/v2\/types\/product"}],"replies":[{"embeddable":true,"href":"https:\/\/lacasadelamedicina.es\/it\/wp-json\/wp\/v2\/comments?post=33088"}],"wp:featuredmedia":[{"embeddable":true,"href":"https:\/\/lacasadelamedicina.es\/it\/wp-json\/wp\/v2\/media\/17978"}],"wp:attachment":[{"href":"https:\/\/lacasadelamedicina.es\/it\/wp-json\/wp\/v2\/media?parent=33088"}],"wp:term":[{"taxonomy":"product_cat","embeddable":true,"href":"https:\/\/lacasadelamedicina.es\/it\/wp-json\/wp\/v2\/product_cat?post=33088"},{"taxonomy":"product_tag","embeddable":true,"href":"https:\/\/lacasadelamedicina.es\/it\/wp-json\/wp\/v2\/product_tag?post=33088"}],"curies":[{"name":"wp","href":"https:\/\/api.w.org\/{rel}","templated":true}]}}