{"id":33075,"date":"2024-08-09T14:01:54","date_gmt":"2024-08-09T14:01:54","guid":{"rendered":"https:\/\/lacasadelamedicina.es\/product\/acquista-mdpv-online\/"},"modified":"2024-08-09T14:01:54","modified_gmt":"2024-08-09T14:01:54","slug":"acquista-mdpv-online","status":"publish","type":"product","link":"https:\/\/lacasadelamedicina.es\/it\/prodotto\/acquista-mdpv-online\/","title":{"rendered":"Acquista MDPV online"},"content":{"rendered":"<h1>Acquista MDPV online<\/h1>\n<p> Acquista MDPV online per uso personale o per la vendita. Possiamo garantire che la polvere MDPV che offriamo in vendita \u00e8 della massima qualit\u00e0 attualmente disponibile. Offriamo una consegna discreta insieme a opzioni di pagamento sicure come Bitcoin, Moneygram e Western Union. Inoltre, vendiamo una variet\u00e0 di diverse sostanze chimiche di ricerca tra cui JWH-018. Si prega di <a href=\"https:\/\/dieapotheke247.com\/\">nota<\/a> che non abbiamo alcun controllo su come ogni cliente utilizza il nostro MDPV in vendita negli Stati Uniti. Acquista MDPV online &#8211; <a href=\"https:\/\/drlawsonspharmacy\/contact-us\/\">contatti<\/a> Hai un desiderio ardente di comprendere le complessit\u00e0 della psicofarmacologia? MDPV (metilendiossipirovalerone), una sostanza rivoluzionaria destinata a rivoluzionare i tuoi studi, \u00e8 la soluzione. MDPV \u00e8 uno stimolante sintetico molto potente con propriet\u00e0 speciali che lo rendono uno strumento indispensabile per la ricerca all&#8217;avanguardia. MDPV \u00e8 sintetizzato con cura utilizzando metodi all&#8217;avanguardia per garantire un prodotto puro e affidabile con ogni ordine. Questa sostanza offre agli scienziati una visione senza pari del complesso funzionamento del sistema nervoso centrale, in quanto \u00e8 un potente inibitore della ricaptazione di noradrenalina e dopamina. L&#8217;eccezionale potenza e la durata prolungata dell&#8217;azione dell&#8217;MDPV sono due dei suoi principali vantaggi. Ci\u00f2 consente ai ricercatori di affrontare un&#8217;ampia gamma di aree come lo studio della dipendenza, dei cambiamenti comportamentali e lo studio dei sistemi neurotrasmettitoriali. La sua eccezionale stabilit\u00e0 e solubilit\u00e0 nei solventi comuni lo rendono ideale per numerose applicazioni scientifiche. Presso <span class=\"selectable-text copyable-text\">Dr Lawsons Pharmacy<\/span>, la soddisfazione del cliente e la sicurezza sono la nostra massima priorit\u00e0. Per garantire la conformit\u00e0 con i pi\u00f9 elevati standard del settore, il nostro MDPV \u00e8 sottoposto a rigorose procedure di controllo qualit\u00e0. Per supportare il tuo processo di ricerca, rispettiamo rigorosamente le procedure di sicurezza e forniamo una documentazione completa. \u00c8 importante ricordare che l&#8217;MDPV deve essere utilizzato solo per scopi di ricerca e mai per il consumo umano. Quando maneggiano questa sostanza, i ricercatori devono rispettare tutte le leggi e i codici morali applicabili.                  &nbsp;<\/p>\n","protected":false},"excerpt":{"rendered":"<p>MDPV pu\u00f2 essere acquistato online da <span class=\"selectable-text copyable-text\">Dr Lawsons Pharmacy<\/span>. Acquistare prodotti chimici per la ricerca online \u00e8 una sfida enorme, tuttavia possiamo vendere MDPV di prima qualit\u00e0 a prezzi incredibilmente convenienti. Niente di eccellente \u00e8 facile e facciamo di tutto per produrre l&#8217;MDPV di massima qualit\u00e0 che possiamo offrire in vendita.   &nbsp;<\/p>\n","protected":false},"featured_media":18473,"comment_status":"closed","ping_status":"closed","template":"","meta":{"om_disable_all_campaigns":false,"_sitemap_exclude":false,"_sitemap_priority":"","_sitemap_frequency":"","_monsterinsights_skip_tracking":false,"_monsterinsights_sitenote_active":false,"_monsterinsights_sitenote_note":"","_monsterinsights_sitenote_category":0},"product_cat":[27662],"product_tag":[31562,31564,31569,31581,31580,31573,31565,31566,31582,31576,31570,31572,31578,31575,31577,31563,31571,31568,31583,31579,31574,31567],"class_list":{"0":"post-33075","1":"product","2":"type-product","3":"status-publish","4":"has-post-thumbnail","6":"product_cat-ricerca-chimica-e-psichedelici","7":"product_tag-acquista-mdpv","8":"product_tag-acquista-mdpv-online","9":"product_tag-acquista-mdpv-online-in-europa","10":"product_tag-autentico-mdpv-europa-it","11":"product_tag-consegna-mdpv-europa","12":"product_tag-dove-acquistare-mdpv-europa","13":"product_tag-dove-acquistare-mdpv-online","14":"product_tag-effetti-dellmdpv","15":"product_tag-fornitori-mdpv-europe","16":"product_tag-mdpv-economico-europa","17":"product_tag-mdpv-miglior-prezzo-europa","18":"product_tag-mdpv-spedizione-gratuita-europa","19":"product_tag-negozio-mdpv-europa","20":"product_tag-negozio-online-mdpv-europa","21":"product_tag-offerte-mdpv-europe","22":"product_tag-ordina-mdpv-online","23":"product_tag-ordina-mdpv-ue","24":"product_tag-quanto-costa-mdpv","25":"product_tag-recensione-mdpv-europe","26":"product_tag-sconto-mdpv-europa","27":"product_tag-vendita-mdpv-europa","28":"product_tag-vendita-mdpv-online","30":"first","31":"instock","32":"shipping-taxable","33":"purchasable","34":"product-type-variable","35":"farmacie-col"},"aioseo_notices":[],"_links":{"self":[{"href":"https:\/\/lacasadelamedicina.es\/it\/wp-json\/wp\/v2\/product\/33075"}],"collection":[{"href":"https:\/\/lacasadelamedicina.es\/it\/wp-json\/wp\/v2\/product"}],"about":[{"href":"https:\/\/lacasadelamedicina.es\/it\/wp-json\/wp\/v2\/types\/product"}],"replies":[{"embeddable":true,"href":"https:\/\/lacasadelamedicina.es\/it\/wp-json\/wp\/v2\/comments?post=33075"}],"wp:featuredmedia":[{"embeddable":true,"href":"https:\/\/lacasadelamedicina.es\/it\/wp-json\/wp\/v2\/media\/18473"}],"wp:attachment":[{"href":"https:\/\/lacasadelamedicina.es\/it\/wp-json\/wp\/v2\/media?parent=33075"}],"wp:term":[{"taxonomy":"product_cat","embeddable":true,"href":"https:\/\/lacasadelamedicina.es\/it\/wp-json\/wp\/v2\/product_cat?post=33075"},{"taxonomy":"product_tag","embeddable":true,"href":"https:\/\/lacasadelamedicina.es\/it\/wp-json\/wp\/v2\/product_tag?post=33075"}],"curies":[{"name":"wp","href":"https:\/\/api.w.org\/{rel}","templated":true}]}}