{"id":33069,"date":"2024-08-09T14:01:54","date_gmt":"2024-08-09T14:01:54","guid":{"rendered":"https:\/\/lacasadelamedicina.es\/product\/acquista-eroina-bianca-cinese-online\/"},"modified":"2024-08-09T14:01:54","modified_gmt":"2024-08-09T14:01:54","slug":"acquista-eroina-bianca-cinese-online","status":"publish","type":"product","link":"https:\/\/lacasadelamedicina.es\/it\/prodotto\/acquista-eroina-bianca-cinese-online\/","title":{"rendered":"Acquista eroina bianca cinese online"},"content":{"rendered":"<h1>Acquista eroina bianca cinese online<\/h1>\n<p> In America e in altri paesi, la pandemia di oppioidi sta creando scompiglio. In risposta, molte persone stanno cercando alternative al dover avere a che fare con loschi spacciatori di strada per ottenere eroina forte e pura. Fortunatamente, l&#8217;eroina bianca dalla Cina \u00e8 un fantastico sostituto che \u00e8 facilmente reperibile. Quindi, se intendi acquistare anche eroina bianca dalla Cina online, fallo subito alla Dr. Lawsons Pharmacy. Acquista eroina bianca cinese online &#8211;     <a href=\"https:\/\/drlawsonspharmacy\/contact-us\/\">contatto<\/a><\/p>\n<h3>Come viene prodotta l&#8217;eroina bianca cinese?<\/h3>\n<p> In generale, l&#8217;eroina bianca cinese \u00e8 meno potente di altri tipi di eroina e pu\u00f2 essere acquistata a un prezzo inferiore. L&#8217;eroina bianca cinese viene prodotta utilizzando un processo complesso e in pi\u00f9 fasi. La materia prima viene prima reperita in Afghanistan o Pakistan, che \u00e8 per lo pi\u00f9 oppio. L&#8217;oppio viene poi convertito in morfina utilizzando processi di cottura a freddo o sotto vuoto. Poich\u00e9 la morfina \u00e8 difficile da rilevare e utilizzare con questo metodo, \u00e8 pi\u00f9 probabile che gli spacciatori vogliano venderla. Se vuoi acquistare l&#8217;eroina bianca cinese dalla Dr. Lawsons Pharmacy, puoi sfogliare le diverse variet\u00e0 di eroina bianca cinese offerte sul sito Web e selezionare il dosaggio che desideri acquistare. Per sapere quali misure di sicurezza adottare quando si utilizza questo farmaco, assicurati di leggere le informazioni sulla sicurezza prima dell&#8217;acquisto.       <\/p>\n<h3>Vantaggi dell&#8217;eroina bianca cinese<\/h3>\n<p> Disponibile esclusivamente online da Dr Lawsons Pharmacy, Cina. L&#8217;eroina bianca \u00e8 un tipo di droga potente e di alta qualit\u00e0. L&#8217;eroina bianca cinese \u00e8 pura e costante da un acquisto all&#8217;altro, a differenza di altri tipi di eroina che possono essere mescolati con altre sostanze per migliorare la potenza e creare nuovi tipi di narcotici. Ci\u00f2 significa che sentirai sempre gli stessi potenti benefici quando la assumi, indipendentemente da cos&#8217;altro c&#8217;\u00e8 nel tuo sistema. Per le persone che cercano un potente sballo senza gli effetti collaterali avversi o i rischi associati ad altri oppioidi come il fentanil o sostanze a base di morfina, l&#8217;eroina bianca cinese \u00e8 un&#8217;opzione fantastica. Non aspettare oltre; l&#8217;eroina bianca cinese \u00e8 disponibile presso Dr. Lawsons Pharmacy ed \u00e8 facile da trovare.      <\/p>\n<h3>Effetti collaterali dell&#8217;eroina bianca cinese<\/h3>\n<p> Prima di assumere eroina cinese bianca, bisogna essere consapevoli dei rischi connessi, poich\u00e9 il farmaco pu\u00f2 causare gravi effetti negativi. Nausea, vertigini, mal di testa, disorientamento, irritabilit\u00e0 e ansia sono effetti collaterali comuni. L&#8217;eroina cinese bianca pu\u00f2 creare forte dipendenza e causare altri effetti negativi se consumata in modo eccessivo e per un lungo periodo di tempo.   <\/p>\n<h3>Dove acquistare eroina bianca cinese online?<\/h3>\n<p> Il farmaco China White Heroin \u00e8 potente e pericoloso. Pu\u00f2 causare sia sensazioni euforiche che numerosi potenziali rischi per la salute. A seconda del fornitore e delle sue risorse, questo farmaco pu\u00f2 essere prodotto utilizzando tecniche semplici o avanzate. \u00c8 importante comprendere i pericoli dell&#8217;uso di questa sostanza e acquistarla solo da fornitori fidati come Dr. Lawsons Pharmacy. Seguiamo le precauzioni di sicurezza e la portiamo a casa tua in pochissimo tempo.     &nbsp;<\/p>\n","protected":false},"excerpt":{"rendered":"<p>Acquista eroina bianca cinese online In America e in altri paesi, la pandemia di oppioidi sta creando scompiglio. In risposta, molte persone stanno cercando alternative al dover avere a che fare con loschi spacciatori di strada per ottenere eroina forte e pura. Fortunatamente, l&#8217;eroina bianca dalla Cina \u00e8 un fantastico sostituto che \u00e8 facilmente reperibile. [&hellip;]<\/p>\n","protected":false},"featured_media":17963,"comment_status":"closed","ping_status":"closed","template":"","meta":{"om_disable_all_campaigns":false,"_sitemap_exclude":false,"_sitemap_priority":"","_sitemap_frequency":"","_monsterinsights_skip_tracking":false,"_monsterinsights_sitenote_active":false,"_monsterinsights_sitenote_note":"","_monsterinsights_sitenote_category":0},"product_cat":[31517],"product_tag":[31518,31519,31525,31533,31537,31536,31529,31520,31522,31532,31526,31528,31538,31534,31531,31527,31521,31524,31539,31535,31530,31523],"class_list":{"0":"post-33069","1":"product","2":"type-product","3":"status-publish","4":"has-post-thumbnail","6":"product_cat-eroina","7":"product_tag-acquista-eroina-bianca-cinese","8":"product_tag-acquista-eroina-bianca-cinese-online","9":"product_tag-acquista-eroina-bianca-cinese-online-in-europa","10":"product_tag-affari-di-eroina-bianca-cinese-in-europa","11":"product_tag-autentica-eroina-bianca-cinese-europa","12":"product_tag-consegna-eroina-bianca-cinese-in-europa","13":"product_tag-dove-acquistare-eroina-bianca-cinese-in-europa","14":"product_tag-dove-acquistare-eroina-bianca-cinese-online","15":"product_tag-effetti-delleroina-bianca-cinese","16":"product_tag-eroina-bianca-cinese-a-buon-mercato-in-europa","17":"product_tag-eroina-bianca-cinese-miglior-prezzo-europa","18":"product_tag-eroina-bianca-cinese-spedizione-gratuita-in-europa","19":"product_tag-fornitori-di-eroina-bianca-cinese-in-europa","20":"product_tag-negozio-di-eroina-bianca-cinese-in-europa","21":"product_tag-negozio-online-di-eroina-bianca-cinese-europa","22":"product_tag-ordina-eroina-bianca-cinese-ue","23":"product_tag-ordina-online-leroina-bianca-cinese","24":"product_tag-quanto-costa-leroina-bianca-cinese","25":"product_tag-recensione-di-chinese-white-heroin-europe","26":"product_tag-sconto-eroina-bianca-cinese-europa","27":"product_tag-vendita-di-eroina-bianca-cinese-in-europa","28":"product_tag-vendita-online-di-eroina-bianca-cinese","30":"first","31":"instock","32":"shipping-taxable","33":"purchasable","34":"product-type-variable","35":"farmacie-col"},"aioseo_notices":[],"_links":{"self":[{"href":"https:\/\/lacasadelamedicina.es\/it\/wp-json\/wp\/v2\/product\/33069"}],"collection":[{"href":"https:\/\/lacasadelamedicina.es\/it\/wp-json\/wp\/v2\/product"}],"about":[{"href":"https:\/\/lacasadelamedicina.es\/it\/wp-json\/wp\/v2\/types\/product"}],"replies":[{"embeddable":true,"href":"https:\/\/lacasadelamedicina.es\/it\/wp-json\/wp\/v2\/comments?post=33069"}],"wp:featuredmedia":[{"embeddable":true,"href":"https:\/\/lacasadelamedicina.es\/it\/wp-json\/wp\/v2\/media\/17963"}],"wp:attachment":[{"href":"https:\/\/lacasadelamedicina.es\/it\/wp-json\/wp\/v2\/media?parent=33069"}],"wp:term":[{"taxonomy":"product_cat","embeddable":true,"href":"https:\/\/lacasadelamedicina.es\/it\/wp-json\/wp\/v2\/product_cat?post=33069"},{"taxonomy":"product_tag","embeddable":true,"href":"https:\/\/lacasadelamedicina.es\/it\/wp-json\/wp\/v2\/product_tag?post=33069"}],"curies":[{"name":"wp","href":"https:\/\/api.w.org\/{rel}","templated":true}]}}