{"id":33052,"date":"2024-08-09T14:01:55","date_gmt":"2024-08-09T14:01:55","guid":{"rendered":"https:\/\/lacasadelamedicina.es\/product\/acquista-online-la-polvere-jwh-200\/"},"modified":"2024-08-09T14:01:55","modified_gmt":"2024-08-09T14:01:55","slug":"acquista-online-la-polvere-jwh-200","status":"publish","type":"product","link":"https:\/\/lacasadelamedicina.es\/it\/prodotto\/acquista-online-la-polvere-jwh-200\/","title":{"rendered":"Acquista online la polvere JWH-200"},"content":{"rendered":"<h1 class=\"product_title entry-title\">Acquista JWH-200 Powder online<\/h1>\n<p> Polvere WH-200: JWH-200 \u00e8 un agonista del recettore dei cannabinoidi appartenente alla famiglia chimica degli aminoalchinili ed \u00e8 usato come analgesico. JWH 200 \u00e8 un ligando del recettore dei cannabinoidi (CB) che \u00e8 un aminoalchilico. Interagisce con il recettore CB1 <a href=\"https:\/\/dieapotheke247.com\/\">con <\/a> notevole affinit\u00e0 (IC50 = 7,8-42 nM). Acquista talco JWH-200. Acquista JWH-200 Powder online &#8211; <a href=\"https:\/\/drlawsonspharmacy\/contact-us\/\">CONTATTO Acquista JWH-200 Powder online<\/a> JWH 200 \u00e8 un ligando del recettore dei cannabinoidi (CB) che \u00e8 un aminoalchilindolo. Ha un&#8217;elevata affinit\u00e0 per il recettore CB1 (IC50 = 7,8-42 nM). Rispetto al 99-THC o al WIN 55.212, JWH 200 ha avuto almeno un effetto altrettanto buono sull&#8217;attivit\u00e0 locomotoria, sulla latenza della coda, sull&#8217;ipotermia e sul test di immobilit\u00e0 dell&#8217;anello.       <\/p>\n<h3 class=\"product_title entry-title\">Acquista online la polvere JWH-200<\/h3>\n<p> Vorrei presentarvi JWH-200 Powder, un composto di ricerca straordinario progettato per aiutarvi a far progredire i vostri studi nell&#8217;interessante mondo dei cannabinoidi sintetici. JWH-200 Powder \u00e8 il catalizzatore ideale per studi farmacologici innovativi grazie alla sua straordinaria purezza e alle sue potenti propriet\u00e0. JWH-200 Powder offre ai ricercatori un livello di coerenza e qualit\u00e0 senza pari, poich\u00e9 \u00e8 prodotto con grande precisione utilizzando tecniche di sintesi all&#8217;avanguardia. Questa sostanza offre una rara opportunit\u00e0 di comprendere il complesso funzionamento del sistema endocannabinoide, poich\u00e9 \u00e8 un attivatore altamente selettivo dei recettori dei cannabinoidi. JWH-200 Powder \u00e8 caratterizzato dalla sua eccezionale stabilit\u00e0, che garantisce un dosaggio preciso e lunghi tempi sperimentali. Grazie alla sua solubilit\u00e0 in numerosi solventi comuni, questa sostanza chimica \u00e8 adattabile e facile da usare in un&#8217;ampia gamma di situazioni di laboratorio. Acquista JWH-200 Powder       <\/p>\n<h3><strong>Ordina la polvere JWH-200 online<\/strong><\/h3>\n<p> La polvere JWH-200 pu\u00f2 essere utilizzata per esplorare diverse aree di studio, come la neurofarmacologia, la gestione del dolore e gli studi sulla dipendenza. La sua versatilit\u00e0 crea nuove opportunit\u00e0 per scoperte rivoluzionarie che possono avere un impatto sullo sviluppo futuro di farmaci e trattamenti. Presso <span class=\"selectable-text copyable-text\">Dr Lawsons Pharmacy<\/span>, la soddisfazione del cliente e la sicurezza sono la nostra massima priorit\u00e0. Per garantire che soddisfi e superi gli standard del settore, la nostra polvere JWH-200 \u00e8 sottoposta a rigorose procedure di controllo qualit\u00e0. Seguiamo rigide linee guida sulla sicurezza e forniamo una documentazione completa per garantire un&#8217;esperienza di ricerca fluida e sicura.     &nbsp;<\/p>\n","protected":false},"excerpt":{"rendered":"<p>Acquista online la polvere JWH-200. Un altro nome per questo composto \u00e8 (1-(2-morfolin-4-ylethyl)indol-3-yl)-naphthalen-1-ylmethanone. Acquista qui. Utilizziamo le migliori tecniche di spedizione e imballaggio discreto.    &nbsp;<\/p>\n","protected":false},"featured_media":18503,"comment_status":"closed","ping_status":"closed","template":"","meta":{"om_disable_all_campaigns":false,"_sitemap_exclude":false,"_sitemap_priority":"","_sitemap_frequency":"","_monsterinsights_skip_tracking":false,"_monsterinsights_sitenote_active":false,"_monsterinsights_sitenote_note":"","_monsterinsights_sitenote_category":0},"product_cat":[27662],"product_tag":[31453,31458,31451,31469,31462,31454,31455,31471,31467,31468,31459,31461,31464,31466,31460,31452,31470,31465,31457,31472,31456,31463],"class_list":{"0":"post-33052","1":"product","2":"type-product","3":"status-publish","4":"has-post-thumbnail","6":"product_cat-ricerca-chimica-e-psichedelici","7":"product_tag-acquista-polvere-jwh-200-online","8":"product_tag-acquista-polvere-jwh-200-online-in-europa","9":"product_tag-acquistare-polvere-jwh-200","10":"product_tag-consegna-in-europa-di-polvere-jwh-200","11":"product_tag-dove-acquistare-la-polvere-jwh-200-in-europa","12":"product_tag-dove-acquistare-la-polvere-jwh-200-online","13":"product_tag-effetti-della-polvere-jwh-200","14":"product_tag-fornitori-di-polvere-jwh-200-in-europa","15":"product_tag-jwh-200-polvere-europa-negozio","16":"product_tag-jwh-200-polvere-europa-sconto","17":"product_tag-jwh-200-polvere-miglior-prezzo-europa","18":"product_tag-jwh-200-polvere-spedizione-gratuita-europa","19":"product_tag-negozio-online-di-polvere-jwh-200-europa","20":"product_tag-offerte-di-polvere-jwh-200-in-europa","21":"product_tag-ordina-la-polvere-jwh-200-eu","22":"product_tag-ordina-la-polvere-jwh-200-online","23":"product_tag-polvere-jwh-200-autentica-europa","24":"product_tag-polvere-jwh-200-economica-in-europa","25":"product_tag-quanto-costa-la-polvere-jwh-200","26":"product_tag-recensione-della-polvere-jwh-200-in-europa","27":"product_tag-vendita-online-di-polvere-jwh-200","28":"product_tag-vendita-polvere-jwh-200-europa","30":"first","31":"instock","32":"shipping-taxable","33":"purchasable","34":"product-type-variable","35":"farmacie-col"},"aioseo_notices":[],"_links":{"self":[{"href":"https:\/\/lacasadelamedicina.es\/it\/wp-json\/wp\/v2\/product\/33052"}],"collection":[{"href":"https:\/\/lacasadelamedicina.es\/it\/wp-json\/wp\/v2\/product"}],"about":[{"href":"https:\/\/lacasadelamedicina.es\/it\/wp-json\/wp\/v2\/types\/product"}],"replies":[{"embeddable":true,"href":"https:\/\/lacasadelamedicina.es\/it\/wp-json\/wp\/v2\/comments?post=33052"}],"wp:featuredmedia":[{"embeddable":true,"href":"https:\/\/lacasadelamedicina.es\/it\/wp-json\/wp\/v2\/media\/18503"}],"wp:attachment":[{"href":"https:\/\/lacasadelamedicina.es\/it\/wp-json\/wp\/v2\/media?parent=33052"}],"wp:term":[{"taxonomy":"product_cat","embeddable":true,"href":"https:\/\/lacasadelamedicina.es\/it\/wp-json\/wp\/v2\/product_cat?post=33052"},{"taxonomy":"product_tag","embeddable":true,"href":"https:\/\/lacasadelamedicina.es\/it\/wp-json\/wp\/v2\/product_tag?post=33052"}],"curies":[{"name":"wp","href":"https:\/\/api.w.org\/{rel}","templated":true}]}}