{"id":32960,"date":"2024-08-09T14:01:58","date_gmt":"2024-08-09T14:01:58","guid":{"rendered":"https:\/\/lacasadelamedicina.es\/product\/acquista-etizolam-in-polvere-online\/"},"modified":"2024-08-09T14:01:58","modified_gmt":"2024-08-09T14:01:58","slug":"acquista-etizolam-in-polvere-online","status":"publish","type":"product","link":"https:\/\/lacasadelamedicina.es\/it\/prodotto\/acquista-etizolam-in-polvere-online\/","title":{"rendered":"Acquista Etizolam in polvere online"},"content":{"rendered":"<h1>Acquista Etizolam in polvere online<\/h1>\n<p> Etizolam in polvere, API, principi attivi farmaceutici, intermedi con documentazione e certificazione, DMF, FDA e US Drug Master File sono tutti prodotti e forniti da <span class=\"selectable-text copyable-text\">Farmacia Dr Lawsons&lt;\/span&gt; su scala globale. Offriamo fonti di alta qualit\u00e0 con pacchetti tecnici di accompagnamento per l&#8217;acquisto in base alla necessit\u00e0\/quantit\u00e0 RND per lo sviluppo o la promozione. Grossisti di Etizolam in Cina. Rivenditori di Etizolam. Acquista Etizolam in polvere, trova un fornitore o acquista Etizolam in polvere all&#8217;ingrosso. Acquista Etizolam in polvere online &#8211; <a href=\"https:\/\/drlawsonspharmacy\/contact-us\/\">CONTATTO<\/a>     <\/span><\/p>\n<p>&nbsp; I nostri prodotti sono fabbricati in strutture conformi alle cGMP come principi attivi farmaceutici per l&#8217;industria farmaceutica. Se desideri maggiori informazioni, incluso l&#8217;attuale stato DMF del prodotto, non esitare a contattarci. Saremo lieti di aiutarti con i tuoi sforzi di ricerca e sviluppo.   <\/p>\n<h3>Acquista Etizolam in polvere online<\/h3>\n<p> Puoi attingere a un mondo di pace e tranquillit\u00e0 con la polvere di Etizolam, un fantastico prodotto farmaceutico noto per i suoi effetti sedativi e ansiolitici. Un derivato tienodiazepinico chiamato Etizolam ha guadagnato popolarit\u00e0 tra accademici, professionisti e persone che cercano un trattamento per problemi come ansia, insonnia e stress. Per le persone che cercano uno stato mentale calmo e una buona notte di sonno, la polvere di Etizolam rappresenta una nuova risposta. Come potente analogo delle benzodiazepine, interagisce con i recettori dell&#8217;acido gamma-amminobutirrico (GABA) nel cervello, aiutando a controllare l&#8217;eccessiva attivit\u00e0 neuronale. Ci\u00f2 ha un effetto rilassante che riduce i sintomi dell&#8217;ansia e favorisce il rilassamento.     <\/p>\n<h3><strong>Ordina Etizolam in polvere<\/strong><\/h3>\n<p> La nostra polvere di Etizolam fornisce i migliori risultati di studio e, grazie alla sua qualit\u00e0 e purezza senza pari, \u00e8 una soluzione affidabile per conoscere le propriet\u00e0 e le applicazioni di questa affascinante molecola. Per garantire il massimo livello di qualit\u00e0 e coerenza, ogni lotto viene sottoposto a rigorosi test e analisi, rispettando severi requisiti di controllo qualit\u00e0. La versatilit\u00e0 della polvere di Etizolam stupisce i ricercatori. I suoi effetti ipnotici, sedativi e miorilassanti lo rendono un ottimo strumento nella ricerca sugli attacchi di panico, sulle malattie legate all&#8217;ansia e persino sui disturbi del sonno. \u00c8 anche in fase di studio il potenziale della polvere di Etizolam per trattare i sintomi di astinenza da alcol e controllare alcuni tipi di crisi convulsive.     &nbsp;<\/p>\n","protected":false},"excerpt":{"rendered":"<p>Acquista Etizolam Polvere Online. Vera Etizolam Polvere Online &#8211; Etizolam Polvere In Vendita | Acquista Etizolam Polvere Online | Etizolam Polvere Polvere In Vendita | Acquista Etizolam Polvere Polvere Economica | Dove Acquistare Etizolam Polvere Polvere Online  &nbsp;<\/p>\n","protected":false},"featured_media":18518,"comment_status":"closed","ping_status":"closed","template":"","meta":{"om_disable_all_campaigns":false,"_sitemap_exclude":false,"_sitemap_priority":"","_sitemap_frequency":"","_monsterinsights_skip_tracking":false,"_monsterinsights_sitenote_active":false,"_monsterinsights_sitenote_note":"","_monsterinsights_sitenote_category":0},"product_cat":[27662],"product_tag":[31210,31215,31208,31226,31211,31219,31212,31224,31225,31216,31218,31220,31228,31221,31223,31209,31217,31222,31227,31214,31229,31213],"class_list":{"0":"post-32960","1":"product","2":"type-product","3":"status-publish","4":"has-post-thumbnail","6":"product_cat-ricerca-chimica-e-psichedelici","7":"product_tag-acquista-etizolam-in-polvere-online","8":"product_tag-acquista-etizolam-in-polvere-online-in-europa","9":"product_tag-acquistare-polvere-di-etizolam","10":"product_tag-consegna-di-polvere-di-etizolam-in-europa","11":"product_tag-dove-acquistare-etizolam-in-polvere-online","12":"product_tag-dove-acquistare-etizolam-polvere-europa","13":"product_tag-effetti-della-polvere-di-etizolam","14":"product_tag-etizolam-polvere-europa-negozio","15":"product_tag-etizolam-polvere-europa-sconto","16":"product_tag-etizolam-polvere-miglior-prezzo-europa","17":"product_tag-etizolam-polvere-spedizione-gratuita-europa","18":"product_tag-etizolam-polvere-vendita-europa","19":"product_tag-fornitori-di-polvere-di-etizolam-in-europa","20":"product_tag-negozio-online-di-polvere-di-etizolam-in-europa","21":"product_tag-offerte-di-polvere-di-etizolam-in-europa","22":"product_tag-ordina-etizolam-in-polvere-online","23":"product_tag-ordina-etizolam-in-polvere-ue","24":"product_tag-polvere-di-etizolam-a-buon-mercato-in-europa","25":"product_tag-polvere-di-etizolam-autentica-europa","26":"product_tag-quanto-costa-la-polvere-di-etizolam","27":"product_tag-recensione-di-etizolam-in-polvere-in-europa","28":"product_tag-vendita-di-polvere-di-etizolam-online","30":"first","31":"instock","32":"shipping-taxable","33":"purchasable","34":"product-type-variable","35":"farmacie-col"},"aioseo_notices":[],"_links":{"self":[{"href":"https:\/\/lacasadelamedicina.es\/it\/wp-json\/wp\/v2\/product\/32960"}],"collection":[{"href":"https:\/\/lacasadelamedicina.es\/it\/wp-json\/wp\/v2\/product"}],"about":[{"href":"https:\/\/lacasadelamedicina.es\/it\/wp-json\/wp\/v2\/types\/product"}],"replies":[{"embeddable":true,"href":"https:\/\/lacasadelamedicina.es\/it\/wp-json\/wp\/v2\/comments?post=32960"}],"wp:featuredmedia":[{"embeddable":true,"href":"https:\/\/lacasadelamedicina.es\/it\/wp-json\/wp\/v2\/media\/18518"}],"wp:attachment":[{"href":"https:\/\/lacasadelamedicina.es\/it\/wp-json\/wp\/v2\/media?parent=32960"}],"wp:term":[{"taxonomy":"product_cat","embeddable":true,"href":"https:\/\/lacasadelamedicina.es\/it\/wp-json\/wp\/v2\/product_cat?post=32960"},{"taxonomy":"product_tag","embeddable":true,"href":"https:\/\/lacasadelamedicina.es\/it\/wp-json\/wp\/v2\/product_tag?post=32960"}],"curies":[{"name":"wp","href":"https:\/\/api.w.org\/{rel}","templated":true}]}}