{"id":32916,"date":"2024-08-09T14:01:59","date_gmt":"2024-08-09T14:01:59","guid":{"rendered":"https:\/\/lacasadelamedicina.es\/product\/acquista-cristalli-5f-mdmb-2201-online\/"},"modified":"2024-08-09T14:01:59","modified_gmt":"2024-08-09T14:01:59","slug":"acquista-cristalli-5f-mdmb-2201-online","status":"publish","type":"product","link":"https:\/\/lacasadelamedicina.es\/it\/prodotto\/acquista-cristalli-5f-mdmb-2201-online\/","title":{"rendered":"Acquista cristalli 5f MDMB 2201 online"},"content":{"rendered":"<h1>Acquista cristalli 5f MDMB 2201 online<\/h1>\n<p> Acquista cristalli 5f MDMB 2201 online. Acquista cristalli 5f MDMB 2201 online &#8211; <a href=\"https:\/\/drlawsonspharmacy\/contact-us\/\">CONTATTO<\/a> Stiamo iniziando a scoprire un indazolo-3-carbossamide nei prodotti di cannabis sintetica in tutto il mondo. Farmacologia: 5F-MDMB-2201 \u00e8 noto per essere un agonista CB1 molto potente, ma non \u00e8 chiaro se sia anche altamente selettivo per CB1 o se sia selettivo del tutto. Ulteriore <a href=\"https:\/\/dieapotheke247.com\/\">sono necessari test in quest&#8217;area.<\/a> Composti simili: 5F-AB-PINACA PX-3 MDMB-FUBINACA MDMB-CHMICA APINACA APICA ADB-PINACA ADBICA ADB-FUBINACA ADB-CHMINACA AB-PINACA AB-FUBINACA AB-CHMINACA AB-CHFUPYCA 5F-APINACA 5F-AMB Legalit\u00e0: 5F-MDMB-2201 non \u00e8 attualmente riconosciuta come sostanza vietata in nessuna delle principali nazioni o giurisdizioni, ma potrebbe essere considerata un composto simile a 5F-ADB. Pertanto, si deve prestare attenzione quando si importa questa sostanza poich\u00e9 la vendita o il possesso di questa sostanza potrebbe essere illegale in alcuni paesi. 5F-MDMB-2201 non \u00e8 adatta al consumo umano o animale poich\u00e9 viene fornita solo come sostanza chimica di ricerca. Dovrebbe essere utilizzato solo in un laboratorio o in un ambiente forense da persone qualificate. Ecco i cristalli 5F MDMB-2201, un prodotto rivoluzionario che apre le porte a studi rivoluzionari sui cannabinoidi sintetici. I cristalli 5F MDMB-2201 sono i catalizzatori ideali per sbloccare il massimo potenziale dei tuoi sforzi scientifici grazie alla loro potenza ineguagliabile e alla purezza superiore. I nostri cristalli 5F MDMB-2201 sono accuratamente sintetizzati e realizzati a mano utilizzando metodi all&#8217;avanguardia, garantendo un prodotto di consistenza e purezza ineguagliabili che consente ai ricercatori di esplorare il complesso funzionamento del sistema endocannabinoide con sicurezza e precisione.          <\/p>\n<h3>Acquista online i cristalli 5F MDMB 2201<\/h3>\n<p> Quando i cristalli 5F MDMB-2201 raggiungono il loro pieno potenziale, si presentano numerose opportunit\u00e0 di ricerca. Questa sostanza offre una rara possibilit\u00e0 di studiare e comprendere l&#8217;interazione tra il sistema endocannabinoide e una serie di processi fisiologici, tra cui la gestione del dolore, la neurofarmacologia e la ricerca sulla dipendenza. \u00c8 un potente agonista dei recettori dei cannabinoidi. La straordinaria stabilit\u00e0 e potenza dei cristalli 5F MDMB-2201 sono la ragione della loro eccezionale qualit\u00e0. Questa stabilit\u00e0 consente un dosaggio accurato e risultati coerenti, consentendo agli scienziati di condurre con sicurezza lunghe indagini. I cristalli sono anche altamente solubili in una variet\u00e0 di solventi comuni, rendendoli facili da incorporare in varie tecniche di laboratorio.      <\/p>\n<h3>Acquista cristalli MDMB 2201 5f online<\/h3>\n<p> Presso <span class=\"selectable-text copyable-text\">Dr Lawsons Pharmacy<\/span>, la soddisfazione del cliente e la sicurezza sono le nostre massime priorit\u00e0. Per garantire la conformit\u00e0 con i pi\u00f9 elevati standard del settore, i nostri cristalli 5F MDMB-2201 vengono sottoposti a rigorose procedure di controllo qualit\u00e0. Rispettiamo rigorosamente le procedure di sicurezza e forniamo un&#8217;ampia documentazione per assisterti nel tuo processo di studio. Si prega di notare che i cristalli 5F MDMB-2201 sono solo per scopi di studio e non devono essere consumati dagli esseri umani in nessuna circostanza. Quando si lavora con questa sostanza chimica, \u00e8 fondamentale rispettare le leggi locali e le norme morali.     &nbsp;<\/p>\n","protected":false},"excerpt":{"rendered":"<p>Acquista online i cristalli 5F-MDMB 2201. 5F-MDMB-2201 \u00e8 un cannabinoide sintetico della famiglia degli indazoli, sorprendentemente simile al pi\u00f9 popolare 5F-MDMB-PINACA.  &nbsp;<\/p>\n","protected":false},"featured_media":18578,"comment_status":"closed","ping_status":"closed","template":"","meta":{"om_disable_all_campaigns":false,"_sitemap_exclude":false,"_sitemap_priority":"","_sitemap_frequency":"","_monsterinsights_skip_tracking":false,"_monsterinsights_sitenote_active":false,"_monsterinsights_sitenote_note":"","_monsterinsights_sitenote_category":0},"product_cat":[27662],"product_tag":[31116,31114,31119,31115,31118,31106,31111,31108,31110,31103,31099,31105,31098,31117,31112,31113,31109,31100,31102,31101,31107,31104],"class_list":{"0":"post-32916","1":"product","2":"type-product","3":"status-publish","4":"has-post-thumbnail","6":"product_cat-ricerca-chimica-e-psichedelici","7":"product_tag-5f-mdmb-2201-cristalli-consegna-in-europa","8":"product_tag-5f-mdmb-2201-cristalli-europa-negozio","9":"product_tag-5f-mdmb-2201-cristalli-europa-recensione","10":"product_tag-5f-mdmb-2201-cristalli-europa-sconto","11":"product_tag-5f-mdmb-2201-cristalli-fornitori-europa","12":"product_tag-5f-mdmb-2201-cristalli-miglior-prezzo-europa","13":"product_tag-5f-mdmb-2201-cristalli-negozio-online-europa","14":"product_tag-5f-mdmb-2201-cristalli-spedizione-gratuita-in-europa","15":"product_tag-5f-mdmb-2201-cristalli-vendita-europa","16":"product_tag-5f-mdmb-2201-cristalli-vendita-online","17":"product_tag-acquista-cristalli-5f-mdmb-2201-online","18":"product_tag-acquista-cristalli-5f-mdmb-2201-online-in-europa","19":"product_tag-acquista-cristalli-mdmb-2201-da-5f","20":"product_tag-cristalli-autentici-5f-mdmb-2201-europa","21":"product_tag-cristalli-mdmb-2201-5f-economici-europa","22":"product_tag-cristalli-mdmb-2201-5f-offerte-europa","23":"product_tag-dove-acquistare-cristalli-5f-mdmb-2201-in-europa","24":"product_tag-dove-acquistare-online-i-cristalli-5f-mdmb-2201","25":"product_tag-effetti-dei-cristalli-5f-mdmb-2201","26":"product_tag-ordina-online-i-cristalli-5f-mdmb-2201","27":"product_tag-ordine-5f-mdmb-2201-cristalli-eu","28":"product_tag-quanto-costano-5f-cristalli-mdmb-2201","30":"first","31":"instock","32":"shipping-taxable","33":"purchasable","34":"product-type-variable","35":"farmacie-col"},"aioseo_notices":[],"_links":{"self":[{"href":"https:\/\/lacasadelamedicina.es\/it\/wp-json\/wp\/v2\/product\/32916"}],"collection":[{"href":"https:\/\/lacasadelamedicina.es\/it\/wp-json\/wp\/v2\/product"}],"about":[{"href":"https:\/\/lacasadelamedicina.es\/it\/wp-json\/wp\/v2\/types\/product"}],"replies":[{"embeddable":true,"href":"https:\/\/lacasadelamedicina.es\/it\/wp-json\/wp\/v2\/comments?post=32916"}],"wp:featuredmedia":[{"embeddable":true,"href":"https:\/\/lacasadelamedicina.es\/it\/wp-json\/wp\/v2\/media\/18578"}],"wp:attachment":[{"href":"https:\/\/lacasadelamedicina.es\/it\/wp-json\/wp\/v2\/media?parent=32916"}],"wp:term":[{"taxonomy":"product_cat","embeddable":true,"href":"https:\/\/lacasadelamedicina.es\/it\/wp-json\/wp\/v2\/product_cat?post=32916"},{"taxonomy":"product_tag","embeddable":true,"href":"https:\/\/lacasadelamedicina.es\/it\/wp-json\/wp\/v2\/product_tag?post=32916"}],"curies":[{"name":"wp","href":"https:\/\/api.w.org\/{rel}","templated":true}]}}