{"id":32659,"date":"2024-08-09T14:01:59","date_gmt":"2024-08-09T14:01:59","guid":{"rendered":"https:\/\/lacasadelamedicina.es\/product\/acquista-acetyl-fentanyl-powder-99-puro-online\/"},"modified":"2024-08-09T14:01:59","modified_gmt":"2024-08-09T14:01:59","slug":"acquista-acetyl-fentanyl-powder-99-puro-online","status":"publish","type":"product","link":"https:\/\/lacasadelamedicina.es\/it\/prodotto\/acquista-acetyl-fentanyl-powder-99-puro-online\/","title":{"rendered":"Acquista Acetyl Fentanyl Powder (99%+ puro) online"},"content":{"rendered":"<h3>Acquista polvere di acetil fentanil (99%+ pura) online<\/h3>\n<p> Acquista Acetyl Fentanyl in polvere. \u00c8 cinque volte pi\u00f9 forte dell&#8217;eroina ed \u00e8 classificato come un oppioide. Viene utilizzato per trattare il dolore grave e persistente che non risponde ad altri farmaci. Questo farmaco \u00e8 un potente analgesico narcotico. <strong>Acquista Acetyl Fentanyl Powder (99% + Pure) Online<\/strong>&#8211; <a href=\"https:\/\/drlawsonspharmacy\/contact-us\/\">CONTATTO<\/a> Acryl Fentanyl Powder (99% + Pure) in Vendita L&#8217;acetilfentanil \u00e8 un analgesico oppioide che funziona in modo simile al fentanil in termini di sollievo dal dolore. L&#8217;acetilfentanil \u00e8 fino a 80 volte pi\u00f9 forte della morfina e tra 5 e 40 volte pi\u00f9 forte dell&#8217;eroina. \u00c8 15 volte pi\u00f9 forte del fentanil. Acetyl Fentanyl Powder, una sostanza sintetizzata con cura che ha un livello di purezza eccezionale, pu\u00f2 aiutarti a realizzare il pieno potenziale della tua ricerca. Con una purezza superiore al 99%, questo prodotto eccezionale consente una ricerca rivoluzionaria nel campo della ricerca e dell&#8217;analisi farmaceutica. Derivata dal noto oppioide fentanyl, Acetyl Fentanyl Powder ha potenti propriet\u00e0 analgesiche che la rendono uno strumento importante per i ricercatori che studiano il controllo del dolore, i recettori degli oppioidi e aree correlate. Grazie alla sua elevata purezza, puoi studiare in modo approfondito il complesso funzionamento dei composti oppioidi con la certezza di risultati accurati e affidabili.          <\/p>\n<h3>Acquista Acetyl Fentanyl Powder (99%+ puro) online<\/h3>\n<p> Purezza e coerenza sono essenziali nella ricerca e <span class=\"selectable-text copyable-text\">Dr Lawsons Pharmacy<\/span> lo sa. Ecco perch\u00e9 la nostra polvere di acetil fentanil viene prodotta utilizzando le pi\u00f9 recenti tecniche di sintesi e sottoposta a rigorosi test di controllo qualit\u00e0. Per garantire riproducibilit\u00e0 e affidabilit\u00e0 nella tua ricerca, ci impegniamo a fornire un prodotto che soddisfi e superi i pi\u00f9 elevati standard del settore. L&#8217;elevata purezza della nostra polvere di acetil fentanil consente un dosaggio preciso e test controllati, dandoti la sicurezza di cui hai bisogno per condurre ricerche approfondite. Il nostro prodotto \u00e8 facilmente solubile in solventi comuni, rendendolo facile da maneggiare e adatto a una gamma di applicazioni scientifiche.     <\/p>\n<h3><strong>Ordina Acetyl Fentanyl Powder (99%+ puro)<\/strong><\/h3>\n<p> La sicurezza \u00e8 la nostra priorit\u00e0 numero uno. \u00c8 importante ricordare che Acetyl Fentanyl Powder \u00e8 solo per uso di ricerca e mai per consumo umano. Ti invitiamo a usare questa potente sostanza in modo responsabile, nel rispetto di tutte le leggi e dei codici morali applicabili. Acetyl Fentanyl Powder si riveler\u00e0 uno strumento utile per la tua ricerca, sia che tu stia studiando la farmacocinetica degli oppioidi, esaminando le ultime tecniche di gestione del dolore o ricercando gli effetti degli oppioidi sul sistema nervoso centrale.    &nbsp;<\/p>\n","protected":false},"excerpt":{"rendered":"<p>Acquista Acetyl Fentanyl Powder (99%+ Pure) online. per dolori persistenti e gravi che sono resistenti ad altri farmaci. Questo farmaco \u00e8 un potente analgesico narcotico.   &nbsp;<\/p>\n","protected":false},"featured_media":18053,"comment_status":"closed","ping_status":"closed","template":"","meta":{"om_disable_all_campaigns":false,"_sitemap_exclude":false,"_sitemap_priority":"","_sitemap_frequency":"","_monsterinsights_skip_tracking":false,"_monsterinsights_sitenote_active":false,"_monsterinsights_sitenote_note":"","_monsterinsights_sitenote_category":0},"product_cat":[27662],"product_tag":[30698,30692,30688,30696,30693,30697,30690,30685,30680,30681,30687,30691,30683,30684,30700,30695,30682,30689,30699,30694,30686,30701],"class_list":{"0":"post-32659","1":"product","2":"type-product","3":"status-publish","4":"has-post-thumbnail","6":"product_cat-ricerca-chimica-e-psichedelici","7":"product_tag-acetil-fentanil-in-polvere-99-puro-consegna-in-europa","8":"product_tag-acetil-fentanil-in-polvere-99-puro-in-vendita-in-europa","9":"product_tag-acetil-fentanil-in-polvere-99-puro-miglior-prezzo-in-europa","10":"product_tag-acetil-fentanil-in-polvere-99-puro-negozio-in-europa","11":"product_tag-acetil-fentanil-in-polvere-99-puro-negozio-online-europa","12":"product_tag-acetil-fentanil-in-polvere-99-puro-sconto-europa","13":"product_tag-acetil-fentanil-in-polvere-99-puro-spedizione-gratuita-in-europa","14":"product_tag-acetil-fentanil-in-polvere-99-puro-vendita-online","15":"product_tag-acquista-acetyl-fentanyl-powder-99-puro","16":"product_tag-acquista-acetyl-fentanyl-powder-99-puro-online","17":"product_tag-acquista-acetyl-fentanyl-powder-99-puro-online-in-europa","18":"product_tag-dove-acquistare-acetyl-fentanyl-powder-99-puro-in-europa","19":"product_tag-dove-acquistare-acetyl-fentanyl-powder-99-puro-online","20":"product_tag-effetti-della-polvere-di-acetil-fentanil-99-puro","21":"product_tag-fornitori-di-polvere-di-acetil-fentanil-99-puro-in-europa","22":"product_tag-offerte-in-europa-di-polvere-di-acetil-fentanil-99-puro","23":"product_tag-ordina-acetyl-fentanyl-powder-99-puro-online","24":"product_tag-ordina-acetyl-fentanyl-powder-99-puro-ue","25":"product_tag-polvere-autentica-di-acetil-fentanil-99-pura-europa","26":"product_tag-polvere-di-acetil-fentanil-economica-99-pura-europa","27":"product_tag-quanto-costa-lacetil-fentanil-in-polvere-99-puro","28":"product_tag-recensione-di-acetyl-fentanyl-powder-99-puro-europa","30":"first","31":"instock","32":"shipping-taxable","33":"purchasable","34":"product-type-variable","35":"farmacie-col"},"aioseo_notices":[],"_links":{"self":[{"href":"https:\/\/lacasadelamedicina.es\/it\/wp-json\/wp\/v2\/product\/32659"}],"collection":[{"href":"https:\/\/lacasadelamedicina.es\/it\/wp-json\/wp\/v2\/product"}],"about":[{"href":"https:\/\/lacasadelamedicina.es\/it\/wp-json\/wp\/v2\/types\/product"}],"replies":[{"embeddable":true,"href":"https:\/\/lacasadelamedicina.es\/it\/wp-json\/wp\/v2\/comments?post=32659"}],"wp:featuredmedia":[{"embeddable":true,"href":"https:\/\/lacasadelamedicina.es\/it\/wp-json\/wp\/v2\/media\/18053"}],"wp:attachment":[{"href":"https:\/\/lacasadelamedicina.es\/it\/wp-json\/wp\/v2\/media?parent=32659"}],"wp:term":[{"taxonomy":"product_cat","embeddable":true,"href":"https:\/\/lacasadelamedicina.es\/it\/wp-json\/wp\/v2\/product_cat?post=32659"},{"taxonomy":"product_tag","embeddable":true,"href":"https:\/\/lacasadelamedicina.es\/it\/wp-json\/wp\/v2\/product_tag?post=32659"}],"curies":[{"name":"wp","href":"https:\/\/api.w.org\/{rel}","templated":true}]}}