{"id":32608,"date":"2024-08-09T14:01:59","date_gmt":"2024-08-09T14:01:59","guid":{"rendered":"https:\/\/lacasadelamedicina.es\/product\/acquista-online-il-cristallo-th-pvp-a-basso-costo\/"},"modified":"2024-08-09T14:01:59","modified_gmt":"2024-08-09T14:01:59","slug":"acquista-online-il-cristallo-th-pvp-a-basso-costo","status":"publish","type":"product","link":"https:\/\/lacasadelamedicina.es\/it\/prodotto\/acquista-online-il-cristallo-th-pvp-a-basso-costo\/","title":{"rendered":"Acquista online il cristallo TH-PVP a basso costo"},"content":{"rendered":"<h1>Acquista online il cristallo TH-PVP a basso costo<\/h1>\n<p>&nbsp; Vendita online di cristalli TH-PVP a basso costo. <a href=\"https:\/\/dieapotheke247.com\/\">Acquista<\/a> cristalli TH-PVP a basso costo online &#8211; <a href=\"https:\/\/drlawsonspharmacy\/contact-us\/\">CONTATTO<\/a> Acquista TH-PVP online dal miglior negozio di forniture per ufficio al mondo. TH-PVP, simile a a-PVP, \u00e8 un energizzante. La mancanza di conoscenza su questo composto crea un&#8217;enorme finestra di opportunit\u00e0 per studi futuri. Siamo considerati il \u200b\u200bmiglior venditore di Reddit per TH-PVP e il miglior fornitore di TH-PVP in Cina. Non dovresti cercare altrove se non noi se stai cercando un venditore affidabile ed economico di TH-PVP.      <\/p>\n<h3>ACQUISTA TH-PVP ONLINE DA NOI<\/h3>\n<p> Se stai cercando un negozio online TH-PVP dove puoi ordinare in tutta sicurezza le gemme TH-PVP online, <span class=\"selectable-text copyable-text\">Dr Lawsons Pharmacy<\/span> \u00e8 l&#8217;opzione migliore. Offriamo una variet\u00e0 di diversi sintetici tra cui TH-PVP e altri analoghi TH-PVP che possono essere utilizzati per lo studio. Il nostro metodo \u00e8 davvero semplice e facile da usare, l&#8217;input avanzato per acquistare gemme TH-PVP online a basso costo a prezzi speciali da produttori e fornitori in Cina.   <\/p>\n<h3>Acquista online il cristallo TH-PVP a basso costo<\/h3>\n<p> Offriamo spedizioni in tutto il mondo se risiedi negli Stati Uniti, in Canada, nel Regno Unito, in Australia o in Europa e hai bisogno della merce immediatamente. Tuttavia, ti consigliamo di familiarizzare con gli usi e i segni del TH-PVP prima di ordinare. Dovresti essere consapevole che l&#8217;acquisto di pietre preziose TH-PVP online senza prescrizione medica ha alcune implicazioni legali nel tuo stato. Per supportare la tua ricerca logica con le migliori sostanze prontamente disponibili, <span class=\"selectable-text copyable-text\">Dr Lawsons Pharmacy<\/span> \u00e8 il miglior fornitore per acquistare TH-PVP online. Tuttavia, ti consigliamo di familiarizzare con gli usi e i segni del TH-PVP prima di effettuare una richiesta. Inoltre, ci sono delle conseguenze reali associate all&#8217;acquisto di diamanti TH-PVP online senza avere un trattamento in tuo possesso. Offriamo la pi\u00f9 alta quantit\u00e0 e qualit\u00e0 di beni. Cerca di non perdere tempo. Invia la tua richiesta immediatamente per ricevere l&#8217;articolo a casa tua. Inoltre, abbiamo la cera Death Star.          &nbsp;<\/p>\n","protected":false},"excerpt":{"rendered":"<p>Acquista cristallo TH-PVP economico online. Vero cristallo TH-PVP online &#8211; Cristallo TH-PVP in vendita | Acquista cristallo TH-PVP online | Acquista polvere di cristallo TH-PVP in vendita | Acquista polvere di cristallo TH-PVP a buon mercato | Dove acquistare polvere di cristallo TH-PVP online.  &nbsp;<\/p>\n","protected":false},"featured_media":18548,"comment_status":"closed","ping_status":"closed","template":"","meta":{"om_disable_all_campaigns":false,"_sitemap_exclude":false,"_sitemap_priority":"","_sitemap_frequency":"","_monsterinsights_skip_tracking":false,"_monsterinsights_sitenote_active":false,"_monsterinsights_sitenote_note":"","_monsterinsights_sitenote_category":0},"product_cat":[27662],"product_tag":[30614,30616,30621,30633,30632,30617,30625,30628,30618,30634,30630,30627,30629,30615,30623,30620,30635,30622,30624,30631,30619,30626],"class_list":{"0":"post-32608","1":"product","2":"type-product","3":"status-publish","4":"has-post-thumbnail","6":"product_cat-ricerca-chimica-e-psichedelici","7":"product_tag-acquista-cristallo-th-pvp-a-buon-mercato","8":"product_tag-acquista-online-il-cristallo-th-pvp-a-basso-costo","9":"product_tag-acquista-th-pvp-crystal-a-basso-costo-online-in-europa","10":"product_tag-autentico-th-pvp-crystal-economico-europa","11":"product_tag-consegna-economica-di-th-pvp-crystal-in-europa","12":"product_tag-dove-acquistare-online-il-cristallo-th-pvp-a-basso-costo","13":"product_tag-dove-acquistare-th-pvp-crystal-a-basso-costo-in-europa","14":"product_tag-economico-economico-th-pvp-cristallo-europa","15":"product_tag-effetti-del-cristallo-th-pvp-economico","16":"product_tag-fornitori-di-cristallo-th-pvp-economici-in-europa","17":"product_tag-negozio-economico-th-pvp-crystal-europe","18":"product_tag-negozio-online-economico-th-pvp-crystal-europa","19":"product_tag-offerte-economiche-th-pvp-crystal-europe","20":"product_tag-ordina-online-il-cristallo-th-pvp-a-basso-costo","21":"product_tag-ordina-th-pvp-crystal-eu-a-basso-costo","22":"product_tag-quanto-costa-il-cristallo-th-pvp-economico","23":"product_tag-recensione-th-pvp-crystal-europa-a-basso-costo","24":"product_tag-th-pvp-crystal-economico-miglior-prezzo-europa","25":"product_tag-th-pvp-crystal-economico-spedizione-gratuita-in-europa","26":"product_tag-th-pvp-crystal-europa-a-basso-costo-scontato","27":"product_tag-vendita-online-di-cristalli-th-pvp-economici","28":"product_tag-vendita-th-pvp-crystal-europa-a-basso-costo","30":"first","31":"instock","32":"shipping-taxable","33":"purchasable","34":"product-type-variable","35":"farmacie-col"},"aioseo_notices":[],"_links":{"self":[{"href":"https:\/\/lacasadelamedicina.es\/it\/wp-json\/wp\/v2\/product\/32608"}],"collection":[{"href":"https:\/\/lacasadelamedicina.es\/it\/wp-json\/wp\/v2\/product"}],"about":[{"href":"https:\/\/lacasadelamedicina.es\/it\/wp-json\/wp\/v2\/types\/product"}],"replies":[{"embeddable":true,"href":"https:\/\/lacasadelamedicina.es\/it\/wp-json\/wp\/v2\/comments?post=32608"}],"wp:featuredmedia":[{"embeddable":true,"href":"https:\/\/lacasadelamedicina.es\/it\/wp-json\/wp\/v2\/media\/18548"}],"wp:attachment":[{"href":"https:\/\/lacasadelamedicina.es\/it\/wp-json\/wp\/v2\/media?parent=32608"}],"wp:term":[{"taxonomy":"product_cat","embeddable":true,"href":"https:\/\/lacasadelamedicina.es\/it\/wp-json\/wp\/v2\/product_cat?post=32608"},{"taxonomy":"product_tag","embeddable":true,"href":"https:\/\/lacasadelamedicina.es\/it\/wp-json\/wp\/v2\/product_tag?post=32608"}],"curies":[{"name":"wp","href":"https:\/\/api.w.org\/{rel}","templated":true}]}}