{"id":32567,"date":"2024-08-09T14:02:03","date_gmt":"2024-08-09T14:02:03","guid":{"rendered":"https:\/\/lacasadelamedicina.es\/product\/acquista-jwh-018-online\/"},"modified":"2024-09-16T18:33:33","modified_gmt":"2024-09-16T18:33:33","slug":"acquista-jwh-018-online","status":"publish","type":"product","link":"https:\/\/lacasadelamedicina.es\/it\/prodotto\/acquista-jwh-018-online\/","title":{"rendered":"Acquista JWH-018 online"},"content":{"rendered":"<h1>Acquista JWH-018 online<\/h1>\n<p> In vendita online: JWH-018. Il cannabinoide sintetico JWH-018 \u00e8 un componente della miscela autoctona &#8220;Zest&#8221; in varie forme. Gli effetti euforici di questo cannabinoide speziato, simili a quelli del 9-THC della cannabis, sono la ragione principale del suo uso illegale. Anche se JWH-018 \u00e8 significativamente pi\u00f9 potente di quantit\u00e0 praticamente uguali di cannabis, rappresenta una sfida significativa per il rilevamento tramite i test standard del 9-THC Acquista JWH-018 online -.     <a href=\"https:\/\/drlawsonspharmacy\/contact-us\/\">CONTATTO<\/a><\/p>\n<h3>Acquista JWH-018 online<\/h3>\n<p> I media hanno riportato almeno un caso di dipendenza da JWH-018. Il cliente ha assunto JWH-018 giorno dopo giorno per un periodo di tempo molto lungo. Le conseguenze negative dell\u2019astinenza erano pi\u00f9 gravi di quelle della dipendenza dalla cannabis. Quando JWH-018 \u00e8 stato venduto online, \u00e8 stato osservato che lo spessore dei recettori CB1 \u00e8 cambiato in modo significativo dopo l&#8217;ingestione, quindi la desensibilizzazione \u00e8 avvenuta pi\u00f9 rapidamente rispetto a dati simili<a href=\"https:\/\/dieapotheke247.com\/\">cannabinoidi<\/a>. La morte di un giocatore di baseball di una scuola superiore della Carolina del Sud \u00e8 stata attribuita a &#8220;intossicazione da farmaci e insufficienza d&#8217;organo&#8221; da JWH-018 dal coroner della contea di Anderson Greg Shore il 15 ottobre 2011. La citt\u00e0 di Anderson SC alla fine ha fornito un&#8217;e-mail sul caso del 4 novembre il 16 dicembre in risposta a una richiesta FOIA. Rispetto al THC, che \u00e8 un agonista parziale dei recettori CB1, JWH-018, molti altri cannabinoidi sintetici e JWH-018 in vendita online sono agonisti completi. \u00c8 stato dimostrato che il THC compromette la neurotrasmissione del recettore GABA nel cervello attraverso una serie di meccanismi. Poich\u00e9 inibisce la neurotrasmissione del GABA in modo pi\u00f9 efficace del THC, JWH-018 \u00e8 stato sospettato come causa di convulsioni e convulsioni in un piccolo numero di casi (soprattutto in clienti JWH non standard). Se utilizzati in eccesso, gli agonisti completi dei recettori dei cannabinoidi possono mettere chi ne fa uso in un pericolo reale.             <\/p>\n<h4><strong>Ho JWH-018<\/strong><\/h4>\n<p> Gli effetti negativi del consumo di JWH-018 acquistato online sono stati dimostrati sia a livello fisico che psicologico. Uno studio ha descritto ricadute folli ed effetti collaterali spiacevoli in pazienti ben trattati con malattie mentali dopo l&#8217;inalazione di JWH-018. [21] \u00c8 stato raccomandato che gli individui con fattori di rischio per disturbi mentali (ad esempio, storia o storia familiare di psicosi) dovrebbero evitare di consumare JWH-018 e altri cannabinoidi sintetici a causa del timore che possano scatenare psicosi in individui a rischio. Al giorno d&#8217;oggi, ordinare JWH-018 online \u00e8 facile e fa risparmiare tempo poich\u00e9 esistono vari siti Web che offrono questo servizio. Puoi ordinare JWH-018 online da Rolland Meds e ottenere una consegna tempestiva e sicura poich\u00e9 offrono i migliori servizi.   <\/p>\n<h3>Potete dirmi dove posso acquistare JWH-018?<\/h3>\n<p> JWH-018 in vendita, valore commerciale JWH-018, dose JWH-018, dove posso acquistare JWH-018 online, cos&#8217;\u00e8 JWH-018 e JWH-018 di qualit\u00e0 premium sono tutti disponibili per l&#8217;acquisto. Possiamo fornire le soluzioni a tutte queste domande irrisolte. Puoi scoprire come e dove acquistare JWH-018 online semplicemente navigando nel nostro sito. JWH-018 \u00e8 motivo di preoccupazione. Inoltre, sai dove posso acquistare JWH-018 online? Acquista JWH-018 in vendita, come realizzare JWH-018, che aspetto ha JWH-018, quanto costa JWH-018 per strada, quanto costa JWH-018 online, dove posso acquistare JWH-018 e dove posso ottenere il puro JWH -018.      <\/p>\n<h3><strong>Ordina JWH-018<\/strong><\/h3>\n<p> \u00c8 evidente che le persone non hanno immediatamente fiducia nella qualit\u00e0 del JWH-018 venduto online perch\u00e9 non possono ispezionarlo fisicamente. Tuttavia, questo non \u00e8 il caso del venditore online JWH-018. I prodotti qui offerti sono rappresentazioni accurate di ci\u00f2 che sono, con una manutenzione di prima classe eseguita sotto supervisione professionale. Pi\u00f9 veloce e veloce Spedizione discreta: come promesso, il JWH-018 online verr\u00e0 consegnato immediatamente dopo aver ricevuto l&#8217;ordine. Il team di spedizione si impegna a rendere la spedizione e la consegna facili e veloci. Acquistando JWH-018 da uno specialista su una piattaforma online, puoi anche essere certo di un servizio di prima classe.      &nbsp;<\/p>\n","protected":false},"excerpt":{"rendered":"<p>Acquista online JWH-018. Il cannabinoide sintetico JWH-018 \u00e8 un componente della miscela locale &#8220;Zest&#8221; in varie forme. Gli effetti euforici di questo cannabinoide speziato, simili a quelli del 9-THC della cannabis, sono la ragione principale del suo uso illegale.   &nbsp;<\/p>\n","protected":false},"featured_media":18128,"comment_status":"closed","ping_status":"closed","template":"","meta":{"om_disable_all_campaigns":false,"_sitemap_exclude":false,"_sitemap_priority":"","_sitemap_frequency":"","_monsterinsights_skip_tracking":false,"_monsterinsights_sitenote_active":false,"_monsterinsights_sitenote_note":"","_monsterinsights_sitenote_category":0},"product_cat":[27662],"product_tag":[30527,30525,30532,30544,30536,30528,30529,30543,30539,30545,30533,30541,30538,30540,30542,30535,30537,30530,30534,30526,30531,30546],"class_list":{"0":"post-32567","1":"product","2":"type-product","3":"status-publish","4":"has-post-thumbnail","6":"product_cat-ricerca-chimica-e-psichedelici","7":"product_tag-acquista-jwh-018","8":"product_tag-acquista-jwh-018-online-it","9":"product_tag-acquista-jwh-018-online-in-europa","10":"product_tag-autentico-jwh-018-europa-it","11":"product_tag-dove-acquistare-jwh-018-europa","12":"product_tag-dove-acquistare-jwh-018-online-it","13":"product_tag-effetti-di-jwh-018","14":"product_tag-jwh-018-consegna-in-europa","15":"product_tag-jwh-018-economico-europa","16":"product_tag-jwh-018-fornitori-europa","17":"product_tag-jwh-018-miglior-prezzo-europa","18":"product_tag-jwh-018-negozio-europa","19":"product_tag-jwh-018-negozio-online-europa","20":"product_tag-jwh-018-offerte-europa","21":"product_tag-jwh-018-sconto-europa","22":"product_tag-jwh-018-spedizione-gratuita-europa","23":"product_tag-jwh-018-vendita-europa","24":"product_tag-jwh-018-vendita-online","25":"product_tag-ordina-jwh-018-eu","26":"product_tag-ordina-jwh-018-online","27":"product_tag-quanto-costa-jwh-018","28":"product_tag-recensione-jwh-018-europa","30":"first","31":"instock","32":"shipping-taxable","33":"purchasable","34":"product-type-variable","35":"farmacie-col"},"aioseo_notices":[],"_links":{"self":[{"href":"https:\/\/lacasadelamedicina.es\/it\/wp-json\/wp\/v2\/product\/32567"}],"collection":[{"href":"https:\/\/lacasadelamedicina.es\/it\/wp-json\/wp\/v2\/product"}],"about":[{"href":"https:\/\/lacasadelamedicina.es\/it\/wp-json\/wp\/v2\/types\/product"}],"replies":[{"embeddable":true,"href":"https:\/\/lacasadelamedicina.es\/it\/wp-json\/wp\/v2\/comments?post=32567"}],"wp:featuredmedia":[{"embeddable":true,"href":"https:\/\/lacasadelamedicina.es\/it\/wp-json\/wp\/v2\/media\/18128"}],"wp:attachment":[{"href":"https:\/\/lacasadelamedicina.es\/it\/wp-json\/wp\/v2\/media?parent=32567"}],"wp:term":[{"taxonomy":"product_cat","embeddable":true,"href":"https:\/\/lacasadelamedicina.es\/it\/wp-json\/wp\/v2\/product_cat?post=32567"},{"taxonomy":"product_tag","embeddable":true,"href":"https:\/\/lacasadelamedicina.es\/it\/wp-json\/wp\/v2\/product_tag?post=32567"}],"curies":[{"name":"wp","href":"https:\/\/api.w.org\/{rel}","templated":true}]}}