{"id":32540,"date":"2024-08-09T14:02:03","date_gmt":"2024-08-09T14:02:03","guid":{"rendered":"https:\/\/lacasadelamedicina.es\/product\/acquista-butylone-online\/"},"modified":"2024-08-09T14:02:03","modified_gmt":"2024-08-09T14:02:03","slug":"acquista-butylone-online","status":"publish","type":"product","link":"https:\/\/lacasadelamedicina.es\/it\/prodotto\/acquista-butylone-online\/","title":{"rendered":"Acquista Butylone online"},"content":{"rendered":"<h1>Acquista Butylone online<\/h1>\n<p> Negozio online che vende Butylone. Butylone, comunemente noto come k-MBDB o B1, \u00e8 un entactogeno e stimolante sintetico che appartiene alle classi fenetilammina e catinone. \u00c8 anche noto come -cheto-N-metilbenzodiossolilbutanamina. La controparte metilendiossi sostituita del bufedrone e l&#8217;analogo -cheto di MBDB sono entrambi chiamati Butylone. Acquista Butylone online &#8211; <a href=\"https:\/\/drlawsonspharmacy\/contact-us\/\">CONTATTO<\/a> Poich\u00e9 la fornitura di metilone sul mercato dei prodotti chimici di ricerca diminuisce, viene spesso venduto per strada insieme all&#8217;etilone come droga sintetica, come sostituto o imitazione di MDMA e metilone (tutti collettivamente denominati &#8220;molly&#8221;). Butilone e MDMA hanno propriet\u00e0 farmacologiche e comportamentali simili, ma i loro effetti soggettivi apparenti non sono esattamente gli stessi. Si dice che il butilone sia meno potente dei suoi cugini metilone ed etilone e che abbia effetti stimolanti tradizionali piuttosto che entactogeni. Ha iniziato a essere utilizzato dagli esseri umani solo di recente.        <\/p>\n<h3><strong>Ordina Butylone online<\/strong><\/h3>\n<p> Un membro sintetico della famiglia dei catinoni, noto anche come -cheto-N-metilbenzodiossolilbutanamina. I catinoni hanno un nucleo di fenetilammina con un anello fenilico attaccato a un gruppo amminico (NH2) tramite una catena etilica e un&#8217;altra sostituzione etilica in R. Ci\u00f2 conferisce loro somiglianze strutturali con le amfetamine. Le fenetilammine alfa-metilate (vale a dire le amfetamine) sono come i catinoni sono il butilone. Tuttavia, differiscono da loro per avere un gruppo funzionale chetonico (un gruppo carbonilico in R). Il butilone condivide una sostituzione metilica in posizione RN con MDEA, etilone, 4-MEC e alcuni altri stimolanti ed entactogeni. Il butilone ha anche gruppi ossigeno nelle posizioni R3 e R4 dell&#8217;anello fenilico. Questi gruppi ossigeno sono integrati in un anello metilendiossilico tramite una catena metilenica. Il butilone ha anche questo anello metilendiossilico. Agisce come un inibitore combinato della ricaptazione\/rilasciatore di dopamina, noradrenalina e serotonina. Questi neurotrasmettitori controllano la motivazione, il piacere, la ricompensa e la concentrazione. Ci\u00f2 si ottiene impedendo ai neurotrasmettitori di essere riassorbiti dopo aver completato il loro compito di inviare un impulso cerebrale. Ci\u00f2 consente ai neurotrasmettitori di accumularsi e di essere riciclati, producendo effetti fisiologicamente stimolanti ed euforici.            <\/p>\n<h3>Sai dove posso acquistare Butylone online?<\/h3>\n<p> Dove posso acquistare Butylone online, dove posso acquistare Butylone online, cos&#8217;\u00e8 Butylone e dove posso acquistare polvere di Butylone di qualit\u00e0 premium sono tutte domande a cui verr\u00e0 data risposta di seguito. Possiamo fornire le soluzioni a tutte queste domande irrisolte. Puoi saperne di pi\u00f9 su dove e come acquistare compresse di Fentanyl online semplicemente navigando sul nostro sito web. E il Butylone in polvere? Sai dove posso acquistare Butylone online? Dove acquistare polvere di Butylon, Dove acquistare polvere di Butylon pura, Come preparare la polvere di Butylon, Che aspetto ha la polvere di Butylon, Prezzo di strada della polvere di Butylon, Prezzo della polvere di Butylon, Fornitori di polvere di Butylon, Forma di polvere di Butylon, Acquista polvere di Butylon pura, Prezzo della polvere di Butylon \u00c8 abbastanza comprensibile che le persone non si fidino immediatamente della qualit\u00e0 del Butylon venduto online perch\u00e9 non possono vederlo di persona. Tuttavia, le cose sono diverse con i fornitori di Butylon online. I prodotti offerti qui sono esattamente ci\u00f2 che sono e sono di prim&#8217;ordine, mantenuti sotto la supervisione professionale. Veloce e Spedizione discreta: il Butylone viene consegnato come promesso subito dopo aver ricevuto l&#8217;ordine. Il team addetto alle spedizioni si impegna a rendere il processo di spedizione e consegna rapido e semplice. Quando acquisti Butylone da un venditore affidabile su un marketplace online, puoi anche aspettarti un servizio eccellente.           &nbsp;<\/p>\n","protected":false},"excerpt":{"rendered":"<p>Il butilone, comunemente noto come k-MBDB o B1, \u00e8 un entactogeno sintetico e stimolante appartenente alle classi fenetilammina e catinone. \u00c8 anche noto come -cheto-N-metilbenzodiossolilbutanamina. La controparte metilendiossi sostituita del bufedrone e l&#8217;analogo -cheto di MBDB sono entrambi chiamati butilone.   &nbsp;<\/p>\n","protected":false},"featured_media":18593,"comment_status":"closed","ping_status":"closed","template":"","meta":{"om_disable_all_campaigns":false,"_sitemap_exclude":false,"_sitemap_priority":"","_sitemap_frequency":"","_monsterinsights_skip_tracking":false,"_monsterinsights_sitenote_active":false,"_monsterinsights_sitenote_note":"","_monsterinsights_sitenote_category":0},"product_cat":[27662],"product_tag":[30483,30488,30481,30500,30495,30489,30491,30499,30492,30484,30485,30501,30497,30494,30496,30482,30490,30487,30502,30498,30493,30486],"class_list":{"0":"post-32540","1":"product","2":"type-product","3":"status-publish","4":"has-post-thumbnail","6":"product_cat-ricerca-chimica-e-psichedelici","7":"product_tag-acquista-butylone-online","8":"product_tag-acquista-butylone-online-in-europa","9":"product_tag-acquistare-butylone","10":"product_tag-autentico-butylone-europa","11":"product_tag-butylone-economico-europa","12":"product_tag-butylone-miglior-prezzo-europa","13":"product_tag-butylone-spedizione-gratuita-in-europa","14":"product_tag-consegna-butylone-europa","15":"product_tag-dove-acquistare-butylone-europa","16":"product_tag-dove-acquistare-butylone-online","17":"product_tag-effetti-del-butilone","18":"product_tag-fornitori-di-butylone-europe","19":"product_tag-negozio-butylone-europe","20":"product_tag-negozio-online-butylone-europa","21":"product_tag-offerte-butylone-europe","22":"product_tag-ordina-butylone-online","23":"product_tag-ordina-butylone-ue","24":"product_tag-quanto-costa-il-butilone","25":"product_tag-recensione-di-butylone-europe","26":"product_tag-sconto-butylone-europa","27":"product_tag-vendita-butylone-europa","28":"product_tag-vendita-online-di-butylone","30":"first","31":"instock","32":"shipping-taxable","33":"purchasable","34":"product-type-variable","35":"farmacie-col"},"aioseo_notices":[],"_links":{"self":[{"href":"https:\/\/lacasadelamedicina.es\/it\/wp-json\/wp\/v2\/product\/32540"}],"collection":[{"href":"https:\/\/lacasadelamedicina.es\/it\/wp-json\/wp\/v2\/product"}],"about":[{"href":"https:\/\/lacasadelamedicina.es\/it\/wp-json\/wp\/v2\/types\/product"}],"replies":[{"embeddable":true,"href":"https:\/\/lacasadelamedicina.es\/it\/wp-json\/wp\/v2\/comments?post=32540"}],"wp:featuredmedia":[{"embeddable":true,"href":"https:\/\/lacasadelamedicina.es\/it\/wp-json\/wp\/v2\/media\/18593"}],"wp:attachment":[{"href":"https:\/\/lacasadelamedicina.es\/it\/wp-json\/wp\/v2\/media?parent=32540"}],"wp:term":[{"taxonomy":"product_cat","embeddable":true,"href":"https:\/\/lacasadelamedicina.es\/it\/wp-json\/wp\/v2\/product_cat?post=32540"},{"taxonomy":"product_tag","embeddable":true,"href":"https:\/\/lacasadelamedicina.es\/it\/wp-json\/wp\/v2\/product_tag?post=32540"}],"curies":[{"name":"wp","href":"https:\/\/api.w.org\/{rel}","templated":true}]}}