{"id":32535,"date":"2024-08-09T14:02:03","date_gmt":"2024-08-09T14:02:03","guid":{"rendered":"https:\/\/lacasadelamedicina.es\/product\/acquista-ketamina-online\/"},"modified":"2024-08-09T14:02:03","modified_gmt":"2024-08-09T14:02:03","slug":"acquista-ketamina-online","status":"publish","type":"product","link":"https:\/\/lacasadelamedicina.es\/it\/prodotto\/acquista-ketamina-online\/","title":{"rendered":"Acquista Ketamina online"},"content":{"rendered":"<h3>Acquista la ketamina online.<\/h3>\n<p>&nbsp; Vendita online di ketamina. NMIAD686 Ketamina HCl, un allucinogeno. Gli acquisti online di libri di consultazione premium con licenza sono disponibili da <span class=\"selectable-text copyable-text\">Dr Lawsons Pharmacy<\/span> possibile. <a href=\"https:\/\/dieapotheke247.com\/\">Acquista K<\/a>etamin online &#8211; <a href=\"https:\/\/drlawsonspharmacy\/contact-us\/\">CONTATTO<\/a> Acquista ketamina online, inclusi cristalli di ketamina HCL, ketamina liquida, dosaggio di polvere di ketamina e farmaci a base di ketamina. Acquista Ketamina HCL in polvere di cristalli. Acquista cristalli di ketamina, ketamina liquida, ketamina liquida e polvere online in stock. Acquista la ketamina online con il nome commerciale Ketalar. Nella maggior parte dei casi, i farmaci Ketalar sono usati per trattare e perdonare l&#8217;anestesia. Inoltre, viene utilizzato per alleviare il dolore e migliorare la memoria. Inoltre, contiene elementi di dolore costante e sonnolenza che forniscono attenzione focalizzata. Il battito cardiaco, la respirazione e i riflessi di volo sono rimasti in gran parte funzionali durante il suo possesso.          &nbsp;<\/p>\n<h2>Ketamina in vendita<\/h2>\n<p> Quando viene somministrata l&#8217;infusione, l&#8217;inizio dell&#8217;effetto \u00e8 minimo entro 5 minuti, con l&#8217;effetto primario che dura fino a 25 minuti. I sintomi regolari sono reazioni psicologiche perch\u00e9 il farmaco non funziona pi\u00f9. Le reazioni possono includere irrequietezza, confusione, vertigini, stanchezza e tremori muscolari.   &nbsp;<\/p>\n<h2>Acquista ketamina legale online<\/h2>\n<p> Dosaggi aumentati possono causare effetti pi\u00f9 gravi, con i consumatori che descrivono una completa disconnessione dal proprio corpo. Gli effetti sono presentati come raffigurati nella &#8220;Apertura K&#8221; e sono simili a quelli descritti da chi ha vissuto un incontro ravvicinato con la morte.  &nbsp;<\/p>\n<h2>Vendo ketamina liquida<\/h2>\n<p> La ketamina viene utilizzata per alleviare il dolore postoperatorio negli amministratori delegati. Bassi livelli di ketamina possono ridurre la necessit\u00e0 di morfina, nausea e vertigini dopo l\u2019intervento chirurgico. Basse dosi di ketamina vengono quindi utilizzate per trattare complesse condizioni di dolore provinciale.   &nbsp;<\/p>\n<h2>Polvere di ketamina HCL in vendita<\/h2>\n<p> Prima di un trattamento medico o di un determinato metodo, la ketamina viene utilizzata per indurre l&#8217;anestesia (perdita di sensibilit\u00e0 o sensibilit\u00e0). Pertanto, le cliniche con ketamina per il rilassamento dei muscoli scheletrici non sono necessarie. Pu\u00f2 essere utilizzato anche per altre condizioni mediche come prescritto dal medico di famiglia. Un sedativo, la ketamina. Nel cervello controlla le sensazioni spiacevoli. Acquista la ketamina legalmente.      &nbsp;<\/p>\n<h2>Acquista legalmente la ketamina online<\/h2>\n<p> Il cliente sperimenter\u00e0 una travolgente sensazione di rilassamento e occasionalmente avvertir\u00e0 una sensazione di formicolio in tutto il corpo a causa della ketamina intranasale. Alcuni clienti dicono di sentirsi come se stessero scivolando, altri dicono addirittura di sentirsi come se fossero fuori dal proprio corpo. Molte persone hanno fantasie irrealistiche che a volte sopravvivono al loro effetto soporifero. Pertanto, \u00e8 importante capire quanto dura un\u2019infusione di ketamina.    &nbsp;<\/p>\n<h2>Dove acquistare la ketamina online<\/h2>\n<p> L&#8217;effetto di breve durata derivante dalla polvere di ketamina (Ketalar) dura circa 60 minuti. Inizia circa 2-5 minuti dopo che il fumatore o l&#8217;inghiottitore ha finito di servire. Durante l\u2019infusione ci\u00f2 avviene circa 30 secondi dopo l\u2019iniezione.\u201d &nbsp;<\/p>\n<h2>Acquista ketamina online senza soluzione<\/h2>\n<p> L&#8217;effetto principale dello sballo \u00e8 che il cliente sperimenter\u00e0 una travolgente sensazione di rilassamento e, in alcuni casi, una sensazione di pienezza del corpo. Alcuni clienti dicono di sentirsi come se stessero scivolando, altri dicono addirittura di sentirsi come se fossero fuori dal proprio corpo. Molte persone riferiscono visioni che durano pi\u00f9 a lungo degli effetti soporifici della depressione da ketamina. Il negozio online pi\u00f9 discreto, puoi acquistare Jwh 122 online, acquistare Jwh 018 online, acquistare Nembutal online, acquistare Ketamina online, acquistare Nembutal sodio pentobarbital, acquistare sciroppo per la tosse TUSSIONEX online, acquistare Actimmune online, acquistare Cinryze online, acquistare crack cocaina online, Acquista cocaina online, Acquista eroina online, Acquista LSD online, Acquista compresse LSD online, Acquista Roxicodone online, Acquista Phenazepam, Acquista MDPV online, Acquista cristalli A-PVP, Acquista JWH-200, Acquista Dilaudid online, Acquista Adderall online, Oxycontin acquista, Acquista Xanax online, acquista Vicodin online, acquista Mefedrone online, acquista Pure Crystal Meth online, acquista Fentanyl online    <\/p>\n<h2>Pillole di ketamina in vendita<\/h2>\n<p> Dosaggi aumentati possono avere effetti pi\u00f9 drammatici, con i consumatori che dichiarano un distacco completo e significativo dal proprio corpo. Gli effetti sono simili a quelli descritti dalle persone che sono state vicine alla morte e a quelle viste con la ketamina \u201cK-gap\u201d per l\u2019ansia.  &nbsp;<\/p>\n<h2>Acquista la polvere di ketamina online<\/h2>\n<p> Naturalmente, ci sono reazioni alla polvere di ketamina (Ketalar) e queste reazioni possono avere un grande impatto. Le reazioni momentanee possono portare a terribili deviazioni mentali. Lo stesso vale per ogni singolo farmaco psicotropo. Pertanto, il godimento del viaggio mentale dipende dalla prospettiva del cliente. Quindi quando il cliente cerca di superare la disperazione. Di conseguenza, \u00e8 probabile che le fantasie siano spiacevoli. Ketamina in polvere (Ketalar)       &nbsp;<\/p>\n<h2>Dove acquistare la ketamina<\/h2>\n<p> A causa delle propriet\u00e0 sedative del farmaco, confusione e impotenza generale sono effetti collaterali comunemente riportati. Un&#8217;iniezione di ketamina provoca sonnolenza, aumento della frequenza cardiaca e aumento dello sforzo circolatorio.  &nbsp;<\/p>\n<h2>Acquista la polvere di ketamina online<\/h2>\n<p> L&#8217;effetto di breve durata derivante dalla polvere di ketamina (Ketalar) dura circa 60 minuti. Inizia circa 2-5 minuti dopo che il fumatore o l&#8217;inghiottitore ha finito di servire. L&#8217;acquisto della crema di ketamina online avviene circa 30 secondi dopo l&#8217;infusione, che \u00e8 un acquisto legale di ketamina.   &nbsp;<\/p>\n<h2>Acquista la ketamina liquida<\/h2>\n<p> La polvere di ketamina (Ketalar) in grandi dosi pu\u00f2 causare quella che alcuni chiamano &#8220;apertura K&#8221;, che pu\u00f2 includere visualizzazioni visive e uditive disturbanti, nonch\u00e9 una grave derealizzazione e una sorprendente disconnessione dalla realt\u00e0. &nbsp;<\/p>\n<h2>Come acquistare la ketamina online<\/h2>\n<p> Gli utilizzatori di polvere di ketamina (Ketalar) possono anche provare una sensazione di disagio, che potrebbe essere ancora pi\u00f9 grave. Se ci\u00f2 provoca vomito, pu\u00f2 essere estremamente pericoloso, poich\u00e9 \u00e8 comune in coloro che sperimentano un disturbo separato. Ci\u00f2 crea la possibilit\u00e0 di finire nella bicicletta reclinata, il che rappresenta un vero pericolo di soffocamento. Se possibile, posizionatela su un fianco o in posizione di recupero (polvere di Ketalar) per evitare ci\u00f2. Per ricevere assistenza medica di emergenza, chiamare il 911 il prima possibile.     <strong>Sai dove acquistare la ketamina?<\/strong> Metilone in vendita, valore stradale della ketamina, dosaggio della ketamina, come produrre la ketamina, dove posso trovare la ketamina online, dove posso trovare la ketamina, cos&#8217;\u00e8 la ketamina e la ketamina di alta qualit\u00e0 in vendita. Possiamo fornire soluzioni a tutte queste domande irrisolte. Puoi saperne di pi\u00f9 su dove e come acquistare la ketamina online semplicemente navigando nel nostro sito web. Ketamina, che ne pensi? Sai dove posso acquistare la ketamina online? Acquista ketamina pura online, dove posso acquistare ketamina pura online, come fare la ketamina, che aspetto ha la ketamina, quanto costa la ketamina per strada, dove posso acquistare la ketamina pura? \u00c8 del tutto comprensibile che le persone non accettino immediatamente la qualit\u00e0 della ketamina venduta online perch\u00e9 non possono vederla di persona. Tuttavia, le cose sono diverse quando si tratta di fornitori Internet di ketamina. I prodotti qui offerti sono una rappresentazione accurata di ci\u00f2 che sono, con una manutenzione di prima classe eseguita sotto supervisione professionale. Veloce e veloce Spedizione discreta: una volta ricevuto l&#8217;ordine, la ketamina verr\u00e0 consegnata online non appena specificato. Il team di spedizione fa ogni sforzo per garantire che il processo di spedizione e consegna sia rapido e semplice. Quando acquisti ketamina da un venditore affidabile tramite un sito web, puoi anche contare su un servizio di prima classe.            &nbsp;<\/p>\n","protected":false},"excerpt":{"rendered":"<p>\u00c8 stato dimostrato che la ketamina \u00e8 efficace nel trattamento della depressione nei soggetti bipolari che non hanno risposto agli antidepressivi. &nbsp;<\/p>\n","protected":false},"featured_media":18113,"comment_status":"closed","ping_status":"closed","template":"","meta":{"om_disable_all_campaigns":false,"_sitemap_exclude":false,"_sitemap_priority":"","_sitemap_frequency":"","_monsterinsights_skip_tracking":false,"_monsterinsights_sitenote_active":false,"_monsterinsights_sitenote_note":"","_monsterinsights_sitenote_category":0},"product_cat":[27662],"product_tag":[30466,30461,30459,30477,30470,30462,30463,30479,30478,30473,30467,30469,30475,30472,30474,30460,30468,30465,30480,30476,30471,30464],"class_list":{"0":"post-32535","1":"product","2":"type-product","3":"status-publish","4":"has-post-thumbnail","6":"product_cat-ricerca-chimica-e-psichedelici","7":"product_tag-acquista-ketamina-online-in-europa","8":"product_tag-acquistare-ketamina-online","9":"product_tag-comprare-ketamina","10":"product_tag-consegna-di-ketamina-in-europa","11":"product_tag-dove-acquistare-ketamina-in-europa","12":"product_tag-dove-acquistare-ketamina-online","13":"product_tag-effetti-della-ketamina","14":"product_tag-fornitori-di-ketamina-in-europa","15":"product_tag-ketamina-autentica-europa","16":"product_tag-ketamina-economica-europa","17":"product_tag-ketamina-miglior-prezzo-europa","18":"product_tag-ketamina-spedizione-gratuita-europa","19":"product_tag-negozio-ketamina-europa","20":"product_tag-negozio-online-di-ketamina-in-europa","21":"product_tag-offerte-ketamina-europa","22":"product_tag-ordina-ketamina-online","23":"product_tag-ordina-ketamina-ue","24":"product_tag-quanto-costa-la-ketamina","25":"product_tag-recensione-di-ketamina-europe","26":"product_tag-sconto-ketamina-europa","27":"product_tag-vendita-di-ketamina-in-europa","28":"product_tag-vendita-di-ketamina-online","30":"first","31":"instock","32":"shipping-taxable","33":"purchasable","34":"product-type-variable","35":"farmacie-col"},"aioseo_notices":[],"_links":{"self":[{"href":"https:\/\/lacasadelamedicina.es\/it\/wp-json\/wp\/v2\/product\/32535"}],"collection":[{"href":"https:\/\/lacasadelamedicina.es\/it\/wp-json\/wp\/v2\/product"}],"about":[{"href":"https:\/\/lacasadelamedicina.es\/it\/wp-json\/wp\/v2\/types\/product"}],"replies":[{"embeddable":true,"href":"https:\/\/lacasadelamedicina.es\/it\/wp-json\/wp\/v2\/comments?post=32535"}],"wp:featuredmedia":[{"embeddable":true,"href":"https:\/\/lacasadelamedicina.es\/it\/wp-json\/wp\/v2\/media\/18113"}],"wp:attachment":[{"href":"https:\/\/lacasadelamedicina.es\/it\/wp-json\/wp\/v2\/media?parent=32535"}],"wp:term":[{"taxonomy":"product_cat","embeddable":true,"href":"https:\/\/lacasadelamedicina.es\/it\/wp-json\/wp\/v2\/product_cat?post=32535"},{"taxonomy":"product_tag","embeddable":true,"href":"https:\/\/lacasadelamedicina.es\/it\/wp-json\/wp\/v2\/product_tag?post=32535"}],"curies":[{"name":"wp","href":"https:\/\/api.w.org\/{rel}","templated":true}]}}