{"id":32398,"date":"2024-08-09T14:02:03","date_gmt":"2024-08-09T14:02:03","guid":{"rendered":"https:\/\/lacasadelamedicina.es\/product\/acquista-polvere-di-efedrina-online\/"},"modified":"2024-08-09T14:02:03","modified_gmt":"2024-08-09T14:02:03","slug":"acquista-polvere-di-efedrina-online","status":"publish","type":"product","link":"https:\/\/lacasadelamedicina.es\/it\/prodotto\/acquista-polvere-di-efedrina-online\/","title":{"rendered":"Acquista polvere di efedrina online"},"content":{"rendered":"<h3>Acquista Efedrina in polvere online.<\/h3>\n<p> Negozi online che vendono polvere di efedrina. La polvere di efedrina \u00e8 uno stimolante naturale del sistema nervoso centrale (SNC) ed \u00e8 derivata dalla pianta Ephedra Equisetina. Negli Stati Uniti, \u00e8 possibile ottenere polvere di efedrina senza prescrizione medica per trattare problemi respiratori. Poich\u00e9 esistono alternative pi\u00f9 sicure, prendi in considerazione l&#8217;acquisto di polvere di efedrina online. La polvere di efedrina \u00e8 un broncodilatatore e decongestionante. Facilita la respirazione riducendo l&#8217;edema, restringendo i vasi sanguigni nei passaggi nasali e allargando le vie aeree nei polmoni. CONTATTI &#8211; Acquista polvere di efedrina online <a href=\"https:\/\/drlawsonspharmacy\/contact-us\/\">Contatto<\/a> La polvere di efedrina \u00e8 uno stimolante naturale del sistema nervoso centrale derivato dalla pianta Ephedra equisetina. Il suo sale, il solfato di efedrina, \u00e8 attualmente prodotto anche chimicamente; si presenta in natura come una polvere bianca e cristallina dal sapore amaro, solubile in acqua e altamente solubile in alcol. Il prodotto sintetico \u00e8 commercializzato in questa forma. Nonostante la sua struttura sia molto simile alla metanfetamina, l&#8217;efedrina ha effetti sul SNC significativamente meno potenti e duraturi rispetto alle anfetamine. I suoi effetti stimolanti periferici sono paragonabili, ma meno potenti, dell&#8217;ormone epinefrina (comunemente nota come adrenalina), prodotto dalle ghiandole surrenali nel corpo. <strong>ordina polvere di efedrina online<\/strong> La polvere di efedrina \u00e8 usata per alleviare i sintomi degli attacchi d&#8217;asma pi\u00f9 lievi e per ridurre il rischio di attacchi acuti nel trattamento dell&#8217;asma cronica, in quanto \u00e8 relativamente efficace nel rilassare i muscoli bronchiali. Gli adulti spesso assumono compresse in un dosaggio di 30-60 mg per via orale, tre o quattro volte al giorno. Le gocce nasali di efedrina sono anche comunemente usate per trattare le condizioni delle vie respiratorie superiori che causano congestione nasale. Pu\u00f2 anche essere usata per trattare la pressione bassa.              <strong>ordina polvere di efedrina online<\/strong><\/p>\n<h3>Sai dove posso trovare l&#8217;efedrina in polvere?<\/h3>\n<p> Polvere di efedrina in vendita, valore di strada della polvere di efedrina, dosaggio della polvere di efedrina, dove posso acquistare polvere di efedrina online, dove acquistare polvere di efedrina, cos&#8217;\u00e8 la polvere di efedrina e polvere di efedrina di qualit\u00e0 premium in vendita. Possiamo fornire le soluzioni a tutte queste domande irrisolte. Puoi saperne di pi\u00f9 su dove e come acquistare polvere di efedrina online semplicemente navigando sul nostro sito web. Come funziona la polvere di efedrina? Sai dove posso acquistare polvere di efedrina online? Acquista polvere di efedrina pura online, dove posso acquistare polvere di efedrina online, come preparare polvere di efedrina, che aspetto ha la polvere di efedrina, quanto costa la polvere di efedrina per strada, dove posso acquistare polvere di efedrina. <strong>ordina polvere di efedrina online<\/strong> \u00c8 abbastanza comprensibile che le persone non si fidino immediatamente della qualit\u00e0 della polvere di efedrina venduta online poich\u00e9 non possono verificarla di persona. Tuttavia, questo non \u00e8 il caso dei fornitori di polvere di efedrina su Internet. I prodotti offerti qui sono rappresentazioni accurate di ci\u00f2 che sono, con una manutenzione di prim&#8217;ordine sotto la supervisione di un professionista. Spedizione rapida e discreta: dopo aver ricevuto l&#8217;ordine, la polvere di efedrina online verr\u00e0 consegnata entro i tempi specificati. Il team di spedizione si impegna a rendere il processo di spedizione e consegna rapido e semplice. Quando acquisti polvere di efedrina da un venditore affidabile su una piattaforma online, puoi anche aspettarti di ricevere servizi di prima qualit\u00e0.           &nbsp;<\/p>\n","protected":false},"excerpt":{"rendered":"<p>La polvere di efedrina \u00e8 una sostanza stimolante del sistema nervoso centrale naturale derivata dalla pianta Ephedra equisetina. Oggigiorno viene anche prodotta chimicamente, con la sostanza sintetica venduta come suo sale.  &nbsp;<\/p>\n","protected":false},"featured_media":18098,"comment_status":"closed","ping_status":"closed","template":"","meta":{"om_disable_all_campaigns":false,"_sitemap_exclude":false,"_sitemap_priority":"","_sitemap_frequency":"","_monsterinsights_skip_tracking":false,"_monsterinsights_sitenote_active":false,"_monsterinsights_sitenote_note":"","_monsterinsights_sitenote_category":0},"product_cat":[27662],"product_tag":[30090,30085,30083,30101,30094,30086,30091,30093,30087,30103,30099,30096,30098,30092,30084,30102,30097,30089,30104,30100,30095,30088],"class_list":{"0":"post-32398","1":"product","2":"type-product","3":"status-publish","4":"has-post-thumbnail","6":"product_cat-ricerca-chimica-e-psichedelici","7":"product_tag-acquista-efedrina-in-polvere-online-in-europa","8":"product_tag-acquista-polvere-di-efedrina-online","9":"product_tag-acquistare-polvere-di-efedrina","10":"product_tag-consegna-di-polvere-di-efedrina-in-europa","11":"product_tag-dove-acquistare-efedrina-in-polvere-in-europa","12":"product_tag-dove-acquistare-efedrina-in-polvere-online","13":"product_tag-efedrina-in-polvere-miglior-prezzo-europa","14":"product_tag-efedrina-in-polvere-spedizione-gratuita-in-europa","15":"product_tag-effetti-della-polvere-di-efedrina","16":"product_tag-fornitori-di-polvere-di-efedrina-in-europa","17":"product_tag-negozio-di-polvere-di-efedrina-in-europa","18":"product_tag-negozio-online-di-polvere-di-efedrina-in-europa","19":"product_tag-offerte-di-polvere-di-efedrina-in-europa","20":"product_tag-ordina-efedrina-in-polvere-ue","21":"product_tag-ordina-polvere-di-efedrina-online","22":"product_tag-polvere-di-efedrina-autentica-europa","23":"product_tag-polvere-di-efedrina-economica-in-europa","24":"product_tag-quanto-costa-lefedrina-in-polvere","25":"product_tag-recensione-di-ephedrine-powder-europe","26":"product_tag-sconto-efedrina-in-polvere-europa","27":"product_tag-vendita-di-polvere-di-efedrina-in-europa","28":"product_tag-vendita-online-di-polvere-di-efedrina","30":"first","31":"instock","32":"shipping-taxable","33":"purchasable","34":"product-type-variable","35":"farmacie-col"},"aioseo_notices":[],"_links":{"self":[{"href":"https:\/\/lacasadelamedicina.es\/it\/wp-json\/wp\/v2\/product\/32398"}],"collection":[{"href":"https:\/\/lacasadelamedicina.es\/it\/wp-json\/wp\/v2\/product"}],"about":[{"href":"https:\/\/lacasadelamedicina.es\/it\/wp-json\/wp\/v2\/types\/product"}],"replies":[{"embeddable":true,"href":"https:\/\/lacasadelamedicina.es\/it\/wp-json\/wp\/v2\/comments?post=32398"}],"wp:featuredmedia":[{"embeddable":true,"href":"https:\/\/lacasadelamedicina.es\/it\/wp-json\/wp\/v2\/media\/18098"}],"wp:attachment":[{"href":"https:\/\/lacasadelamedicina.es\/it\/wp-json\/wp\/v2\/media?parent=32398"}],"wp:term":[{"taxonomy":"product_cat","embeddable":true,"href":"https:\/\/lacasadelamedicina.es\/it\/wp-json\/wp\/v2\/product_cat?post=32398"},{"taxonomy":"product_tag","embeddable":true,"href":"https:\/\/lacasadelamedicina.es\/it\/wp-json\/wp\/v2\/product_tag?post=32398"}],"curies":[{"name":"wp","href":"https:\/\/api.w.org\/{rel}","templated":true}]}}