{"id":32343,"date":"2024-08-09T14:02:04","date_gmt":"2024-08-09T14:02:04","guid":{"rendered":"https:\/\/lacasadelamedicina.es\/product\/acquista-5cakb48-online\/"},"modified":"2024-08-09T14:02:04","modified_gmt":"2024-08-09T14:02:04","slug":"acquista-5cakb48-online","status":"publish","type":"product","link":"https:\/\/lacasadelamedicina.es\/it\/prodotto\/acquista-5cakb48-online\/","title":{"rendered":"Acquista 5CAKB48 online"},"content":{"rendered":"<h1><span lang=\"EN-US\">5CAKB48 &#8211; Acquista 5cakb48 online, 5cakb48 in vendita, ordina 5cakb48 online in GERMANIA &#8211; Acquista 5CAKB48 online <\/span><\/h1>\n<p> Acquista 5CAKB48 online &#8211; Acquista 5CAKB48 online: dal pi\u00f9 grande fornitore e fornitore, puoi acquistare 5cakb48 di alta qualit\u00e0 ai prezzi pi\u00f9 bassi. Siamo qui per aiutarti a ordinare 5cakb48 online legittimamente. &#8211; Acquista 5CAKB48 online &#8211; <a href=\"https:\/\/drlawsonspharmacy\/contact-us\/\">CONTATTI <\/a><span lang=\"EN-US\">Acquista 5cakb48 online<\/span> I clienti industriali possono ordinare qualsiasi tipo di prodotto chimico di ricerca al momento giusto grazie alla piattaforma web. Ci\u00f2 rende pi\u00f9 facile e sicuro per i clienti acquistare un prodotto di alta qualit\u00e0 da questa rinomata azienda. I farmaci che acquisti da noi saranno sempre distintivi, con il dosaggio e i benefici ideali. Quando utilizzi il sito web per acquistare 5CAKB48 online, anche il prezzo dei prodotti \u00e8 pi\u00f9 basso. Ecco perch\u00e9 \u00e8 il momento di contattare questa agenzia se hai bisogno di 5CAKB48 e di altri prodotti.       &nbsp;<\/p>\n<h3><span lang=\"EN-US\">Che cos&#8217;\u00e8 il 5CAKB48?<\/span><\/h3>\n<p> La cannabis sintetica o 5CAKB48 \u00e8 una sostanza ben nota che \u00e8 specificamente progettata per l&#8217;uso in laboratorio. Ci\u00f2 consente ai clienti industriali di acquisire facilmente questo prodotto ogni volta che ne hanno bisogno per ulteriori studi. Questo articolo non \u00e8 destinato all&#8217;uso da parte di individui o altri. Di conseguenza, il disagio non proviene da angolazioni diverse.    &nbsp;<\/p>\n<h3><span lang=\"EN-US\">Dove acquistare 5CAKB48<\/span><\/h3>\n<p> Molte persone cercano la migliore azienda dove ottenere servizi di qualit\u00e0 che soddisfino pienamente gli utenti di 5CAKB48. Sebbene abbia propriet\u00e0 speciali, questo prodotto \u00e8 pericoloso se utilizzato per scopi personali. Pertanto, puoi facilmente ottenere 5CAKB48 dalla piattaforma web se hai bisogno di questo prodotto per la tua ricerca in corso. Il sito web \u00e8 molto pi\u00f9 facile da usare ed esplorare e offre un&#8217;ampia gamma di prodotti a prezzi ragionevoli. Questi articoli devono essere chiaramente spiegati agli utenti industriali prima che possano iniziare a utilizzarli a un costo ragionevole. I clienti possono acquistare legalmente questo articolo da questa nota azienda.      &nbsp;<\/p>\n","protected":false},"excerpt":{"rendered":"<p>&nbsp;<\/p>\n","protected":false},"featured_media":18203,"comment_status":"closed","ping_status":"closed","template":"","meta":{"om_disable_all_campaigns":false,"_sitemap_exclude":false,"_sitemap_priority":"","_sitemap_frequency":"","_monsterinsights_skip_tracking":false,"_monsterinsights_sitenote_active":false,"_monsterinsights_sitenote_note":"","_monsterinsights_sitenote_category":0},"product_cat":[27662],"product_tag":[29875,29877,29865,29872,29874,29867,29869,29862,29857,29859,29864,29876,29868,29860,29871,29861,29873,29870,29866,29858,29863,29878],"class_list":{"0":"post-32343","1":"product","2":"type-product","3":"status-publish","4":"has-post-thumbnail","6":"product_cat-ricerca-chimica-e-psichedelici","7":"product_tag-5cakb48-consegna-in-europa","8":"product_tag-5cakb48-fornitori-europa","9":"product_tag-5cakb48-miglior-prezzo-europa","10":"product_tag-5cakb48-offerte-europa","11":"product_tag-5cakb48-sconto-europa","12":"product_tag-5cakb48-spedizione-gratuita-europa","13":"product_tag-5cakb48-vendita-europa","14":"product_tag-5cakb48-vendite-online","15":"product_tag-acquista-5cakb48","16":"product_tag-acquista-5cakb48-online","17":"product_tag-acquista-5cakb48-online-in-europa","18":"product_tag-autentico-5cakb48-europa-it","19":"product_tag-dove-acquistare-5cakb48-europa","20":"product_tag-dove-acquistare-5cakb48-online","21":"product_tag-economico-5cakb48-europa","22":"product_tag-effetti-di-5cakb48","23":"product_tag-negozio-5cakb48-europa","24":"product_tag-negozio-online-5cakb48-europa","25":"product_tag-ordina-5cakb48-eu","26":"product_tag-ordina-5cakb48-online","27":"product_tag-quanto-e-5cakb48","28":"product_tag-recensione-di-5cakb48-europe","30":"first","31":"instock","32":"shipping-taxable","33":"purchasable","34":"product-type-variable","35":"farmacie-col"},"aioseo_notices":[],"_links":{"self":[{"href":"https:\/\/lacasadelamedicina.es\/it\/wp-json\/wp\/v2\/product\/32343"}],"collection":[{"href":"https:\/\/lacasadelamedicina.es\/it\/wp-json\/wp\/v2\/product"}],"about":[{"href":"https:\/\/lacasadelamedicina.es\/it\/wp-json\/wp\/v2\/types\/product"}],"replies":[{"embeddable":true,"href":"https:\/\/lacasadelamedicina.es\/it\/wp-json\/wp\/v2\/comments?post=32343"}],"wp:featuredmedia":[{"embeddable":true,"href":"https:\/\/lacasadelamedicina.es\/it\/wp-json\/wp\/v2\/media\/18203"}],"wp:attachment":[{"href":"https:\/\/lacasadelamedicina.es\/it\/wp-json\/wp\/v2\/media?parent=32343"}],"wp:term":[{"taxonomy":"product_cat","embeddable":true,"href":"https:\/\/lacasadelamedicina.es\/it\/wp-json\/wp\/v2\/product_cat?post=32343"},{"taxonomy":"product_tag","embeddable":true,"href":"https:\/\/lacasadelamedicina.es\/it\/wp-json\/wp\/v2\/product_tag?post=32343"}],"curies":[{"name":"wp","href":"https:\/\/api.w.org\/{rel}","templated":true}]}}