{"id":32293,"date":"2024-08-09T14:02:04","date_gmt":"2024-08-09T14:02:04","guid":{"rendered":"https:\/\/lacasadelamedicina.es\/product\/acquista-methylone-online\/"},"modified":"2024-08-09T14:02:04","modified_gmt":"2024-08-09T14:02:04","slug":"acquista-methylone-online","status":"publish","type":"product","link":"https:\/\/lacasadelamedicina.es\/it\/prodotto\/acquista-methylone-online\/","title":{"rendered":"Acquista Methylone online"},"content":{"rendered":"<h3>Metilone in vendita online.<\/h3>\n<p> Acquista Methylone online. Methylone (Bk-MDMA) online a basso costo &#8211; World Drug Nel Regno Unito, in Europa, in Germania, in Russia e negli Stati Uniti vendiamo polveri e cristalli di Bk-MDMA a basso costo della massima qualit\u00e0. Acquista Methylone online &#8211; <a href=\"https:\/\/drlawsonspharmacy\/contact-us\/\">CONTATTO<\/a> Etilone cristallizzato BK-ebdp 4-CMC trasparente 3-CMC trasparente 4CMC Crystal Mephedrone 4mmc MDPV Methylone (bk-MDMA), noto anche come Crystal 4-BMC. Il metilone \u00e8 una sostanza chimica che ha molte somiglianze con l&#8217;MDMA nella sua struttura e nei suoi effetti. Il metilone \u00e8 uno stimolante con un leggero effetto psichedelico. \u00c8 chiamato sostanza chimica di ricerca perch\u00e9 \u00e8 un composto relativamente nuovo. Si deve usare cautela quando si maneggia il metilone perch\u00e9 \u00e8 stato poco studiato e si sa poco sui suoi effetti a lungo termine o sulla probabilit\u00e0 di dipendenza. \u00c8 comunemente venduto come polvere, ma a volte sono disponibili compresse. Queste compresse possono variare in dimensioni, colore e concentrazione, proprio come l&#8217;XTC. First Trust Chemical vende il metilone in tre diverse forme: cristalli giganti (il nostro prodotto pi\u00f9 popolare), polvere medicinale fine o piccoli cristalli. Si prega di consultare l&#8217;elenco degli altri prodotti principali che abbiamo attualmente in magazzino. \u00c8 possibile acquistare prodotti di alta qualit\u00e0 da First Trust Chemical in questo momento.            <\/p>\n<h3>IL TUO ACCOUNT SAR\u00c0 GESTITO CON CURA PER ACQUISTARE METILENE<\/h3>\n<p> Trattiamo tutte le richieste di vendita in modo confidenziale. Le informazioni del tuo account non vengono mai condivise o distribuite dopo che diventi un cliente. Prima di effettuare la vendita che desideri, potremmo farti alcune domande, ma questo \u00e8 solo per la tua protezione. First Trust Chemical vuole solo essere riconosciuta per i suoi elevati standard e l&#8217;impegno per la soddisfazione del cliente. Una volta che First Trust Chemical approva il tuo ordine, sei libero di acquistare. La tua consegna \u00e8 garantita. Se non siamo in grado di evadere un ordine, non possiamo garantire la vendita. Il metilone \u00e8 una sostanza chimica che ha molte somiglianze con l&#8217;MDMA in termini di struttura ed effetti. Ha un effetto leggermente psichedelico ed \u00e8 uno stimolante. \u00c8 chiamato sostanza chimica di ricerca perch\u00e9 \u00e8 un composto relativamente nuovo. Si consiglia di prestare attenzione quando si maneggia il metilone perch\u00e9 sono stati condotti pochi studi su di esso e si sa poco sui suoi effetti a lungo termine o sulla probabilit\u00e0 di dipendenza. Viene spesso venduto come polvere, ma sono disponibili anche compresse. Queste compresse, proprio come l&#8217;XTC, possono variare in dimensioni, colore e concentrazione.             <\/p>\n<h3><strong>Acquista Methylone online &#8211; Sai dove acquistare Methylone?<\/strong><\/h3>\n<p> Methylone in vendita, valore di mercato di Methylone, dosaggio di Methylone, Methylone in vendita online, Methylone in vendita all&#8217;ingrosso e Methylone in vendita di alta qualit\u00e0. Possiamo fornire le soluzioni a tutte queste domande irrisolte. Puoi saperne di pi\u00f9 su dove e come acquistare Methylone online semplicemente visitando il nostro sito web. Methylone \u00e8 un problema. Sai dove posso acquistare Methylone online? Acquista Methylone, come produrre Methylone, che aspetto ha Methylone, quanto costa Methylone in strada, dove acquistare Methylone online e dove acquistare Methylone puro. \u00c8 abbastanza comprensibile che uno possa non fidarsi immediatamente della qualit\u00e0 di Methylone offerta online perch\u00e9 non pu\u00f2 verificarla di persona. Tuttavia, le cose sono diverse con i fornitori di Methylone su Internet. I prodotti offerti qui sono esattamente ci\u00f2 che sono e sono mantenuti ai massimi standard sotto la supervisione professionale. Spedizione rapida e discreta: dopo aver ricevuto l&#8217;ordine, Methylone online viene consegnato entro i tempi promessi. Il team di spedizione fa di tutto per garantire che il processo di spedizione e consegna sia rapido e semplice. Quando acquisti Methylone da uno specialista su una piattaforma online, puoi anche contare su un servizio di prima classe.            &nbsp;<\/p>\n","protected":false},"excerpt":{"rendered":"<p>Uno stimolante con lievi effetti psichedelici, il Methylone. \u00c8 chiamato sostanza chimica di ricerca perch\u00e9 \u00e8 un composto relativamente nuovo. Si deve usare cautela quando si maneggia il Methylone, poich\u00e9 sono stati condotti pochi studi e si sa poco sugli effetti a lungo termine o sulla probabilit\u00e0 di dipendenza.   &nbsp;<\/p>\n","protected":false},"featured_media":18173,"comment_status":"closed","ping_status":"closed","template":"","meta":{"om_disable_all_campaigns":false,"_sitemap_exclude":false,"_sitemap_priority":"","_sitemap_frequency":"","_monsterinsights_skip_tracking":false,"_monsterinsights_sitenote_active":false,"_monsterinsights_sitenote_note":"","_monsterinsights_sitenote_category":0},"product_cat":[27662],"product_tag":[29645,29646,29652,29663,29656,29647,29649,29665,29664,29659,29653,29655,29661,29658,29660,29648,29654,29651,29666,29662,29650,29657],"class_list":{"0":"post-32293","1":"product","2":"type-product","3":"status-publish","4":"has-post-thumbnail","6":"product_cat-ricerca-chimica-e-psichedelici","7":"product_tag-acquista-methylone","8":"product_tag-acquista-methylone-online","9":"product_tag-acquista-methylone-online-in-europa","10":"product_tag-consegna-methylone-europa","11":"product_tag-dove-acquistare-methylone-europa","12":"product_tag-dove-acquistare-methylone-online","13":"product_tag-effetti-del-metilone","14":"product_tag-fornitori-di-methylone-europe","15":"product_tag-methylone-autentico-europa","16":"product_tag-methylone-economico-in-europa","17":"product_tag-methylone-miglior-prezzo-europa","18":"product_tag-methylone-spedizione-gratuita-in-europa","19":"product_tag-negozio-methylone-europe","20":"product_tag-negozio-online-methylone-europa","21":"product_tag-offerte-methylone-europe","22":"product_tag-ordina-methylone-online","23":"product_tag-ordina-methylone-ue","24":"product_tag-quanto-costa-il-metilone","25":"product_tag-recensione-di-methylone-europe","26":"product_tag-sconto-methylone-europa","27":"product_tag-vendita-di-metilone-online","28":"product_tag-vendita-methylone-europa","30":"first","31":"instock","32":"shipping-taxable","33":"purchasable","34":"product-type-variable","35":"farmacie-col"},"aioseo_notices":[],"_links":{"self":[{"href":"https:\/\/lacasadelamedicina.es\/it\/wp-json\/wp\/v2\/product\/32293"}],"collection":[{"href":"https:\/\/lacasadelamedicina.es\/it\/wp-json\/wp\/v2\/product"}],"about":[{"href":"https:\/\/lacasadelamedicina.es\/it\/wp-json\/wp\/v2\/types\/product"}],"replies":[{"embeddable":true,"href":"https:\/\/lacasadelamedicina.es\/it\/wp-json\/wp\/v2\/comments?post=32293"}],"wp:featuredmedia":[{"embeddable":true,"href":"https:\/\/lacasadelamedicina.es\/it\/wp-json\/wp\/v2\/media\/18173"}],"wp:attachment":[{"href":"https:\/\/lacasadelamedicina.es\/it\/wp-json\/wp\/v2\/media?parent=32293"}],"wp:term":[{"taxonomy":"product_cat","embeddable":true,"href":"https:\/\/lacasadelamedicina.es\/it\/wp-json\/wp\/v2\/product_cat?post=32293"},{"taxonomy":"product_tag","embeddable":true,"href":"https:\/\/lacasadelamedicina.es\/it\/wp-json\/wp\/v2\/product_tag?post=32293"}],"curies":[{"name":"wp","href":"https:\/\/api.w.org\/{rel}","templated":true}]}}