{"id":32273,"date":"2024-08-09T14:02:04","date_gmt":"2024-08-09T14:02:04","guid":{"rendered":"https:\/\/lacasadelamedicina.es\/product\/acquista-mdai-online\/"},"modified":"2024-08-09T14:02:04","modified_gmt":"2024-08-09T14:02:04","slug":"acquista-mdai-online","status":"publish","type":"product","link":"https:\/\/lacasadelamedicina.es\/it\/prodotto\/acquista-mdai-online\/","title":{"rendered":"Acquista MDAI online"},"content":{"rendered":"<h3>Acquista MDAI online.<\/h3>\n<p> Negozio online che vende MDAI. Si suggerisce che MDAI e tutti i residui di fenetilammine offerti in vendita su questo sito web siano utilizzati per scopi di ricerca e scientifici. MDA era il nome del test sintetico.I \u00e8 un farmaco architetto con l&#8217;equazione subatomica C10H11NO2 &#8211; HCl e potenziali effetti fisiologici e psichedelici. Il valore del peso dell&#8217;equazione \u00e8 213,7 g \/ mol. Acquista MDAI online. &#8211; <a href=\"https:\/\/drlawsonspharmacy\/contact-us\/\">CONTATTO<\/a> Poich\u00e9 MDAI \u00e8 una sostanza chimica nuova, le sue propriet\u00e0 tossicologiche e fisiologiche non sono ancora note. Il 5,6-metilendiossi-2-amminoindano, un sottoprodotto della fenetilammina, pu\u00f2 avere effetti energizzanti ed entattogeni. Acquista MDAI online. 6,7-diidro-5H-indeno[5,6-d]monoidrocloruro, 1,3-diossolo-6-ammina e tutti gli altri prodotti farmaceutici creativi venduti su questo sito Web sono consigliati per scopi di ricerca e quantificazione. Si prega di conservare questa fenetilammina in un luogo freddo e asciutto. La sicurezza dell&#8217;MDA, una molecola di fenetilammina, pu\u00f2 durare fino a due anni in circostanze che la consentono per legge. Investi in MDA.I online. Perch\u00e9 dovresti acquistare MDA.I da noi? \u2605 Abbiamo una lunga storia di scambi sul mercato, quindi trarrai vantaggio dalla nostra esperienza. \u2605 MDAI \u00e8 stato testato e verificato. \u2605 Puoi acquistare MDAI con Bitcoin, MoneyGram e Western Union o tramite bonifico bancario. Cosa ottieni quando acquisti MDA.I da noi? &#8211; Un sacchetto di alluminio solido contenente 6,7-Diidro-5H-indeno[5,6-d]-1,3-diossolo-6-ammina, sintesi di ricerca monoidrocloruro della massima qualit\u00e0 &#8211; Formulazione puramente vetrosa e forte &#8211; \u226598% di autenticit\u00e0 Richieste online per MDAI, MDAI accessibile per l&#8217;acquisto, rimedi MDAI, vendita online disponibile di compresse MDAI da 10 mg e informazioni su come ottenere rimedi MDAI, MDAI e dosaggio MDAI MDAI 60 mg \u00e8 disponibile per l&#8217;acquisto, MDAI 15 mg \u00e8 accessibile per strada, le pillole MDAI sono disponibili per l&#8217;acquisto e MDAI \u00e8 disponibile anche senza prescrizione medica. Acquista compresse di solfato di MDAI, acquista MDAI, acquista MDAI 30 mg, acquista pillole di MDAI online, acquista polvere di MDAI, acquista MDAI, acquista MDAI senza prescrizione medica, acquista MDAI, acquista MDAI, acquista MDAI, acquista MDAI, acquista MDAI, acquista MDAI, acquista MDAI, acquista MDAI, acquista MDAI, acquista MDAI, acquista MDAI, acquista MDAI, acquista MDAI, acquista MDAI, acquista MDAI, acquista MDAI, acquista MDAI, acquista MDAI. In tutto il mondo forniamo un servizio espresso in 1-2 giorni. Le nostre consegne sono completamente sicure ed espresse in questo modo proteggono tutti i clienti e i pacchi per la consegna rendendo l&#8217;attivit\u00e0 costantemente di successo.                     <\/p>\n<h3><strong>Sai dove acquistare MDAI?<\/strong><\/h3>\n<p> MDAI in vendita, prezzo di vendita di MDAI, dosaggio di MDAI, come produrre MDAI, dove posso acquistare MDAI online, dove posso trovare MDAI, cos&#8217;\u00e8 MDAI e MDAI di qualit\u00e0 premium sono tutti disponibili per l&#8217;acquisto. Possiamo fornire le soluzioni a tutte queste domande irrisolte. Puoi saperne di pi\u00f9 su dove e come acquistare MDAI online semplicemente navigando sul nostro sito web. Come si confronta MDAI? Sai dove acquistare MDAI online? Dove acquistare MDAI, dove ottenere MDAI puro online, come produrre MDAI, che aspetto ha MDAI, prezzo di vendita di MDAI e prezzo MDAI sono tutti termini usati per descrivere l&#8217;acquisto di MDAI.      &nbsp;<\/p>\n<h3><strong>Ordine RICHIEDENTE<\/strong><\/h3>\n<p> \u00c8 perfettamente comprensibile che i consumatori non si fidino immediatamente della qualit\u00e0 di MDAI venduto online, poich\u00e9 non possono ispezionarlo fisicamente. Ma con i rivenditori MDAI online, \u00e8 diverso. I prodotti offerti qui sono rappresentazioni accurate di ci\u00f2 che sono, con una manutenzione di prim&#8217;ordine eseguita sotto la supervisione di un professionista. Spedizione veloce e discreta: dopo aver ricevuto l&#8217;ordine, MDAIonline verr\u00e0 consegnato nei tempi promessi. Il team di spedizione fa di tutto per garantire che il processo di spedizione e consegna sia rapido e semplice. Quando acquisti MDAI da un professionista su un sito Web online, puoi anche essere certo di un servizio di prim&#8217;ordine.      &nbsp;<\/p>\n","protected":false},"excerpt":{"rendered":"<p>Il nome IUPAC completo dell&#8217;MDAI commercializzato online \u00e8 6,7-diidro-5H-indeno[5,6-d].-1,3-diossol-6-ammina, monoidrocloruro, una sostanza utilizzata nella ricerca sulle fenetilammine. L&#8217;MDAI potrebbe essere un entactogeno e uno stimolante.  &nbsp;<\/p>\n","protected":false},"featured_media":18158,"comment_status":"closed","ping_status":"closed","template":"","meta":{"om_disable_all_campaigns":false,"_sitemap_exclude":false,"_sitemap_priority":"","_sitemap_frequency":"","_monsterinsights_skip_tracking":false,"_monsterinsights_sitenote_active":false,"_monsterinsights_sitenote_note":"","_monsterinsights_sitenote_category":0},"product_cat":[27662],"product_tag":[29555,29560,29553,29572,29565,29571,29564,29556,29557,29573,29567,29561,29563,29569,29566,29568,29554,29562,29559,29574,29570,29558],"class_list":{"0":"post-32273","1":"product","2":"type-product","3":"status-publish","4":"has-post-thumbnail","6":"product_cat-ricerca-chimica-e-psichedelici","7":"product_tag-acquista-mdai-online","8":"product_tag-acquista-mdai-online-in-europa","9":"product_tag-acquistare-claim","10":"product_tag-autentico-mdai-europa-it","11":"product_tag-claim-vendita-europa","12":"product_tag-consegna-creditore-europa","13":"product_tag-dove-acquistare-mdai-europa","14":"product_tag-dove-acquistare-mdai-online","15":"product_tag-effetti-dellmdai","16":"product_tag-fornitori-mdai-europe","17":"product_tag-mdai-economico-europa","18":"product_tag-mdai-miglior-prezzo-europa","19":"product_tag-mdai-spedizione-gratuita-europa","20":"product_tag-negozio-creditore-europa","21":"product_tag-negozio-online-mdai-in-europa","22":"product_tag-offerte-mdai-europe","23":"product_tag-ordina-mdai-online","24":"product_tag-ordina-mdai-ue","25":"product_tag-quanto-costa-mdai","26":"product_tag-revisione-dei-creditori-europei","27":"product_tag-sconto-mdai-europa","28":"product_tag-vendite-mdai-on-line","30":"first","31":"instock","32":"shipping-taxable","33":"purchasable","34":"product-type-variable","35":"farmacie-col"},"aioseo_notices":[],"_links":{"self":[{"href":"https:\/\/lacasadelamedicina.es\/it\/wp-json\/wp\/v2\/product\/32273"}],"collection":[{"href":"https:\/\/lacasadelamedicina.es\/it\/wp-json\/wp\/v2\/product"}],"about":[{"href":"https:\/\/lacasadelamedicina.es\/it\/wp-json\/wp\/v2\/types\/product"}],"replies":[{"embeddable":true,"href":"https:\/\/lacasadelamedicina.es\/it\/wp-json\/wp\/v2\/comments?post=32273"}],"wp:featuredmedia":[{"embeddable":true,"href":"https:\/\/lacasadelamedicina.es\/it\/wp-json\/wp\/v2\/media\/18158"}],"wp:attachment":[{"href":"https:\/\/lacasadelamedicina.es\/it\/wp-json\/wp\/v2\/media?parent=32273"}],"wp:term":[{"taxonomy":"product_cat","embeddable":true,"href":"https:\/\/lacasadelamedicina.es\/it\/wp-json\/wp\/v2\/product_cat?post=32273"},{"taxonomy":"product_tag","embeddable":true,"href":"https:\/\/lacasadelamedicina.es\/it\/wp-json\/wp\/v2\/product_tag?post=32273"}],"curies":[{"name":"wp","href":"https:\/\/api.w.org\/{rel}","templated":true}]}}