{"id":32267,"date":"2024-08-09T14:02:04","date_gmt":"2024-08-09T14:02:04","guid":{"rendered":"https:\/\/lacasadelamedicina.es\/product\/acquista-polvere-di-ketamina-online\/"},"modified":"2024-08-09T14:02:04","modified_gmt":"2024-08-09T14:02:04","slug":"acquista-polvere-di-ketamina-online","status":"publish","type":"product","link":"https:\/\/lacasadelamedicina.es\/it\/prodotto\/acquista-polvere-di-ketamina-online\/","title":{"rendered":"Acquista polvere di ketamina online"},"content":{"rendered":"<h1>Acquista polvere di ketamina online.<\/h1>\n<p> Vendita di ketamina online. Per curare stress e disperazione gravi, acquista polvere di ketamina. Acquista polvere di ketamina online &#8211; <a href=\"https:\/\/drlawsonspharmacy\/contact-us\/\">CONTATTO<\/a> La depressione \u00e8 la malattia mentale pi\u00f9 comune al mondo ed \u00e8 una delle principali cause dell&#8217;aumento dei tassi di suicidio. Grazie alla sua rapida insorgenza d&#8217;azione, la <a href=\"https:\/\/dieapotheke247.com\/\">ketamina<\/a> sta diventando sempre pi\u00f9 popolare come mezzo per curare la depressione. Agisce legandosi ai recettori NMDA nel cervello, aumentando la concentrazione del neurotrasmettitore glutammato. Di conseguenza, i recettori AMPA vengono attivati, causando il rilascio di pi\u00f9 sostanze chimiche. L&#8217;intero processo influenza la cognizione, l&#8217;umore e i modelli di pensiero. Inoltre, il farmaco migliora la comunicazione tra alcune regioni del cervello e riduce i segnali correlati all&#8217;infiammazione. \u00c8 importante essere consapevoli dei pro e dei contro prima di acquistare polvere di ketamina.         &nbsp;<\/p>\n<h2>Acquista polvere di ketamina online da un fornitore affidabile<\/h2>\n<p> Quando si usano farmaci da prescrizione per motivi medici, niente \u00e8 pi\u00f9 importante della qualit\u00e0. Alla Dr. Lawsons Pharmacy, abbiamo un team di professionisti che esegue controlli di qualit\u00e0 in varie fasi per garantire che rispettiamo i pi\u00f9 elevati standard internazionali. Molte persone hanno avuto un grande successo con la polvere di ketamina che vendiamo e speriamo che anche tu lo farai. Se hai domande, contatta il nostro team in qualsiasi momento tu preferisca.    <\/p>\n<h3><\/h3>\n<p>&nbsp;<\/p>\n","protected":false},"excerpt":{"rendered":"<p>\u00c8 stato dimostrato che la ketamina \u00e8 efficace nel trattamento della depressione nei soggetti bipolari che non hanno risposto agli antidepressivi. &nbsp;<\/p>\n","protected":false},"featured_media":18143,"comment_status":"closed","ping_status":"closed","template":"","meta":{"om_disable_all_campaigns":false,"_sitemap_exclude":false,"_sitemap_priority":"","_sitemap_frequency":"","_monsterinsights_skip_tracking":false,"_monsterinsights_sitenote_active":false,"_monsterinsights_sitenote_note":"","_monsterinsights_sitenote_category":0},"product_cat":[27662],"product_tag":[29515,29510,29508,29526,29519,29511,29512,29528,29516,29518,29525,29521,29523,29517,29509,29527,29522,29514,29529,29524,29520,29513],"class_list":{"0":"post-32267","1":"product","2":"type-product","3":"status-publish","4":"has-post-thumbnail","6":"product_cat-ricerca-chimica-e-psichedelici","7":"product_tag-acquista-ketamina-in-polvere-online-in-europa","8":"product_tag-acquista-polvere-di-ketamina-online","9":"product_tag-acquistare-polvere-di-ketamina","10":"product_tag-consegna-di-polvere-di-ketamina-in-europa","11":"product_tag-dove-acquistare-ketamina-in-polvere-in-europa","12":"product_tag-dove-acquistare-la-polvere-di-ketamina-online","13":"product_tag-effetti-della-polvere-di-ketamina","14":"product_tag-fornitori-di-polvere-di-ketamina-in-europa","15":"product_tag-ketamina-in-polvere-miglior-prezzo-europa","16":"product_tag-ketamina-in-polvere-spedizione-gratuita-in-europa","17":"product_tag-ketamina-polvere-europa-sconto","18":"product_tag-negozio-online-di-polvere-di-ketamina-in-europa","19":"product_tag-offerte-di-polvere-di-ketamina-in-europa","20":"product_tag-ordina-ketamina-in-polvere-ue","21":"product_tag-ordina-polvere-di-ketamina-online","22":"product_tag-polvere-di-ketamina-autentica-europa","23":"product_tag-polvere-di-ketamina-economica-in-europa","24":"product_tag-quanto-costa-la-polvere-di-ketamina","25":"product_tag-recensione-di-ketamina-powder-europe","26":"product_tag-vendita-di-polvere-di-ketamina-in-europa-it","27":"product_tag-vendita-di-polvere-di-ketamina-in-europa","28":"product_tag-vendita-online-di-polvere-di-ketamina","30":"first","31":"instock","32":"shipping-taxable","33":"purchasable","34":"product-type-variable","35":"farmacie-col"},"aioseo_notices":[],"_links":{"self":[{"href":"https:\/\/lacasadelamedicina.es\/it\/wp-json\/wp\/v2\/product\/32267"}],"collection":[{"href":"https:\/\/lacasadelamedicina.es\/it\/wp-json\/wp\/v2\/product"}],"about":[{"href":"https:\/\/lacasadelamedicina.es\/it\/wp-json\/wp\/v2\/types\/product"}],"replies":[{"embeddable":true,"href":"https:\/\/lacasadelamedicina.es\/it\/wp-json\/wp\/v2\/comments?post=32267"}],"wp:featuredmedia":[{"embeddable":true,"href":"https:\/\/lacasadelamedicina.es\/it\/wp-json\/wp\/v2\/media\/18143"}],"wp:attachment":[{"href":"https:\/\/lacasadelamedicina.es\/it\/wp-json\/wp\/v2\/media?parent=32267"}],"wp:term":[{"taxonomy":"product_cat","embeddable":true,"href":"https:\/\/lacasadelamedicina.es\/it\/wp-json\/wp\/v2\/product_cat?post=32267"},{"taxonomy":"product_tag","embeddable":true,"href":"https:\/\/lacasadelamedicina.es\/it\/wp-json\/wp\/v2\/product_tag?post=32267"}],"curies":[{"name":"wp","href":"https:\/\/api.w.org\/{rel}","templated":true}]}}