{"id":32235,"date":"2024-08-09T14:02:08","date_gmt":"2024-08-09T14:02:08","guid":{"rendered":"https:\/\/lacasadelamedicina.es\/product\/acquista-caluanie-muelear-oxidize-online\/"},"modified":"2024-08-09T14:02:08","modified_gmt":"2024-08-09T14:02:08","slug":"acquista-caluanie-muelear-oxidize-online","status":"publish","type":"product","link":"https:\/\/lacasadelamedicina.es\/it\/prodotto\/acquista-caluanie-muelear-oxidize-online\/","title":{"rendered":"Acquista Caluanie Muelear Oxidize online"},"content":{"rendered":"<h3>Caluanie Muelear Oxidize in vendita &#8211; Acquista Caluanie Muelear Oxidize online<\/h3>\n<p> Il principale fornitore negli Stati Uniti offre attualmente caluanie nuclear oxidise in vendita online. Il nostro team ti aiuter\u00e0 a trovare le migliori offerte su cauanie muelear oxidise di alta qualit\u00e0 online. Acquista oggi! Acquista Caluanie Muelear Oxidize online &#8211; Acquista Caluanie Muelear Oxidize online    <a href=\"https:\/\/drlawsonspharmacy\/contact-us\/\">CONTATTO<\/a><\/p>\n<h3>Era Caluanie Muelear Oxidize?<\/h3>\n<p> Un liquido viscoso marrone chiaro chiamato Caluanie chemical viene prodotto tramite transesterificazione di una soluzione di olio di palma grezzo. Nel 99% dei casi, l&#8217;ossido di muelear viene utilizzato per la produzione di caluana grezza. Un prodotto chimico eccellente con potenziali applicazioni globali nei settori di produzione chimica centralizzata \u00e8 la fabbrica di pastorizzazione. Offriamo in vendita la fornitura di Caluanie Muelear Oxidise. Il Caluanie muelear oxidise viene utilizzato per la lavorazione e la macinazione di pietre preziose e metalli speciali. Nell&#8217;industria chimica, viene utilizzato per la lavorazione di pietre preziose e semipreziose e per la macinazione di metalli. Con un&#8217;estremit\u00e0 polare e una non polare, le soluzioni chimiche medie di Calianie possono essere utilizzate per rimuovere le macchie.       <\/p>\n<h3><strong>Acquista Caluanie Muelear Oxidize<\/strong><\/h3>\n<p> Caluanie \u00e8 spesso utilizzato come sostituto igroscopico in vernici e prodotti chimici. Rivestimenti, vernici, polimeri e inchiostri da stampa spesso lo utilizzano. Caluanie Chemical Solution \u00e8 una molecola smacchiante con un&#8217;estremit\u00e0 polare e una non polare. Sono in grado di supportare miscele emulsionanti insolubili. Grasso, cemento di gomma, macchie di penna, colla e smalto per unghie possono essere rimossi con questa sostanza chimica. Questa sostanza chimica pu\u00f2 essere contenuta nel solvente per unghie. Tuttavia, per un uso senza restrizioni, si consiglia di acquistare Normal Caluanie in flaconi nel nostro negozio online. \u00c8 utilizzato nell&#8217;industria chimica per frantumare i metalli e per produrre pietre rare e semipreziose. Con un&#8217;estremit\u00e0 polare e una non polare, la molecola nota come Cauanie Muelear Oxide \u00e8 utilizzata per rimuovere le macchie. Pu\u00f2 aiutare a emulsionare sostanze che sono normalmente insolubili. Grasso, cemento di gomma, macchie di penna, colla e smalto per unghie possono essere rimossi con questa sostanza chimica. Questa sostanza pu\u00f2 essere contenuta nel solvente per unghie. Tuttavia, per un uso generale, si consiglia di acquistare Normal Caluanie in flaconi dal nostro negozio online Acquista Caluanie Muelear Oxidise online.             <\/p>\n<h3>Come posso acquistare Caluanie muelear oxidize?<\/h3>\n<p> Sono in grado di supportare miscele emulsionanti insolubili. Negozio online per acquistare Cauanie Muelear Oxidise. Per acquistare il miglior prodotto, contattaci Dr. Lawsons Pharmacy. Non ti deluderemo. I clienti di tutto il mondo apprezzano i nostri prodotti e servizi, caratterizzati da elevata purezza e qualit\u00e0 costante. Abbiamo trascorso l&#8217;ultimo decennio a ricercare composti di ricerca e ne abbiamo un&#8217;eccellente conoscenza. Offriamo fornitori affidabili di prodotti chimici di ricerca. La spedizione richiede solitamente da cinque a dieci giorni. Offriamo ai nostri clienti linee guida di rispedizione di prima classe. Tecniche di imballaggio all&#8217;avanguardia assicurano che la qualit\u00e0 dei nostri prodotti sia assolutamente garantita. Abbiamo questo calunnioso muelear oxidize in magazzino sotto forma di pasta. Partuerize Caluanie Muelear Oxidise \u00e8 disponibile con campioni.            <\/p>\n<h3>Acquista Caluanie Muelear Oxidize online<\/h3>\n<p> Basato sulla transmogenizzazione di una soluzione Caluanie al 99% da olio di palma grezzo, Caluanie \u00e8 un liquido marrone chiaro. \u00c8 stato sviluppato dall&#8217;azienda che produce Muelear Oxidise Pasteurise, un prodotto chimico di alta qualit\u00e0 con molteplici applicazioni. Il settore della lavorazione centralizzata chimica lo utilizza di pi\u00f9. Puoi facilmente acquistare Caluanie Muelear oxidize sul mercato.    <\/p>\n<h3><strong>Caluanie Muelear Oxidize bestellen<\/strong><\/h3>\n<p> \u00c8 noto come agente igroscopico nell&#8217;industria chimica e delle vernici. L&#8217;industria delle vernici, dei rivestimenti, degli inchiostri e delle materie plastiche lo usa ampiamente. A causa dei suoi atomi di idrogeno pi\u00f9 pesanti rispetto ai tipici atomi di idrogeno, Cauanie \u00e8 anche noto come acqua pesante. Questa sostanza chimica \u00e8 progettata per decomporre e bruciare gli ossidi metallici senza reagire con altre sostanze. Per garantire che la manipolazione manuale non abbia conseguenze negative, questo liquido incolore \u00e8 stato testato in laboratorio. Caluanie Muelear oxidise \u00e8 sicuro e puro, quindi puoi acquistarlo dal negozio online senza esitazione.      <\/p>\n<h3>Come si usa il Caluanie Muelear Oxidize?<\/h3>\n<p> I prodotti chimici sono frequentemente utilizzati in una variet\u00e0 di applicazioni in tutti i settori. L&#8217;industria metalmeccanica e chimica rappresenta una grande richiesta per il prodotto Caluanie Muelear Oxidise. Caluanie Muelear Oxidise \u00e8 disponibile da un fornitore affidabile. Le applicazioni pi\u00f9 importanti sono elencate di seguito:    <\/p>\n<ul>\n<li>Emulsificazione<\/li>\n<li>Molatura chimica dei metalli<\/li>\n<li>Lavorazione di raccordi metallici<\/li>\n<li>Rimuove le sostanze che altri prodotti chimici non riescono a rimuovere.<\/li>\n<li>Rimozione delle macchie<\/li>\n<li>Affinamento di pietre preziose e semipreziose<\/li>\n<\/ul>\n<p> Se stai cercando un posto dove acquistare Caluanie Muelear Oxidate a basso costo, troverai il miglior rivenditore online sul mercato. Offrono spedizioni e consegne rapide e sicure in tutto il mondo, oltre a un prodotto molto discreto. Sono il rivenditore online pi\u00f9 affidabile a Caluanie, offrendo i prodotti di altissima qualit\u00e0 disponibili online e offrendo sia piccoli che grandi ordini con consegna puntuale come promesso. L&#8217;opzione migliore per coloro che non sanno dove acquistare Caluanie Muelear oxidise \u00e8 un rivenditore online.    <\/p>\n<h3>Perch\u00e9 acquistare Caluanie Muelear Oxidize da Dr. Lawsons?<\/h3>\n<p> Dr. Lawsons Pharmacy si impegna a promuovere ulteriormente la garanzia della qualit\u00e0 e la creazione di valore. Caluanie Muelear oxidise \u00e8 disponibile nel nostro negozio a prezzi accessibili. Offriamo una guida adeguata e ci preoccupiamo anche della sicurezza dei clienti. Per <a href=\"https:\/\/dieapotheke247.com\/\">soddisfare<\/a>esigenze specifiche, possiamo personalizzare i nostri servizi. E se hai dubbi o domande, non esitare a contattare i nostri esperti. Per evitare l&#8217;ingestione o il contatto con la pelle quando maneggi queste sostanze chimiche, dovresti avere una conoscenza di base della manipolazione chimica e della conservazione sicura. Dovresti anche indossare indumenti protettivi. Caluanie Muelear Oxidize online kaufen        &nbsp;<\/p>\n","protected":false},"excerpt":{"rendered":"<p>Caluanie Muelear Oxidize in vendita &#8211; Acquista Caluanie Muelear Oxidize online Il principale fornitore negli Stati Uniti offre attualmente caluanie nuclear oxidise in vendita online. Il nostro team ti aiuter\u00e0 a trovare le migliori offerte su cauanie muelear oxidise di alta qualit\u00e0 online. Acquista oggi! Acquista Caluanie Muelear Oxidize online &#8211; Acquista Caluanie Muelear Oxidize [&hellip;]<\/p>\n","protected":false},"featured_media":18683,"comment_status":"closed","ping_status":"closed","template":"","meta":{"om_disable_all_campaigns":false,"_sitemap_exclude":false,"_sitemap_priority":"","_sitemap_frequency":"","_monsterinsights_skip_tracking":false,"_monsterinsights_sitenote_active":false,"_monsterinsights_sitenote_note":"","_monsterinsights_sitenote_category":0},"product_cat":[27662],"product_tag":[29383,29385,29390,29402,29401,29397,29400,29403,29398,29391,29396,29393,29388,29394,29386,29387,29399,29384,29392,29389,29404,29395],"class_list":{"0":"post-32235","1":"product","2":"type-product","3":"status-publish","4":"has-post-thumbnail","6":"product_cat-ricerca-chimica-e-psichedelici","7":"product_tag-acquista-caluanie-muelear-oxidize","8":"product_tag-acquista-caluanie-muelear-oxidize-online","9":"product_tag-acquista-caluanie-muelear-oxidize-online-in-europa","10":"product_tag-autentico-caluanie-muelear-oxidize-europa","11":"product_tag-caluanie-muelear-oxidize-consegna-in-europa","12":"product_tag-caluanie-muelear-oxidize-economico-europa","13":"product_tag-caluanie-muelear-oxidize-europa-sconto","14":"product_tag-caluanie-muelear-oxidize-europe-fornitori","15":"product_tag-caluanie-muelear-oxidize-europe-offerte","16":"product_tag-caluanie-muelear-oxidize-miglior-prezzo-europa","17":"product_tag-caluanie-muelear-oxidize-negozio-online-europa","18":"product_tag-caluanie-muelear-oxidize-spedizione-gratuita-in-europa","19":"product_tag-caluanie-muelear-oxidize-vendita-online","20":"product_tag-dove-acquistare-caluanie-muelear-oxidize-europa","21":"product_tag-dove-acquistare-caluanie-muelear-oxidize-online","22":"product_tag-effetti-dellossidazione-di-caluanie-muelear","23":"product_tag-negozio-caluanie-muelear-oxidize-europe","24":"product_tag-ordina-caluanie-muelear-oxidize-online","25":"product_tag-ordina-caluanie-muelear-oxidize-ue","26":"product_tag-quanto-costa-caluanie-muelear-oxidize","27":"product_tag-recensione-di-caluanie-muelear-oxidize-europe","28":"product_tag-vendita-caluanie-muelear-oxidize-europa","30":"first","31":"instock","32":"shipping-taxable","33":"purchasable","34":"product-type-variable","35":"farmacie-col"},"aioseo_notices":[],"_links":{"self":[{"href":"https:\/\/lacasadelamedicina.es\/it\/wp-json\/wp\/v2\/product\/32235"}],"collection":[{"href":"https:\/\/lacasadelamedicina.es\/it\/wp-json\/wp\/v2\/product"}],"about":[{"href":"https:\/\/lacasadelamedicina.es\/it\/wp-json\/wp\/v2\/types\/product"}],"replies":[{"embeddable":true,"href":"https:\/\/lacasadelamedicina.es\/it\/wp-json\/wp\/v2\/comments?post=32235"}],"wp:featuredmedia":[{"embeddable":true,"href":"https:\/\/lacasadelamedicina.es\/it\/wp-json\/wp\/v2\/media\/18683"}],"wp:attachment":[{"href":"https:\/\/lacasadelamedicina.es\/it\/wp-json\/wp\/v2\/media?parent=32235"}],"wp:term":[{"taxonomy":"product_cat","embeddable":true,"href":"https:\/\/lacasadelamedicina.es\/it\/wp-json\/wp\/v2\/product_cat?post=32235"},{"taxonomy":"product_tag","embeddable":true,"href":"https:\/\/lacasadelamedicina.es\/it\/wp-json\/wp\/v2\/product_tag?post=32235"}],"curies":[{"name":"wp","href":"https:\/\/api.w.org\/{rel}","templated":true}]}}