{"id":32091,"date":"2024-08-09T14:02:09","date_gmt":"2024-08-09T14:02:09","guid":{"rendered":"https:\/\/lacasadelamedicina.es\/product\/acquista-sgt-67-online\/"},"modified":"2024-09-15T20:53:05","modified_gmt":"2024-09-15T20:53:05","slug":"acquista-sgt-67-online","status":"publish","type":"product","link":"https:\/\/lacasadelamedicina.es\/it\/prodotto\/acquista-sgt-67-online\/","title":{"rendered":"Acquista SGT-67 online"},"content":{"rendered":"<h3>Polvere SGT-67 &#8211; Acquista SGT-67 online &#8211; SGT-67 in vendita online negli USA<\/h3>\n<p> SGT-67 \u00e8 uno dei vari farmaci sintetici o cannabinoidi sintetici. SGT-67 \u00e8 un analogo di 5F-APICA in cui il gruppo N-adamantile \u00e8 sostituito con un gruppo N-cumile. 5F-CUMYL-PICA \u00e8 considerato un agonista del recettore dei cannabinoidi. Questo articolo \u00e8 stato creato per scopi forensi e di ricerca. Basta fare clic sul pulsante &#8220;Acquista ora&#8221; presso la farmacia del Dr. Lawson per ordinare un SGT-67 online. Per valutare il metabolismo e la clearance della sostanza chimica di ricerca utilizzando microsomi ed epatociti di ratto e fegato umano, uno studio su SGT-67 ha confrontato campioni di urina con plasma di ratto in vivo.      <a href=\"https:\/\/drlawsonspharmacy\/contact-us\/\">CONTATTO<\/a><\/p>\n<h3>Come posso avere informazioni su SGT-67?<\/h3>\n<p> SGT-67 in farmacologia \u00c8 essenzialmente un cannabinoide sintetico della famiglia degli indazoli, sebbene la sua farmacologia sia poco studiata. La differenza principale tra questo e il suo derivato successivo \u00e8 che il precedente gruppo N-adamantilico \u00e8 stato sostituito con un gruppo N-cumile. Proprio come 5F \u00e8 selettivo per il recettore CB2, dovrebbe essere selettivo anche per il recettore CB1. SGT-67 USA non \u00e8 noto per essere una sostanza controllata in nessun paese importante, sebbene potrebbe essere considerato un analogo di SGT-25, che \u00e8 illegale in diversi paesi. Le propriet\u00e0 biologiche e tossicologiche di questo farmaco sono attualmente in fase di ricerca. Non \u00e8 destinato all&#8217;uso su animali di alcun tipo, compresi gli esseri umani. SGT-67, disponibile presso Dr. Lawsons Pharmacy, il principale rivenditore online, \u00e8 il miglior risultato dello studio.       <\/p>\n<h3>Quali sono i motivi per scegliere SGT-67?<\/h3>\n<p> \u00c8 un negozio online affidabile in cui i clienti possono acquistare prodotti SGT-67 USA di alta qualit\u00e0 e altri articoli. Per ottenere questo, \u00e8 necessario acquistare SGT-67 da un negozio che abbia tutte le informazioni necessarie sul prodotto chimico. Abbiamo un team di chimici che possono fornirti informazioni pertinenti. Forniamo SGT-67 e prodotti chimici come 4F-MDMB-2201 e SGT-263 alla Cina e ad altri paesi. Diverse farmacie, college e laboratori acquistano SGT-67 all&#8217;ingrosso per i loro studi. Siamo un produttore affidabile che personalizza i suoi prodotti in base alle esigenze dei suoi clienti.      <\/p>\n<h3>Acquista SGT-67 online &#8211; Come acquistare SGT-67?<\/h3>\n<p> Per garantire la soddisfazione dei nostri clienti, la Dr. Lawsons Pharmacy fa di tutto per superarsi. <\/p>\n<ul>\n<li>Offriamo SGT-67 di alta qualit\u00e0 in vendita a prezzi molto bassi per clienti in tutto il mondo. Contattateci immediatamente per servizi di prima qualit\u00e0. <\/li>\n<li>Inoltre vendiamo un&#8217;ampia gamma di prodotti chimici.<\/li>\n<li>Se hai bisogno di prodotti chimici non elencati sul nostro sito web, contattaci e ti faremo sapere se sono disponibili e come possiamo procurarteli.<\/li>\n<\/ul>\n<p> La polvere SGT-67 che acquisti ti arriver\u00e0 a faccia in gi\u00f9 e avvolta in un foglio di alluminio. A seconda di dove vivi, potremmo spedire con diverse compagnie di spedizione. Puoi anche acquistare SGT-67 online. Contattaci per maggiori dettagli. Offriamo una rete di consegna affidabile e veloce pronta a trasportare merci in tutto il mondo. Fai clic qui per saperne di pi\u00f9 su SGT-67.      &nbsp;<\/p>\n","protected":false},"excerpt":{"rendered":"<p>&nbsp;<\/p>\n","protected":false},"featured_media":18278,"comment_status":"closed","ping_status":"closed","template":"","meta":{"om_disable_all_campaigns":false,"_sitemap_exclude":false,"_sitemap_priority":"","_sitemap_frequency":"","_monsterinsights_skip_tracking":false,"_monsterinsights_sitenote_active":false,"_monsterinsights_sitenote_note":"","_monsterinsights_sitenote_category":0},"product_cat":[27662],"product_tag":[28919,28921,28926,28938,28937,28930,28922,28923,28939,28935,28934,28928,28920,28925,28940,28933,28927,28932,28936,28929,28924,28931],"class_list":{"0":"post-32091","1":"product","2":"type-product","3":"status-publish","4":"has-post-thumbnail","6":"product_cat-ricerca-chimica-e-psichedelici","7":"product_tag-acquista-sgt-67","8":"product_tag-acquista-sgt-67-online","9":"product_tag-acquista-sgt-67-online-in-europa","10":"product_tag-autentico-sgt-67-europa-it","11":"product_tag-consegna-sgt-67-europa","12":"product_tag-dove-acquistare-sgt-67-europa","13":"product_tag-dove-acquistare-sgt-67-online","14":"product_tag-effetti-di-sgt-67","15":"product_tag-fornitori-sgt-67-europe","16":"product_tag-negozio-sgt-67-europa","17":"product_tag-offerte-sgt-67-europa","18":"product_tag-ordina-sgt-67-eu","19":"product_tag-ordina-sgt-67-online","20":"product_tag-quanto-costa-sgt-67","21":"product_tag-recensione-sgt-67-europa","22":"product_tag-sgt-67-economico-europa","23":"product_tag-sgt-67-miglior-prezzo-europa","24":"product_tag-sgt-67-negozio-online-europa","25":"product_tag-sgt-67-sconto-europa","26":"product_tag-sgt-67-spedizione-gratuita-europa","27":"product_tag-vendita-online-sgt-67","28":"product_tag-vendita-sgt-67-europa","30":"first","31":"instock","32":"shipping-taxable","33":"purchasable","34":"product-type-variable","35":"farmacie-col"},"aioseo_notices":[],"_links":{"self":[{"href":"https:\/\/lacasadelamedicina.es\/it\/wp-json\/wp\/v2\/product\/32091"}],"collection":[{"href":"https:\/\/lacasadelamedicina.es\/it\/wp-json\/wp\/v2\/product"}],"about":[{"href":"https:\/\/lacasadelamedicina.es\/it\/wp-json\/wp\/v2\/types\/product"}],"replies":[{"embeddable":true,"href":"https:\/\/lacasadelamedicina.es\/it\/wp-json\/wp\/v2\/comments?post=32091"}],"wp:featuredmedia":[{"embeddable":true,"href":"https:\/\/lacasadelamedicina.es\/it\/wp-json\/wp\/v2\/media\/18278"}],"wp:attachment":[{"href":"https:\/\/lacasadelamedicina.es\/it\/wp-json\/wp\/v2\/media?parent=32091"}],"wp:term":[{"taxonomy":"product_cat","embeddable":true,"href":"https:\/\/lacasadelamedicina.es\/it\/wp-json\/wp\/v2\/product_cat?post=32091"},{"taxonomy":"product_tag","embeddable":true,"href":"https:\/\/lacasadelamedicina.es\/it\/wp-json\/wp\/v2\/product_tag?post=32091"}],"curies":[{"name":"wp","href":"https:\/\/api.w.org\/{rel}","templated":true}]}}