{"id":32071,"date":"2024-08-09T14:02:09","date_gmt":"2024-08-09T14:02:09","guid":{"rendered":"https:\/\/lacasadelamedicina.es\/product\/acquista-sgt-263-online\/"},"modified":"2024-09-15T20:43:44","modified_gmt":"2024-09-15T20:43:44","slug":"acquista-sgt-263-online","status":"publish","type":"product","link":"https:\/\/lacasadelamedicina.es\/it\/prodotto\/acquista-sgt-263-online\/","title":{"rendered":"Acquista SGT-263 online"},"content":{"rendered":"<h3>Polvere SGT-263 &#8211; Acquista SGT-263 online, SGT-263 in vendita negli USA<\/h3>\n<p> SGT-263 \u00e8 un composto altamente potente con la formula chimica 1-5-fluorofenil-N-2-fenilpropan-2-il-7-azaindolo-3-carbossamide, che condivide una zona con MMB-CHMINACA. L&#8217;ordinazione online di SGT-263 \u00e8 possibile da qualsiasi parte del mondo. Solo SGT-263 USA, UK e Australia possono contattarci. La nostra farmacia chimica online \u00e8 aperta 24 ore al giorno. Siamo pronti ad aiutarti in qualsiasi momento. Vuoi ottenere SGT-263 online spendendo meno? Ordinalo subito. Acquista SGT-263 online &#8211;       <a href=\"https:\/\/drlawsonspharmacy\/contact-us\/\">CONTATTO<\/a><\/p>\n<h3>Acquista SGT-263 online &#8211; Che cos&#8217;\u00e8 SGT-263?<\/h3>\n<p> Questo cannabinoide sintetico pi\u00f9 moderno apre una vasta gamma di nuove possibilit\u00e0 di indagine. Per uso e analisi forense, i cannabinoidi sintetici sono offerti su questo sito web. Con la formula chimica C22H24N40, \u00e8 un farmaco sintetico che pu\u00f2 essere utilizzato per produrre farmaci psicotropi e fisiologici. Il sistema ha una massa di 360,5 g\/mol. \u00c8 possibile che abbiano un&#8217;affinit\u00e0 eccessiva per i recettori dei cannabinoidi CB1 e CB2 nel sistema nervoso periferico. Di solito Sgt-263 \u00e8 venduto come polvere, ma se hai bisogno di sostanze chimiche aggiuntive, contattaci perch\u00e9 abbiamo diverse opzioni. Il farmaco venduto non ha altri usi previsti. Devono essere applicati ad animali, cibo, farmaci, dispositivi medici, cosmetici o altri animali solo per scopi diagnostici. Assicurati che la tua area di lavoro sia attrezzata per gestire sostanze chimiche di ricerca e abbia una ventilazione adeguata. Tutti i clienti possono acquistare SGT-263 dalla Dr. Lawson&#8217;s Pharmacy.          <\/p>\n<h3>Quanto \u00e8 sicuro l&#8217;uso di SGT-263?<\/h3>\n<p> Un sovradosaggio di Sgt. 263 deve essere trattato immediatamente da un medico per assicurarsi che le vie aeree siano libere e che i segni vitali siano stabili. Molte persone che hanno assunto un sovradosaggio di Sgt. 263 finiscono al pronto soccorso per proteggere le loro vie aeree. Per maggiori informazioni su Sgt. 263 e su come proteggersi, visitare il sito web della Drug Foundation.   <\/p>\n<ul>\n<li>Solitamente dosi basse comportano un rischio minore.<\/li>\n<li>Non mischiare i farmaci poich\u00e9 l&#8217;effetto della combinazione potrebbe essere imprevedibile.<\/li>\n<li>Evitare di assumere la stessa dose due volte.<\/li>\n<li>Assicuratevi di stare con persone di cui vi fidate e che siano esperte in materia di primo soccorso.<\/li>\n<\/ul>\n<p> Se sei preoccupato per il tuo consumo di alcol o droghe, contatta il Servizio Clienti di Alcol e Droga e acquista Sgt-263 a un prezzo scontato per parlare con un analista esperto che pu\u00f2 fornirti aiuto, approfondimenti e informazioni utili. Tutte le chiamate ricevono risposta 24 ore su 24, 7 giorni su 7, in modo riservato e gratuito. Sgt-263 con il gruppo pu\u00f2 anche essere ordinato tramite il sito web.   <\/p>\n<h3>Come effettuare un ordine?<\/h3>\n<p> Tutti i nostri prodotti ti vengono consegnati in tempo grazie alla nostra rete dedicata. Siamo un team affidabile il cui obiettivo principale \u00e8 soddisfare i clienti. Effettuare l&#8217;ordine per Sgt-263 online ti aiuter\u00e0 a prendere una decisione informata. Ti promettiamo che la quantit\u00e0 e la qualit\u00e0 dei nostri prodotti soddisferanno o supereranno le tue aspettative.    &nbsp;<\/p>\n","protected":false},"excerpt":{"rendered":"<p>Un ingrediente comune in molte polveri di cannabis sintetica \u00e8 SGT-263, un NUOVO cannabinoide che interagisce con i recettori dei cannabinoidi. Il pi\u00f9 recente cannabinoide sulla scena della ricerca chimica, SGT-263, \u00e8 arrivato in esclusiva qui, annuncia Dr. Lawsons Pharmacy.  &nbsp;<\/p>\n","protected":false},"featured_media":18263,"comment_status":"closed","ping_status":"closed","template":"","meta":{"om_disable_all_campaigns":false,"_sitemap_exclude":false,"_sitemap_priority":"","_sitemap_frequency":"","_monsterinsights_skip_tracking":false,"_monsterinsights_sitenote_active":false,"_monsterinsights_sitenote_note":"","_monsterinsights_sitenote_category":0},"product_cat":[27662],"product_tag":[28877,28882,28875,28894,28886,28878,28879,28895,28891,28890,28884,28876,28881,28896,28893,28889,28883,28888,28892,28885,28887,28880],"class_list":{"0":"post-32071","1":"product","2":"type-product","3":"status-publish","4":"has-post-thumbnail","6":"product_cat-ricerca-chimica-e-psichedelici","7":"product_tag-acquista-sgt-263-online","8":"product_tag-acquista-sgt-263-online-in-europa","9":"product_tag-acquistare-sgt-263","10":"product_tag-autentico-sgt-263-europa-it","11":"product_tag-dove-acquistare-sgt-263-europa","12":"product_tag-dove-acquistare-sgt-263-online","13":"product_tag-effetti-di-sgt-263","14":"product_tag-fornitori-sgt-263-europa","15":"product_tag-negozio-sgt-263-europa","16":"product_tag-offerte-sgt-263-europa","17":"product_tag-ordina-sgt-263-eu","18":"product_tag-ordina-sgt-263-online","19":"product_tag-quanto-costa-sgt-263","20":"product_tag-recensione-sgt-263-europa","21":"product_tag-sgt-263-consegna-in-europa","22":"product_tag-sgt-263-economico-europa","23":"product_tag-sgt-263-miglior-prezzo-europa","24":"product_tag-sgt-263-negozio-online-europa","25":"product_tag-sgt-263-sconto-europa","26":"product_tag-sgt-263-spedizione-gratuita-europa","27":"product_tag-sgt-263-vendita-europa","28":"product_tag-sgt-263-vendita-online","30":"first","31":"instock","32":"shipping-taxable","33":"purchasable","34":"product-type-variable","35":"farmacie-col"},"aioseo_notices":[],"_links":{"self":[{"href":"https:\/\/lacasadelamedicina.es\/it\/wp-json\/wp\/v2\/product\/32071"}],"collection":[{"href":"https:\/\/lacasadelamedicina.es\/it\/wp-json\/wp\/v2\/product"}],"about":[{"href":"https:\/\/lacasadelamedicina.es\/it\/wp-json\/wp\/v2\/types\/product"}],"replies":[{"embeddable":true,"href":"https:\/\/lacasadelamedicina.es\/it\/wp-json\/wp\/v2\/comments?post=32071"}],"wp:featuredmedia":[{"embeddable":true,"href":"https:\/\/lacasadelamedicina.es\/it\/wp-json\/wp\/v2\/media\/18263"}],"wp:attachment":[{"href":"https:\/\/lacasadelamedicina.es\/it\/wp-json\/wp\/v2\/media?parent=32071"}],"wp:term":[{"taxonomy":"product_cat","embeddable":true,"href":"https:\/\/lacasadelamedicina.es\/it\/wp-json\/wp\/v2\/product_cat?post=32071"},{"taxonomy":"product_tag","embeddable":true,"href":"https:\/\/lacasadelamedicina.es\/it\/wp-json\/wp\/v2\/product_tag?post=32071"}],"curies":[{"name":"wp","href":"https:\/\/api.w.org\/{rel}","templated":true}]}}