{"id":32057,"date":"2024-08-09T14:02:09","date_gmt":"2024-08-09T14:02:09","guid":{"rendered":"https:\/\/lacasadelamedicina.es\/product\/acquista-la-polvere-di-nembutal-online\/"},"modified":"2024-08-09T14:02:09","modified_gmt":"2024-08-09T14:02:09","slug":"acquista-la-polvere-di-nembutal-online","status":"publish","type":"product","link":"https:\/\/lacasadelamedicina.es\/it\/prodotto\/acquista-la-polvere-di-nembutal-online\/","title":{"rendered":"Acquista la polvere di Nembutal online"},"content":{"rendered":"<h3>Polvere di Nembutal &#8211; Acquista Nembutal online, polvere di Nembutal in vendita.<\/h3>\n<p> I prodotti chimici Nembutal sono forniti al meglio da noi negli USA e puoi acquistare polvere di Nembutal di alta qualit\u00e0 a un prezzo ragionevole. Ordina Nembutal online!  <strong>Acquista polvere di Nembutal online<\/strong>  &#8211;  <a href=\"https:\/\/drlawsonspharmacy\/contact-us\/\">CONTATTO<\/a><\/p>\n<h3>Cos&#8217;\u00e8 la polvere di Nembutal?<\/h3>\n<p> I barbiturici sono una classe di farmaci a cui appartiene la polvere di Nembutal. Questa sostanza chimica \u00e8 usata sia in anestesia che in psichiatria per curare pazienti con problemi come disturbi del sonno, epilessia e lesioni cerebrali. Oggigiorno, \u00e8 possibile contattare direttamente il produttore o il rivenditore online di questo farmaco. Acquista online la polvere di Nembutal che induce una sonnolenza rilassante e allevia il disagio. Pu\u00f2 essere somministrata iniettando una soluzione nei muscoli. Ci\u00f2 \u00e8 stato reso ufficiale e la Therapeutic Goods Administration sta valutando di posticipare il programma.      <\/p>\n<h3><strong>Ordina la polvere di Nembutal<\/strong> &#8211; Usi del Nembutal.<\/h3>\n<ul>\n<li>Gli usi principali della polvere di Nembutal sono il trattamento a breve termine dell&#8217;insonnia. Ci\u00f2 fa s\u00ec che le persone dormano serenamente per un periodo di tempo. <\/li>\n<li>In casi di emergenza, i dottori e i pre-anestesisti usano questa sostanza chimica prima dell&#8217;intervento chirurgico. Questo dosaggio del farmaco produce un effetto migliore e dura fino a quando necessario prima dell&#8217;anestesia. <\/li>\n<li>Il farmaco contenuto in questo medicinale viene utilizzato per ridurre la pressione nel cranio in caso di trauma cranico.<\/li>\n<li>Viene utilizzato anche come agente eutanasico per animali e esseri umani.<\/li>\n<li>Viene utilizzato soprattutto dalle persone che hanno una dipendenza da droghe e alcol, per ottenere un controllo su di essa.<\/li>\n<\/ul>\n<h3>Dove acquistare la polvere di Nembutal?<\/h3>\n<ul>\n<li>Ci sono numerosi produttori di Nembutal in polvere sul mercato. Tuttavia, devi usare estrema cautela quando scegli quello giusto. Uno dei modi pi\u00f9 semplici per ottenere Nembutal il prima possibile \u00e8 acquistarlo online.  <\/li>\n<li>Puoi trovare fonti affidabili per la vendita legale di questo prodotto. La maggior parte delle persone \u00e8 a conoscenza degli effetti collaterali pi\u00f9 lievi dei barbiturici. <\/li>\n<li><strong>Acquista la polvere di Nembutal online<\/strong>, che offre un bel colore che dura per molti giorni e lascia un&#8217;impressione generale.<\/li>\n<li>Sarebbe meglio avere l&#8217;autorizzazione ad assumere grandi quantit\u00e0 in una volta, poich\u00e9 un sovradosaggio potrebbe avere gravi effetti sugli utilizzatori.<\/li>\n<\/ul>\n<p>&nbsp;<\/p>\n","protected":false},"excerpt":{"rendered":"<p>&nbsp;<\/p>\n","protected":false},"featured_media":18248,"comment_status":"closed","ping_status":"closed","template":"","meta":{"om_disable_all_campaigns":false,"_sitemap_exclude":false,"_sitemap_priority":"","_sitemap_frequency":"","_monsterinsights_skip_tracking":false,"_monsterinsights_sitenote_active":false,"_monsterinsights_sitenote_note":"","_monsterinsights_sitenote_category":0},"product_cat":[27662],"product_tag":[26740,26746,26739,26757,26750,26741,26743,26759,26755,26752,26747,26749,26754,26748,26742,26753,26758,26756,26745,26760,26744,26751],"class_list":{"0":"post-32057","1":"product","2":"type-product","3":"status-publish","4":"has-post-thumbnail","6":"product_cat-ricerca-chimica-e-psichedelici","7":"product_tag-acquista-la-polvere-di-nembutal-online","8":"product_tag-acquista-polvere-di-nembutal-online-in-europa","9":"product_tag-acquistare-polvere-di-nembutal","10":"product_tag-consegna-di-polvere-di-nembutal-in-europa","11":"product_tag-dove-acquistare-la-polvere-di-nembutal-in-europa","12":"product_tag-dove-acquistare-la-polvere-di-nembutal-online","13":"product_tag-effetti-della-polvere-di-nembutal","14":"product_tag-fornitori-di-polvere-di-nembutal-in-europa","15":"product_tag-negozio-di-polvere-di-nembutal-in-europa","16":"product_tag-negozio-online-di-polvere-di-nembutal-in-europa","17":"product_tag-nembutal-polvere-miglior-prezzo-europa","18":"product_tag-nembutal-polvere-spedizione-gratuita-europa","19":"product_tag-offerte-di-polvere-di-nembutal-in-europa","20":"product_tag-ordina-la-polvere-di-nembutal-eu","21":"product_tag-ordina-la-polvere-di-nembutal-online","22":"product_tag-polvere-di-nembutal-a-buon-mercato-in-europa","23":"product_tag-polvere-di-nembutal-autentica-europa","24":"product_tag-polvere-di-nembutal-sconto-europa","25":"product_tag-quanto-costa-la-polvere-di-nembutal","26":"product_tag-recensione-di-nembutal-in-polvere-in-europa","27":"product_tag-vendita-online-di-polvere-di-nembutal","28":"product_tag-vendita-polvere-nembutal-europa","30":"first","31":"instock","32":"shipping-taxable","33":"purchasable","34":"product-type-variable","35":"farmacie-col"},"aioseo_notices":[],"_links":{"self":[{"href":"https:\/\/lacasadelamedicina.es\/it\/wp-json\/wp\/v2\/product\/32057"}],"collection":[{"href":"https:\/\/lacasadelamedicina.es\/it\/wp-json\/wp\/v2\/product"}],"about":[{"href":"https:\/\/lacasadelamedicina.es\/it\/wp-json\/wp\/v2\/types\/product"}],"replies":[{"embeddable":true,"href":"https:\/\/lacasadelamedicina.es\/it\/wp-json\/wp\/v2\/comments?post=32057"}],"wp:featuredmedia":[{"embeddable":true,"href":"https:\/\/lacasadelamedicina.es\/it\/wp-json\/wp\/v2\/media\/18248"}],"wp:attachment":[{"href":"https:\/\/lacasadelamedicina.es\/it\/wp-json\/wp\/v2\/media?parent=32057"}],"wp:term":[{"taxonomy":"product_cat","embeddable":true,"href":"https:\/\/lacasadelamedicina.es\/it\/wp-json\/wp\/v2\/product_cat?post=32057"},{"taxonomy":"product_tag","embeddable":true,"href":"https:\/\/lacasadelamedicina.es\/it\/wp-json\/wp\/v2\/product_tag?post=32057"}],"curies":[{"name":"wp","href":"https:\/\/api.w.org\/{rel}","templated":true}]}}