{"id":32042,"date":"2024-08-09T14:02:09","date_gmt":"2024-08-09T14:02:09","guid":{"rendered":"https:\/\/lacasadelamedicina.es\/product\/acquista-gamma-butirrolactone-gbl-online\/"},"modified":"2024-08-09T14:02:09","modified_gmt":"2024-08-09T14:02:09","slug":"acquista-gamma-butirrolactone-gbl-online","status":"publish","type":"product","link":"https:\/\/lacasadelamedicina.es\/it\/prodotto\/acquista-gamma-butirrolactone-gbl-online\/","title":{"rendered":"Acquista Gamma Butirrolactone (GBL) online"},"content":{"rendered":"<h3>Gamma-butirrolattone in vendita, acquista GBL online in GERMANIA, ordina GBL online<\/h3>\n<p> Acquista gamma butirrolattone (GBL) online &#8211; Sebbene GHB e GBL siano importanti depressori del sistema nervoso centrale praticamente in tutti gli esseri viventi, non \u00e8 ancora noto come influenzino il cervello. Risolvere questi enigmi potrebbe aiutarci a comprendere le caratteristiche fondamentali dell\u2019attivit\u00e0 cerebrale. \u00c8 probabile che il rilevamento ottico di GHB e GBL avvenga per <a href=\"https:\/\/dieapotheke247.com\/\">b<\/a>ricerca biologica su questi neurodepressivi potrebbe essere utile. Inoltre, GHB e GBL sono tra le specie neurologiche per le quali i sensori sono particolarmente difficili da costruire a causa della loro struttura semplice e della mancanza di siti di risposta. Grazie alla nostra conoscenza e affidabilit\u00e0 nella vendita di gamma butirrolattone online, siamo diventati una delle aziende pi\u00f9 popolari con letteralmente migliaia di consumatori da tutto il mondo che ordinano GBL. Acquista gamma butirrolattone (GBL) online      <a href=\"https:\/\/drlawsonspharmacy\/contact-us\/\"><a href=\"https:\/\/drlawsonspharmacy\/contact-us\/\">CONTATTO Acquista Gamma Butirrolattone (GBL) online &#8211;<\/a> <\/a><\/p>\n<h3>Cos&#8217;\u00e8 il GBL?<\/h3>\n<p> \u00c8 un liquido incolore e igroscopico che si mescola con l&#8217;acqua e ha un leggero profumo. I pi\u00f9 basilari sono i lattoni a 4 atomi di carbonio. GBL agisce negli esseri umani come profarmaco per l&#8217;acido -idrossibutirrico GHB e come depressore del sistema nervoso centrale per uso ricreativo con effetti simili ai barbiturici. Viene convertito come intermedio in altri composti come il metil-2-pirrolidone. Gli estratti GBL erano presenti nei campioni di vino non adulterato. Questa scoperta dimostra che il GBL USA \u00e8 presente naturalmente in alcuni vini e prodotti correlati. L&#8217;analisi GC\/MS della concentrazione di rilevamento di 5 g\/mL \u00e8 stata facilitata da una semplice tecnica di eliminazione. GBL viene spesso travisato e offerto in vendita come liquido.        <\/p>\n<h3>Perch\u00e9 acquistare il GBL?<\/h3>\n<p> Godiamo di una buona reputazione come fornitore che prende sempre sul serio i propri obblighi nei confronti dei propri clienti. I rivenditori online offrono Gamma-Butirrolattone GBL Online e altri prodotti rilevanti a prezzi equi. Per ordinare questi prodotti GBL dobbiamo investire molti soldi.   <\/p>\n<ul>\n<li>Il tuo ordine verr\u00e0 imballato con la massima precisione dal team di imballaggio per evitare danni durante il trasporto.<\/li>\n<li>Quindi puoi vedere quanto \u00e8 facile ordinare online da noi un detergente gamma butirrolattone GBL.<\/li>\n<li>C&#8217;\u00e8 stato un tempo in cui acquistare il gamma-butirrolattone GBL era difficile.<\/li>\n<li>Offline durante i lunghi viaggi e solo quando disponibile offline nei negozi online.<\/li>\n<li>Tuttavia, la modalit\u00e0 online \u00e8 emersa a causa dello sviluppo tecnologico e storico.<\/li>\n<\/ul>\n<p> Il gamma-butirrolattone GBL pu\u00f2 essere facilmente acquistato da un negozio online a un prezzo basso utilizzando i tuoi dispositivi da qualsiasi luogo. Non hai pi\u00f9 bisogno di viaggiare quando puoi acquistare Gamma-Butirrolattone GBL online da noi in qualsiasi momento.  <\/p>\n<h3>Come utilizzo il GBL?<\/h3>\n<p> Questo materiale \u00e8 destinato a supportare le raccomandazioni del medico o di altro operatore sanitario e non \u00e8 destinato a coprire tutti i potenziali usi, precauzioni, interazioni o effetti avversi. Queste informazioni potrebbero non applicarsi alla tua specifica situazione sanitaria. Non acquistare mai GBL online o da un altro operatore sanitario autorizzato basandosi esclusivamente sulle informazioni che hai letto online.   Chiedi sempre una consulenza medica professionale urgente al tuo medico. <strong><a href=\"https:\/\/legitchemicals.com\/product\/buy-gamma-butyrolactone-gbl-online\/\">Acquista GBL online<\/a><\/strong> \u2013 Dott. Lawsons Pharmacy Store ha in vendita la gamma idrossibutirrato della massima qualit\u00e0. Acquista GHB online, ordina GHB legalmente online. La molecola gamma-idrossibutirrato \u00e8 presente nel cervello. Il GHB ha un effetto sedativo che colpisce una serie di vie nervose nel cervello. \u00c8 comunemente usato come farmaco per facilitare la violenza sessuale e come droga da festa, motivo per cui \u00e8 classificato come sostanza vietata per motivi di sicurezza. Quindi, per ottenere GHB GAMMA IDROSSIBUTIRATO e affrontare un problema serio, \u00e8 necessario cercare il sito Web pertinente. Questo prodotto, che \u00e8 ancora in vendita negli Stati Uniti nonostante sia stato ritirato dal mercato nel 1990, \u00e8 pi\u00f9 adatto a trovare una soluzione al tuo problema. Acquista gamma butirrolattone (GBL) online        &nbsp;<\/p>\n","protected":false},"excerpt":{"rendered":"<p>(GBL) online ai prezzi pi\u00f9 bassi da un fornitore statunitense. Un liquido igroscopico, incolore e inodore con miscibilit\u00e0 in acqua \u00e8 chiamato -butirrolattone (GBL). Il pi\u00f9 semplice \u00e8 un lattone a 4 atomi di carbonio. Il GBL agisce come profarmaco per l&#8217;acido idrossibutirrico (GHB) negli esseri umani ed \u00e8 anche usato come rilassante deprimente del SNC con effetti simili a quelli dei barbiturici. \u00c8 anche un intermedio chimico usato per produrre altri composti.     &nbsp;<\/p>\n","protected":false},"featured_media":18233,"comment_status":"closed","ping_status":"closed","template":"","meta":{"om_disable_all_campaigns":false,"_sitemap_exclude":false,"_sitemap_priority":"","_sitemap_frequency":"","_monsterinsights_skip_tracking":false,"_monsterinsights_sitenote_active":false,"_monsterinsights_sitenote_note":"","_monsterinsights_sitenote_category":0},"product_cat":[27662],"product_tag":[28811,28816,28809,28820,28812,28813,28829,28827,28823,28817,28828,28819,28825,28822,28824,28810,28818,28815,28830,28826,28821,28814],"class_list":{"0":"post-32042","1":"product","2":"type-product","3":"status-publish","4":"has-post-thumbnail","6":"product_cat-ricerca-chimica-e-psichedelici","7":"product_tag-acquista-gamma-butyrolactone-gbl-online","8":"product_tag-acquista-gamma-butyrolactone-gbl-online-in-europa","9":"product_tag-acquistare-gamma-butirrolactone-gbl","10":"product_tag-dove-acquistare-gamma-butyrolactone-gbl-in-europa","11":"product_tag-dove-acquistare-gamma-butyrolactone-gbl-online","12":"product_tag-effetti-del-gamma-butirrolattone-gbl","13":"product_tag-fornitori-di-gamma-butirrolattone-gbl-in-europa","14":"product_tag-gamma-butirrolactone-gbl-consegna-in-europa","15":"product_tag-gamma-butirrolactone-gbl-economico-in-europa","16":"product_tag-gamma-butirrolactone-gbl-miglior-prezzo-europa","17":"product_tag-gamma-butirrolactone-autentico-gbl-europa","18":"product_tag-gamma-butyrolactone-gbl-spedizione-gratuita-in-europa","19":"product_tag-negozio-europeo-di-gamma-butirrolattone-gbl","20":"product_tag-negozio-online-di-gamma-butirrolactone-gbl-europa","21":"product_tag-offerte-di-gamma-butirrolattone-gbl-in-europa","22":"product_tag-ordina-gamma-butyrolactone-gbl-online","23":"product_tag-ordina-gamma-butyrolactone-gbl-ue","24":"product_tag-quanto-costa-il-gamma-butirrolattone-gbl","25":"product_tag-recensione-di-gamma-butyrolactone-gbl-europa","26":"product_tag-sconto-europa-gamma-butyrolactone-gbl","27":"product_tag-vendita-di-gamma-butirrolattone-gbl-in-europa","28":"product_tag-vendita-online-di-gamma-butirrolattone-gbl","30":"first","31":"instock","32":"shipping-taxable","33":"purchasable","34":"product-type-variable","35":"farmacie-col"},"aioseo_notices":[],"_links":{"self":[{"href":"https:\/\/lacasadelamedicina.es\/it\/wp-json\/wp\/v2\/product\/32042"}],"collection":[{"href":"https:\/\/lacasadelamedicina.es\/it\/wp-json\/wp\/v2\/product"}],"about":[{"href":"https:\/\/lacasadelamedicina.es\/it\/wp-json\/wp\/v2\/types\/product"}],"replies":[{"embeddable":true,"href":"https:\/\/lacasadelamedicina.es\/it\/wp-json\/wp\/v2\/comments?post=32042"}],"wp:featuredmedia":[{"embeddable":true,"href":"https:\/\/lacasadelamedicina.es\/it\/wp-json\/wp\/v2\/media\/18233"}],"wp:attachment":[{"href":"https:\/\/lacasadelamedicina.es\/it\/wp-json\/wp\/v2\/media?parent=32042"}],"wp:term":[{"taxonomy":"product_cat","embeddable":true,"href":"https:\/\/lacasadelamedicina.es\/it\/wp-json\/wp\/v2\/product_cat?post=32042"},{"taxonomy":"product_tag","embeddable":true,"href":"https:\/\/lacasadelamedicina.es\/it\/wp-json\/wp\/v2\/product_tag?post=32042"}],"curies":[{"name":"wp","href":"https:\/\/api.w.org\/{rel}","templated":true}]}}