{"id":31967,"date":"2024-08-09T14:02:13","date_gmt":"2024-08-09T14:02:13","guid":{"rendered":"https:\/\/lacasadelamedicina.es\/product\/acquista-cocaina-boliviana-online\/"},"modified":"2024-09-15T20:23:39","modified_gmt":"2024-09-15T20:23:39","slug":"acquista-cocaina-boliviana-online","status":"publish","type":"product","link":"https:\/\/lacasadelamedicina.es\/it\/prodotto\/acquista-cocaina-boliviana-online\/","title":{"rendered":"Acquista cocaina boliviana online"},"content":{"rendered":"<h3><strong>Acquistare cocaina in Bolivia online<\/strong><\/h3>\n<p> La Bolivia \u00e8 uno dei maggiori produttori di coca, una delle droghe pi\u00f9 consumate al mondo. State cercando il miglior negozio online per acquistare cocaina dalla Bolivia? La Farmacia Dr Lawsons \u00e8 l&#8217;unico modo! Al costo pi\u00f9 conveniente, offriamo la migliore cocaina boliviana online.    <a href=\"https:\/\/drlawsonspharmacy\/contact-us\/\">CONTATTO<\/a> Acquista Bolivia Cocaina online <\/p>\n<h3>Come viene prodotta la cocaina in Bolivia?<\/h3>\n<p> La cocaina boliviana \u00e8 ricavata dalla pianta di coca e viene venduta per lo pi\u00f9 illegalmente. La produzione di cocaina per la vendita in Bolivia richiede diversi processi, tra cui la lavorazione chimica e la miscelazione. Le foglie di coca vengono prima schiacciate ed essiccate. Queste foglie vengono poi estratte e trasformate in cocaina in polvere, che viene spesso venduta sul mercato clandestino. La cocaina boliviana proveniente da rivenditori affidabili come la Dr. Lawsons Pharmacy pu\u00f2 essere iniettata o sniffata e di solito \u00e8 soggetta alle normative governative. Comprare cocaina in Bolivia online      <\/p>\n<h3>Benefici della cocaina boliviana &#8211; Acquistare online la cocaina boliviana.<\/h3>\n<p> Se stai cercando un effetto che ti dia una sensazione di felicit\u00e0 ed energia, la cocaina boliviana \u00e8 la scelta migliore. La cocaina boliviana \u00e8 un&#8217;opzione terapeutica utile per molte persone in quanto aiuta a ridurre i sintomi di condizioni come ADHD, dolore persistente, ansia e depressione. Oltre a sniffarla, fumarla o iniettarla nel corpo per sentirne gli effetti, puoi consumare cocaina in molti altri modi. Ad esempio, combinare birra e cocaina pu\u00f2 portare a una serata intensa che non ti lascer\u00e0 assonnato il giorno dopo. Solo la Bolivia produce questo potente farmaco, che viene venduto online presso Dr. Lawsons Pharmacy. Non solo la cocaina boliviana \u00e8 pura e non adulterata, ma \u00e8 anche poco costosa, persino pi\u00f9 economica di alcune sostanze illegali. Inoltre, ci sono opzioni di spedizione internazionali, quindi <strong>puoi acquistare cocaina boliviana online da qualsiasi luogo<\/strong>. Acquista cocaina boliviana online        <\/p>\n<h3><strong>Ordina cocaina boliviana<\/strong><\/h3>\n<p> La cocaina boliviana pu\u00f2 influenzare i sistemi e le funzioni del corpo in vari modi. Questi effetti collaterali possono verificarsi in qualsiasi momento durante l&#8217;uso o dopo l&#8217;interruzione e possono variare da lievi a potenzialmente fatali. Aumento dell&#8217;ansia, attacchi di panico, tachicardia, paranoia, allucinazioni, convulsioni, rischio di ictus, pressione alta e dipendenza sono alcuni degli effetti negativi pi\u00f9 comuni dell&#8217;uso di cocaina in Bolivia. Questi non sono gli unici pericoli associati all&#8217;uso di questa sostanza, sebbene siano tutti effetti gravi che non dovrebbero essere presi alla leggera. Se usata frequentemente e per lunghi periodi di tempo, la cocaina boliviana comporta anche il rischio di dipendenza e deterioramento fisico e cognitivo a lungo termine.     <\/p>\n<h3>Dove acquistare cocaina online in Bolivia?<\/h3>\n<p> Ci sono molti vantaggi nello scegliere Dr. Lawsons Pharmacy come fornitore se decidi di acquistare cocaina boliviana online. Ci impegniamo a fornire prodotti di cocaina di alta qualit\u00e0 a prezzi competitivi. Nessuno \u00e8 autorizzato a rubare i tuoi farmaci durante il trasporto poich\u00e9 tutti i prodotti sul nostro sito Web vengono consegnati in modo sicuro e protetto. Inoltre, viene offerta una gamma di altri prodotti di cocaina di alta qualit\u00e0, come crack, polvere, cocaina messicana e altro ancora.    &nbsp;<\/p>\n","protected":false},"excerpt":{"rendered":"<p>Acquistare cocaina in Bolivia online La Bolivia \u00e8 uno dei maggiori produttori di coca, una delle droghe pi\u00f9 consumate al mondo. State cercando il miglior negozio online per acquistare cocaina dalla Bolivia? La Farmacia Dr Lawsons \u00e8 l&#8217;unico modo! Al costo pi\u00f9 conveniente, offriamo la migliore cocaina boliviana online. CONTATTO Acquista Bolivia Cocaina online Come [&hellip;]<\/p>\n","protected":false},"featured_media":18353,"comment_status":"closed","ping_status":"closed","template":"","meta":{"om_disable_all_campaigns":false,"_sitemap_exclude":false,"_sitemap_priority":"","_sitemap_frequency":"","_monsterinsights_skip_tracking":false,"_monsterinsights_sitenote_active":false,"_monsterinsights_sitenote_note":"","_monsterinsights_sitenote_category":0},"product_cat":[28236],"product_tag":[28706,28701,28718,28717,28719,28715,28720,28716,28714,28711,28707,28709,28704,28713,28699,28710,28702,28703,28712,28700,28708,28705],"class_list":{"0":"post-31967","1":"product","2":"type-product","3":"status-publish","4":"has-post-thumbnail","6":"product_cat-cocaina-it","7":"product_tag-acquista-cocaina-boliviana-online-europa","8":"product_tag-acquistare-bolivia-cocaina-online","9":"product_tag-autentica-cocaina-bolivia-europa","10":"product_tag-bolivia-cocaina-europa-consegna","11":"product_tag-bolivia-cocaina-europa-fornitori","12":"product_tag-bolivia-cocaina-europa-negozio","13":"product_tag-bolivia-cocaina-europa-recensione","14":"product_tag-bolivia-cocaina-europa-sconto","15":"product_tag-bolivia-cocaina-europa-tratta","16":"product_tag-bolivia-cocaina-europa-vendita","17":"product_tag-bolivia-cocaina-miglior-prezzo-europa","18":"product_tag-bolivia-cocaina-spedizione-gratuita-europa","19":"product_tag-bolivia-vendita-cocaina-online","20":"product_tag-cocaina-bolivia-a-buon-mercato-europa","21":"product_tag-comprare-cocaina-bolivia","22":"product_tag-dove-acquistare-cocaina-bolivia-europa","23":"product_tag-dove-acquistare-cocaina-boliviana-online","24":"product_tag-effetti-della-cocaina-boliviana","25":"product_tag-negozio-online-di-cocaina-bolivia-europa","26":"product_tag-ordina-bolivia-cocaine-online","27":"product_tag-ordina-la-cocaina-bolivia-ue","28":"product_tag-quanto-costa-la-cocaina-in-bolivia","30":"first","31":"instock","32":"shipping-taxable","33":"purchasable","34":"product-type-variable","35":"farmacie-col"},"aioseo_notices":[],"_links":{"self":[{"href":"https:\/\/lacasadelamedicina.es\/it\/wp-json\/wp\/v2\/product\/31967"}],"collection":[{"href":"https:\/\/lacasadelamedicina.es\/it\/wp-json\/wp\/v2\/product"}],"about":[{"href":"https:\/\/lacasadelamedicina.es\/it\/wp-json\/wp\/v2\/types\/product"}],"replies":[{"embeddable":true,"href":"https:\/\/lacasadelamedicina.es\/it\/wp-json\/wp\/v2\/comments?post=31967"}],"wp:featuredmedia":[{"embeddable":true,"href":"https:\/\/lacasadelamedicina.es\/it\/wp-json\/wp\/v2\/media\/18353"}],"wp:attachment":[{"href":"https:\/\/lacasadelamedicina.es\/it\/wp-json\/wp\/v2\/media?parent=31967"}],"wp:term":[{"taxonomy":"product_cat","embeddable":true,"href":"https:\/\/lacasadelamedicina.es\/it\/wp-json\/wp\/v2\/product_cat?post=31967"},{"taxonomy":"product_tag","embeddable":true,"href":"https:\/\/lacasadelamedicina.es\/it\/wp-json\/wp\/v2\/product_tag?post=31967"}],"curies":[{"name":"wp","href":"https:\/\/api.w.org\/{rel}","templated":true}]}}