{"id":31897,"date":"2024-08-09T14:02:13","date_gmt":"2024-08-09T14:02:13","guid":{"rendered":"https:\/\/lacasadelamedicina.es\/product\/acquista-cocaina-messicana-online\/"},"modified":"2024-08-09T14:02:13","modified_gmt":"2024-08-09T14:02:13","slug":"acquista-cocaina-messicana-online","status":"publish","type":"product","link":"https:\/\/lacasadelamedicina.es\/it\/prodotto\/acquista-cocaina-messicana-online\/","title":{"rendered":"Acquista cocaina messicana online"},"content":{"rendered":"<h3>Acquista cocaina messicana online.<\/h3>\n<p> Acquistare cocaina messicana online pu\u00f2 essere un modo rapido e sicuro per procurarsi la droga senza dover avere a che fare con gli spacciatori o con il mercato nero del tuo quartiere. Quindi, se vuoi acquistare cocaina messicana ma non sai da dove iniziare, effettua un ordine con Narco Powders e fallo consegnare a casa tua. Acquista cocaina messicana online &#8211;   <a href=\"https:\/\/drlawsonspharmacy\/contact-us\/\">CONTATTO<\/a><\/p>\n<h3>Come viene prodotta la cocaina messicana?<\/h3>\n<p> Esistono due tipi principali di cocaina: messicana e colombiana. Mentre la cocaina colombiana viene estratta dalle foglie della pianta africana di coca, la cocaina messicana viene ricavata dalle foglie di coca o dai semi di papavero. La cocaina messicana viene prodotta in un modo leggermente pi\u00f9 complesso rispetto alla cocaina colombiana. Le foglie di coca vengono prima essiccate prima di essere macinate in polvere. Per creare una poltiglia, questa polvere viene mescolata con acqua e sostanze aggiuntive come zucchero e sale. La miscela viene quindi riscaldata per creare una pasta densa che pu\u00f2 essere trasformata in compresse o blocchi.      <\/p>\n<h3>Acquista cocaina messicana online<\/h3>\n<p> Esistono molti metodi alternativi per elaborare la cocaina messicana. Prima di essere iniettata o fumata, la cocaina messicana pu\u00f2 essere sciolta in vari solventi. Se stai cercando di acquistare cocaina messicana online da Dr. Lawsons Pharmacy, dovresti prestare attenzione alle istruzioni di sicurezza del sito web. Usa aghi puliti quando possibile e non iniettare la droga in ferite aperte poich\u00e9 ci\u00f2 pu\u00f2 causare infezioni e altri problemi di salute. Inoltre, sii sempre cauto quando fai sesso con qualcuno che ha appena usato cocaina messicana acquistata online. Acquista cocaina messicana online      <\/p>\n<h3>Benefici della cocaina messicana<\/h3>\n<p> Una delle variet\u00e0 di cocaina pi\u00f9 ampiamente utilizzate \u00e8 la cocaina messicana. Ha un effetto potente e duraturo, \u00e8 della massima qualit\u00e0 e ha il taglio ideale. Inoltre, rispetto ad altre variet\u00e0 di cocaina, la cocaina messicana ha meno probabilit\u00e0 di essere adulterata o di includere contaminanti. Ci\u00f2 implica che \u00e8 pi\u00f9 rapida da creare e pi\u00f9 semplice da usare. Infine, la cocaina messicana \u00e8 la migliore opzione per coloro che hanno bisogno di narcotici sulla strada perch\u00e9 pu\u00f2 essere conservata a lungo senza deteriorarsi o perdere la sua fruibilit\u00e0.     <\/p>\n<h3>Effetti collaterali della cocaina messicana<\/h3>\n<p> La cocaina messicana \u00e8 una sostanza potente e che crea dipendenza e pu\u00f2 avere effetti collaterali negativi. L&#8217;uso regolare di cocaina messicana, come qualsiasi altra dipendenza, pu\u00f2 causare aumento della frequenza cardiaca, sudorazione e pupille dilatate. Nei casi gravi, sono possibili convulsioni, ansia, afte e nausea. L&#8217;assunzione di questo farmaco comporta il rischio di sviluppare dipendenza fisica, quindi dovresti seguire attentamente le istruzioni sul dosaggio.    <\/p>\n<h3>Dove acquistare cocaina messicana online?<\/h3>\n<p> Se vuoi acquistare cocaina messicana di alta qualit\u00e0, non c&#8217;\u00e8 posto migliore della Dr. Lawsons Pharmacy. Dalla polvere bianca al crack, qui puoi trovare tutti i tipi di cocaina messicana. Puoi star certo che troverai la giusta variet\u00e0 e il tipo di cocaina per le tue esigenze nella nostra vasta gamma. Inoltre, offriamo una variet\u00e0 di metodi di pagamento tra cui Bitcoin e bonifico bancario, cos\u00ec puoi acquistare farmaci in totale sicurezza.    &nbsp;<\/p>\n","protected":false},"excerpt":{"rendered":"<p>Acquista cocaina messicana online. Acquistare cocaina messicana online pu\u00f2 essere un modo rapido e sicuro per procurarsi la droga senza dover avere a che fare con gli spacciatori o con il mercato nero del tuo quartiere. Quindi, se vuoi acquistare cocaina messicana ma non sai da dove iniziare, effettua un ordine con Narco Powders e [&hellip;]<\/p>\n","protected":false},"featured_media":18743,"comment_status":"closed","ping_status":"closed","template":"","meta":{"om_disable_all_campaigns":false,"_sitemap_exclude":false,"_sitemap_priority":"","_sitemap_frequency":"","_monsterinsights_skip_tracking":false,"_monsterinsights_sitenote_active":false,"_monsterinsights_sitenote_note":"","_monsterinsights_sitenote_category":0},"product_cat":[28236],"product_tag":[28596,28591,28608,28603,28597,28606,28599,28604,28589,28607,28600,28592,28593,28609,28605,28602,28590,28598,28595,28610,28601,28594],"class_list":{"0":"post-31897","1":"product","2":"type-product","3":"status-publish","4":"has-post-thumbnail","6":"product_cat-cocaina-it","7":"product_tag-acquista-cocaina-messicana-online-in-europa","8":"product_tag-acquistare-cocaina-messicana-online","9":"product_tag-autentica-cocaina-messicana-europa","10":"product_tag-cocaina-messicana-a-buon-mercato-in-europa","11":"product_tag-cocaina-messicana-miglior-prezzo-europa","12":"product_tag-cocaina-messicana-sconto-europa","13":"product_tag-cocaina-messicana-spedizione-gratuita-europa","14":"product_tag-cocaina-messicana-tratta-europa","15":"product_tag-comprare-cocaina-messicana","16":"product_tag-consegna-cocaina-messicana-europa","17":"product_tag-dove-acquistare-cocaina-messicana-in-europa","18":"product_tag-dove-acquistare-cocaina-messicana-online","19":"product_tag-effetti-della-cocaina-messicana","20":"product_tag-fornitori-di-cocaina-messicana-in-europa","21":"product_tag-negozio-di-cocaina-messicana-in-europa","22":"product_tag-negozio-online-di-cocaina-messicana-europa","23":"product_tag-ordina-cocaina-messicana-online","24":"product_tag-ordina-cocaina-messicana-ue","25":"product_tag-quanto-costa-la-cocaina-messicana","26":"product_tag-recensione-della-cocaina-messicana-in-europa","27":"product_tag-vendita-di-cocaina-messicana-in-europa","28":"product_tag-vendita-di-cocaina-messicana-online","30":"first","31":"instock","32":"shipping-taxable","33":"purchasable","34":"product-type-variable","35":"farmacie-col"},"aioseo_notices":[],"_links":{"self":[{"href":"https:\/\/lacasadelamedicina.es\/it\/wp-json\/wp\/v2\/product\/31897"}],"collection":[{"href":"https:\/\/lacasadelamedicina.es\/it\/wp-json\/wp\/v2\/product"}],"about":[{"href":"https:\/\/lacasadelamedicina.es\/it\/wp-json\/wp\/v2\/types\/product"}],"replies":[{"embeddable":true,"href":"https:\/\/lacasadelamedicina.es\/it\/wp-json\/wp\/v2\/comments?post=31897"}],"wp:featuredmedia":[{"embeddable":true,"href":"https:\/\/lacasadelamedicina.es\/it\/wp-json\/wp\/v2\/media\/18743"}],"wp:attachment":[{"href":"https:\/\/lacasadelamedicina.es\/it\/wp-json\/wp\/v2\/media?parent=31897"}],"wp:term":[{"taxonomy":"product_cat","embeddable":true,"href":"https:\/\/lacasadelamedicina.es\/it\/wp-json\/wp\/v2\/product_cat?post=31897"},{"taxonomy":"product_tag","embeddable":true,"href":"https:\/\/lacasadelamedicina.es\/it\/wp-json\/wp\/v2\/product_tag?post=31897"}],"curies":[{"name":"wp","href":"https:\/\/api.w.org\/{rel}","templated":true}]}}