{"id":31865,"date":"2024-08-09T14:02:16","date_gmt":"2024-08-09T14:02:16","guid":{"rendered":"https:\/\/lacasadelamedicina.es\/product\/volkswagen-cocaina-acquista-online-90\/"},"modified":"2024-08-09T14:02:16","modified_gmt":"2024-08-09T14:02:16","slug":"volkswagen-cocaina-acquista-online-90","status":"publish","type":"product","link":"https:\/\/lacasadelamedicina.es\/it\/prodotto\/volkswagen-cocaina-acquista-online-90\/","title":{"rendered":"Volkswagen Cocaina Acquista Online 90%"},"content":{"rendered":"<h3>Acquista Volkswagen Cocaina Online 90% Pura Online<\/h3>\n<p> La cocaina Volkswagen contiene tra il 70 e il 90 percento di pura<a href=\"https:\/\/dieapotheke247.com\/\">cocaina<\/a>. \u00c8 uno dei tipi di cocaina tipicamente presenti nella societ\u00e0 odierna. In molti casi, la cocaina agisce come bloccante o antidolorifico. In vendita cocaina Volkswagen pura al 90%. Acquista cocaina Volkswagen online al 90% &#8211; <a href=\"https:\/\/drlawsonspharmacy\/contact-us\/\">CONTATTO Acquista cocaina Volkswagen online al 90%<\/a> Una delle sostanze psicotrope utilizzate sia nel settore medico che in quello non medico \u00e8 la cocaina Volkswagen. La cocaina Volkswagen ha spesso anche propriet\u00e0 stimolanti. Per questo motivo, viene utilizzata per realizzare una variet\u00e0 di medicinali e terapie.       <\/p>\n<h3><b>Come funziona la cocaina Volkswagen<\/b><\/h3>\n<p> Sebbene i diversi tipi di cocaina contengano diverse quantit\u00e0 di cocaina pura, alcuni di essi sono pi\u00f9 utili di altri. La cocaina Volkswagen \u00e8 utile anche per il corpo umano in molti modi. Acquista Cocaina Volkswagen Online 90% Questo materiale estremamente puro viene utilizzato per svolgere compiti in modo rapido e preciso. Questa cocaina ha un effetto immediato sul sistema nervoso centrale. Alcuni ormoni chimici utilizzati per alleviare il dolore sono stimolati dalla cocaina. Stimola anche il rilascio di alcuni neurotrasmettitori nel cervello. Tuttavia, pu\u00f2 anche occasionalmente rilasciare sostanze chimiche da sola per controllare il dolore. Ha un effetto rilassante e pu\u00f2 alleviare qualsiasi tipo di disagio. Le persone sperimentano sollievo dal loro disagio come risultato.         <\/p>\n<h3>Acquista Cocaina Volkswagen Online<\/h3>\n<p> L&#8217;assunzione di questo pro-farmaco pu\u00f2 anche risolvere il problema dell&#8217;insonnia. I suoi componenti contengono una piccola quantit\u00e0 di farmaci che inducono il sonno. La cocaina Volkswagen \u00e8 usata nei locali da ballo sia dai professionisti che dalla gente comune per vari scopi. Le persone che hanno assunto questa droga per un breve periodo di tempo hanno riferito di sentirsi pi\u00f9 energiche e attive. Poich\u00e9 la cocaina Volkswagen \u00e8 una droga altamente pura, un consumo prolungato pu\u00f2 essere pericoloso per il corpo umano. Pertanto, dovrebbe essere usata solo quando il corpo umano ne ha bisogno. Acquista cocaina Volkswagen online 90%       <\/p>\n<h3><strong>Ordina online la cocaina Volkswagen pura al 90%<\/strong><\/h3>\n<p> Offriamo anche cocaina Volkswagen a prezzi molto bassi nel nostro negozio online. Grazie al nostro servizio di consegna puoi ricevere il tuo articolo in tempi estremamente rapidi. I nostri chimici hanno garantito che le condizioni di conservazione siano tali che la purezza della cocaina non possa essere modificata da alcun fattore. Acquista cocaina Volkswagen online al 90%    &nbsp;<\/p>\n","protected":false},"excerpt":{"rendered":"<p>Volkswagen Cocaine in vendita online. Qui alla Dr. Lawsons Pharmacy offriamo autentica Volkswagen Cocaine in vendita. Lavoriamo sodo ogni giorno per fornire ai nostri clienti la migliore Volkswagen Cocaine sul mercato.   &nbsp;<\/p>\n","protected":false},"featured_media":18383,"comment_status":"closed","ping_status":"closed","template":"","meta":{"om_disable_all_campaigns":false,"_sitemap_exclude":false,"_sitemap_priority":"","_sitemap_frequency":"","_monsterinsights_skip_tracking":false,"_monsterinsights_sitenote_active":false,"_monsterinsights_sitenote_note":"","_monsterinsights_sitenote_category":0},"product_cat":[28236],"product_tag":[28479,28486,28480,28498,28493,28497,28490,28481,28483,28495,28494,28488,28482,28485,28500,28496,28491,28499,28487,28484,28492,28489],"class_list":{"0":"post-31865","1":"product","2":"type-product","3":"status-publish","4":"has-post-thumbnail","6":"product_cat-cocaina-it","7":"product_tag-acquista-volkswagen-cocaina-90","8":"product_tag-acquista-volkswagen-cocaina-90-online-europa","9":"product_tag-acquista-volkswagen-cocaine-90-online","10":"product_tag-autentica-volkswagen-cocaina-90-europa","11":"product_tag-cocaina-volkswagen-a-basso-costo-90-europa","12":"product_tag-consegna-volkswagen-cocaina-90-europa","13":"product_tag-dove-acquistare-volkswagen-cocaina-90-europa","14":"product_tag-dove-acquistare-volkswagen-cocaina-90-online","15":"product_tag-effetti-della-cocaina-volkswagen-90","16":"product_tag-negozio-volkswagen-cocaina-90-europa","17":"product_tag-offerte-volkswagen-cocaina-90-europa","18":"product_tag-ordina-volkswagen-cocaina-90-ue","19":"product_tag-ordina-volkswagen-cocaine-90-online","20":"product_tag-quanto-costa-la-cocaina-volkswagen-al-90","21":"product_tag-recensione-volkswagen-cocaine-90-europa","22":"product_tag-sconto-volkswagen-cocaine-90-europa","23":"product_tag-vendita-di-cocaina-volkswagen-al-90-in-europa","24":"product_tag-volkswagen-cocaina-90-europa-fornitori","25":"product_tag-volkswagen-cocaina-90-miglior-prezzo-europa","26":"product_tag-volkswagen-cocaina-90-vendite-online","27":"product_tag-volkswagen-cocaine-90-negozio-online-europa","28":"product_tag-volkswagen-cocaine-90-spedizione-gratuita-europa","30":"first","31":"instock","32":"shipping-taxable","33":"purchasable","34":"product-type-variable","35":"farmacie-col"},"aioseo_notices":[],"_links":{"self":[{"href":"https:\/\/lacasadelamedicina.es\/it\/wp-json\/wp\/v2\/product\/31865"}],"collection":[{"href":"https:\/\/lacasadelamedicina.es\/it\/wp-json\/wp\/v2\/product"}],"about":[{"href":"https:\/\/lacasadelamedicina.es\/it\/wp-json\/wp\/v2\/types\/product"}],"replies":[{"embeddable":true,"href":"https:\/\/lacasadelamedicina.es\/it\/wp-json\/wp\/v2\/comments?post=31865"}],"wp:featuredmedia":[{"embeddable":true,"href":"https:\/\/lacasadelamedicina.es\/it\/wp-json\/wp\/v2\/media\/18383"}],"wp:attachment":[{"href":"https:\/\/lacasadelamedicina.es\/it\/wp-json\/wp\/v2\/media?parent=31865"}],"wp:term":[{"taxonomy":"product_cat","embeddable":true,"href":"https:\/\/lacasadelamedicina.es\/it\/wp-json\/wp\/v2\/product_cat?post=31865"},{"taxonomy":"product_tag","embeddable":true,"href":"https:\/\/lacasadelamedicina.es\/it\/wp-json\/wp\/v2\/product_tag?post=31865"}],"curies":[{"name":"wp","href":"https:\/\/api.w.org\/{rel}","templated":true}]}}