{"id":31847,"date":"2024-08-09T14:02:16","date_gmt":"2024-08-09T14:02:16","guid":{"rendered":"https:\/\/lacasadelamedicina.es\/product\/acquista-crack-online\/"},"modified":"2024-08-09T14:02:16","modified_gmt":"2024-08-09T14:02:16","slug":"acquista-crack-online","status":"publish","type":"product","link":"https:\/\/lacasadelamedicina.es\/it\/prodotto\/acquista-crack-online\/","title":{"rendered":"Acquista crack online"},"content":{"rendered":"<h3>Acquista crack online.<\/h3>\n<p> Il crack \u00e8 la droga che fa per te se stai cercando un effetto che ti dia una potente carica di energia. La pianta di coca \u00e8 la fonte del crack, un potente stimolante. Ha un effetto forte e immediato che produce piacere e una carica di energia, tra gli altri effetti. Stai pensando di acquistare crack online? Se \u00e8 cos\u00ec, Dr. Lawsons Pharmacy \u00e8 il tuo sportello unico per tutto ci\u00f2 che vuoi acquistare online sul crack. Acquista crack online &#8211;      <a href=\"https:\/\/drlawsonspharmacy\/contact-us\/\">CONTATTO<\/a><\/p>\n<h3>Di cosa \u00e8 fatto il crack?<\/h3>\n<p> Le foglie della pianta di coca vengono utilizzate per produrre cocaina, uno stimolante. Spesso viene commercializzata come &#8220;crack&#8221;, una combinazione di cocaina e acqua. Dr. Lawsons Pharmacy \u00e8 la scelta migliore per chiunque voglia acquistare questa potente sostanza in modo sicuro, grazie alla sua vasta gamma di crack di alta qualit\u00e0 in grandi quantit\u00e0, metodi di pagamento sicuri e consegna discreta.   <\/p>\n<h3>Benefici del crack<\/h3>\n<p> Uno degli stupefacenti pi\u00f9 comunemente usati sul mercato \u00e8 il crack, e per una buona ragione. \u00c8 un modo facile e veloce per ottenere un potente sballo che dura pi\u00f9 a lungo di altre droghe. A differenza di altri stupefacenti, che a volte impiegano ore per fare effetto, il crack agisce all&#8217;istante. Puoi goderti il \u200b\u200btuo sballo immediatamente perch\u00e9 puoi sentire gli effetti dopo solo pochi minuti. Si ritiene inoltre che il crack aumenti la creativit\u00e0 e l&#8217;intensit\u00e0 emotiva rispetto ad altre droghe come la marijuana o l&#8217;ecstasy. Acquista Crack Cocaina Online presso Dr. At Lawsons Pharmacy offriamo ai consumatori di tutti i paesi un accesso conveniente al crack di prima qualit\u00e0 disponibile per l&#8217;acquisto online. Puoi essere certo che otterrai i migliori risultati possibili poich\u00e9 il nostro crack \u00e8 prodotto secondo i pi\u00f9 elevati standard di purezza.       <\/p>\n<h3>Effetti collaterali del crack<\/h3>\n<p> Il crack \u00e8 una sostanza estremamente dannosa e che crea dipendenza, che pu\u00f2 danneggiare seriamente la salute. Gli effetti negativi del crack possono essere mortali, creare dipendenza e avere un impatto negativo sulla salute mentale. Inoltre, il crack pu\u00f2 avere effetti collaterali fisici immediati, come palpitazioni cardiache, aggressivit\u00e0 e psicosi. \u00c8 importante informarsi sui rischi prima di usare il crack, poich\u00e9 gli effetti negativi a lungo termine potrebbero non manifestarsi fino ad anni dopo il consumo.    <\/p>\n<h3>Acquista Crack Cocaina Online &#8211; Acquista Crack Cocaina Online dalla Farmacia Dr Lawsons<\/h3>\n<p> Cerchi un modo per sballarti? Visita Dr. Lawsons Pharmacy, il sito web dove puoi acquistare crack di qualit\u00e0 testato in grandi quantit\u00e0. Offriamo un&#8217;ampia gamma di prodotti, tra cui crack in taglie da un chilogrammo a piccole quantit\u00e0. Non troverai un affare migliore del nostro eccellente prezzo per il crack da nessun&#8217;altra parte. Imballiamo i nostri articoli con grande cura in modo che arrivino in modo discreto e sicuro perch\u00e9 conosciamo il valore della privacy. Ci auguriamo sinceramente che tu consideri Dr. Lawsons Pharmacy come la tua fonte Internet principale per l&#8217;acquisto di crack.      &nbsp;<\/p>\n","protected":false},"excerpt":{"rendered":"<p>Acquista crack online. Il crack \u00e8 la droga che fa per te se stai cercando un effetto che ti dia una potente carica di energia. La pianta di coca \u00e8 la fonte del crack, un potente stimolante. Ha un effetto forte e immediato che produce piacere e una carica di energia, tra gli altri effetti. [&hellip;]<\/p>\n","protected":false},"featured_media":18758,"comment_status":"closed","ping_status":"closed","template":"","meta":{"om_disable_all_campaigns":false,"_sitemap_exclude":false,"_sitemap_priority":"","_sitemap_frequency":"","_monsterinsights_skip_tracking":false,"_monsterinsights_sitenote_active":false,"_monsterinsights_sitenote_note":"","_monsterinsights_sitenote_category":0},"product_cat":[28236],"product_tag":[28420,28415,28413,28432,28431,28429,28428,28434,28430,28433,28421,28426,28423,28425,28427,28424,28416,28417,28414,28422,28419,28418],"class_list":{"0":"post-31847","1":"product","2":"type-product","3":"status-publish","4":"has-post-thumbnail","6":"product_cat-cocaina-it","7":"product_tag-acquista-crack-cocaina-online-europa","8":"product_tag-acquistare-crack-cocaina-online","9":"product_tag-comprare-crack-cocaina","10":"product_tag-crack-autentico-europa","11":"product_tag-crack-cocaina-consegna-europa","12":"product_tag-crack-cocaina-europa-negozio","13":"product_tag-crack-cocaina-europa-offerte","14":"product_tag-crack-cocaina-europa-recensione","15":"product_tag-crack-cocaina-europa-sconto","16":"product_tag-crack-cocaina-fornitori-europa","17":"product_tag-crack-cocaina-miglior-prezzo-europa","18":"product_tag-crack-cocaina-negozio-online-europa","19":"product_tag-crack-cocaina-spedizione-gratuita-europa","20":"product_tag-crack-cocaina-vendita-europa","21":"product_tag-crack-economico-in-europa","22":"product_tag-dove-acquistare-crack-cocaina-europa","23":"product_tag-dove-acquistare-crack-online","24":"product_tag-effetti-del-crack","25":"product_tag-ordina-crack-cocaina-online","26":"product_tag-ordina-crack-cocaina-ue","27":"product_tag-quanto-costa-il-crack","28":"product_tag-vendita-di-crack-online","30":"first","31":"instock","32":"shipping-taxable","33":"purchasable","34":"product-type-variable","35":"farmacie-col"},"aioseo_notices":[],"_links":{"self":[{"href":"https:\/\/lacasadelamedicina.es\/it\/wp-json\/wp\/v2\/product\/31847"}],"collection":[{"href":"https:\/\/lacasadelamedicina.es\/it\/wp-json\/wp\/v2\/product"}],"about":[{"href":"https:\/\/lacasadelamedicina.es\/it\/wp-json\/wp\/v2\/types\/product"}],"replies":[{"embeddable":true,"href":"https:\/\/lacasadelamedicina.es\/it\/wp-json\/wp\/v2\/comments?post=31847"}],"wp:featuredmedia":[{"embeddable":true,"href":"https:\/\/lacasadelamedicina.es\/it\/wp-json\/wp\/v2\/media\/18758"}],"wp:attachment":[{"href":"https:\/\/lacasadelamedicina.es\/it\/wp-json\/wp\/v2\/media?parent=31847"}],"wp:term":[{"taxonomy":"product_cat","embeddable":true,"href":"https:\/\/lacasadelamedicina.es\/it\/wp-json\/wp\/v2\/product_cat?post=31847"},{"taxonomy":"product_tag","embeddable":true,"href":"https:\/\/lacasadelamedicina.es\/it\/wp-json\/wp\/v2\/product_tag?post=31847"}],"curies":[{"name":"wp","href":"https:\/\/api.w.org\/{rel}","templated":true}]}}