{"id":31834,"date":"2024-08-09T14:02:16","date_gmt":"2024-08-09T14:02:16","guid":{"rendered":"https:\/\/lacasadelamedicina.es\/product\/acquista-cocaina-colombiana-online\/"},"modified":"2024-08-09T14:02:16","modified_gmt":"2024-08-09T14:02:16","slug":"acquista-cocaina-colombiana-online","status":"publish","type":"product","link":"https:\/\/lacasadelamedicina.es\/it\/prodotto\/acquista-cocaina-colombiana-online\/","title":{"rendered":"Acquista cocaina colombiana online"},"content":{"rendered":"<h3>Acquista cocaina colombiana online.<\/h3>\n<p> Stai cercando Cocaina Colombiana da acquistare online? In tal caso, Dr. Lawsons Pharmacy \u00e8 il posto ideale per te. Qui puoi ottenere un&#8217;ampia gamma di prodotti di cocaina di prima qualit\u00e0 ricavati dalle foglie di coca colombiana. Acquista Cocaina Colombiana Online &#8211;    <a href=\"https:\/\/drlawsonspharmacy\/contact-us\/\">CONTATTO<\/a><\/p>\n<h3>Come viene prodotta la cocaina colombiana?<\/h3>\n<p> Uno degli stupefacenti pi\u00f9 ampiamente utilizzati sul mercato oggi \u00e8 la cocaina colombiana. \u00c8 un potente stimolante che pu\u00f2 aumentare l&#8217;energia e la concentrazione. Per produrre la cocaina colombiana, gli agricoltori devono prima raccogliere le foglie di coca nelle Ande. Una volta che le foglie di coca sono mature, vengono raccolte e trasformate in cristalli di cloridrato di cocaina. Questo processo comporta la distillazione delle foglie utilizzando vari processi chimici, come il lavaggio acido e l&#8217;estrazione con etere. Infine, la cocaina viene trasportata all&#8217;estero e venduta sul mercato clandestino.      <\/p>\n<h3>Acquista cocaina colombiana online<\/h3>\n<p> Poich\u00e9 la cocaina colombiana \u00e8 pi\u00f9 redditizia di altri tipi di droga in Europa e in altre parti del mondo, le organizzazioni del narcotraffico utilizzano rotte e porti diversi per farla arrivare l\u00ec. A causa di queste caratteristiche, ci sono spesso grandi differenze di prezzo tra la cocaina colombiana e altre droghe disponibili sul mercato.  <\/p>\n<h3>Benefici della cocaina colombiana<\/h3>\n<p> Se vuoi provare una sensazione di euforia pi\u00f9 intensa o vuoi assumere <a href=\"https:\/\/dieapotheke247.com\/\">cocaina colombiana<\/a> come parte del tuo trattamento per la dipendenza, ci sono diversi vantaggi nel farlo. La cocaina colombiana ha una potenza maggiore rispetto ad altri tipi di cocaina, consentendo agli utenti di sperimentare i benefici con una quantit\u00e0 molto pi\u00f9 piccola, oltre ad avere un maggiore senso di piacere e prontezza. Grazie alla sua purezza e alla mancanza di contaminazione incrociata con altre sostanze, la cocaina colombiana acquistata online \u00e8 spesso considerata pi\u00f9 attraente. Abbiamo la cocaina colombiana ideale in vendita, sia che tu voglia sniffarla o fumarla. Perch\u00e9 non provarlo subito alla Dr. Lawsons Pharmacy? Non rimarrai deluso!      <\/p>\n<h3>Effetti collaterali della cocaina colombiana<\/h3>\n<p> Gli effetti collaterali a breve termine dell&#8217;uso di cocaina includono una sensazione di euforia o sballo, nonch\u00e9 un aumento di energia e motivazione. A seconda della quantit\u00e0 di cocaina consumata, questi effetti indesiderati durano solitamente circa un&#8217;ora. Problemi di concentrazione e attenzione, aumento della frequenza cardiaca e della pressione sanguigna, insonnia, rapida perdita o aumento di peso, dipendenza, convulsioni, danni al fegato e persino la morte sono tutti possibili effetti negativi a lungo termine dell&#8217;uso di cocaina.   <\/p>\n<h3>Dove ordinare cocaina colombiana online?<\/h3>\n<p> Ordinare cocaina online da Dr. Lawsons Pharmacy ha senso per una serie di motivi. Uno di questi \u00e8 che le varie autorit\u00e0 rimangono divise sulla legalit\u00e0 dell&#8217;acquisto di cocaina online. Ma puoi acquistare cocaina colombiana online senza paura di essere arrestato. La comodit\u00e0 di acquistare cocaina online \u00e8 un&#8217;altra giustificazione. Dr. Lawsons Pharmacy rende facile e conveniente acquistare cocaina colombiana all&#8217;ingrosso senza dover uscire di casa o dal posto di lavoro. Ultimo ma non meno importante, Dr. Lawsons Pharmacy offre una variet\u00e0 di prodotti a base di cocaina in vendita, dalla polvere ai mattoni di crack.      &nbsp;<\/p>\n","protected":false},"excerpt":{"rendered":"<p>&nbsp;<\/p>\n","protected":false},"featured_media":18368,"comment_status":"closed","ping_status":"closed","template":"","meta":{"om_disable_all_campaigns":false,"_sitemap_exclude":false,"_sitemap_priority":"","_sitemap_frequency":"","_monsterinsights_skip_tracking":false,"_monsterinsights_sitenote_active":false,"_monsterinsights_sitenote_note":"","_monsterinsights_sitenote_category":0},"product_cat":[28236],"product_tag":[28376,28371,28388,28383,28377,28386,28379,28384,28369,28387,28380,28372,28373,28389,28385,28382,28370,28378,28375,28390,28381,28374],"class_list":{"0":"post-31834","1":"product","2":"type-product","3":"status-publish","4":"has-post-thumbnail","6":"product_cat-cocaina-it","7":"product_tag-acquista-cocaina-colombiana-online-in-europa","8":"product_tag-acquistare-cocaina-colombiana-online","9":"product_tag-autentica-cocaina-colombiana-europa","10":"product_tag-cocaina-colombiana-a-buon-mercato-in-europa","11":"product_tag-cocaina-colombiana-miglior-prezzo-europa","12":"product_tag-cocaina-colombiana-sconto-europa","13":"product_tag-cocaina-colombiana-spedizione-gratuita-europa","14":"product_tag-cocaina-colombiana-tratta-europa","15":"product_tag-comprare-cocaina-colombiana","16":"product_tag-consegna-di-cocaina-colombiana-in-europa","17":"product_tag-dove-acquistare-cocaina-colombiana-in-europa","18":"product_tag-dove-acquistare-cocaina-colombiana-online","19":"product_tag-effetti-della-cocaina-colombiana","20":"product_tag-fornitori-di-cocaina-colombiana-in-europa","21":"product_tag-negozio-di-cocaina-colombiana-in-europa","22":"product_tag-negozio-online-di-cocaina-colombiana-europa","23":"product_tag-ordina-cocaina-colombiana-online","24":"product_tag-ordina-cocaina-colombiana-ue","25":"product_tag-quanto-costa-la-cocaina-colombiana","26":"product_tag-recensione-della-cocaina-colombiana-in-europa","27":"product_tag-vendita-di-cocaina-colombiana-in-europa","28":"product_tag-vendita-di-cocaina-colombiana-online","30":"first","31":"instock","32":"shipping-taxable","33":"purchasable","34":"product-type-variable","35":"farmacie-col"},"aioseo_notices":[],"_links":{"self":[{"href":"https:\/\/lacasadelamedicina.es\/it\/wp-json\/wp\/v2\/product\/31834"}],"collection":[{"href":"https:\/\/lacasadelamedicina.es\/it\/wp-json\/wp\/v2\/product"}],"about":[{"href":"https:\/\/lacasadelamedicina.es\/it\/wp-json\/wp\/v2\/types\/product"}],"replies":[{"embeddable":true,"href":"https:\/\/lacasadelamedicina.es\/it\/wp-json\/wp\/v2\/comments?post=31834"}],"wp:featuredmedia":[{"embeddable":true,"href":"https:\/\/lacasadelamedicina.es\/it\/wp-json\/wp\/v2\/media\/18368"}],"wp:attachment":[{"href":"https:\/\/lacasadelamedicina.es\/it\/wp-json\/wp\/v2\/media?parent=31834"}],"wp:term":[{"taxonomy":"product_cat","embeddable":true,"href":"https:\/\/lacasadelamedicina.es\/it\/wp-json\/wp\/v2\/product_cat?post=31834"},{"taxonomy":"product_tag","embeddable":true,"href":"https:\/\/lacasadelamedicina.es\/it\/wp-json\/wp\/v2\/product_tag?post=31834"}],"curies":[{"name":"wp","href":"https:\/\/api.w.org\/{rel}","templated":true}]}}