{"id":31821,"date":"2024-08-09T14:02:17","date_gmt":"2024-08-09T14:02:17","guid":{"rendered":"https:\/\/lacasadelamedicina.es\/product\/acquista-kilocain-polvere-99-online\/"},"modified":"2024-08-09T14:02:17","modified_gmt":"2024-08-09T14:02:17","slug":"acquista-kilocain-polvere-99-online","status":"publish","type":"product","link":"https:\/\/lacasadelamedicina.es\/it\/prodotto\/acquista-kilocain-polvere-99-online\/","title":{"rendered":"Acquista Kilocain polvere 99% online"},"content":{"rendered":"<h3>Acquista Kilocaine Powder 99% online<\/h3>\n<p> Acquista Kilocaine Powder all&#8217;ingrosso ora; Acquista Kilocaine Powder 99% online &#8211; <a href=\"https:\/\/drlawsonspharmacy\/contact-us\/\">CONTATTO Acquista Kilocaine Powder 99 online<\/a> Simile alla cocaina \u00e8 Kilocaine. Una nuovissima e interessante sostanza chimica di ricerca, Kilocaine, ha ricevuto recensioni positive sin dal suo rilascio. Questa categoria di farmaci sperimentali \u00e8 spesso definita &#8220;droghe sintetiche&#8221;. A causa della loro nuova struttura chimica e della mancanza di specifiche normative legali, rappresentano una nuova classe di farmaci. Le sostanze chimiche di ricerca stesse rimangono legali e non pianificate, il che le rende interessanti per una serie di motivi. Vengono spesso definiti &#8220;sali da bagno&#8221; o &#8220;droghe legali&#8221; perch\u00e9 vengono venduti legalmente e perch\u00e9 i loro effetti sono spesso sorprendentemente simili a quelli delle principali droghe illegali.      <\/p>\n<h3><strong>Come acquistare Kilocain Powder 99% Pure<\/strong><\/h3>\n<p> L&#8217;affascinante nuova sostanza di ricerca Kilocain ha ricevuto recensioni positive sin dal suo rilascio. Poich\u00e9 \u00e8 una sostanza chimica ancora in fase di ricerca, rientra nella categoria delle &#8220;droghe sintetiche&#8221;. Queste sostanze appartengono a una classe speciale di droghe caratterizzate da una speciale struttura chimica e per le quali spesso esiste una regolamentazione limitata dalle leggi vigenti. Spesso chiamate &#8220;sali da bagno&#8221; o &#8220;droghe legali&#8221;, queste sostanze sono vendute legalmente e hanno effetti simili a quelli degli stupefacenti illegali, ma variano in potenza. Lo stato legale e non regolamentato di sostanze chimiche come Kilocain, che apre un universo di affascinanti possibilit\u00e0, \u00e8 ci\u00f2 che spinge gli scienziati a studiarle. Acquista Kilocain Powder 99 online      <\/p>\n<h3><strong>Ordina Kilocain Powder<\/strong><\/h3>\n<p> Con il termine &#8220;droghe sintetiche&#8221; si intende un&#8217;ampia gamma di sostanze sintetizzate a fini di ricerca e sperimentazione in ambito scientifico. &nbsp;<\/p>\n","protected":false},"excerpt":{"rendered":"<p><strong>Acquista online polvere di Kilocaina pura al 99%. La cocaina \u00e8 paragonabile alla Kilocaina.  <\/strong><\/p>\n","protected":false},"featured_media":18413,"comment_status":"closed","ping_status":"closed","template":"","meta":{"om_disable_all_campaigns":false,"_sitemap_exclude":false,"_sitemap_priority":"","_sitemap_frequency":"","_monsterinsights_skip_tracking":false,"_monsterinsights_sitenote_active":false,"_monsterinsights_sitenote_note":"","_monsterinsights_sitenote_category":0},"product_cat":[27662],"product_tag":[28303,28304,28310,28314,28305,28307,28321,28320,28319,28323,28311,28316,28318,28313,28315,28308,28312,28306,28322,28317,28309,28324],"class_list":{"0":"post-31821","1":"product","2":"type-product","3":"status-publish","4":"has-post-thumbnail","6":"product_cat-ricerca-chimica-e-psichedelici","7":"product_tag-acquista-kilocain-polvere-99","8":"product_tag-acquista-kilocain-polvere-99-online","9":"product_tag-acquista-kilocain-polvere-99-online-in-europa","10":"product_tag-dove-acquistare-kilocain-polvere-99-europa","11":"product_tag-dove-acquistare-kilocain-polvere-99-online","12":"product_tag-effetti-della-polvere-di-kilocain-99","13":"product_tag-kilocain-polvere-99-consegna-in-europa","14":"product_tag-kilocain-polvere-99-di-sconto-europa","15":"product_tag-kilocain-polvere-99-europa-negozio","16":"product_tag-kilocain-polvere-99-fornitori-europa","17":"product_tag-kilocain-polvere-99-miglior-prezzo-europa","18":"product_tag-kilocain-polvere-99-negozio-online-europa","19":"product_tag-kilocain-polvere-99-offerte-europa","20":"product_tag-kilocain-polvere-99-spedizione-gratuita-europa","21":"product_tag-kilocain-polvere-99-vendita-europa","22":"product_tag-kilocain-polvere-99-vendite-online","23":"product_tag-ordina-kilocain-in-polvere-99-ue","24":"product_tag-ordina-kilocain-polvere-99-online","25":"product_tag-polvere-di-kilocaina-autentica-99-europa","26":"product_tag-polvere-di-kilocaina-economica-99-europa","27":"product_tag-quanto-costa-la-polvere-di-kilocain-al-99","28":"product_tag-recensione-di-kilocain-powder-99-europe","30":"first","31":"instock","32":"shipping-taxable","33":"purchasable","34":"product-type-variable","35":"farmacie-col"},"aioseo_notices":[],"_links":{"self":[{"href":"https:\/\/lacasadelamedicina.es\/it\/wp-json\/wp\/v2\/product\/31821"}],"collection":[{"href":"https:\/\/lacasadelamedicina.es\/it\/wp-json\/wp\/v2\/product"}],"about":[{"href":"https:\/\/lacasadelamedicina.es\/it\/wp-json\/wp\/v2\/types\/product"}],"replies":[{"embeddable":true,"href":"https:\/\/lacasadelamedicina.es\/it\/wp-json\/wp\/v2\/comments?post=31821"}],"wp:featuredmedia":[{"embeddable":true,"href":"https:\/\/lacasadelamedicina.es\/it\/wp-json\/wp\/v2\/media\/18413"}],"wp:attachment":[{"href":"https:\/\/lacasadelamedicina.es\/it\/wp-json\/wp\/v2\/media?parent=31821"}],"wp:term":[{"taxonomy":"product_cat","embeddable":true,"href":"https:\/\/lacasadelamedicina.es\/it\/wp-json\/wp\/v2\/product_cat?post=31821"},{"taxonomy":"product_tag","embeddable":true,"href":"https:\/\/lacasadelamedicina.es\/it\/wp-json\/wp\/v2\/product_tag?post=31821"}],"curies":[{"name":"wp","href":"https:\/\/api.w.org\/{rel}","templated":true}]}}