{"id":31773,"date":"2024-08-09T14:02:20","date_gmt":"2024-08-09T14:02:20","guid":{"rendered":"https:\/\/lacasadelamedicina.es\/product\/acquista-benzil-metil-chetone-b-m-k-online\/"},"modified":"2024-08-09T14:02:20","modified_gmt":"2024-08-09T14:02:20","slug":"acquista-benzil-metil-chetone-b-m-k-online","status":"publish","type":"product","link":"https:\/\/lacasadelamedicina.es\/it\/prodotto\/acquista-benzil-metil-chetone-b-m-k-online\/","title":{"rendered":"Acquista Benzil Metil Chetone (B-M-K) online"},"content":{"rendered":"<h3>Benzil metil chetone-b-m-k in vendita \u2013 Acquista Benzil metil chetone-b-m-k online<\/h3>\n<p> Siamo la tua migliore fonte e rivenditore per l&#8217;acquisto di Benzyl Methyl Ketone e abbiamo anche Benzyl Methyl Ketone in vendita. Puoi acquistare Benzyl Methyl Ketone online facilmente e legalmente da noi. Acquista Benzyl Methyl Ketone (B-M-K) online &#8211; <a href=\"https:\/\/drlawsonspharmacy\/contact-us\/\">CONTATTO<\/a> BMK \u00e8 una sostanza chimica naturale con una vasta gamma di utilizzi. \u00c8 un processo in un&#8217;unica fase nella sintesi della droga Ecstasy. \u00c8 un liquido miscibile che si dissolve in acqua ed \u00e8 insapore, incolore e infiammabile. Il miglior olio BMK \u00e8 disponibile nel nostro negozio online. Acquistare Benzyl Methyl Ketone online \u00e8 facile. Segui queste linee guida: Seleziona il tuo prodotto preferito dal menu a discesa qui sotto. Clicca su &#8220;Aggiungi al carrello&#8221; per completare l&#8217;acquisto dell&#8217;articolo. Effettua l&#8217;ordine una volta che \u00e8 stato consegnato.          <\/p>\n<h3>Benefici del Benzil Metil Chetone<\/h3>\n<p> Grazie alla sua composizione di alcol e chetoni, il benzoilmetilchetone pu\u00f2 avere effetti diuretici e disintossicanti. <\/p>\n<ul>\n<li>Alcuni ricercatori ritengono che il BMK sia un utile antistress.<\/li>\n<li>Alcuni sostengono che abbassi il cortisolo, un ormone dello stress, anche se potrebbe volerci del tempo per vederne gli effetti.<\/li>\n<li>Un altro possibile vantaggio del <strong>Benzyl Methyl Ketone-b-m-k<\/strong> \u00e8 che potrebbe ridurre il rischio di malattia di Alzheimer.<\/li>\n<li>Si ritiene che il composto combatta l&#8217;infiammazione nel cervello, il che potrebbe proteggere dai danni ai nervi correlati all&#8217;Alzheimer.<\/li>\n<\/ul>\n<h3>Dove si pu\u00f2 acquistare il benzilmetilchetone?<\/h3>\n<p> Il benzil metil chetone, o fenilacetone, \u00e8 una sostanza chimica. L&#8217;olio \u00e8 trasparente e ha un indice di rifrazione di 1,5168. Poich\u00e9 \u00e8 una materia prima o un intermedio nella produzione di metanfetamina e anfetamina, \u00e8 spesso indicato come P2P. Questa roba ha un buon odore ed \u00e8 densa quanto l&#8217;acqua. Il BMK \u00e8 usato come sostanza chimica illegale nella produzione illegale di anfetamina, sebbene abbia alcuni usi legittimi, come nello sviluppo della propilesedrina. Acquista benzil metil chetone (b-m-k) online.<\/p>\n","protected":false},"excerpt":{"rendered":"<p>Benzil metil chetone-b-m-k in vendita \u2013 Acquista Benzil metil chetone-b-m-k online Siamo la tua migliore fonte e rivenditore per l&#8217;acquisto di Benzyl Methyl Ketone e abbiamo anche Benzyl Methyl Ketone in vendita. Puoi acquistare Benzyl Methyl Ketone online facilmente e legalmente da noi. Acquista Benzyl Methyl Ketone (B-M-K) online &#8211; CONTATTO BMK \u00e8 una sostanza [&hellip;]<\/p>\n","protected":false},"featured_media":18653,"comment_status":"closed","ping_status":"closed","template":"","meta":{"om_disable_all_campaigns":false,"_sitemap_exclude":false,"_sitemap_priority":"","_sitemap_frequency":"","_monsterinsights_skip_tracking":false,"_monsterinsights_sitenote_active":false,"_monsterinsights_sitenote_note":"","_monsterinsights_sitenote_category":0},"product_cat":[27662],"product_tag":[28216,28221,28214,28233,28232,28228,28222,28224,28225,28217,28218,28234,28230,28227,28229,28215,28223,28220,28235,28231,28226,28219],"class_list":{"0":"post-31773","1":"product","2":"type-product","3":"status-publish","4":"has-post-thumbnail","6":"product_cat-ricerca-chimica-e-psichedelici","7":"product_tag-acquista-benzil-metil-chetone-b-m-k-online","8":"product_tag-acquista-benzil-metil-chetone-b-m-k-online-in-europa","9":"product_tag-acquistare-benzil-metil-chetone-b-m-k","10":"product_tag-autentico-benzil-metil-chetone-b-m-k-europa","11":"product_tag-benzil-metil-chetone-b-m-k-consegna-in-europa","12":"product_tag-benzil-metil-chetone-b-m-k-economico-in-europa","13":"product_tag-benzil-metil-chetone-b-m-k-miglior-prezzo-europa","14":"product_tag-benzil-metil-chetone-b-m-k-spedizione-gratuita-in-europa","15":"product_tag-dove-acquistare-benzyl-methyl-ketone-b-m-k-in-europa","16":"product_tag-dove-acquistare-benzyl-methyl-ketone-b-m-k-online","17":"product_tag-effetti-del-benzil-metil-chetone-b-m-k","18":"product_tag-fornitori-di-benzil-metil-chetone-b-m-k-in-europa","19":"product_tag-negozio-europeo-di-benzil-metil-chetone-b-m-k","20":"product_tag-negozio-online-di-benzyl-methyl-ketone-b-m-k-in-europa","21":"product_tag-offerte-di-benzil-metil-chetone-b-m-k-in-europa","22":"product_tag-ordina-benzyl-methyl-ketone-b-m-k-online","23":"product_tag-ordina-benzyl-methyl-ketone-b-m-k-ue","24":"product_tag-quanto-costa-il-benzil-metil-chetone-b-m-k","25":"product_tag-recensione-di-benzyl-methyl-ketone-b-m-k-europa","26":"product_tag-sconto-europa-sul-benzil-metil-chetone-b-m-k","27":"product_tag-vendita-di-benzil-metil-chetone-b-m-k-in-europa","28":"product_tag-vendita-online-di-benzil-metil-chetone-b-m-k","30":"first","31":"instock","32":"shipping-taxable","33":"purchasable","34":"product-type-variable","35":"has-default-attributes","36":"farmacie-col"},"aioseo_notices":[],"_links":{"self":[{"href":"https:\/\/lacasadelamedicina.es\/it\/wp-json\/wp\/v2\/product\/31773"}],"collection":[{"href":"https:\/\/lacasadelamedicina.es\/it\/wp-json\/wp\/v2\/product"}],"about":[{"href":"https:\/\/lacasadelamedicina.es\/it\/wp-json\/wp\/v2\/types\/product"}],"replies":[{"embeddable":true,"href":"https:\/\/lacasadelamedicina.es\/it\/wp-json\/wp\/v2\/comments?post=31773"}],"wp:featuredmedia":[{"embeddable":true,"href":"https:\/\/lacasadelamedicina.es\/it\/wp-json\/wp\/v2\/media\/18653"}],"wp:attachment":[{"href":"https:\/\/lacasadelamedicina.es\/it\/wp-json\/wp\/v2\/media?parent=31773"}],"wp:term":[{"taxonomy":"product_cat","embeddable":true,"href":"https:\/\/lacasadelamedicina.es\/it\/wp-json\/wp\/v2\/product_cat?post=31773"},{"taxonomy":"product_tag","embeddable":true,"href":"https:\/\/lacasadelamedicina.es\/it\/wp-json\/wp\/v2\/product_tag?post=31773"}],"curies":[{"name":"wp","href":"https:\/\/api.w.org\/{rel}","templated":true}]}}