{"id":31612,"date":"2024-08-09T14:02:20","date_gmt":"2024-08-09T14:02:20","guid":{"rendered":"https:\/\/lacasadelamedicina.es\/product\/acquista-diazepam-in-polvere-online\/"},"modified":"2024-08-09T14:02:20","modified_gmt":"2024-08-09T14:02:20","slug":"acquista-diazepam-in-polvere-online","status":"publish","type":"product","link":"https:\/\/lacasadelamedicina.es\/it\/prodotto\/acquista-diazepam-in-polvere-online\/","title":{"rendered":"Acquista Diazepam in polvere online"},"content":{"rendered":"<h3>Diazepam in polvere &#8211; Acquista Diazepam online,<\/h3>\n<p> Acquista Diazepam Powder online per ottenere farmaci di alta qualit\u00e0 a un prezzo scontato. La fonte migliore per acquistare e ottenere Diazepam online \u00e8 <strong>Dr. Lawsons Pharmacy<\/strong>. Acquista Diazepam Powder online Il nostro negozio online vende prodotti chimici di alta qualit\u00e0, con i cannabinoidi come i pi\u00f9 importanti. Poich\u00e9 troverai pi\u00f9 prodotti correlati alle droghe sintetiche, siamo esperti negli Stati Uniti. Grazie alla sua elevata qualit\u00e0 e alla sua formulazione efficace, la nostra vendita online di Diazepam Powder in GERMANIA<a href=\"https:\/\/dieapotheke247.com\/\">D<\/a> \u00e8 popolare in una variet\u00e0 di settori. I nostri professionisti si sforzano costantemente di produrre i migliori medicinali possibili che aiuteranno le persone in modo appropriato. Se il tuo settore ha bisogno di questa polvere di Diazepam, puoi contattarci o semplicemente inviarci un messaggio per effettuare un ordine online.       <a href=\"https:\/\/drlawsonspharmacy\/contact-us\/\">CONTATTO<\/a><\/p>\n<h3>Diazepam in polvere in vendita<\/h3>\n<p> Grazie agli anni di esperienza della nostra organizzazione, riceverai Diazepam Powder nelle diverse quantit\u00e0 di cui hai bisogno. Puoi acquistare la merce al momento giusto per una piccola o anche grande quantit\u00e0. Consegneremo la merce ordinata nella quantit\u00e0 appropriata e sar\u00e0 pura e far\u00e0 progredire l&#8217;industria farmaceutica e altre industrie. Come i nostri altri beni che sono pi\u00f9 adatti all&#8217;uso personale, anche il nostro prodotto Diazepam Powder ha un prezzo ragionevole. Questo prodotto, a differenza della maggior parte degli altri, \u00e8 destinato esclusivamente all&#8217;uso personale. Prima che possiamo consegnare il prodotto, devi fornire la prescrizione e la dichiarazione corrette.      <\/p>\n<h3>Come utilizzare il nostro prodotto Diazepam in polvere?<\/h3>\n<p> Se i consumatori non assumono questo prodotto come indicato, pu\u00f2 essere dannoso. Le persone trarranno maggiori benefici dalla nostra polvere di diazepam in vendita online negli Stati Uniti, poich\u00e9 pu\u00f2 curare l&#8217;ansia, i sintomi di astinenza da alcol, le convulsioni e gli attacchi di panico. Se usato come indicato da un medico e nel dosaggio corretto, \u00e8 pi\u00f9 sicuro per le persone. Evitare cose come alcol, fumo, succo d&#8217;uva e altre cose che hanno effetti negativi importanti \u00e8 un&#8217;idea intelligente. Non siamo disposti a dare questo prodotto a clienti di et\u00e0 inferiore ai diciotto anni e non siamo responsabili per i consumatori che ne assumono una quantit\u00e0 eccessiva. La nostra azienda offre polvere di diazepam in vendita online in una variet\u00e0 di dosi, tra cui 10 mg, 50 mg e persino 1 chilogrammo. A seconda della quantit\u00e0 di cui hai bisogno, il prezzo della polvere cambier\u00e0. Eccelliamo nell&#8217;offrire il farmaco in grandi quantit\u00e0 per l&#8217;uso nell&#8217;industria e nella ricerca. Pertanto, il nostro negozio online \u00e8 la scelta migliore per te se desideri polvere pura con ricetta precisa e qualit\u00e0.<\/p>\n","protected":false},"excerpt":{"rendered":"<p>Il diazepam \u00e8 una benzodiazepina ad azione rapida e prolungata usata per trattare convulsioni, astinenza da alcol, attacchi di panico e ansia. Con la forza del diazepam in vendita, siamo offerti presso la farmacia del dott. Lawson.  &nbsp;<\/p>\n","protected":false},"featured_media":18773,"comment_status":"closed","ping_status":"closed","template":"","meta":{"om_disable_all_campaigns":false,"_sitemap_exclude":false,"_sitemap_priority":"","_sitemap_frequency":"","_monsterinsights_skip_tracking":false,"_monsterinsights_sitenote_active":false,"_monsterinsights_sitenote_note":"","_monsterinsights_sitenote_category":0},"product_cat":[27662],"product_tag":[28023,28016,28018,28030,28035,28034,28033,28028,28024,28032,28029,28031,28026,28037,28027,28019,28020,28036,28017,28025,28022,28021],"class_list":{"0":"post-31612","1":"product","2":"type-product","3":"status-publish","4":"has-post-thumbnail","6":"product_cat-ricerca-chimica-e-psichedelici","7":"product_tag-acquista-diazepam-in-polvere-online-in-europa","8":"product_tag-acquistare-polvere-di-diazepam","9":"product_tag-acquistare-polvere-di-diazepam-online","10":"product_tag-diazepam-in-polvere-a-basso-costo-in-europa","11":"product_tag-diazepam-in-polvere-autentico-europa","12":"product_tag-diazepam-in-polvere-consegna-in-europa","13":"product_tag-diazepam-in-polvere-europa-sconto","14":"product_tag-diazepam-in-polvere-in-vendita-in-europa","15":"product_tag-diazepam-in-polvere-miglior-prezzo-europa","16":"product_tag-diazepam-in-polvere-negozio-europa","17":"product_tag-diazepam-in-polvere-negozio-online-europa","18":"product_tag-diazepam-in-polvere-offerte-europa","19":"product_tag-diazepam-in-polvere-spedizione-gratuita-in-europa","20":"product_tag-diazepam-polvere-recensione-europa","21":"product_tag-dove-acquistare-diazepam-in-polvere-in-europa","22":"product_tag-dove-acquistare-polvere-di-diazepam-online","23":"product_tag-effetti-della-polvere-di-diazepam","24":"product_tag-fornitori-di-polvere-di-diazepam-in-europa","25":"product_tag-ordina-diazepam-in-polvere-online","26":"product_tag-ordina-diazepam-in-polvere-ue","27":"product_tag-quanto-costa-la-polvere-di-diazepam","28":"product_tag-vendita-di-polvere-di-diazepam-online","30":"first","31":"instock","32":"shipping-taxable","33":"purchasable","34":"product-type-variable","35":"farmacie-col"},"aioseo_notices":[],"_links":{"self":[{"href":"https:\/\/lacasadelamedicina.es\/it\/wp-json\/wp\/v2\/product\/31612"}],"collection":[{"href":"https:\/\/lacasadelamedicina.es\/it\/wp-json\/wp\/v2\/product"}],"about":[{"href":"https:\/\/lacasadelamedicina.es\/it\/wp-json\/wp\/v2\/types\/product"}],"replies":[{"embeddable":true,"href":"https:\/\/lacasadelamedicina.es\/it\/wp-json\/wp\/v2\/comments?post=31612"}],"wp:featuredmedia":[{"embeddable":true,"href":"https:\/\/lacasadelamedicina.es\/it\/wp-json\/wp\/v2\/media\/18773"}],"wp:attachment":[{"href":"https:\/\/lacasadelamedicina.es\/it\/wp-json\/wp\/v2\/media?parent=31612"}],"wp:term":[{"taxonomy":"product_cat","embeddable":true,"href":"https:\/\/lacasadelamedicina.es\/it\/wp-json\/wp\/v2\/product_cat?post=31612"},{"taxonomy":"product_tag","embeddable":true,"href":"https:\/\/lacasadelamedicina.es\/it\/wp-json\/wp\/v2\/product_tag?post=31612"}],"curies":[{"name":"wp","href":"https:\/\/api.w.org\/{rel}","templated":true}]}}