{"id":31610,"date":"2024-08-09T14:02:21","date_gmt":"2024-08-09T14:02:21","guid":{"rendered":"https:\/\/lacasadelamedicina.es\/product\/acquista-la-soluzione-chimica-ssd-online\/"},"modified":"2024-08-09T14:02:21","modified_gmt":"2024-08-09T14:02:21","slug":"acquista-la-soluzione-chimica-ssd-online","status":"publish","type":"product","link":"https:\/\/lacasadelamedicina.es\/it\/prodotto\/acquista-la-soluzione-chimica-ssd-online\/","title":{"rendered":"Acquista la soluzione chimica SSD online"},"content":{"rendered":"<h3>Soluzione chimica SSD &#8211; Acquista la soluzione SSD per la pulizia del denaro nero online<\/h3>\n<p> Soluzione SSD: presso la Dr. Lawson&#8217;s Pharmacy puoi acquistare SSD Chemicals per la pulizia di banconote sporche e denaro nero. Non perdere l&#8217;opportunit\u00e0 di acquistare SSD Chemicals e Solution online! Acquista SSD Chemical Solution online  <a href=\"https:\/\/drlawsonspharmacy\/contact-us\/\"> CONTATTO <\/a><\/p>\n<h3>Che cosa \u00e8 SSD Chemical?<\/h3>\n<p> SSD Chemical Solution significa che chi lo usa usa prodotti chimici per pulire il denaro sporco. \u00c8 considerato l&#8217;agente detergente standard del settore per tutte le valute. Questo prodotto chimico \u00e8 realizzato con biossido di mercurio liquido e acido nitrico. Sar\u00e0 marrone una volta completata la <a href=\"https:\/\/dieapotheke247.com\/\">produzione di laboratorio<\/a>. Per produrre e commercializzare questo prodotto ai clienti, ogni laboratorio deve ottenere un certificato. Non riesci a usare i tuoi soldi perch\u00e9 sono neri o altrimenti appannati? Non preoccuparti. Usa SSD Cleaning Solution per pulire i soldi appannati.        <\/p>\n<h3>Vantaggi della soluzione chimica SSD &#8211; Acquista la soluzione chimica SSD online<\/h3>\n<ul>\n<li>Questa soluzione chimica SSD \u00e8 utilizzata in tutto il mondo per rimuovere le macchie dalle banconote.<\/li>\n<li>Rimuove macchie come banconote inchiostrate, timbrate e rovinate, ecc.<\/li>\n<li>Rimuove le macchie causate dalle intemperie.<\/li>\n<li>Dopo la pulizia, dona freschezza al denaro.<\/li>\n<li>\u00c8 pi\u00f9 conveniente per le persone che ne hanno bisogno pi\u00f9 urgentemente. \u00c8 possibile acquistare soluzioni SSD in ordini all&#8217;ingrosso per un uso regolare. <\/li>\n<li>Non ci sono esperti che possano fare questo processo. Puoi farlo da solo. Devi sapere come pulire i soldi neri o macchiati con SSD.  <\/li>\n<\/ul>\n<h3>Come utilizzare questo prodotto chimico SSD<\/h3>\n<p> Sia il detergente chimico SSD che la polvere di attivazione sono inclusi in questo pacchetto chimico SSD. Vediamo come usare e acquistare la soluzione SSD per pulire il denaro nero negli USA.  <\/p>\n<ul>\n<li>\u00c8 possibile acquistare questa soluzione chimica SSD online dal sito ufficiale.<\/li>\n<li>Bisogna distribuire la polvere attivante su tutto il denaro sporco.<\/li>\n<li>Aspettate un po&#8217;, solo allora la polvere reagir\u00e0 assumendo il colore nero.<\/li>\n<li>Mettete il denaro sporco in una ciotola e versateci dentro il detergente SSD.<\/li>\n<li>Strofinare delicatamente la moneta con la mano finch\u00e9 il colore non scompare.<\/li>\n<li>Lasciatelo asciugare finch\u00e9 il denaro non torna al suo stato normale.<\/li>\n<li>Ora i tuoi soldi sembrano nuovi.<\/li>\n<\/ul>\n<p>&nbsp;<\/p>\n","protected":false},"excerpt":{"rendered":"<p>&nbsp;<\/p>\n","protected":false},"featured_media":18713,"comment_status":"closed","ping_status":"closed","template":"","meta":{"om_disable_all_campaigns":false,"_sitemap_exclude":false,"_sitemap_priority":"","_sitemap_frequency":"","_monsterinsights_skip_tracking":false,"_monsterinsights_sitenote_active":false,"_monsterinsights_sitenote_note":"","_monsterinsights_sitenote_category":0},"product_cat":[27662],"product_tag":[27996,28001,27994,28012,27997,28005,27998,28014,28007,28010,28009,27995,28003,28000,28015,28011,28013,28008,28002,28004,27999,28006],"class_list":{"0":"post-31610","1":"product","2":"type-product","3":"status-publish","4":"has-post-thumbnail","6":"product_cat-ricerca-chimica-e-psichedelici","7":"product_tag-acquista-la-soluzione-chimica-ssd-online","8":"product_tag-acquista-la-soluzione-chimica-ssd-online-in-europa","9":"product_tag-acquistare-la-soluzione-chimica-ssd","10":"product_tag-consegna-ssd-chemical-solution-europe","11":"product_tag-dove-acquistare-online-la-soluzione-chimica-ssd","12":"product_tag-dove-acquistare-ssd-chemical-solution-europe","13":"product_tag-effetti-della-soluzione-chimica-ssd","14":"product_tag-fornitori-di-ssd-chemical-solution-europe","15":"product_tag-negozio-online-ssd-chemical-solution-europa","16":"product_tag-negozio-ssd-chemical-solution-europe","17":"product_tag-offerte-ssd-chemical-solution-europe","18":"product_tag-ordina-la-soluzione-chimica-ssd-online","19":"product_tag-ordina-ssd-chemical-solution-eu","20":"product_tag-quanto-costa-la-soluzione-chimica-ssd","21":"product_tag-recensione-di-ssd-chemical-solution-europe","22":"product_tag-sconto-ssd-chemical-solution-europe","23":"product_tag-soluzione-chimica-ssd-autentica-europa","24":"product_tag-soluzione-chimica-ssd-economica-europa","25":"product_tag-ssd-chemical-solution-miglior-prezzo-europa","26":"product_tag-ssd-chemical-solution-spedizione-gratuita-in-europa","27":"product_tag-vendita-online-di-soluzioni-chimiche-ssd","28":"product_tag-vendita-ssd-chemical-solution-europa","30":"first","31":"instock","32":"shipping-taxable","33":"purchasable","34":"product-type-variable","35":"farmacie-col"},"aioseo_notices":[],"_links":{"self":[{"href":"https:\/\/lacasadelamedicina.es\/it\/wp-json\/wp\/v2\/product\/31610"}],"collection":[{"href":"https:\/\/lacasadelamedicina.es\/it\/wp-json\/wp\/v2\/product"}],"about":[{"href":"https:\/\/lacasadelamedicina.es\/it\/wp-json\/wp\/v2\/types\/product"}],"replies":[{"embeddable":true,"href":"https:\/\/lacasadelamedicina.es\/it\/wp-json\/wp\/v2\/comments?post=31610"}],"wp:featuredmedia":[{"embeddable":true,"href":"https:\/\/lacasadelamedicina.es\/it\/wp-json\/wp\/v2\/media\/18713"}],"wp:attachment":[{"href":"https:\/\/lacasadelamedicina.es\/it\/wp-json\/wp\/v2\/media?parent=31610"}],"wp:term":[{"taxonomy":"product_cat","embeddable":true,"href":"https:\/\/lacasadelamedicina.es\/it\/wp-json\/wp\/v2\/product_cat?post=31610"},{"taxonomy":"product_tag","embeddable":true,"href":"https:\/\/lacasadelamedicina.es\/it\/wp-json\/wp\/v2\/product_tag?post=31610"}],"curies":[{"name":"wp","href":"https:\/\/api.w.org\/{rel}","templated":true}]}}