{"id":31605,"date":"2024-08-09T14:02:20","date_gmt":"2024-08-09T14:02:20","guid":{"rendered":"https:\/\/lacasadelamedicina.es\/product\/acquista-online-il-mercurio-liquido-virgin-silver\/"},"modified":"2024-08-09T14:02:20","modified_gmt":"2024-08-09T14:02:20","slug":"acquista-online-il-mercurio-liquido-virgin-silver","status":"publish","type":"product","link":"https:\/\/lacasadelamedicina.es\/it\/prodotto\/acquista-online-il-mercurio-liquido-virgin-silver\/","title":{"rendered":"Acquista online il mercurio liquido Virgin Silver"},"content":{"rendered":"<h3><span lang=\"EN-US\">Mercurio liquido d&#8217;argento vergine in vendita &#8211; Acquista mercurio liquido d&#8217;argento vergine online<\/span><\/h3>\n<p> Acquista Virgin Silver Liquid Mercury Online &#8211; Offriamo mercurio liquido in argento puro all&#8217;ingrosso in vendita online ai prezzi pi\u00f9 bassi perch\u00e9 siamo il miglior rivenditore di cannabinoidi. Il mercurio disciolto in argento puro pu\u00f2 essere acquistato legalmente online da noi per scopi di ricerca. Acquista Virgin Silver Liquid Mercury Online &#8211; Acquista Virgin Silver Liquid Mercury Online L&#8217;attuale contenitore da 34,5 kg contiene argento liquido vergine che pu\u00f2 essere utilizzato per scopi industriali. Questa bottiglia contiene argento liquido puro che \u00e8 stato prodotto con l&#8217;ausilio di macchinari all&#8217;avanguardia e ricette sviluppate da specialisti. Inoltre, acquistare mercurio liquido in argento puro dal sito Web di questa azienda \u00e8 facile. Questa piattaforma \u00e8 facile da usare e fornisce un prodotto di alta qualit\u00e0 quando necessario.      <a href=\"https:\/\/drlawsonspharmacy\/contact-us\/\">CONTATTO<\/a><\/p>\n<h3><span lang=\"EN-US\">Cos&#8217;\u00e8 il mercurio liquido d&#8217;argento vergine?<\/span><\/h3>\n<p> Questa nota materia prima pu\u00f2 essere trovata in molti articoli, come interruttori a mercurio, tubi fluorescenti, termometri e barometri. Il mercurio liquido in argento puro \u00e8 quindi unico per l&#8217;uso nella produzione di altri materiali o sostanze chimiche, in quanto agisce come catalizzatore per le successive reazioni chimiche. Circa il 99,9% di questo mercurio \u00e8 disponibile in forma pura. Pertanto, il programma includer\u00e0 anche altre materie prime come oro e argento. Saranno quindi sottoposti a test approfonditi prima di essere utilizzati. Acquista online il mercurio liquido in argento vergine      <\/p>\n<h3><span lang=\"EN-US\">Dove acquistare Virgin Silver Liquid Mercury?<\/span><\/h3>\n<p> Gli utenti possono acquistare contenitori di questo mercurio liquido a un prezzo ragionevole. La sostanza non contiene metalli pesanti. Acquistare mercurio liquido argenteo al giusto prezzo e nella quantit\u00e0 richiesta \u00e8 pi\u00f9 conveniente per i clienti. Se non sai come misurare o calcolare correttamente la quantit\u00e0 di mercurio necessaria, chiama gli esperti dell&#8217;agenzia e ti aiuteranno a determinare la quantit\u00e0 di cui hai bisogno. <a href=\"https:\/\/dieapotheke247.com\/\">Questo<\/a> prodotto \u00e8 utilizzato solo per prodotti chimici di ricerca, ma \u00e8 fornito in forma pura e di alta qualit\u00e0.    &nbsp;<\/p>\n","protected":false},"excerpt":{"rendered":"<p>Mercurio liquido d&#8217;argento vergine in vendita &#8211; Acquista mercurio liquido d&#8217;argento vergine online Acquista Virgin Silver Liquid Mercury Online &#8211; Offriamo mercurio liquido in argento puro all&#8217;ingrosso in vendita online ai prezzi pi\u00f9 bassi perch\u00e9 siamo il miglior rivenditore di cannabinoidi. Il mercurio disciolto in argento puro pu\u00f2 essere acquistato legalmente online da noi per [&hellip;]<\/p>\n","protected":false},"featured_media":18728,"comment_status":"closed","ping_status":"closed","template":"","meta":{"om_disable_all_campaigns":false,"_sitemap_exclude":false,"_sitemap_priority":"","_sitemap_frequency":"","_monsterinsights_skip_tracking":false,"_monsterinsights_sitenote_active":false,"_monsterinsights_sitenote_note":"","_monsterinsights_sitenote_category":0},"product_cat":[27662],"product_tag":[27979,27974,27973,27975,27983,27976,27992,27991,27990,27986,27985,27988,27987,27972,27981,27978,27993,27989,27984,27977,27980,27982],"class_list":{"0":"post-31605","1":"product","2":"type-product","3":"status-publish","4":"has-post-thumbnail","6":"product_cat-ricerca-chimica-e-psichedelici","7":"product_tag-acquista-mercurio-liquido-virgin-silver-online-in-europa","8":"product_tag-acquista-online-il-mercurio-liquido-virgin-silver","9":"product_tag-acquistare-mercurio-liquido-virgin-silver","10":"product_tag-dove-acquistare-online-il-mercurio-liquido-virgin-silver","11":"product_tag-dove-acquistare-virgin-silver-liquido-mercurio-europa","12":"product_tag-effetti-del-mercurio-liquido-virgin-silver","13":"product_tag-fornitori-di-mercurio-liquido-virgin-silver-in-europa","14":"product_tag-mercurio-liquido-autentico-virgin-silver-europa","15":"product_tag-mercurio-liquido-virgin-silver-consegna-in-europa","16":"product_tag-mercurio-liquido-virgin-silver-economico-europa","17":"product_tag-negozio-online-di-mercurio-liquido-virgin-silver-europa","18":"product_tag-negozio-virgin-silver-mercurio-liquido-europa","19":"product_tag-offerte-virgin-silver-mercurio-liquido-europa","20":"product_tag-ordina-online-il-mercurio-liquido-virgin-silver","21":"product_tag-ordina-virgin-silver-liquido-mercurio-ue","22":"product_tag-quanto-costa-il-mercurio-liquido-virgin-silver","23":"product_tag-recensione-virgin-silver-liquido-mercurio-europa","24":"product_tag-sconto-virgin-silver-mercurio-liquido-europa","25":"product_tag-vendita-di-mercurio-liquido-virgin-silver-in-europa","26":"product_tag-vendita-online-di-mercurio-liquido-virgin-silver","27":"product_tag-virgin-silver-liquido-mercurio-miglior-prezzo-europa","28":"product_tag-virgin-silver-liquido-mercurio-spedizione-gratuita-europa","30":"first","31":"instock","32":"shipping-taxable","33":"purchasable","34":"product-type-variable","35":"farmacie-col"},"aioseo_notices":[],"_links":{"self":[{"href":"https:\/\/lacasadelamedicina.es\/it\/wp-json\/wp\/v2\/product\/31605"}],"collection":[{"href":"https:\/\/lacasadelamedicina.es\/it\/wp-json\/wp\/v2\/product"}],"about":[{"href":"https:\/\/lacasadelamedicina.es\/it\/wp-json\/wp\/v2\/types\/product"}],"replies":[{"embeddable":true,"href":"https:\/\/lacasadelamedicina.es\/it\/wp-json\/wp\/v2\/comments?post=31605"}],"wp:featuredmedia":[{"embeddable":true,"href":"https:\/\/lacasadelamedicina.es\/it\/wp-json\/wp\/v2\/media\/18728"}],"wp:attachment":[{"href":"https:\/\/lacasadelamedicina.es\/it\/wp-json\/wp\/v2\/media?parent=31605"}],"wp:term":[{"taxonomy":"product_cat","embeddable":true,"href":"https:\/\/lacasadelamedicina.es\/it\/wp-json\/wp\/v2\/product_cat?post=31605"},{"taxonomy":"product_tag","embeddable":true,"href":"https:\/\/lacasadelamedicina.es\/it\/wp-json\/wp\/v2\/product_tag?post=31605"}],"curies":[{"name":"wp","href":"https:\/\/api.w.org\/{rel}","templated":true}]}}