{"id":31572,"date":"2024-08-09T14:02:21","date_gmt":"2024-08-09T14:02:21","guid":{"rendered":"https:\/\/lacasadelamedicina.es\/product\/acquista-4f-bca-online\/"},"modified":"2024-08-09T14:02:21","modified_gmt":"2024-08-09T14:02:21","slug":"acquista-4f-bca-online","status":"publish","type":"product","link":"https:\/\/lacasadelamedicina.es\/it\/prodotto\/acquista-4f-bca-online\/","title":{"rendered":"Acquista 4F BCA online"},"content":{"rendered":"<h3>4F BCA &#8211; 4f-bca in vendita &#8211; Acquista 4f bca online GERMANIA Ricerca chimica<\/h3>\n<p> Acquista 4F BCA online &#8211; Poich\u00e9 si tratta del tipo di sostanza cruciale con una domanda di mercato in crescita, la nostra azienda, Ultimate Online Pharmacy, \u00e8 qui per soddisfare tali aspettative con una linea di prodotti altamente efficace. Se desideri acquistare 4F <a href=\"https:\/\/dieapotheke247.com\/\">B<\/a>CA online, contattaci immediatamente. Dr. Lawsons Pharmacy \u00e8 nota per i suoi prodotti di prima qualit\u00e0 e per il supporto competente. Siamo un venditore e fornitore affidabile di 4F-BCA nel settore online. \u00c8 noto come 4-fluoro-BCA ed \u00e8 disponibile in forma liquida e solida. una volta venduto come stimolante; appartiene alla classe indazolica dei cannabinoidi. Acquista 4F BCA online-       <a href=\"https:\/\/drlawsonspharmacy\/contact-us\/\">CONTATTO<\/a><\/p>\n<p>&nbsp;<\/p>\n<h3>Che cosa \u00e8 4F BCA?<\/h3>\n<p> Una novit\u00e0 nella famiglia di sostanze chimiche di ricerca della cannabis \u00e8 il 4F-BCA. Il farmaco \u00e8 giallo e puro al 99,6%. La persona deve conservare la sostanza chimica in un luogo fresco e asciutto. Il farmaco funziona in modo simile al 4ADB e al 5ADB. \u00c8 una potente sostanza chimica di ricerca, ma non adatta all&#8217;ingestione umana. Il 4F-BCA sembra essere paragonabile nei suoi effetti ad altri cannabinoidi. Per l&#8217;uso in ambito forense, di ricerca e di test, chimici e ricercatori possono acquistare il 4F-BCA negli Stati Uniti. Questi farmaci vengono acquistati da chimici, scienziati e ricercatori come materiali di riferimento comuni per la ricerca. Altri usi non sono approvati. Puoi ottenere il 4F-BCA per uso di ricerca e per la vendita. In molti paesi, questi narcotici sono limitati o controllati e diversi stati degli Stati Uniti li hanno vietati.           &nbsp;<\/p>\n<h3>Acquista 4F BCA online<\/h3>\n<p> Non ci sono prove a sostegno dell&#8217;uso di 4F-BCA in particolare. Questi farmaci aiutano le persone ansiose e indigenti che li usano a rilassarsi. Sono disponibili online. Acquista 4F-BCA a un prezzo scontato. Abbiamo una vasta conoscenza del settore e comprendiamo la psicologia dei consumatori.     <strong>Pu\u00f2 essere assunto principalmente per via inalatoria o orale.<\/strong><\/p>\n<p><strong>D&#8217;altro canto, la quantit\u00e0 esatta del farmaco \u00e8 oggetto di dibattito.<\/strong><\/p>\n<p><strong>La maggior parte delle persone non \u00e8 consapevole della dose esatta o della composizione che sta assumendo.<\/strong> Le indagini mediche dimostrano che questi farmaci, come il 4F-BCA della Chemical frog con purezza del 99,9%, non hanno alcun uso industriale, commerciale o medico. Tradotto con www.DeepL.com\/Translator (versione gratuita)  &nbsp;<\/p>\n<h3><strong>Ordina 4F BCA<\/strong> &#8211; Come scegliere la piattaforma giusta?<\/h3>\n<p> L&#8217;alta qualit\u00e0 del 4F-BCA in vendita, l&#8217;etichettatura chimica impeccabile, l&#8217;imballaggio discreto, la consegna puntuale, il trasporto sicuro e altri servizi offerti dalla nostra azienda ci distinguono dalla concorrenza. \u00c8 facile e sicuro ottenere sostanze chimiche di ricerca online 4F-BCA dal nostro sito Web. Tutti i dati dei clienti sono normalmente protetti nel nostro sistema. Anche i nostri processi di pagamento sono sicuri. \u00c8 una sostanza molto potente e attiva. Legandosi ai recettori CB1 nel cervello, li rallenta. Se assunto per lungo tempo, il sistema nervoso centrale umano \u00e8 molto vulnerabile. Alcuni produttori chimici producono i farmaci in forma erboristica e li commercializzano localmente come sostanze sicure e legali.        &nbsp;<\/p>\n","protected":false},"excerpt":{"rendered":"<p>&nbsp;<\/p>\n","protected":false},"featured_media":18668,"comment_status":"closed","ping_status":"closed","template":"","meta":{"om_disable_all_campaigns":false,"_sitemap_exclude":false,"_sitemap_priority":"","_sitemap_frequency":"","_monsterinsights_skip_tracking":false,"_monsterinsights_sitenote_active":false,"_monsterinsights_sitenote_note":"","_monsterinsights_sitenote_category":0},"product_cat":[27662],"product_tag":[27914,27916,27906,27908,27913,27925,27924,27917,27909,27920,27910,27926,27922,27919,27921,27907,27915,27912,27927,27923,27918,27911],"class_list":{"0":"post-31572","1":"product","2":"type-product","3":"status-publish","4":"has-post-thumbnail","6":"product_cat-ricerca-chimica-e-psichedelici","7":"product_tag-4f-bca-miglior-prezzo-europa","8":"product_tag-4f-bca-spedizione-gratuita-in-europa","9":"product_tag-acquista-4f-bca","10":"product_tag-acquista-4f-bca-online","11":"product_tag-acquista-4f-bca-online-in-europa","12":"product_tag-autentico-4f-bca-europa-it","13":"product_tag-consegna-4f-bca-europa","14":"product_tag-dove-acquistare-4f-bca-europe","15":"product_tag-dove-acquistare-4f-bca-online","16":"product_tag-economico-4f-bca-europa","17":"product_tag-effetti-del-4f-bca","18":"product_tag-fornitori-4f-bca-europe","19":"product_tag-negozio-bca-europa-4f","20":"product_tag-negozio-online-4f-bca-europa","21":"product_tag-offerte-bca-europe-4f","22":"product_tag-ordina-4f-bca-online","23":"product_tag-ordine-4f-bca-eu","24":"product_tag-quanto-e-4f-bca","25":"product_tag-recensione-di-4f-bca-europe","26":"product_tag-sconto-bca-europa-4f","27":"product_tag-vendita-bca-europa-4f","28":"product_tag-vendita-online-di-4f-bca","30":"first","31":"instock","32":"shipping-taxable","33":"purchasable","34":"product-type-variable","35":"farmacie-col"},"aioseo_notices":[],"_links":{"self":[{"href":"https:\/\/lacasadelamedicina.es\/it\/wp-json\/wp\/v2\/product\/31572"}],"collection":[{"href":"https:\/\/lacasadelamedicina.es\/it\/wp-json\/wp\/v2\/product"}],"about":[{"href":"https:\/\/lacasadelamedicina.es\/it\/wp-json\/wp\/v2\/types\/product"}],"replies":[{"embeddable":true,"href":"https:\/\/lacasadelamedicina.es\/it\/wp-json\/wp\/v2\/comments?post=31572"}],"wp:featuredmedia":[{"embeddable":true,"href":"https:\/\/lacasadelamedicina.es\/it\/wp-json\/wp\/v2\/media\/18668"}],"wp:attachment":[{"href":"https:\/\/lacasadelamedicina.es\/it\/wp-json\/wp\/v2\/media?parent=31572"}],"wp:term":[{"taxonomy":"product_cat","embeddable":true,"href":"https:\/\/lacasadelamedicina.es\/it\/wp-json\/wp\/v2\/product_cat?post=31572"},{"taxonomy":"product_tag","embeddable":true,"href":"https:\/\/lacasadelamedicina.es\/it\/wp-json\/wp\/v2\/product_tag?post=31572"}],"curies":[{"name":"wp","href":"https:\/\/api.w.org\/{rel}","templated":true}]}}