{"id":31539,"date":"2024-08-09T14:02:30","date_gmt":"2024-08-09T14:02:30","guid":{"rendered":"https:\/\/lacasadelamedicina.es\/product\/acquista-la-carta-k2-online\/"},"modified":"2024-08-09T14:02:30","modified_gmt":"2024-08-09T14:02:30","slug":"acquista-la-carta-k2-online","status":"publish","type":"product","link":"https:\/\/lacasadelamedicina.es\/it\/prodotto\/acquista-la-carta-k2-online\/","title":{"rendered":"Acquista la carta K2 online"},"content":{"rendered":"<h3 class=\"product_title entry-title\">Acquista la carta K2 online.<\/h3>\n<h3>Ricevi a casa tua fogli di carta K2 economici<\/h3>\n<p> Puoi acquistare la carta K2 online. Un modo comune di consumare marijuana \u00e8 passare rapidamente alla forma sintetica. La carta K2 \u00e8 una miscela di materiale vegetale triturato e sostanze artificiali con effetti psichedelici. Gli studi dimostrano che le sostanze chimiche si attaccano agli stessi recettori sulle cellule nervose nel cervello del THC, elevando l&#8217;umore, favorendo il rilassamento, alterando la percezione e inducendo psicosi. Se stai cercando prodotti di prima qualit\u00e0, sei arrivato nel posto giusto nel nostro affidabile negozio online. Acquistiamo i nostri prodotti da produttori affidabili per garantire la sicurezza dei nostri clienti. Ti promettiamo che non ti pentirai di averci provato.       <a href=\"https:\/\/drlawsonspharmacy\/contact-us\/\"><a href=\"https:\/\/drlawsonspharmacy\/contact-us\/\">CONTATTO<\/a><\/a><\/p>\n<h3><strong>Ordina la carta K2<\/strong><\/h3>\n<p> I cannabinoidi sono composti chimici che si trovano naturalmente nelle piante di marijuana e sono i mattoni di molti prodotti farmaceutici. Il componente attivo della cannabis ha somiglianze molecolari con la carta sintetica K2. I benefici sono maggiori e, quando una sessione \u00e8 finita, ci si pu\u00f2 sentire sereni e sollevati. La marijuana viene utilizzata come sostituto sicuro per una serie di scopi terapeutici e ricreativi, man mano che le persone diventano pi\u00f9 consapevoli dei suoi benefici. Sebbene un sovradosaggio possa causare ansia, allucinazioni, pressione alta, dolore al petto, mancanza di respiro, convulsioni e vomito, si dovrebbe procedere con cautela. Le sostanze chimiche in alcuni prodotti di spezie K2 sul mercato potrebbero essere pericolose. Ecco perch\u00e9 \u00e8 importante acquistare da Dr. Lawsons Pharmacy.       <\/p>\n<h3><strong>Ordina la carta K2<\/strong><\/h3>\n<p> Vuoi ottenere i migliori prodotti erboristici? Ti offriamo un ottimo modo per acquistare K2 Paper online a prezzi vantaggiosi, poich\u00e9 abbiamo una vasta base di clienti internazionali. Non solo ti offriamo la pi\u00f9 ampia selezione, ma offriamo anche opzioni di spedizione discrete e opzioni di pagamento sicure. Non sei costretto a fermarti alle stazioni di servizio o alle aree di sosta vicine. L&#8217;azienda ha in programma di continuare ad alzare l&#8217;asticella sia nella qualit\u00e0 del prodotto che nel servizio clienti per rimanere un passo avanti alla concorrenza. Il nostro obiettivo principale \u00e8 quello di mantenerti soddisfatto e abbiamo sempre un team competente a disposizione per risolvere qualsiasi problema. Se hai domande o dubbi, non esitare a contattarci.<\/p>\n","protected":false},"excerpt":{"rendered":"<p>Ogni foglio A4 contiene 25 ml = 0,845351 once fluide di infusione liquida di K2. Carta K2 in vendita che \u00e8 incolore e inodore. Inoltre, vendiamo spray K2. Offriamo prodotti di prima qualit\u00e0 con spedizione eccellente e discreta. Con 12 anni di esperienza nella fornitura di prodotti chimici per la ricerca, la sicurezza \u00e8 la nostra massima priorit\u00e0. Siamo affidabili, degni di fiducia e offriamo solo prodotti di alta qualit\u00e0 a prezzi competitivi. Acquista carta K2 online, carta K2 economica, carta K2 in vendita, carta per spezie K2 legale ad alto contenuto, K2 liquido su carta, carta per spezie,       &nbsp;<\/p>\n","protected":false},"featured_media":18803,"comment_status":"closed","ping_status":"closed","template":"","meta":{"om_disable_all_campaigns":false,"_sitemap_exclude":false,"_sitemap_priority":"","_sitemap_frequency":"","_monsterinsights_skip_tracking":false,"_monsterinsights_sitenote_active":false,"_monsterinsights_sitenote_note":"","_monsterinsights_sitenote_category":0},"product_cat":[27662],"product_tag":[27796,27798,27803,27815,27810,27807,27799,27800,27816,27804,27813,27806,27814,27812,27809,27811,27805,27797,27802,27817,27808,27801],"class_list":{"0":"post-31539","1":"product","2":"type-product","3":"status-publish","4":"has-post-thumbnail","6":"product_cat-ricerca-chimica-e-psichedelici","7":"product_tag-acquista-carta-k2","8":"product_tag-acquista-carta-k2-online","9":"product_tag-acquista-carta-k2-online-in-europa","10":"product_tag-carta-k2-autentica-europa","11":"product_tag-carta-k2-economica-europa","12":"product_tag-dove-acquistare-la-carta-k2-in-europa","13":"product_tag-dove-acquistare-la-carta-k2-online","14":"product_tag-effetti-della-carta-k2","15":"product_tag-fornitori-di-carta-k2-europa","16":"product_tag-k2-carta-miglior-prezzo-europa","17":"product_tag-k2-carta-sconto-europa","18":"product_tag-k2-carta-spedizione-gratuita-europa","19":"product_tag-k2-paper-consegna-in-europa","20":"product_tag-negozio-di-carta-k2-europa","21":"product_tag-negozio-online-di-carta-k2-europa","22":"product_tag-offerte-di-k2-paper-europe","23":"product_tag-ordina-la-carta-k2-eu","24":"product_tag-ordina-la-carta-k2-online","25":"product_tag-quanto-costa-la-carta-k2","26":"product_tag-recensione-del-documento-k2-europa","27":"product_tag-saldi-carta-k2-europa","28":"product_tag-vendita-online-di-carta-k2","30":"first","31":"instock","32":"shipping-taxable","33":"purchasable","34":"product-type-variable","35":"farmacie-col"},"aioseo_notices":[],"_links":{"self":[{"href":"https:\/\/lacasadelamedicina.es\/it\/wp-json\/wp\/v2\/product\/31539"}],"collection":[{"href":"https:\/\/lacasadelamedicina.es\/it\/wp-json\/wp\/v2\/product"}],"about":[{"href":"https:\/\/lacasadelamedicina.es\/it\/wp-json\/wp\/v2\/types\/product"}],"replies":[{"embeddable":true,"href":"https:\/\/lacasadelamedicina.es\/it\/wp-json\/wp\/v2\/comments?post=31539"}],"wp:featuredmedia":[{"embeddable":true,"href":"https:\/\/lacasadelamedicina.es\/it\/wp-json\/wp\/v2\/media\/18803"}],"wp:attachment":[{"href":"https:\/\/lacasadelamedicina.es\/it\/wp-json\/wp\/v2\/media?parent=31539"}],"wp:term":[{"taxonomy":"product_cat","embeddable":true,"href":"https:\/\/lacasadelamedicina.es\/it\/wp-json\/wp\/v2\/product_cat?post=31539"},{"taxonomy":"product_tag","embeddable":true,"href":"https:\/\/lacasadelamedicina.es\/it\/wp-json\/wp\/v2\/product_tag?post=31539"}],"curies":[{"name":"wp","href":"https:\/\/api.w.org\/{rel}","templated":true}]}}