{"id":31478,"date":"2024-08-09T14:02:30","date_gmt":"2024-08-09T14:02:30","guid":{"rendered":"https:\/\/lacasadelamedicina.es\/product\/acquista-spray-antifumo-k2-online-spice-online\/"},"modified":"2024-08-09T14:02:30","modified_gmt":"2024-08-09T14:02:30","slug":"acquista-spray-antifumo-k2-online-spice-online","status":"publish","type":"product","link":"https:\/\/lacasadelamedicina.es\/it\/prodotto\/acquista-spray-antifumo-k2-online-spice-online\/","title":{"rendered":"Acquista spray antifumo K2 online (SPICE) Online"},"content":{"rendered":"<h3>Acquista online lo spray all&#8217;incenso K2 (SPICE) Online.<\/h3>\n<p> Acquista spray di incenso K2 &#8211; \u00c8 disponibile anche la carta K2. \u00c8 possibile acquistare spray K2 incolore e inodore. Sono necessari 25 ml di spray per coprire un intero foglio di carta A4. Acquista spray di incenso K2 online (SPICE) <a href=\"https:\/\/drlawsonspharmacy\/contact-us\/\">CONTATTO<\/a> I due nomi pi\u00f9 noti per la marijuana sintetica sono aroma e K2. Sono costituiti da materiale vegetale essiccato che \u00e8 stato mescolato con cannabinoidi artificiali. I cannabinoidi artificiali sono miscele sintetiche che hanno lo stesso effetto sui recettori dei cannabinoidi del cervello del delta9-tetraidrocannabinolo (THC), il principale componente psicoattivo della marijuana. I consumatori di cannabis credono che usare Spice abbia effetti simili. I cannabinoidi, o composti chimici, si trovano nella pianta di marijuana. Un gruppo di farmaci chiamati cannabinoidi ingegnerizzati sono chiamati aroma e K2. Sono costituiti da materiale vegetale essiccato che \u00e8 stato trattato con sostanze artificiali per influenzare la percezione. Innanzitutto, gli analisti hanno preso accordi per i test utilizzando questi farmaci artificiali.           <\/p>\n<h3>Acquista online lo spray antifumo K2 (SPICE)<\/h3>\n<p> K2 \u00e8 anche offerto come un liquido che pu\u00f2 essere fumato usando le sigarette elettroniche. Pu\u00f2 anche essere consumato come un t\u00e8 o fumato in canne o pipe. La forma liquida di K2 viene poi gocciolata su fibre, carta e piante. La spezia pu\u00f2 avere effetti simili alla marijuana, ma viene consumata principalmente per la sua discrezione e notoriet\u00e0. Di solito, questa sostanza chimica \u00e8 offerta come materiale vegetale. Nonostante il fatto che offriamo un eccellente sapore di K2, la composizione complessiva delle nostre miscele personalizzate \u00e8 pienamente informata dalle normative vigenti. Incenso alle erbe online Per risvegliare i tuoi sensi, acquista un forte incenso alle erbe K2! Quando acquisti K2 da noi, la nostra qualit\u00e0 si distingue da quella di coloro che vendono miscele e imitazioni senza vita. Ci distinguiamo dagli altri venditori perch\u00e9 vendiamo incenso alle erbe di alta qualit\u00e0. Un tranquillante da strada artificiale con sostanze sintetiche spruzzate sugli aromi, l&#8217;aroma \u00e8 anche noto come K2, marijuana sintetica e spray di incenso sintetico per erba, spray k2 in vendita. Sulla carta, liquido K2. Puoi acquistare spray K2 e incenso liquido online. Ordina la carta K2 Zing della massima qualit\u00e0 e ricevila direttamente a casa.             <\/p>\n<h3><strong>Spray di incenso K2 online (SPICE) online<\/strong><\/h3>\n<p> Se vuoi padroneggiare i liquidi di incenso locale K2 e gli e-liquidi spruzzati online, sei arrivato nel posto perfetto. Per soddisfare le esigenze di tutti i clienti negli Stati Uniti e in tutto il mondo, vendiamo i dominanti arrabbiati locali di liquido K2 ai prezzi pi\u00f9 scontati. Un altro uso ben noto \u00e8 quello di realizzare lavande K2, che vengono solitamente applicate localmente. \u00c8 senza dubbio fondamentale. I cannabinoidi artificiali, noti anche come &#8220;aroma&#8221; o &#8220;K2&#8221;, sono apparsi per la prima volta negli Stati Uniti negli anni 2000. carta per spezie K2 di alta qualit\u00e0. Offriamo la migliore carta per spezie K2 che puoi acquistare online. Acquistala ora. Cos&#8217;\u00e8 esattamente la marijuana sintetica (nota anche come K2, Spice o cannabinoidi artificiali)? Il miglior incenso locale \u00e8 disponibile da noi.          &nbsp;<\/p>\n","protected":false},"excerpt":{"rendered":"<p>K2 Spray \u00e8 disponibile per l&#8217;acquisto ed \u00e8 incolore e inodore. Per spruzzare un intero foglio di carta A4, avrai bisogno di 25 ml. K2 Paper \u00e8 un altro articolo che vendiamo.   &nbsp;<\/p>\n","protected":false},"featured_media":18788,"comment_status":"closed","ping_status":"closed","template":"","meta":{"om_disable_all_campaigns":false,"_sitemap_exclude":false,"_sitemap_priority":"","_sitemap_frequency":"","_monsterinsights_skip_tracking":false,"_monsterinsights_sitenote_active":false,"_monsterinsights_sitenote_note":"","_monsterinsights_sitenote_category":0},"product_cat":[27662],"product_tag":[27664,27663,27670,27674,27665,27667,27683,27676,27668,27672,27666,27669,27684,27675,27671,27679,27678,27680,27673,27681,27682,27677],"class_list":{"0":"post-31478","1":"product","2":"type-product","3":"status-publish","4":"has-post-thumbnail","6":"product_cat-ricerca-chimica-e-psichedelici","7":"product_tag-acquista-online-lo-spray-antifumo-k2-spice","8":"product_tag-acquista-spray-antifumo-k2-spice","9":"product_tag-acquista-spray-antifumo-k2-spice-online-in-europa","10":"product_tag-dove-acquistare-k2-smoke-spray-spice-in-europa","11":"product_tag-dove-acquistare-online-lo-spray-antifumo-k2-spice","12":"product_tag-effetti-dello-spray-di-fumo-k2-spice","13":"product_tag-k2-smoke-spray-spice-fornitori-in-europa","14":"product_tag-k2-spray-fumogeno-spice-negozio-online-europa","15":"product_tag-k2-spray-fumogeno-spice-vendita-online","16":"product_tag-ordina-lo-spray-antifumo-k2-spice-eu","17":"product_tag-ordina-online-lo-spray-antifumo-k2-spice","18":"product_tag-quanto-costa-lo-spray-antifumo-k2-spice","19":"product_tag-recensione-di-k2-smoke-spray-spice-europa","20":"product_tag-spray-antifumo-k2-spice-in-vendita-in-europa","21":"product_tag-spray-antifumo-k2-spice-miglior-prezzo-europa","22":"product_tag-spray-antifumo-k2-spice-negozio-europa","23":"product_tag-spray-antifumo-k2-spice-offerte-europa","24":"product_tag-spray-antifumo-k2-spice-sconto-europa","25":"product_tag-spray-antifumo-k2-spice-spedizione-gratuita-in-europa","26":"product_tag-spray-fumogeno-k2-spice-consegna-in-europa","27":"product_tag-spray-fumogeno-k2-autentico-spice-europa","28":"product_tag-spray-fumogeno-k2-economico-spice-europa","30":"first","31":"instock","32":"shipping-taxable","33":"purchasable","34":"product-type-variable","35":"farmacie-col"},"aioseo_notices":[],"_links":{"self":[{"href":"https:\/\/lacasadelamedicina.es\/it\/wp-json\/wp\/v2\/product\/31478"}],"collection":[{"href":"https:\/\/lacasadelamedicina.es\/it\/wp-json\/wp\/v2\/product"}],"about":[{"href":"https:\/\/lacasadelamedicina.es\/it\/wp-json\/wp\/v2\/types\/product"}],"replies":[{"embeddable":true,"href":"https:\/\/lacasadelamedicina.es\/it\/wp-json\/wp\/v2\/comments?post=31478"}],"wp:featuredmedia":[{"embeddable":true,"href":"https:\/\/lacasadelamedicina.es\/it\/wp-json\/wp\/v2\/media\/18788"}],"wp:attachment":[{"href":"https:\/\/lacasadelamedicina.es\/it\/wp-json\/wp\/v2\/media?parent=31478"}],"wp:term":[{"taxonomy":"product_cat","embeddable":true,"href":"https:\/\/lacasadelamedicina.es\/it\/wp-json\/wp\/v2\/product_cat?post=31478"},{"taxonomy":"product_tag","embeddable":true,"href":"https:\/\/lacasadelamedicina.es\/it\/wp-json\/wp\/v2\/product_tag?post=31478"}],"curies":[{"name":"wp","href":"https:\/\/api.w.org\/{rel}","templated":true}]}}