{"id":31450,"date":"2024-08-09T14:02:39","date_gmt":"2024-08-09T14:02:39","guid":{"rendered":"https:\/\/lacasadelamedicina.es\/product\/acquista-online-i-blotter-shiva-lsd-da-170-ug\/"},"modified":"2024-08-09T14:02:39","modified_gmt":"2024-08-09T14:02:39","slug":"acquista-online-i-blotter-shiva-lsd-da-170-ug","status":"publish","type":"product","link":"https:\/\/lacasadelamedicina.es\/it\/prodotto\/acquista-online-i-blotter-shiva-lsd-da-170-ug\/","title":{"rendered":"Acquista online i blotter Shiva LSD da 170 ug"},"content":{"rendered":"<h2><strong>Acquista 1P-LSD 170UG SHIVA LSD BLOTTERS online<\/strong><\/h2>\n<p> La droga psichedelica 1P-LSD, chiamata anche dietilamide dell&#8217;acido 1-propionil-lisergico, \u00e8 un derivato e un analogo funzionale dell&#8217;LSD e un omologo dell&#8217;ALD-52. L&#8217;LSD e l&#8217;1P-LSD condividono una relazione chimica e si dice che abbiano effetti piuttosto simili. Sebbene si sappia poco sulla farmacologia dell&#8217;1P-LSD, probabilmente agisce sui recettori della serotonina nel cervello per creare i suoi effetti psichedelici.   <\/p>\n<h2><strong>Acquista 170ug di Shiva LSD Blotters<\/strong><\/h2>\n<p> ID IUPAC: (6aR,9R)- N,N- dietil- 7-metil- 4,6,6a,7,8,9- esaidroindolo \u2013 [4,3-fg] quinolina-9-carbossamide Massa molare: 323,43 g Punto di fusione: 80 \u00b0CFormula: C20H25N3O ID CAS: 50-37-3 La dietilamide dell&#8217;acido lisergico, nota anche come acido, \u00e8 una droga psichedelica nota per i suoi effetti psicologici. Formula: C20H25N30 ID IUPAC: (6aR,9R)- N,N- dietil- 7-metil- 4,6,6a,7,8,9- esaidroindolo-  [4,3-fg] chinolina-9-carbossamide Massa molare: 323,43 g\/mol Punto di fusione: 80 \u00b0C ID CAS: 50-37-3 <\/p>\n<h3><strong>1P-LSD 170UG SHIVA LSD BLOTTERS<\/strong><\/h3>\n<p> Abbiamo molti clienti fedeli in tutto il mondo e non vediamo l&#8217;ora di lavorare con voi a lungo termine. Se avete bisogno di maggiori informazioni, non esitate a contattarci; faremo tutto il possibile per soddisfare le vostre esigenze. I nuovi composti psicoattivi, o sostanze chimiche che alterano la mente, sintetizzate in laboratorio e offerte come sostituti legali di droghe illecite come cocaina e marijuana, sono diventati pi\u00f9 diffusi negli ultimi 20 anni nell&#8217;industria farmaceutica. Questi farmaci non sono stati sottoposti a test approfonditi, quindi \u00e8 possibile che i loro effetti siano incoerenti e imprevedibili.    <\/p>\n<h3><strong>EFFETTI<\/strong><\/h3>\n<p> Nella letteratura scientifica, il profilo degli effetti dell&#8217;1P-LSD non \u00e8 ben descritto. Si ritiene in genere che sia simile a quello dell&#8217;LSD. Secondo diversi resoconti aneddotici, l&#8217;1P-LSD dura leggermente meno tempo nell&#8217;uomo rispetto all&#8217;LSD, con la maggior parte degli utilizzatori che afferma di non essere in grado di distinguere la differenza tra gli effetti qualitativi delle due droghe.   <\/p>\n<h3><strong>SCEGLIERE GAMA<\/strong><\/h3>\n<p> Il fattore pi\u00f9 cruciale nella scelta del nostro servizio \u00e8 Meth Trust. L&#8217;aspetto primario per ottenere un numero crescente di clienti \u00e8 la qualit\u00e0. Offerte e sconti sono cruciali per il successo dei nostri clienti.   <\/p>\n<h3><strong>CONCLUSIONE<\/strong><\/h3>\n<p> Uno dei prodotti LSD pi\u00f9 popolari tra gli adolescenti, che lo usano spesso come droga da festa, \u00e8 Goblin\u2019s Den. Nel mercato virtuale, c\u2019\u00e8 una vasta gamma di articoli LSD che sono liberamente accessibili. Qui, ti garantiamo la migliore qualit\u00e0 e prezzo del prodotto, 200 mcg Goblin\u2019s Den.<\/p>\n","protected":false},"excerpt":{"rendered":"<p>Acquista 1P-LSD 170UG SHIVA LSD BLOTTERS online La droga psichedelica 1P-LSD, chiamata anche dietilamide dell&#8217;acido 1-propionil-lisergico, \u00e8 un derivato e un analogo funzionale dell&#8217;LSD e un omologo dell&#8217;ALD-52. L&#8217;LSD e l&#8217;1P-LSD condividono una relazione chimica e si dice che abbiano effetti piuttosto simili. Sebbene si sappia poco sulla farmacologia dell&#8217;1P-LSD, probabilmente agisce sui recettori della [&hellip;]<\/p>\n","protected":false},"featured_media":19208,"comment_status":"open","ping_status":"closed","template":"","meta":{"om_disable_all_campaigns":false,"_sitemap_exclude":false,"_sitemap_priority":"","_sitemap_frequency":"","_monsterinsights_skip_tracking":false,"_monsterinsights_sitenote_active":false,"_monsterinsights_sitenote_note":"","_monsterinsights_sitenote_category":0},"product_cat":[26645],"product_tag":[27570,27569,27560,27568,27562,27552,27559,27553,27571,27566,27563,27554,27556,27572,27565,27567,27561,27555,27558,27573,27564,27557],"class_list":{"0":"post-31450","1":"product","2":"type-product","3":"status-publish","4":"has-post-thumbnail","6":"product_cat-lsd-it","7":"product_tag-170ug-shiva-lsd-blotters-consegna-in-europa","8":"product_tag-170ug-shiva-lsd-blotters-europa-sconto","9":"product_tag-170ug-shiva-lsd-blotters-miglior-prezzo-europa","10":"product_tag-170ug-shiva-lsd-blotters-negozio-europa","11":"product_tag-170ug-shiva-lsd-blotters-spedizione-gratuita-in-europa","12":"product_tag-acquista-170ug-shiva-lsd-blotters","13":"product_tag-acquista-170ug-shiva-lsd-blotters-online-in-europa","14":"product_tag-acquista-online-i-blotter-shiva-lsd-da-170-ug","15":"product_tag-autentici-170ug-shiva-lsd-blotters-europa","16":"product_tag-blotters-shiva-lsd-economici-da-170-ug-in-europa","17":"product_tag-dove-acquistare-170ug-shiva-lsd-blotters-europa","18":"product_tag-dove-acquistare-online-i-blotter-shiva-lsd-da-170-ug","19":"product_tag-effetti-dei-blotters-di-shiva-lsd-da-170-ug","20":"product_tag-fornitori-di-blotters-shiva-lsd-da-170-ug-in-europa","21":"product_tag-negozio-online-di-shiva-lsd-blotters-da-170ug-in-europa","22":"product_tag-offerte-per-leuropa-di-shiva-lsd-blotters-da-170ug","23":"product_tag-ordina-170ug-shiva-lsd-blotters-eu","24":"product_tag-ordina-online-i-blotter-shiva-lsd-da-170-ug","25":"product_tag-quanto-costano-170ug-di-shiva-lsd-blotters","26":"product_tag-recensione-di-shiva-lsd-blotters-europe-da-170-ug","27":"product_tag-vendita-di-170ug-shiva-lsd-blotters-in-europa","28":"product_tag-vendita-online-di-blotter-shiva-lsd-da-170-ug","30":"first","31":"instock","32":"shipping-taxable","33":"purchasable","34":"product-type-variable","35":"farmacie-col"},"aioseo_notices":[],"_links":{"self":[{"href":"https:\/\/lacasadelamedicina.es\/it\/wp-json\/wp\/v2\/product\/31450"}],"collection":[{"href":"https:\/\/lacasadelamedicina.es\/it\/wp-json\/wp\/v2\/product"}],"about":[{"href":"https:\/\/lacasadelamedicina.es\/it\/wp-json\/wp\/v2\/types\/product"}],"replies":[{"embeddable":true,"href":"https:\/\/lacasadelamedicina.es\/it\/wp-json\/wp\/v2\/comments?post=31450"}],"wp:featuredmedia":[{"embeddable":true,"href":"https:\/\/lacasadelamedicina.es\/it\/wp-json\/wp\/v2\/media\/19208"}],"wp:attachment":[{"href":"https:\/\/lacasadelamedicina.es\/it\/wp-json\/wp\/v2\/media?parent=31450"}],"wp:term":[{"taxonomy":"product_cat","embeddable":true,"href":"https:\/\/lacasadelamedicina.es\/it\/wp-json\/wp\/v2\/product_cat?post=31450"},{"taxonomy":"product_tag","embeddable":true,"href":"https:\/\/lacasadelamedicina.es\/it\/wp-json\/wp\/v2\/product_tag?post=31450"}],"curies":[{"name":"wp","href":"https:\/\/api.w.org\/{rel}","templated":true}]}}