{"id":31393,"date":"2024-08-09T14:02:39","date_gmt":"2024-08-09T14:02:39","guid":{"rendered":"https:\/\/lacasadelamedicina.es\/product\/acquista-155-mcg-teachers-gaze-autoprodotto-cristallo-azteco-puro-al-99-online\/"},"modified":"2024-08-09T14:02:39","modified_gmt":"2024-08-09T14:02:39","slug":"acquista-155-mcg-teachers-gaze-autoprodotto-cristallo-azteco-puro-al-99-online","status":"publish","type":"product","link":"https:\/\/lacasadelamedicina.es\/it\/prodotto\/acquista-155-mcg-teachers-gaze-autoprodotto-cristallo-azteco-puro-al-99-online\/","title":{"rendered":"Acquista 155 MCG Teacher&#8217;s Gaze (autoprodotto, cristallo azteco puro al 99%) online"},"content":{"rendered":"<h3>Il posto migliore per acquistare Teacher\u2019s Gaze LSD online<\/h3>\n<p> Presentiamo un&#8217;offerta distinta: un lotto limitato di schede LSD Teacher&#8217;s Gaze, che sono state create con un cristallo raro proveniente da un gruppo dedicato di appassionati che si allineano con le nostre prospettive sulla realt\u00e0 e la spiritualit\u00e0. Questo lotto esclusivo \u00e8 stato prodotto una volta e poi ritirato, il che significa che n\u00e9 noi n\u00e9 nessun altro avr\u00e0 di nuovo questo cristallo specifico. Dopo aver testato, siamo rimasti stupiti dalla potenza e dall&#8217;esperienza fornite da queste schede. A causa della rarit\u00e0 del cristallo, il prezzo \u00e8 pi\u00f9 alto rispetto alle variet\u00e0 azteche, ma lo stiamo offrendo a un leggero sovrapprezzo per condividerlo all&#8217;interno della nostra comunit\u00e0 psichedelica.    <\/p>\n<h3>LSD Blotter Acid disponibile per l&#8217;acquisto online<\/h3>\n<p> Teacher&#8217;s Gaze LSD Online offre un&#8217;ampia gamma di prodotti, tra cui Goblin&#8217;s Den, Hoffman LSD blotter, Void Realm, Teacher&#8217;s Gaze, Fractal Storm e altro ancora. In particolare, Teacher&#8217;s Gaze \u00e8 uno dei prodotti pi\u00f9 ricercati, in particolare tra gli utenti pi\u00f9 giovani. Ecco alcuni dettagli chiave su Teacher&#8217;s Gaze LSD:   <\/p>\n<ul>\n<li>Circa il 10% delle persone negli Stati Uniti ha provato Teacher&#8217;s Gaze LSD a un certo punto dal 2017, con lo 0,7% che l&#8217;ha utilizzato nell&#8217;ultimo anno. Il suo uso \u00e8 stato pi\u00f9 diffuso dagli anni &#8217;60 agli anni &#8217;80. In genere, Teacher&#8217;s Gaze LSD viene ingerito o messo sotto la lingua, spesso distribuito su carta assorbente.  <\/li>\n<\/ul>\n<h3>Informazioni chiave per l&#8217;acquisto di 155 mcg Teacher&#8217;s Gaze online<\/h3>\n<p> Quando si acquista 155 mcg di Teacher\u2019s Gaze, in genere viene miscelato con il 99% di cristallo Aztec. Questa sostanza \u00e8 nota per lasciare rapidamente il flusso sanguigno se iniettata.  <\/p>\n<h4>Effetti collaterali di 155 mcg di Teacher\u2019s Gaze<\/h4>\n<ul>\n<li>Le allucinazioni sono un effetto comune dello sguardo dell&#8217;insegnante.<\/li>\n<li>Gli utenti potrebbero avere difficolt\u00e0 a dormire.<\/li>\n<\/ul>\n<h3>Conclusione<\/h3>\n<p> Teacher\u2019s Gaze \u00e8 un prodotto preferito tra gli adolescenti, spesso considerato una droga da festa a causa dei suoi effetti allucinogeni, che lo distinguono dagli altri prodotti LSD. L&#8217;LSD, comunemente chiamato &#8220;acido&#8221;, \u00e8 noto per indurre alterazioni significative nella percezione. Teacher\u2019s Gaze LSD \u00e8 una potente sostanza che altera l&#8217;umore derivata dall&#8217;acido lisergico, che ha origine dal fungo ergot presente nei cereali come la segale. Viene prodotto in laboratori illegali, prevalentemente negli Stati Uniti, dove viene convertito in un liquido per la distribuzione. \u00c8 solitamente incolore, inodore e ha un sapore leggermente amaro.     &nbsp;<\/p>\n","protected":false},"excerpt":{"rendered":"<p>La famiglia di piante Apocynaceae comprende specie come Tabernanthe iboga, Voacanga africana e Tabernaemontana undulata, che contengono il composto allucinogeno naturale ibogaina. Una droga psichedelica con effetti dissociativi. <\/p>\n","protected":false},"featured_media":19193,"comment_status":"closed","ping_status":"closed","template":"","meta":{"om_disable_all_campaigns":false,"_sitemap_exclude":false,"_sitemap_priority":"","_sitemap_frequency":"","_monsterinsights_skip_tracking":false,"_monsterinsights_sitenote_active":false,"_monsterinsights_sitenote_note":"","_monsterinsights_sitenote_category":0},"product_cat":[26645],"product_tag":[27380,27394,27384,27386,27374,27395,27375,27387,27376,27383,27385,27377,27379,27396,27392,27389,27391,27378,27382,27397,27393,27390,27388,27381],"class_list":{"0":"post-31393","1":"product","2":"type-product","3":"status-publish","4":"has-post-thumbnail","6":"product_cat-lsd-it","7":"product_tag-155-mcg-lo-sguardo-dellinsegnante-autoprodotto","8":"product_tag-99-cristallo-azteco-puro-consegna-in-europa","9":"product_tag-99-cristallo-azteco-puro-miglior-prezzo-europa","10":"product_tag-99-puro-cristallo-azteco-spedizione-gratuita-in-europa","11":"product_tag-acquista-155-mcg-sguardo-dellinsegnante-autoprodotto","12":"product_tag-autentico-155-mcg-sguardo-dellinsegnante-autoprodotto","13":"product_tag-cristallo-azteco-puro-al-99","14":"product_tag-cristallo-azteco-puro-al-99-europa","15":"product_tag-cristallo-azteco-puro-al-99-online","16":"product_tag-cristallo-azteco-puro-al-99-online-europa","17":"product_tag-cristallo-azteco-puro-al-99-ue","18":"product_tag-dove-acquistare-155-mcg-teachers-gaze-self-laid","19":"product_tag-effetti-di-155-mcg-sguardo-dellinsegnante-autodefinito","20":"product_tag-fornitori-europei-di-cristalli-aztechi-puri-al-99","21":"product_tag-negozio-europeo-di-cristalli-aztechi-puri-al-99","22":"product_tag-negozio-online-di-cristalli-aztechi-puri-al-99-in-europa","23":"product_tag-offerte-per-leuropa-in-cristallo-azteco-puro-al-99","24":"product_tag-ordine-155-mcg-sguardo-dellinsegnante-autodefinito","25":"product_tag-quanto-costa-155-mcg-teachers-gaze-autoprodotto","26":"product_tag-recensione-di-99-pure-aztec-crystal-cristallo-azteco-puro-europa","27":"product_tag-sconto-europa-99-puro-cristallo-azteco","28":"product_tag-sguardo-dellinsegnante-a-buon-mercato-da-155-mcg-autoprodotto","29":"product_tag-vendita-in-europa-di-cristalli-aztechi-puri-al-99","30":"product_tag-vendita-online-di-cristalli-aztechi-puri-al-99","32":"first","33":"instock","34":"shipping-taxable","35":"purchasable","36":"product-type-variable","37":"farmacie-col"},"aioseo_notices":[],"_links":{"self":[{"href":"https:\/\/lacasadelamedicina.es\/it\/wp-json\/wp\/v2\/product\/31393"}],"collection":[{"href":"https:\/\/lacasadelamedicina.es\/it\/wp-json\/wp\/v2\/product"}],"about":[{"href":"https:\/\/lacasadelamedicina.es\/it\/wp-json\/wp\/v2\/types\/product"}],"replies":[{"embeddable":true,"href":"https:\/\/lacasadelamedicina.es\/it\/wp-json\/wp\/v2\/comments?post=31393"}],"wp:featuredmedia":[{"embeddable":true,"href":"https:\/\/lacasadelamedicina.es\/it\/wp-json\/wp\/v2\/media\/19193"}],"wp:attachment":[{"href":"https:\/\/lacasadelamedicina.es\/it\/wp-json\/wp\/v2\/media?parent=31393"}],"wp:term":[{"taxonomy":"product_cat","embeddable":true,"href":"https:\/\/lacasadelamedicina.es\/it\/wp-json\/wp\/v2\/product_cat?post=31393"},{"taxonomy":"product_tag","embeddable":true,"href":"https:\/\/lacasadelamedicina.es\/it\/wp-json\/wp\/v2\/product_tag?post=31393"}],"curies":[{"name":"wp","href":"https:\/\/api.w.org\/{rel}","templated":true}]}}