{"id":31356,"date":"2024-08-09T14:02:39","date_gmt":"2024-08-09T14:02:39","guid":{"rendered":"https:\/\/lacasadelamedicina.es\/product\/acquista-105-mcg-voidrealm-online\/"},"modified":"2024-08-09T14:02:39","modified_gmt":"2024-08-09T14:02:39","slug":"acquista-105-mcg-voidrealm-online","status":"publish","type":"product","link":"https:\/\/lacasadelamedicina.es\/it\/prodotto\/acquista-105-mcg-voidrealm-online\/","title":{"rendered":"Acquista 105 MCG Voidrealm online"},"content":{"rendered":"<p><strong>Acquista 105 mcg Voidrealm online<\/strong> L&#8217;LSD potrebbe non essere tossico, ma pu\u00f2 svilupparsi resistenza con l&#8217;applicazione di dosi crescenti. Sono probabili risposte psicologiche avverse come paura, depressione e visioni. Allucinazioni preoccupanti possono insorgere senza ulteriore applicazione, una sindrome chiamata sindrome allucinogena della visione cronica. La morte come conseguenza dell&#8217;LSD \u00e8 molto rara. <strong>Fatti che possono aiutarti ad acquistare 105 mcg Voidrealm online<\/strong> Sebbene l&#8217;LSD offra un&#8217;ampia gamma di prodotti come vape cart, fractal storm, teacher&#8217;s graze e cos\u00ec via. E Voidrealm \u00e8 un&#8217;altra sostanza LSD popolare che non crea particolare dipendenza, ma \u00e8 importante prestare attenzione quando si usano queste droghe. Ecco alcuni suggerimenti per aiutarti ad acquistare 105 mcg void realm online. <strong>Informazioni utili per acquistare 105 Mcg Voidrealm online<\/strong><strong>Conclusione<\/strong> 105 mcg di dominio vuoto creano resistenza, il che significa che \u00e8 necessario pi\u00f9 LSD affinch\u00e9 il paziente ottenga lo stesso effetto. I pazienti che usano il medicinale regolarmente devono assumere dosi gradualmente maggiori per sostenere la quantit\u00e0 di dipendenza che avevano sperimentato in precedenza. Data la natura incerta del prodotto, questa \u00e8 una pratica altamente pericolosa. Nel corso del 2018, il numero di persone di et\u00e0 pari o superiore a dodici anni che sono diventate vittime. <strong>Ordina prodotti chimici di ricerca sul darkweb,<\/strong>,Acquista prodotti chimici di ricerca sul darkweb online con consegna rapida tramite DHL e Fedex.Acquista prodotti chimici di ricerca online negli USA.Acquista farmaci LSD online.Acquista fentanyl online negli Stati Uniti.Acquista Crystal Meth online, cocaina in vendita online negli USA<\/p>\n","protected":false},"excerpt":{"rendered":"<p>Acquista 105 mcg Voidrealm onlineSebbene l&#8217;LSD abbia una vasta gamma di prodotti come vape cart, fractal storm, teacher&#8217;s graze e cos\u00ec via. E Voidrealm \u00e8 anche uno di quei prodotti popolari dell&#8217;LSD che non crea dipendenza, ma bisogna stare abbastanza attenti quando si tratta di questi tipi di droghe. Pertanto ecco alcuni punti che possono aiutarti ad acquistare 105 mcg void realm online  <\/p>\n","protected":false},"featured_media":19178,"comment_status":"open","ping_status":"closed","template":"","meta":{"om_disable_all_campaigns":false,"_sitemap_exclude":false,"_sitemap_priority":"","_sitemap_frequency":"","_monsterinsights_skip_tracking":false,"_monsterinsights_sitenote_active":false,"_monsterinsights_sitenote_note":"","_monsterinsights_sitenote_category":0},"product_cat":[26645],"product_tag":[27283,27271,27276,27273,27275,27268,27278,27265,27264,27270,27282,27281,27274,27266,27277,27267,27279,27263,27272,27269,27284,27280],"class_list":{"0":"post-31356","1":"product","2":"type-product","3":"status-publish","4":"has-post-thumbnail","6":"product_cat-lsd-it","7":"product_tag-105-fornitori-mcg-voidrealm-europe","8":"product_tag-105-mcg-voidrealm-miglior-prezzo-europa","9":"product_tag-105-mcg-voidrealm-negozio-online-europa","10":"product_tag-105-mcg-voidrealm-spedizione-gratuita-in-europa","11":"product_tag-105-mcg-voidrealm-vendita-europa","12":"product_tag-105-mcg-voidrealm-vendita-online","13":"product_tag-105-offerte-mcg-voidrealm-europe","14":"product_tag-acquista-105-mcg-voidrealm","15":"product_tag-acquista-105-mcg-voidrealm-online","16":"product_tag-acquista-105-mcg-voidrealm-online-in-europa","17":"product_tag-autentico-105-mcg-voidrealm-europa-it","18":"product_tag-consegna-105-mcg-voidrealm-europa","19":"product_tag-dove-acquistare-105-mcg-voidrealm-europa","20":"product_tag-dove-acquistare-105-mcg-voidrealm-online","21":"product_tag-economico-105-mcg-voidrealm-europa","22":"product_tag-effetti-del-105-mcg-voidrealm","23":"product_tag-negozio-105-mcg-voidrealm-europa","24":"product_tag-ordina-105-mcg-voidrealm-online","25":"product_tag-ordine-105-mcg-voidrealm-eu","26":"product_tag-quanto-costa-105-mcg-voidrealm","27":"product_tag-recensione-di-105-mcg-voidrealm-europe","28":"product_tag-sconto-105-mcg-voidrealm-europa","30":"first","31":"instock","32":"shipping-taxable","33":"purchasable","34":"product-type-variable","35":"farmacie-col"},"aioseo_notices":[],"_links":{"self":[{"href":"https:\/\/lacasadelamedicina.es\/it\/wp-json\/wp\/v2\/product\/31356"}],"collection":[{"href":"https:\/\/lacasadelamedicina.es\/it\/wp-json\/wp\/v2\/product"}],"about":[{"href":"https:\/\/lacasadelamedicina.es\/it\/wp-json\/wp\/v2\/types\/product"}],"replies":[{"embeddable":true,"href":"https:\/\/lacasadelamedicina.es\/it\/wp-json\/wp\/v2\/comments?post=31356"}],"wp:featuredmedia":[{"embeddable":true,"href":"https:\/\/lacasadelamedicina.es\/it\/wp-json\/wp\/v2\/media\/19178"}],"wp:attachment":[{"href":"https:\/\/lacasadelamedicina.es\/it\/wp-json\/wp\/v2\/media?parent=31356"}],"wp:term":[{"taxonomy":"product_cat","embeddable":true,"href":"https:\/\/lacasadelamedicina.es\/it\/wp-json\/wp\/v2\/product_cat?post=31356"},{"taxonomy":"product_tag","embeddable":true,"href":"https:\/\/lacasadelamedicina.es\/it\/wp-json\/wp\/v2\/product_tag?post=31356"}],"curies":[{"name":"wp","href":"https:\/\/api.w.org\/{rel}","templated":true}]}}