{"id":31287,"date":"2024-08-09T14:02:42","date_gmt":"2024-08-09T14:02:42","guid":{"rendered":"https:\/\/lacasadelamedicina.es\/product\/acquista-hofmann-blotter-205%c2%b5g-lsd-online\/"},"modified":"2024-08-09T14:02:42","modified_gmt":"2024-08-09T14:02:42","slug":"acquista-hofmann-blotter-205%c2%b5g-lsd-online","status":"publish","type":"product","link":"https:\/\/lacasadelamedicina.es\/it\/prodotto\/acquista-hofmann-blotter-205%c2%b5g-lsd-online\/","title":{"rendered":"Acquista Hofmann Blotter 205\u00b5g LSD online"},"content":{"rendered":"<h2>Hofmann Blotter 205\u00b5g LSD in vendita<\/h2>\n<p> Hofmann Blotter 205\u00b5g LSD in vendita. Abbiamo Hofmann Blotter 200\u00b5g LSD. Merda molto forte, LSD bello e limpido. Il gruppo europeo di controllo delle droghe che ha analizzato questa unit\u00e0 di dose di blotter ha emesso un avviso di &#8220;dose elevata&#8221; perch\u00e9 contiene pi\u00f9 di 150 ug di LSD. Il design visibile \u00e8 blu, nero, bianco e giallo. Il retro \u00e8 bianco e nero.     <\/p>\n<h2>Acquista Hofmann LSD:<\/h2>\n<p> LSD, noto anche come acido o LSD-25, \u00e8 una sostanza psicoattiva non assuefacente derivata da un fungo chiamato ergot. Fu scoperta per caso nel laboratorio di Albert Hofmann. Noto per la sua capacit\u00e0 di alterare la percezione, l&#8217;LSD \u00e8 spesso descritto dagli utilizzatori come un ingresso in un mondo completamente nuovo. Agisce sulle stesse regioni del cervello coinvolte nei sogni, portando a percezioni distorte della realt\u00e0 e vivide allucinazioni. L&#8217;LSD \u00e8 considerato non tossico ed \u00e8 praticamente impossibile assumerne una dose eccessiva. Tuttavia, \u00e8 importante prestare attenzione ed essere a conoscenza delle normative legali che ne regolano l&#8217;uso.<\/p>\n","protected":false},"excerpt":{"rendered":"<p>Hofmann Blotter 205\u00b5g LSD in vendita Hofmann Blotter 205\u00b5g LSD in vendita. Abbiamo Hofmann Blotter 200\u00b5g LSD. Merda molto forte, LSD bello e limpido. Il gruppo europeo di controllo delle droghe che ha analizzato questa unit\u00e0 di dose di blotter ha emesso un avviso di &#8220;dose elevata&#8221; perch\u00e9 contiene pi\u00f9 di 150 ug di LSD. [&hellip;]<\/p>\n","protected":false},"featured_media":19298,"comment_status":"open","ping_status":"closed","template":"","meta":{"om_disable_all_campaigns":false,"_sitemap_exclude":false,"_sitemap_priority":"","_sitemap_frequency":"","_monsterinsights_skip_tracking":false,"_monsterinsights_sitenote_active":false,"_monsterinsights_sitenote_note":"","_monsterinsights_sitenote_category":0},"product_cat":[26645],"product_tag":[],"class_list":{"0":"post-31287","1":"product","2":"type-product","3":"status-publish","4":"has-post-thumbnail","6":"product_cat-lsd-it","8":"first","9":"instock","10":"shipping-taxable","11":"purchasable","12":"product-type-simple","13":"farmacie-col"},"aioseo_notices":[],"_links":{"self":[{"href":"https:\/\/lacasadelamedicina.es\/it\/wp-json\/wp\/v2\/product\/31287"}],"collection":[{"href":"https:\/\/lacasadelamedicina.es\/it\/wp-json\/wp\/v2\/product"}],"about":[{"href":"https:\/\/lacasadelamedicina.es\/it\/wp-json\/wp\/v2\/types\/product"}],"replies":[{"embeddable":true,"href":"https:\/\/lacasadelamedicina.es\/it\/wp-json\/wp\/v2\/comments?post=31287"}],"wp:featuredmedia":[{"embeddable":true,"href":"https:\/\/lacasadelamedicina.es\/it\/wp-json\/wp\/v2\/media\/19298"}],"wp:attachment":[{"href":"https:\/\/lacasadelamedicina.es\/it\/wp-json\/wp\/v2\/media?parent=31287"}],"wp:term":[{"taxonomy":"product_cat","embeddable":true,"href":"https:\/\/lacasadelamedicina.es\/it\/wp-json\/wp\/v2\/product_cat?post=31287"},{"taxonomy":"product_tag","embeddable":true,"href":"https:\/\/lacasadelamedicina.es\/it\/wp-json\/wp\/v2\/product_tag?post=31287"}],"curies":[{"name":"wp","href":"https:\/\/api.w.org\/{rel}","templated":true}]}}