{"id":31281,"date":"2024-08-09T14:02:42","date_gmt":"2024-08-09T14:02:42","guid":{"rendered":"https:\/\/lacasadelamedicina.es\/product\/acquista-california-sunshine-online\/"},"modified":"2024-08-09T14:02:42","modified_gmt":"2024-08-09T14:02:42","slug":"acquista-california-sunshine-online","status":"publish","type":"product","link":"https:\/\/lacasadelamedicina.es\/it\/prodotto\/acquista-california-sunshine-online\/","title":{"rendered":"Acquista California Sunshine online"},"content":{"rendered":"<h2>Acquista California Sunshine online<\/h2>\n<p> California Sunshine \u2013 Foglio da 100 Tab. Acquista California Sunshine LSD online. Un&#8217;iconica, a volte scambiata per un sole arancione, con colori vivaci e dettagli sorprendenti, questa carta assorbente \u00e8 stata vista dosata in tutto il mondo fin dagli anni &#8217;80 ed \u00e8 un vero gioiello nella storia dell&#8217;LSD.  <\/p>\n<h2>Acquista California Sunshine LSD online<\/h2>\n<p> Hanno creato l&#8217;originale Orange Sunshine LSD dopo un viaggio acido ad alto dosaggio in cui una voce interiore ha detto a Nicholas Sand che il suo compito nella vita era quello di creare psichedelici e accendere il mondo. Acquista California Sunshine LSD online L&#8217;LSD (dietilamide dell&#8217;acido lisergico), sintetizzato per la prima volta nel 1938, \u00e8 una potente sostanza psicoattiva. \u00c8 prodotto artificialmente dall&#8217;acido lisergico, che \u00e8 derivato dall&#8217;ergot, un fungo che cresce sulla segale e altri cereali. A causa della sua elevata potenza, le dosi di LSD sono solitamente misurate in microgrammi (mcg). Gli effetti dell&#8217;LSD, spesso indicati come &#8220;viaggio&#8221;, possono variare da stimolanti e piacevoli a psicotropi. Tuttavia, possono anche portare a esperienze spiacevoli o talvolta spaventose note come &#8220;brutto viaggio&#8221;. Negli Stati Uniti, l&#8217;LSD \u00e8 classificato come sostanza illecita ed \u00e8 designato dalla Drug Enforcement Administration (DEA) come droga di Classe I. Questa classificazione significa che l&#8217;LSD \u00e8 considerato ad alto potenziale di abuso, non ha usi medici accettati ed \u00e8 ritenuto non sicuro per l&#8217;uso sotto supervisione medica. Nonostante il suo status di Schedule I, c&#8217;\u00e8 stato un rinnovato interesse nell&#8217;esplorazione di potenziali applicazioni terapeutiche per l&#8217;LSD, come nel trattamento dell&#8217;alcolismo e della depressione. Studi in corso che aderiscono agli standard di ricerca moderni possono migliorare la nostra comprensione dei possibili benefici dell&#8217;LSD.<\/p>\n","protected":false},"excerpt":{"rendered":"<h2>Acquista California Sunshine LSD online<\/h2>\n<p> L&#8217;LSD viene consegnato in una struttura simile al vetro e poi si mescola con altri fissaggi latenti, o si indebolisce come fluido per la creazione in strutture ingeribili. \u00c8 inodore, triste e ha un sapore un po&#8217; aspro. <\/p>\n","protected":false},"featured_media":19283,"comment_status":"open","ping_status":"closed","template":"","meta":{"om_disable_all_campaigns":false,"_sitemap_exclude":false,"_sitemap_priority":"","_sitemap_frequency":"","_monsterinsights_skip_tracking":false,"_monsterinsights_sitenote_active":false,"_monsterinsights_sitenote_note":"","_monsterinsights_sitenote_category":0},"product_cat":[26645],"product_tag":[26646,26647,26648],"class_list":{"0":"post-31281","1":"product","2":"type-product","3":"status-publish","4":"has-post-thumbnail","6":"product_cat-lsd-it","7":"product_tag-acquista-california-sunshine","8":"product_tag-acquista-california-sunshine-online","9":"product_tag-dove-acquistare-california-sunshine-online","11":"first","12":"instock","13":"shipping-taxable","14":"purchasable","15":"product-type-simple","16":"farmacie-col"},"aioseo_notices":[],"_links":{"self":[{"href":"https:\/\/lacasadelamedicina.es\/it\/wp-json\/wp\/v2\/product\/31281"}],"collection":[{"href":"https:\/\/lacasadelamedicina.es\/it\/wp-json\/wp\/v2\/product"}],"about":[{"href":"https:\/\/lacasadelamedicina.es\/it\/wp-json\/wp\/v2\/types\/product"}],"replies":[{"embeddable":true,"href":"https:\/\/lacasadelamedicina.es\/it\/wp-json\/wp\/v2\/comments?post=31281"}],"wp:featuredmedia":[{"embeddable":true,"href":"https:\/\/lacasadelamedicina.es\/it\/wp-json\/wp\/v2\/media\/19283"}],"wp:attachment":[{"href":"https:\/\/lacasadelamedicina.es\/it\/wp-json\/wp\/v2\/media?parent=31281"}],"wp:term":[{"taxonomy":"product_cat","embeddable":true,"href":"https:\/\/lacasadelamedicina.es\/it\/wp-json\/wp\/v2\/product_cat?post=31281"},{"taxonomy":"product_tag","embeddable":true,"href":"https:\/\/lacasadelamedicina.es\/it\/wp-json\/wp\/v2\/product_tag?post=31281"}],"curies":[{"name":"wp","href":"https:\/\/api.w.org\/{rel}","templated":true}]}}